{"id":325,"date":"2024-03-05T08:46:17","date_gmt":"2024-03-05T11:46:17","guid":{"rendered":"https:\/\/portal.uern.br\/progep\/ddpqv\/?page_id=325"},"modified":"2025-08-23T10:19:10","modified_gmt":"2025-08-23T13:19:10","slug":"auxilio-saude","status":"publish","type":"page","link":"https:\/\/portal.uern.br\/progep\/ddpqv\/auxilio-saude\/","title":{"rendered":"Aux\u00edlio-Sa\u00fade"},"content":{"rendered":"\t\t<div data-elementor-type=\"wp-page\" data-elementor-id=\"325\" class=\"elementor elementor-325\" data-elementor-post-type=\"page\">\n\t\t\t\t<div class=\"elementor-element elementor-element-4644872e e-flex e-con-boxed e-con e-parent\" data-id=\"4644872e\" data-element_type=\"container\" data-e-type=\"container\">\n\t\t\t\t\t<div class=\"e-con-inner\">\n\t\t\t\t<div class=\"elementor-element elementor-element-7216f9bc elementor-widget elementor-widget-text-editor\" data-id=\"7216f9bc\" data-element_type=\"widget\" data-e-type=\"widget\" data-widget_type=\"text-editor.default\">\n\t\t\t\t<div class=\"elementor-widget-container\">\n\t\t\t\t\t\t\t\t\t<p>O Aux\u00edlio-Sa\u00fade \u00e9 um benef\u00edcio concedido pela UERN com o objetivo de promover o acesso dos servidores a um servi\u00e7o de sa\u00fade de qualidade, por meio de reembolso parcial das despesas com plano ou seguro privado de assist\u00eancia \u00e0 sa\u00fade. Regido pela <strong data-start=\"591\" data-end=\"623\">Lei Complementar n\u00ba 608\/2017<\/strong> e pela <strong data-start=\"631\" data-end=\"659\">Resolu\u00e7\u00e3o n\u00ba 039\/2021-CD<\/strong>, o benef\u00edcio atende servidores<span style=\"text-decoration: underline\"><em> ativos, inativos, cedidos e comissionados que atuem no \u00e2mbito da universidade.<\/em><\/span><\/p><hr \/><h4><span style=\"color: #000000\"><strong>COMO SOLICITAR<\/strong><\/span><\/h4><p><span style=\"color: #000000\"><strong> Documenta\u00e7\u00e3o obrigat\u00f3ria:<\/strong><\/span><\/p><ul><li>Carteira e contrato do plano de sa\u00fade, vigentes no m\u00eas do requerimento;<\/li><li>Comprovante de pagamento do plano\/seguro referente ao m\u00eas de in\u00edcio do processo;<\/li><li><span style=\"color: #0000ff\"><a style=\"color: #0000ff\" href=\"http:\/\/www.uern.br\/controledepaginas\/progep-formularios\/arquivos\/4750declaraa%E2%80%A1a%C6%92o_de_na%C6%92o_aca%C5%A1mulo_pdf.pdf\" target=\"_blank\" rel=\"noopener\"><strong><span lang=\"pt-BR\">Declara\u00e7\u00e3o de N\u00e3o Ac\u00famulo <\/span><\/strong><\/a><\/span>de outro benef\u00edcio equivalente ao aux\u00edlio-sa\u00fade;<\/li><li><span style=\"color: #0000ff\"><strong><span lang=\"pt-BR\"><a style=\"color: #0000ff\" href=\"https:\/\/www.uern.br\/controledepaginas\/prorhae-eventos\/arquivos\/3549requerimento_padrao_atualizado.pdf\" target=\"_blank\" rel=\"noopener\">Requerimento Padr\u00e3o<\/a><\/span><\/strong><\/span> devidamente\u00a0 preenchido e assinado;<\/li><li><span style=\"color: #0000ff\"><a style=\"color: #0000ff\" href=\"http:\/\/www.uern.br\/controledepaginas\/prorhae-auxiliosaude\/arquivos\/3549termo_de_cia%C5%A1ncia_e_responsabilidade_do_servidor.pdf\" target=\"_blank\" rel=\"noopener\"><strong><span lang=\"pt-BR\">Termo de Ci\u00eancia e Responsabilidade<\/span><\/strong><\/a><\/span><\/li><\/ul><p>\u00a0<\/p><p><span lang=\"pt-BR\">Para solicitar implanta\u00e7\u00e3o do benef\u00edcio, o servidor deve <\/span><span lang=\"pt-BR\">digitalizar<\/span><span lang=\"pt-BR\"> toda a documenta\u00e7\u00e3o enviar para o <a href=\"mailto:auxiliosaude@uern.br\">auxiliosaude@uern.br.<\/a>\u00a0<\/span>A DDPQV ser\u00e1 respons\u00e1vel pela an\u00e1lise t\u00e9cnica, a fim de verificar a completude e a conformidade dos documentos.<\/p><hr \/><h4><span style=\"color: #000000\"><strong><span lang=\"pt-BR\">CANCELAMENTO, MANUTEN\u00c7\u00c3O E PRESTA\u00c7\u00c3O DE CONTAS<\/span><\/strong><\/span><\/h4><ul><li><strong>Cancelamento:<\/strong> Preencher o Requerimento Padr\u00e3o e enviar para<strong>\u00a0<span lang=\"pt-BR\"><a href=\"mailto:auxiliosaude@uern.br\">auxiliosaude@uern.br<\/a><\/span><\/strong><\/li><li><strong>Presta\u00e7\u00e3o de contas: <\/strong>Deve ser feita anualmente por meio da <strong><a href=\"https:\/\/seguro.uern.br\/integra\/\">Plataforma \u00cdntegra<\/a><\/strong> com comprova\u00e7\u00e3o da vincula\u00e7\u00e3o ao plano de sa\u00fade durante todo o per\u00edodo de recebimento do aux\u00edlio-sa\u00fade.<\/li><\/ul><p>\u00a0<\/p><p><span lang=\"pt-BR\"><strong>Aten\u00e7\u00e3o: <\/strong>O benefici\u00e1rio que, por ocasi\u00e3o da presta\u00e7\u00e3o de contas anual, comprovar vincula\u00e7\u00e3o a plano de sa\u00fade em per\u00edodo de tempo inferior ao per\u00edodo de tempo de recebimento do aux\u00edlio-sa\u00fade, <strong>devolver\u00e1 o valor do aux\u00edlio-sa\u00fade<\/strong> do per\u00edodo sem contrata\u00e7\u00e3o de plano \u00e0 FUERN.<\/span><\/p><p>O n\u00e3o cumprimento das exig\u00eancias pode levar \u00e0 <strong>suspens\u00e3o do benef\u00edcio<\/strong> e \u00e0 necessidade de <strong>devolu\u00e7\u00e3o de valores<\/strong> \u00e0 FUERN.<\/p><hr \/><h4><span style=\"color: #000000\"><strong>PERDA DO BENEF\u00cdCIO<\/strong><\/span><\/h4><p><strong>O servidor perder\u00e1 o direito ao aux\u00edlio nas seguintes situa\u00e7\u00f5es:<\/strong><\/p><ul><li>Exonera\u00e7\u00e3o, demiss\u00e3o, posse em cargo inacumul\u00e1vel;<\/li><li>Falecimento;<\/li><li>Fraude ou presta\u00e7\u00e3o de informa\u00e7\u00e3o falsa (sujeito a penalidades legais);<\/li><li>N\u00e3o comprova\u00e7\u00e3o de contrata\u00e7\u00e3o do plano de sa\u00fade;<\/li><li>Redistribui\u00e7\u00e3o, afastamento ou licen\u00e7a sem vencimentos.<\/li><\/ul><hr \/><h4><span style=\"color: #000000\"><strong>PERGUNTAS FREQUENTES<\/strong><\/span><\/h4><p><strong>1.\u00a0N\u00e3o prestei contas em anos anteriores. O que fazer?<\/strong><\/p><p><strong>Se o servidor contratou uma operadora de plano de sa\u00fade<\/strong> durante o per\u00edodo em que recebeu o aux\u00edlio, dever\u00e1 apenas apresentar documenta\u00e7\u00e3o comprobat\u00f3ria emitida pela administradora do servi\u00e7o, contendo os respectivos pagamentos, conforme estabelece o Art. 3\u00ba da Instru\u00e7\u00e3o Normativa n\u00ba 01\/2020-GP\/PROGEP. A documenta\u00e7\u00e3o deve ser enviada para o e-mail: <span style=\"color: #0000ff\">auxiliosaude@uern.br<\/span>.<\/p><p><strong>Se o servidor n\u00e3o contratou nenhuma operadora de plano de sa\u00fade<\/strong> no per\u00edodo em que recebeu o aux\u00edlio-sa\u00fade, dever\u00e1 regularizar sua situa\u00e7\u00e3o junto \u00e0 UERN, por meio da apresenta\u00e7\u00e3o de proposta de negocia\u00e7\u00e3o para devolu\u00e7\u00e3o dos valores recebidos indevidamente.<\/p><p>Para isso, deve solicitar o <strong>Termo de Acordo para Devolu\u00e7\u00e3o de Valores<\/strong> atrav\u00e9s do e-mail <span style=\"color: #0000ff\">auxiliosaude@uern.br<\/span>. O documento, devidamente assinado em duas vias, deve ser entregue ou enviado fisicamente ao <strong>Departamento de Pessoal (DP\/PROGEP)<\/strong>, localizado no <strong>Edif\u00edcio Ep\u00edlogo de Campos<\/strong>, <span style=\"font-weight: 400\">Rua Quintino Bocai\u00fava, S\/N, Centro, 59610-190 \u2013 Mossor\u00f3\/RN<\/span> (em frente \u00e0 Pra\u00e7a Miguel Faustino), <strong>at\u00e9 o \u00faltimo dia \u00fatil do m\u00eas<\/strong>, a fim de viabilizar a <strong>movimenta\u00e7\u00e3o na Folha de Pagamento do m\u00eas subsequente<\/strong>.<\/p><p><strong>2. Prestei conta informando que n\u00e3o possuo plano de sa\u00fade. Estou quite?<\/strong><\/p><p>Caso o servidor tenha recebido o aux\u00edlio-sa\u00fade sem possuir v\u00ednculo ativo com plano de sa\u00fade durante determinado per\u00edodo, dever\u00e1 proceder com a devolu\u00e7\u00e3o dos valores referentes ao tempo sem contrata\u00e7\u00e3o, mediante apresenta\u00e7\u00e3o de proposta de negocia\u00e7\u00e3o.<\/p><p>Para isso, \u00e9 necess\u00e1rio solicitar o <strong>Termo de Acordo para Devolu\u00e7\u00e3o de Valores<\/strong> por meio do e-mail <span style=\"color: #0000ff\">auxiliosaude@uern.br<\/span>.<\/p><p>O documento, devidamente assinado em <strong>2 (duas) vias<\/strong>, deve ser entregue ou enviado em formato f\u00edsico ao <strong>Departamento de Pessoal (DP\/PROGEP)<\/strong>, localizado no <strong>Edif\u00edcio Ep\u00edlogo de Campos<\/strong>, <span style=\"font-weight: 400\">Rua Quintino Bocai\u00fava, S\/N, Centro, 59610-190 \u2013 Mossor\u00f3\/RN<\/span> (em frente \u00e0 Pra\u00e7a Miguel Faustino), <strong>at\u00e9 o \u00faltimo dia \u00fatil do m\u00eas<\/strong>, para que haja <strong>movimenta\u00e7\u00e3o na Folha de Pagamento do m\u00eas subsequente<\/strong>.<\/p><p><strong>3. Tenho valor a devolver. Como proceder?<\/strong><\/p><p>O benefici\u00e1rio que comprovar vincula\u00e7\u00e3o ao plano de sa\u00fade por per\u00edodo inferior ao tempo de recebimento do aux\u00edlio dever\u00e1 apresentar proposta de negocia\u00e7\u00e3o para devolu\u00e7\u00e3o dos valores recebidos indevidamente, conforme as orienta\u00e7\u00f5es do item anterior.<\/p><p><strong>4. Fui informado de erro na documenta\u00e7\u00e3o enviada. O que apresentar?<\/strong><\/p><p>O servidor dever\u00e1 apresentar a documenta\u00e7\u00e3o exigida nos termos do \u00a71\u00ba do Art. 3\u00ba da Instru\u00e7\u00e3o Normativa n\u00ba 01\/2020-GP\/PROGEP.<\/p><p>A seguir, alguns exemplos de documentos aceitos para comprova\u00e7\u00e3o da utiliza\u00e7\u00e3o do benef\u00edcio com plano de sa\u00fade, conforme a normativa vigente:<\/p><ul><li>C\u00f3pias dos boletos quitados junto \u00e0 prestadora do servi\u00e7o;<\/li><li>Declara\u00e7\u00e3o de tempo de usu\u00e1rio, emitida pela operadora do plano;<\/li><li>Informe de rendimentos da operadora, desde que contenha os meses efetivamente pagos;<\/li><li>Outros documentos que comprovem, de forma inequ\u00edvoca, a utiliza\u00e7\u00e3o do benef\u00edcio para custeio de plano de sa\u00fade durante os meses em que o aux\u00edlio foi recebido.<\/li><\/ul><p><strong>Aten\u00e7\u00e3o:<\/strong> A documenta\u00e7\u00e3o dever\u00e1 ser enviada em <strong>arquivo \u00fanico<\/strong>, no <strong>formato PDF<\/strong>, com <strong>tamanho m\u00e1ximo de 150 KB<\/strong>.<\/p><p><strong>5. N\u00e3o possuo plano de sa\u00fade, mas quero manter o benef\u00edcio. E agora?<\/strong><\/p><p>O servidor dever\u00e1, com urg\u00eancia, contratar uma operadora de plano de sa\u00fade e regularizar sua situa\u00e7\u00e3o junto \u00e0 PROGEP. A proposta de negocia\u00e7\u00e3o do valor a ser devolvido deve ser enviada para o e-mail <span style=\"color: #0000ff\">auxiliosaude@uern.br<\/span>. Caso n\u00e3o haja regulariza\u00e7\u00e3o, o benef\u00edcio ser\u00e1 suspenso, conforme previsto no Art. 4\u00ba, inciso X, da Resolu\u00e7\u00e3o n\u00ba 06\/2019-CD\/FUERN.<\/p><p><strong>6<\/strong><strong>. Com qual setor devo falar para regularizar minha situa\u00e7\u00e3o?<\/strong><\/p><p>O interessado deve entrar em contato com a <strong>DDPQV\/PROGEP<\/strong> pelo e-mail <span style=\"color: #0000ff\">auxiliosaude@uern.br<\/span>. Esse canal tamb\u00e9m est\u00e1 dispon\u00edvel para esclarecimento de d\u00favidas e outras informa\u00e7\u00f5es.<\/p><hr \/><h4><strong><span lang=\"pt-BR\">LEGISLA\u00c7\u00c3O E REGULAMENTA\u00c7\u00c3O<\/span><\/strong><\/h4><ul><li><strong><a href=\"https:\/\/www.uern.br\/controledepaginas\/prorhae-eventos\/arquivos\/3549lei_complementar_na_608_14.12.2017_auxilio_saa%C5%A1de.pdf\" target=\"_blank\" rel=\"noopener\">Lei Complementar n\u00ba 608\/2017<\/a>\u00a0\u2013<\/strong> Institui, no \u00e2mbito da Funda\u00e7\u00e3o Universidade do Estado do Rio Grande do Norte (FUERN), o aux\u00edlio-sa\u00fade e d\u00e1 outras provid\u00eancias.<\/li><li><strong><a href=\"https:\/\/www.uern.br\/controledepaginas\/prorhae-eventos\/arquivos\/3549resolua%C2%A7a%C2%A3o_cd_001_2018.pdf\" target=\"_blank\" rel=\"noopener\">Resolu\u00e7\u00e3o n\u00ba 01\/2018 &#8211; CD<\/a>\u00a0\u2013<\/strong> Regulamenta a concess\u00e3o do aux\u00edlio-sa\u00fade.<\/li><li><strong><a href=\"https:\/\/www.uern.br\/controledepaginas\/prorhae-auxiliosaude\/arquivos\/3549resolua%C2%A7a%C2%A3o_na_006_2019_cd_regulamenta_a_concessa%C2%A3o_do_auxa%C2%ADlio_saade_e_revoga_a_resolua%C2%A7a%C2%A3o_na_01_2018_cd.pdf\" target=\"_blank\" rel=\"noopener\">Resolu\u00e7\u00e3o n\u00ba 006\/2019 &#8211; CD<\/a>\u00a0\u2013<\/strong> Regulamenta a concess\u00e3o do aux\u00edlio-sa\u00fade e revoga a Resolu\u00e7\u00e3o N\u00ba 01\/2018 \u2013 CD\/FUERN.<\/li><li><strong><a href=\"https:\/\/www.uern.br\/controledepaginas\/prorhae-eventos\/arquivos\/3549portaria_na_0167_2019_gp_fuern.pdf\" target=\"_blank\" rel=\"noopener\">Portaria n\u00ba 0167\/2019 &#8211; GP\/FUERN<\/a>\u00a0\u2013<\/strong> Disp\u00f5e sobre a regulamenta\u00e7\u00e3o dos prazos e termos\u00a0para a presta\u00e7\u00e3o de contas anual do aux\u00edlio-sa\u00fade.<\/li><li><strong><a href=\"https:\/\/www.uern.br\/controledepaginas\/prorhae-eventos\/arquivos\/3549portaria_1401_2019_prazo_julho.pdf\" target=\"_blank\" rel=\"noopener\">Portaria n\u00ba\u00a01401\/2019 &#8211; GP\/FUERN<\/a>\u00a0\u2013<\/strong> Altera prazo para presta\u00e7\u00e3o de contas do aux\u00edlio-sa\u00fade.<\/li><li><strong><a href=\"https:\/\/www.uern.br\/controledepaginas\/prorhae-eventos\/arquivos\/3549edital_03.2020_progep_auxa_lio_saade.pdf\" target=\"_blank\" rel=\"noopener\">Edital n\u00ba\u00a003\/2020 &#8211; PROGEP\/UERN<\/a> \u2013<\/strong>\u00a0Prazos para Presta\u00e7\u00e3o de Contas do\u00a0Aux\u00edlio Sa\u00fade\u00a0referente\u00a0\u00e0\u00a0Compet\u00eancia\u00a02019.<\/li><li><strong><a href=\"https:\/\/www.uern.br\/controledepaginas\/prorhae-eventos\/arquivos\/35490475edital_04.2020_progep_prorroga_prazos_para_prestaaa%C2%A7aa%C2%A3o_de_contas_do_auxa_lio_saade_referente_aa%C2%A0_competancia_2019.pdf\" target=\"_blank\" rel=\"noopener\"><span lang=\"pt-BR\">Edital n\u00ba 04\/2020 &#8211; PROGEP\/UERN<\/span><\/a><span lang=\"pt-BR\">\u00a0\u2013<\/span><\/strong><span lang=\"pt-BR\"> Prorroga prazos para Presta\u00e7\u00e3o de Contas do Aux\u00edlio Sa\u00fade referente \u00e0 Compet\u00eancia 2019.<\/span><\/li><li><strong><a href=\"https:\/\/www.uern.br\/controledepaginas\/prorhae-eventos\/arquivos\/3549instruaa%C2%A7aa%C2%A3o_normativa_01.2020_progep.pdf\" target=\"_blank\" rel=\"noopener\">Instru\u00e7\u00e3o Normativa n\u00ba 01\/2020 &#8211; PROGEP\/UERN<\/a>\u00a0\u2013<\/strong>\u00a0Disp\u00f5e sobre a regulamenta\u00e7\u00e3o dos termos\u00a0para a presta\u00e7\u00e3o de contas anual do aux\u00edlio-sa\u00fade.<\/li><li><strong><a href=\"https:\/\/www.uern.br\/controledepaginas\/prorhae-eventos\/arquivos\/3549portaria_sei_n__182__de_23_de_julho_de_2020__auxilio_saude___parcelamento_.pdf\" target=\"_blank\" rel=\"noopener\">Portaria n\u00ba 652\/2020-GP\/FUERN<\/a> \u2013<\/strong> Regulamenta, no \u00e2mbito da Funda\u00e7\u00e3o Universidade do Estado do Rio Grande do Norte \u2013 FUERN, o parcelamento de d\u00e9bitos relacionados \u00e0 devolu\u00e7\u00e3o do aux\u00edlio-sa\u00fade.<\/li><li><strong><a href=\"https:\/\/www.uern.br\/controledepaginas\/prorhae-auxiliosaude\/arquivos\/3549resolua%C2%A7a%C2%A3o_na_003_2021_cd_altera_a_redaa%C2%A7a%C2%A3o_do_para%C2%A1grafo_2a_do_art._2a_da_resolua%C2%A7a%C2%A3o_na_06_2019_a%E2%82%AC%E2%80%9C_cd_fuern.pdf\" target=\"_blank\" rel=\"noopener\">Resolu\u00e7\u00e3o n\u00b0 03\/2021-CD<\/a>\u00a0\u2013\u00a0<\/strong>Altera a reda\u00e7\u00e3o do par\u00e1grafo 2\u00ba do Art. 2\u00ba da Resolu\u00e7\u00e3o n\u00ba 06\/2019 \u2013 CD\/FUERN.<\/li><li><strong><a href=\"http:\/\/www.uern.br\/controledepaginas\/prorhae-auxiliosaude\/arquivos\/3549resolua%E2%80%A1a%C6%92o_na_022_2021_cd.pdf\" target=\"_blank\" rel=\"noopener\">Resolu\u00e7\u00e3o n\u00ba 022\/2021-CD<\/a>\u00a0\u2013<\/strong> Regulamenta a concess\u00e3o do aux\u00edlio-sa\u00fade e revoga a Resolu\u00e7\u00e3o N\u00ba 006\/2019 \u2013 CD\/FUERN.<\/li><li><strong><a href=\"https:\/\/www.uern.br\/controledepaginas\/prorhae-auxiliosaude\/arquivos\/3549edital_na_01_2021_progep_uern_a%E2%82%AC%E2%80%9C_prazos_2020.pdf\" target=\"_blank\" rel=\"noopener\">Edital n\u00b0 01\/2021 &#8211; PROGEP\/UERN<\/a>\u00a0\u2013\u00a0<\/strong>Prazos para Presta\u00e7\u00e3o de Contas do\u00a0Aux\u00edlio Sa\u00fade\u00a0referente\u00a0\u00e0\u00a0Compet\u00eancia\u00a02020<\/li><li><strong><a href=\"http:\/\/www.uern.br\/controledepaginas\/prorhae-auxiliosaude\/arquivos\/3549resolua%E2%80%A1a%C6%92o_39_2022_auxilio_saude.pdf\" target=\"_blank\" rel=\"noopener\">Resolu\u00e7\u00e3o n\u00b0 039\/2022-CD<\/a>\u00a0\u2013\u00a0<\/strong>Regulamenta a concess\u00e3o, a manuten\u00e7\u00e3o e a presta\u00e7\u00e3o de contas do aux\u00edlio-sa\u00fade no \u00e2mbito da FUERN, e revoga as Resolu\u00e7\u00f5es n\u00ba 022\/2021 \u2013 CD e n\u00ba 040\/2021 \u2013 CD\/FUERN.<\/li><li><strong><a href=\"http:\/\/www.uern.br\/controledepaginas\/prorhae-auxiliosaude\/arquivos\/35495106resolucao_n_2022_65___cd___define_os_valores_do_auxilio_saude_no_ambito_da_fuern_e_altera_o_anexo_i_da_resolucao_n0_2022_39___cd_fuern.pdf\" target=\"_blank\" rel=\"noopener\">Resolu\u00e7\u00e3o n\u00ba 65\/2022-CD<\/a>\u00a0\u2013\u00a0<\/strong>Define os valores do aux\u00edlio-sa\u00fade no \u00e2mbito da FUERN e altera o Anexo I da Resolu\u00e7\u00e3o N\u00ba 39\/2022\u2013 CD\/FUERN.<\/li><\/ul><hr \/><h4><span style=\"color: #000000\"><strong><span lang=\"pt-BR\">CONTATO<\/span><\/strong><\/span><\/h4><ul><li>E-mail:\u00a0<strong><a href=\"mailto:auxiliosaude@uern.br\"><span lang=\"pt-BR\">auxiliosaude@uern.br<\/span><\/a><\/strong><\/li><\/ul>\t\t\t\t\t\t\t\t<\/div>\n\t\t\t\t<\/div>\n\t\t\t\t\t<\/div>\n\t\t\t\t<\/div>\n\t\t\t\t<\/div>\n\t\t","protected":false},"excerpt":{"rendered":"<p>O Aux\u00edlio-Sa\u00fade \u00e9 um benef\u00edcio concedido pela UERN com o objetivo de promover o acesso dos servidores a um servi\u00e7o de sa\u00fade de qualidade, por meio de reembolso parcial das despesas com plano ou seguro privado de assist\u00eancia \u00e0 sa\u00fade. Regido pela Lei Complementar n\u00ba 608\/2017 e pela Resolu\u00e7\u00e3o n\u00ba 039\/2021-CD, o benef\u00edcio atende servidores [&hellip;]<\/p>\n","protected":false},"author":1,"featured_media":0,"parent":0,"menu_order":0,"comment_status":"closed","ping_status":"closed","template":"","meta":{"footnotes":""},"class_list":["post-325","page","type-page","status-publish","hentry"],"_links":{"self":[{"href":"https:\/\/portal.uern.br\/progep\/ddpqv\/wp-json\/wp\/v2\/pages\/325","targetHints":{"allow":["GET"]}}],"collection":[{"href":"https:\/\/portal.uern.br\/progep\/ddpqv\/wp-json\/wp\/v2\/pages"}],"about":[{"href":"https:\/\/portal.uern.br\/progep\/ddpqv\/wp-json\/wp\/v2\/types\/page"}],"author":[{"embeddable":true,"href":"https:\/\/portal.uern.br\/progep\/ddpqv\/wp-json\/wp\/v2\/users\/1"}],"replies":[{"embeddable":true,"href":"https:\/\/portal.uern.br\/progep\/ddpqv\/wp-json\/wp\/v2\/comments?post=325"}],"version-history":[{"count":19,"href":"https:\/\/portal.uern.br\/progep\/ddpqv\/wp-json\/wp\/v2\/pages\/325\/revisions"}],"predecessor-version":[{"id":1231,"href":"https:\/\/portal.uern.br\/progep\/ddpqv\/wp-json\/wp\/v2\/pages\/325\/revisions\/1231"}],"wp:attachment":[{"href":"https:\/\/portal.uern.br\/progep\/ddpqv\/wp-json\/wp\/v2\/media?parent=325"}],"curies":[{"name":"wp","href":"https:\/\/api.w.org\/{rel}","templated":true}]}}