{"id":302,"date":"2024-03-05T08:09:34","date_gmt":"2024-03-05T11:09:34","guid":{"rendered":"https:\/\/portal.uern.br\/progep\/ddpqv\/?page_id=302"},"modified":"2025-12-09T11:09:37","modified_gmt":"2025-12-09T14:09:37","slug":"apresentacao","status":"publish","type":"page","link":"https:\/\/portal.uern.br\/progep\/ddpqv\/","title":{"rendered":"Apresenta\u00e7\u00e3o"},"content":{"rendered":"<div class=\"elementor-element elementor-element-70dcf604 elementor-widget elementor-widget-theme-post-title elementor-page-title elementor-widget-heading\" data-id=\"70dcf604\" data-element_type=\"widget\" data-widget_type=\"theme-post-title.default\">\n<div class=\"elementor-widget-container\">\n<p data-start=\"99\" data-end=\"332\">A <strong>Diretoria de Desenvolvimento de Pessoas e Qualidade de Vida (DDPQV)<\/strong>\u00a0\u00e9 respons\u00e1vel por promover a\u00e7\u00f5es voltadas ao desenvolvimento profissional, interpessoal e \u00e0 melhoria da qualidade de vida dos servidores. \u00c9 composta pelo <strong>Departamento de Aten\u00e7\u00e3o ao Servidor (DAS)<\/strong> e pelos setores de <strong>Qualidade de Vida (SQV)<\/strong>, <strong>Acompanhamento e Avalia\u00e7\u00e3o do Servidor (SAVS)<\/strong>, <strong>Capacita\u00e7\u00e3o e Educa\u00e7\u00e3o Profissional (SCEP)<\/strong>, e <strong>Aposentados e Pensionistas (SAP)<\/strong>. Atua de forma estrat\u00e9gica e proativa, com foco no fortalecimento do clima organizacional e na solu\u00e7\u00e3o de problemas internos a m\u00e9dio e longo prazo. Suas a\u00e7\u00f5es est\u00e3o alinhadas ao Plano de Desenvolvimento Institucional (PDI), \u00e0 Agenda 2030 e ao Plano de A\u00e7\u00f5es Estrat\u00e9gicas da UERN (2021\u20132025).<\/p>\n<\/div>\n<\/div>\n<div class=\"elementor-element elementor-element-51df0779 elementor-widget elementor-widget-theme-post-content\" data-id=\"51df0779\" data-element_type=\"widget\" data-widget_type=\"theme-post-content.default\">\n<h4><strong>Contato:<\/strong><\/h4>\n<p><strong>\ud83d\udce7 E-mail: <a href=\"mailto:ddpqv.progep@uern.br\">ddpqv.progep@uern.br<\/a><br \/>\n<\/strong><strong>\ud83d\udcf1 Instagram: <a href=\"https:\/\/www.instagram.com\/progepuern\">@progepuern<\/a><\/strong><\/p>\n<h4><strong>Atendimento Presencial<\/strong><\/h4>\n<p>\ud83d\udccd <strong>Endere\u00e7o<\/strong>: Rua Quintino Bocaiuva, s\/n \u2013 Edif\u00edcio Ep\u00edlogo de Campos<br \/>\n\ud83d\udd52 <strong>Hor\u00e1rio<\/strong>: Segunda a sexta, das 7h \u00e0s 17h<\/p>\n<p>&nbsp;<\/p>\n<p>&nbsp;<\/p>\n<\/div>\n","protected":false},"excerpt":{"rendered":"<p>A Diretoria de Desenvolvimento de Pessoas e Qualidade de Vida (DDPQV)\u00a0\u00e9 respons\u00e1vel por promover a\u00e7\u00f5es voltadas ao desenvolvimento profissional, interpessoal e \u00e0 melhoria da qualidade de vida dos servidores. \u00c9 composta pelo Departamento de Aten\u00e7\u00e3o ao Servidor (DAS) e pelos setores de Qualidade de Vida (SQV), Acompanhamento e Avalia\u00e7\u00e3o do Servidor (SAVS), Capacita\u00e7\u00e3o e Educa\u00e7\u00e3o [&hellip;]<\/p>\n","protected":false},"author":1,"featured_media":0,"parent":0,"menu_order":0,"comment_status":"closed","ping_status":"closed","template":"","meta":{"footnotes":""},"class_list":["post-302","page","type-page","status-publish","hentry"],"_links":{"self":[{"href":"https:\/\/portal.uern.br\/progep\/ddpqv\/wp-json\/wp\/v2\/pages\/302","targetHints":{"allow":["GET"]}}],"collection":[{"href":"https:\/\/portal.uern.br\/progep\/ddpqv\/wp-json\/wp\/v2\/pages"}],"about":[{"href":"https:\/\/portal.uern.br\/progep\/ddpqv\/wp-json\/wp\/v2\/types\/page"}],"author":[{"embeddable":true,"href":"https:\/\/portal.uern.br\/progep\/ddpqv\/wp-json\/wp\/v2\/users\/1"}],"replies":[{"embeddable":true,"href":"https:\/\/portal.uern.br\/progep\/ddpqv\/wp-json\/wp\/v2\/comments?post=302"}],"version-history":[{"count":27,"href":"https:\/\/portal.uern.br\/progep\/ddpqv\/wp-json\/wp\/v2\/pages\/302\/revisions"}],"predecessor-version":[{"id":1283,"href":"https:\/\/portal.uern.br\/progep\/ddpqv\/wp-json\/wp\/v2\/pages\/302\/revisions\/1283"}],"wp:attachment":[{"href":"https:\/\/portal.uern.br\/progep\/ddpqv\/wp-json\/wp\/v2\/media?parent=302"}],"curies":[{"name":"wp","href":"https:\/\/api.w.org\/{rel}","templated":true}]}}