{"id":1139,"date":"2025-07-31T10:02:24","date_gmt":"2025-07-31T13:02:24","guid":{"rendered":"https:\/\/portal.uern.br\/progep\/ddpqv\/?page_id=1139"},"modified":"2025-12-16T13:38:24","modified_gmt":"2025-12-16T16:38:24","slug":"convenio-com-o-sest-senat","status":"publish","type":"page","link":"https:\/\/portal.uern.br\/progep\/ddpqv\/convenio-com-o-sest-senat\/","title":{"rendered":"Acordo de Coopera\u00e7\u00e3o com SEST SENAT"},"content":{"rendered":"\t\t<div data-elementor-type=\"wp-page\" data-elementor-id=\"1139\" class=\"elementor elementor-1139\" data-elementor-post-type=\"page\">\n\t\t\t\t<div class=\"elementor-element elementor-element-2482a693 e-flex e-con-boxed e-con e-parent\" data-id=\"2482a693\" data-element_type=\"container\" data-e-type=\"container\">\n\t\t\t\t\t<div class=\"e-con-inner\">\n\t\t\t\t<div class=\"elementor-element elementor-element-01e66d9 elementor-widget elementor-widget-image\" data-id=\"01e66d9\" data-element_type=\"widget\" data-e-type=\"widget\" data-widget_type=\"image.default\">\n\t\t\t\t<div class=\"elementor-widget-container\">\n\t\t\t\t\t\t\t\t\t\t\t\t\t\t\t<img fetchpriority=\"high\" decoding=\"async\" width=\"800\" height=\"1000\" src=\"https:\/\/portal.uern.br\/progep\/ddpqv\/wp-content\/uploads\/sites\/3\/2025\/12\/Acordo-de-coopercao-sest-senat-819x1024.png\" class=\"attachment-large size-large wp-image-1302\" alt=\"\" srcset=\"https:\/\/portal.uern.br\/progep\/ddpqv\/wp-content\/uploads\/sites\/3\/2025\/12\/Acordo-de-coopercao-sest-senat-819x1024.png 819w, https:\/\/portal.uern.br\/progep\/ddpqv\/wp-content\/uploads\/sites\/3\/2025\/12\/Acordo-de-coopercao-sest-senat-240x300.png 240w, https:\/\/portal.uern.br\/progep\/ddpqv\/wp-content\/uploads\/sites\/3\/2025\/12\/Acordo-de-coopercao-sest-senat-768x960.png 768w, https:\/\/portal.uern.br\/progep\/ddpqv\/wp-content\/uploads\/sites\/3\/2025\/12\/Acordo-de-coopercao-sest-senat.png 1080w\" sizes=\"(max-width: 800px) 100vw, 800px\" \/>\t\t\t\t\t\t\t\t\t\t\t\t\t\t\t<\/div>\n\t\t\t\t<\/div>\n\t\t\t\t<div class=\"elementor-element elementor-element-d7ebf2b elementor-widget elementor-widget-text-editor\" data-id=\"d7ebf2b\" data-element_type=\"widget\" data-e-type=\"widget\" data-widget_type=\"text-editor.default\">\n\t\t\t\t<div class=\"elementor-widget-container\">\n\t\t\t\t\t\t\t\t\t<p><strong>Beneficiados<\/strong><\/p><p>Servidores da Fuern e como seus dependentes legais <em>(esposo(a) ou companheiro(a); filhos menores de 21 anos; menores sob tutela e guarda judicial, maiores de 21 anos declarados incapazes f\u00edsica ou mentalmente, que vivam sob a depend\u00eancia econ\u00f4mica do associado, desde que devidamente comprovada).<\/em><\/p><hr \/><h4><strong>Servi\u00e7os oferecidos<\/strong><\/h4><p>Desconto de 15% (Quinze por Cento) dos valores relativos \u00e0 presta\u00e7\u00e3o dos seguintes servi\u00e7os (tabela de pre\u00e7os para a comunidade):<\/p><p><em>-ODONTOLOGIA;<\/em><br \/><em>-NUTRI\u00c7\u00c3O; <\/em><br \/><em>-FISIOTERAPIA;<\/em><br \/><em>-PSICOLOGIA; <\/em><br \/><em>-ESCOLA DE ESPORTE E LAZER;<\/em><br \/><em>-LOCA\u00c7\u00c3O DE ESPA\u00c7OS;<\/em><br \/><em>-CURSOS PRESENCIAIS \/ WEBAULA (CURSOS REGULAMENTADOS E CURSOS LIVRES).<\/em><\/p><hr \/><h4><strong>Como se cadastrar<\/strong><\/h4><h5><strong>Documenta\u00e7\u00e3o Necess\u00e1ria:<\/strong><\/h5><p>a) Declara\u00e7\u00e3o de v\u00ednculo que pode ser emitida pelo pr\u00f3prio servidor por meio da <a href=\"https:\/\/seguro.uern.br\/integra\/\">plataforma \u00cdntegra<\/a>.<\/p><p>b) CPF<\/p><p>c) Identidade<\/p><p>d) Comprovante de resid\u00eancia<\/p><p>Apresentar a documenta\u00e7\u00e3o nas unidades do SEST\/SENAT.<\/p><p>Endere\u00e7o: Rua Mestre Baltazar Linhares, n\u00ba 2, Rinc\u00e3o,\u00a0Vingt-Rosado, 59626-550\u00a0\u2013 Mossor\u00f3, Rio Grande do Norte, Brasil.- Efetuar o pagamento da taxa de emiss\u00e3o da carteira (v\u00e1lida por 12 meses).<\/p><hr \/><h5>Per\u00edodo de Vig\u00eancia do acordo de coopera\u00e7\u00e3o Fuern e Sest Senat: 12\/09\/2025 a 12\/09\/2027<\/h5>\t\t\t\t\t\t\t\t<\/div>\n\t\t\t\t<\/div>\n\t\t\t\t\t<\/div>\n\t\t\t\t<\/div>\n\t\t<div class=\"elementor-element elementor-element-8b6cbb3 e-flex e-con-boxed e-con e-parent\" data-id=\"8b6cbb3\" data-element_type=\"container\" data-e-type=\"container\">\n\t\t\t\t\t<div class=\"e-con-inner\">\n\t\t\t\t<div class=\"elementor-element elementor-element-52c938d elementor-icon-list--layout-inline elementor-align-center elementor-list-item-link-full_width elementor-widget elementor-widget-icon-list\" data-id=\"52c938d\" data-element_type=\"widget\" data-e-type=\"widget\" data-widget_type=\"icon-list.default\">\n\t\t\t\t<div class=\"elementor-widget-container\">\n\t\t\t\t\t\t\t<ul class=\"elementor-icon-list-items elementor-inline-items\">\n\t\t\t\t\t\t\t<li class=\"elementor-icon-list-item elementor-inline-item\">\n\t\t\t\t\t\t\t\t\t\t\t<a href=\"https:\/\/www.sestsenat.org.br\/home\">\n\n\t\t\t\t\t\t\t\t\t\t\t\t<span class=\"elementor-icon-list-icon\">\n\t\t\t\t\t\t\t<i aria-hidden=\"true\" class=\"fas fa-mouse-pointer\"><\/i>\t\t\t\t\t\t<\/span>\n\t\t\t\t\t\t\t\t\t\t<span class=\"elementor-icon-list-text\">sestsenat.org.br<\/span>\n\t\t\t\t\t\t\t\t\t\t\t<\/a>\n\t\t\t\t\t\t\t\t\t<\/li>\n\t\t\t\t\t\t\t\t<li class=\"elementor-icon-list-item elementor-inline-item\">\n\t\t\t\t\t\t\t\t\t\t\t<a href=\"https:\/\/www.instagram.com\/sestsenatriograndedonorte?igsh=enVpcjhsZTlyeWt2\">\n\n\t\t\t\t\t\t\t\t\t\t\t\t<span class=\"elementor-icon-list-icon\">\n\t\t\t\t\t\t\t<i aria-hidden=\"true\" class=\"fab fa-instagram\"><\/i>\t\t\t\t\t\t<\/span>\n\t\t\t\t\t\t\t\t\t\t<span class=\"elementor-icon-list-text\">@sestsenatrn<\/span>\n\t\t\t\t\t\t\t\t\t\t\t<\/a>\n\t\t\t\t\t\t\t\t\t<\/li>\n\t\t\t\t\t\t\t\t<li class=\"elementor-icon-list-item elementor-inline-item\">\n\t\t\t\t\t\t\t\t\t\t\t<a href=\"https:\/\/api.whatsapp.com\/send\/?phone=556120170073&#038;text=Ol%C3%A1+Gostaria+de+falar+com+a+unidade+de+Mossor%C3%B3\/RN&#038;type=phone_number&#038;app_absent=0\">\n\n\t\t\t\t\t\t\t\t\t\t\t\t<span class=\"elementor-icon-list-icon\">\n\t\t\t\t\t\t\t<i aria-hidden=\"true\" class=\"fab fa-whatsapp\"><\/i>\t\t\t\t\t\t<\/span>\n\t\t\t\t\t\t\t\t\t\t<span class=\"elementor-icon-list-text\">(61) 2017-0073<\/span>\n\t\t\t\t\t\t\t\t\t\t\t<\/a>\n\t\t\t\t\t\t\t\t\t<\/li>\n\t\t\t\t\t\t<\/ul>\n\t\t\t\t\t\t<\/div>\n\t\t\t\t<\/div>\n\t\t\t\t\t<\/div>\n\t\t\t\t<\/div>\n\t\t\t\t<\/div>\n\t\t","protected":false},"excerpt":{"rendered":"<p>Beneficiados Servidores da Fuern e como seus dependentes legais (esposo(a) ou companheiro(a); filhos menores de 21 anos; menores sob tutela e guarda judicial, maiores de 21 anos declarados incapazes f\u00edsica ou mentalmente, que vivam sob a depend\u00eancia econ\u00f4mica do associado, desde que devidamente comprovada). Servi\u00e7os oferecidos Desconto de 15% (Quinze por Cento) dos valores relativos [&hellip;]<\/p>\n","protected":false},"author":6,"featured_media":0,"parent":0,"menu_order":0,"comment_status":"closed","ping_status":"closed","template":"","meta":{"footnotes":""},"class_list":["post-1139","page","type-page","status-publish","hentry"],"_links":{"self":[{"href":"https:\/\/portal.uern.br\/progep\/ddpqv\/wp-json\/wp\/v2\/pages\/1139","targetHints":{"allow":["GET"]}}],"collection":[{"href":"https:\/\/portal.uern.br\/progep\/ddpqv\/wp-json\/wp\/v2\/pages"}],"about":[{"href":"https:\/\/portal.uern.br\/progep\/ddpqv\/wp-json\/wp\/v2\/types\/page"}],"author":[{"embeddable":true,"href":"https:\/\/portal.uern.br\/progep\/ddpqv\/wp-json\/wp\/v2\/users\/6"}],"replies":[{"embeddable":true,"href":"https:\/\/portal.uern.br\/progep\/ddpqv\/wp-json\/wp\/v2\/comments?post=1139"}],"version-history":[{"count":13,"href":"https:\/\/portal.uern.br\/progep\/ddpqv\/wp-json\/wp\/v2\/pages\/1139\/revisions"}],"predecessor-version":[{"id":1310,"href":"https:\/\/portal.uern.br\/progep\/ddpqv\/wp-json\/wp\/v2\/pages\/1139\/revisions\/1310"}],"wp:attachment":[{"href":"https:\/\/portal.uern.br\/progep\/ddpqv\/wp-json\/wp\/v2\/media?parent=1139"}],"curies":[{"name":"wp","href":"https:\/\/api.w.org\/{rel}","templated":true}]}}