{"id":1081,"date":"2025-07-31T09:30:13","date_gmt":"2025-07-31T12:30:13","guid":{"rendered":"https:\/\/portal.uern.br\/progep\/ddpqv\/?page_id=1081"},"modified":"2025-08-23T11:48:38","modified_gmt":"2025-08-23T14:48:38","slug":"uern-sangue-bom-2","status":"publish","type":"page","link":"https:\/\/portal.uern.br\/progep\/ddpqv\/uern-sangue-bom-2\/","title":{"rendered":"UERN Sangue Bom"},"content":{"rendered":"\t\t<div data-elementor-type=\"wp-page\" data-elementor-id=\"1081\" class=\"elementor elementor-1081\" data-elementor-post-type=\"page\">\n\t\t\t\t<div class=\"elementor-element elementor-element-1e1842c2 e-flex e-con-boxed e-con e-parent\" data-id=\"1e1842c2\" data-element_type=\"container\" data-e-type=\"container\">\n\t\t\t\t\t<div class=\"e-con-inner\">\n\t\t\t\t<div class=\"elementor-element elementor-element-43268b29 elementor-widget elementor-widget-text-editor\" data-id=\"43268b29\" data-element_type=\"widget\" data-e-type=\"widget\" data-widget_type=\"text-editor.default\">\n\t\t\t\t<div class=\"elementor-widget-container\">\n\t\t\t\t\t\t\t\t\t<h2 data-start=\"107\" data-end=\"357\"><img fetchpriority=\"high\" decoding=\"async\" class=\"wp-image-1250 aligncenter\" src=\"https:\/\/portal.uern.br\/progep\/ddpqv\/wp-content\/uploads\/sites\/3\/2025\/08\/sfsfdf-300x164.png\" alt=\"\" width=\"378\" height=\"206\" srcset=\"https:\/\/portal.uern.br\/progep\/ddpqv\/wp-content\/uploads\/sites\/3\/2025\/08\/sfsfdf-300x164.png 300w, https:\/\/portal.uern.br\/progep\/ddpqv\/wp-content\/uploads\/sites\/3\/2025\/08\/sfsfdf-768x419.png 768w, https:\/\/portal.uern.br\/progep\/ddpqv\/wp-content\/uploads\/sites\/3\/2025\/08\/sfsfdf.png 871w\" sizes=\"(max-width: 378px) 100vw, 378px\" \/><\/h2><h2 data-start=\"107\" data-end=\"357\"><strong>Sobre a Campanha<\/strong><\/h2><p>A campanha \u201c<strong>Uern Sangue Bom<\/strong>\u201d iniciou em 2020 junto a campanha \u201cMeu Melhor Natal\u201d,\u00a0\u00a0com o objetivo de incentivar a comunidade acad\u00eamica e a popula\u00e7\u00e3o em geral a doar sangue, al\u00e9m de mobilizar novos volunt\u00e1rios para ampliar os estoques do Hemocentro de Mossor\u00f3. A iniciativa faz parte do compromisso cont\u00ednuo da Uern com a responsabilidade social e o bem-estar coletivo.<\/p><p><span style=\"font-weight: 400\">Em mar\u00e7o de 2024, foi criado um<\/span> <span style=\"font-weight: 400\">Banco de Cadastro de<\/span><b> \u201cDoador Sangue Bom\u201d<\/b><span style=\"font-weight: 400\">, que visa n\u00e3o apenas estimular o ato solid\u00e1rio entre aqueles que j\u00e1 o praticam, mas tamb\u00e9m conquistar novos doadores e planejar a\u00e7\u00f5es espec\u00edficas conforme a necessidade dos hemocentros localizados na regi\u00e3o dos campi da Uern.\u00a0<\/span><\/p><hr \/><h2 data-start=\"734\" data-end=\"1056\"><strong>Edi\u00e7\u00f5es Anuais<\/strong><\/h2><p>A campanha possui <strong>3 edi\u00e7\u00f5es anuais<\/strong> que se concentram, especialmente, nos meses de fevereiro, junho e dezembro \u2014 per\u00edodos em que historicamente as doa\u00e7\u00f5es diminuem, em raz\u00e3o das celebra\u00e7\u00f5es do Carnaval, S\u00e3o Jo\u00e3o e festas de fim de ano, enquanto a demanda por sangue tende a aumentar.<\/p><hr \/><h2 data-start=\"734\" data-end=\"1056\"><strong>Premia\u00e7\u00e3o<\/strong><\/h2><figure id=\"attachment_1244\" aria-describedby=\"caption-attachment-1244\" style=\"width: 316px\" class=\"wp-caption aligncenter\"><img decoding=\"async\" class=\"wp-image-1244\" src=\"https:\/\/portal.uern.br\/progep\/ddpqv\/wp-content\/uploads\/sites\/3\/2025\/08\/selo-ods-300x193.png\" alt=\"\" width=\"316\" height=\"203\" srcset=\"https:\/\/portal.uern.br\/progep\/ddpqv\/wp-content\/uploads\/sites\/3\/2025\/08\/selo-ods-300x193.png 300w, https:\/\/portal.uern.br\/progep\/ddpqv\/wp-content\/uploads\/sites\/3\/2025\/08\/selo-ods-768x493.png 768w, https:\/\/portal.uern.br\/progep\/ddpqv\/wp-content\/uploads\/sites\/3\/2025\/08\/selo-ods.png 880w\" sizes=\"(max-width: 316px) 100vw, 316px\" \/><figcaption id=\"caption-attachment-1244\" class=\"wp-caption-text\">Premia\u00e7\u00e3o Selo ODS 2025<\/figcaption><\/figure><p data-start=\"734\" data-end=\"1056\">Em reconhecimento ao seu impacto social, a campanha \u201cUern Sangue Bom\u201d recebeu, em 2025, o\u00a0<strong>Selo ODS 3 \u2013 Sa\u00fade e Bem-estar e ODS 17 \u2013 Parcerias e Meios de Implementa\u00e7\u00e3o<\/strong>,\u00a0promovendo uma universidade mais engajada com as necessidades da sociedade potiguar.<\/p><hr \/><h2 data-start=\"1058\" data-end=\"1415\"><strong>Requisitos para ser doador de sangue<\/strong><\/h2><p data-start=\"1058\" data-end=\"1415\">Para ser doador, \u00e9 necess\u00e1rio cumprir alguns requisitos b\u00e1sicos: estar em boas condi\u00e7\u00f5es de sa\u00fade, apresentar documento de identifica\u00e7\u00e3o oficial com foto, estar bem alimentado, ter entre 16 e 69 anos (sendo que menores de 18 anos devem estar acompanhados de um respons\u00e1vel legal) e pesar acima de 50 kg, entre outros crit\u00e9rios estabelecidos pelo Hemocentro.<\/p><p data-start=\"1417\" data-end=\"1611\">As doa\u00e7\u00f5es devem ser realizadas na sede do\u00a0<strong>Hemocentro de Mossor\u00f3<\/strong>, onde uma equipe especializada est\u00e1 preparada para receber os doadores em um ambiente seguro, acolhedor e adequado para a coleta.<\/p><hr \/><h2 data-start=\"1417\" data-end=\"1611\"><strong>Cadastro de doador Sangue Bom<\/strong><\/h2><p data-raofz=\"16\">Os servidores e alunos que quiserem e puderem ser doadores podem preencher o\u00a0<strong>formul\u00e1rio de cadastro dos doadores Sangue Bom<\/strong>, dispon\u00edvel neste\u00a0<a role=\"link\" href=\"https:\/\/docs.google.com\/forms\/d\/e\/1FAIpQLSdtxpDrHt8Y6rK6lHaTwzUDuyaI5l_ElCRfjVACQV33mw97-Q\/viewform\" data-raofz=\"16\">link<\/a>.<\/p><hr \/><h2 data-raofz=\"16\"><strong>Registros Fotogr\u00e1ficos<\/strong><\/h2><p data-wp-editing=\"1\">\u00a0<\/p>\t\t\t\t\t\t\t\t<\/div>\n\t\t\t\t<\/div>\n\t\t\t\t\t<\/div>\n\t\t\t\t<\/div>\n\t\t<div class=\"elementor-element elementor-element-d87f3dd e-flex e-con-boxed e-con e-parent\" data-id=\"d87f3dd\" data-element_type=\"container\" data-e-type=\"container\">\n\t\t\t\t\t<div class=\"e-con-inner\">\n\t\t\t\t<div class=\"elementor-element elementor-element-86e42c7 elementor-widget elementor-widget-gallery\" data-id=\"86e42c7\" data-element_type=\"widget\" data-e-type=\"widget\" data-settings=\"{&quot;columns&quot;:&quot;3&quot;,&quot;gap&quot;:{&quot;unit&quot;:&quot;px&quot;,&quot;size&quot;:&quot;5&quot;,&quot;sizes&quot;:[]},&quot;lazyload&quot;:&quot;yes&quot;,&quot;gallery_layout&quot;:&quot;grid&quot;,&quot;columns_tablet&quot;:2,&quot;columns_mobile&quot;:1,&quot;gap_tablet&quot;:{&quot;unit&quot;:&quot;px&quot;,&quot;size&quot;:10,&quot;sizes&quot;:[]},&quot;gap_mobile&quot;:{&quot;unit&quot;:&quot;px&quot;,&quot;size&quot;:10,&quot;sizes&quot;:[]},&quot;link_to&quot;:&quot;file&quot;,&quot;aspect_ratio&quot;:&quot;3:2&quot;,&quot;overlay_background&quot;:&quot;yes&quot;,&quot;content_hover_animation&quot;:&quot;fade-in&quot;}\" data-widget_type=\"gallery.default\">\n\t\t\t\t<div class=\"elementor-widget-container\">\n\t\t\t\t\t\t\t<div class=\"elementor-gallery__container\">\n\t\t\t\t\t\t\t<a class=\"e-gallery-item elementor-gallery-item elementor-animated-content\" href=\"https:\/\/portal.uern.br\/progep\/ddpqv\/wp-content\/uploads\/sites\/3\/2025\/08\/uern-sangue-bom-1.jpeg\" data-elementor-open-lightbox=\"yes\" data-elementor-lightbox-slideshow=\"86e42c7\" data-elementor-lightbox-title=\"Card 1\u00b0 Edi\u00e7\u00e3o Uern Sangue Bom 2025\" data-e-action-hash=\"#elementor-action%3Aaction%3Dlightbox%26settings%3DeyJpZCI6MTI0OCwidXJsIjoiaHR0cHM6XC9cL3BvcnRhbC51ZXJuLmJyXC9wcm9nZXBcL2RkcHF2XC93cC1jb250ZW50XC91cGxvYWRzXC9zaXRlc1wvM1wvMjAyNVwvMDhcL3Vlcm4tc2FuZ3VlLWJvbS0xLmpwZWciLCJzbGlkZXNob3ciOiI4NmU0MmM3In0%3D\">\n\t\t\t\t\t<div class=\"e-gallery-image elementor-gallery-item__image\" data-thumbnail=\"https:\/\/portal.uern.br\/progep\/ddpqv\/wp-content\/uploads\/sites\/3\/2025\/08\/uern-sangue-bom-1-239x300.jpeg\" data-width=\"239\" data-height=\"300\" aria-label=\"\" role=\"img\" ><\/div>\n\t\t\t\t\t\t\t\t\t\t\t<div class=\"elementor-gallery-item__overlay\"><\/div>\n\t\t\t\t\t\t\t\t\t\t\t\t\t\t<\/a>\n\t\t\t\t\t\t\t<a class=\"e-gallery-item elementor-gallery-item elementor-animated-content\" href=\"https:\/\/portal.uern.br\/progep\/ddpqv\/wp-content\/uploads\/sites\/3\/2025\/08\/sangue-bom-2-25.png\" data-elementor-open-lightbox=\"yes\" data-elementor-lightbox-slideshow=\"86e42c7\" data-elementor-lightbox-title=\"1\u00b0 Edi\u00e7\u00e3o Uern Sangue Bom 2025\" data-e-action-hash=\"#elementor-action%3Aaction%3Dlightbox%26settings%3DeyJpZCI6MTI0NywidXJsIjoiaHR0cHM6XC9cL3BvcnRhbC51ZXJuLmJyXC9wcm9nZXBcL2RkcHF2XC93cC1jb250ZW50XC91cGxvYWRzXC9zaXRlc1wvM1wvMjAyNVwvMDhcL3Nhbmd1ZS1ib20tMi0yNS5wbmciLCJzbGlkZXNob3ciOiI4NmU0MmM3In0%3D\">\n\t\t\t\t\t<div class=\"e-gallery-image elementor-gallery-item__image\" data-thumbnail=\"https:\/\/portal.uern.br\/progep\/ddpqv\/wp-content\/uploads\/sites\/3\/2025\/08\/sangue-bom-2-25-300x131.png\" data-width=\"300\" data-height=\"131\" aria-label=\"\" role=\"img\" ><\/div>\n\t\t\t\t\t\t\t\t\t\t\t<div class=\"elementor-gallery-item__overlay\"><\/div>\n\t\t\t\t\t\t\t\t\t\t\t\t\t\t<\/a>\n\t\t\t\t\t\t\t<a class=\"e-gallery-item elementor-gallery-item elementor-animated-content\" href=\"https:\/\/portal.uern.br\/progep\/ddpqv\/wp-content\/uploads\/sites\/3\/2025\/08\/uern-sangue-bom-saojao-1.jpeg\" data-elementor-open-lightbox=\"yes\" data-elementor-lightbox-slideshow=\"86e42c7\" data-elementor-lightbox-title=\"Card 2\u00b0 Edi\u00e7\u00e3o Uern Sangue Bom 2025\" data-e-action-hash=\"#elementor-action%3Aaction%3Dlightbox%26settings%3DeyJpZCI6MTI0OSwidXJsIjoiaHR0cHM6XC9cL3BvcnRhbC51ZXJuLmJyXC9wcm9nZXBcL2RkcHF2XC93cC1jb250ZW50XC91cGxvYWRzXC9zaXRlc1wvM1wvMjAyNVwvMDhcL3Vlcm4tc2FuZ3VlLWJvbS1zYW9qYW8tMS5qcGVnIiwic2xpZGVzaG93IjoiODZlNDJjNyJ9\">\n\t\t\t\t\t<div class=\"e-gallery-image elementor-gallery-item__image\" data-thumbnail=\"https:\/\/portal.uern.br\/progep\/ddpqv\/wp-content\/uploads\/sites\/3\/2025\/08\/uern-sangue-bom-saojao-1-241x300.jpeg\" data-width=\"241\" data-height=\"300\" aria-label=\"\" role=\"img\" ><\/div>\n\t\t\t\t\t\t\t\t\t\t\t<div class=\"elementor-gallery-item__overlay\"><\/div>\n\t\t\t\t\t\t\t\t\t\t\t\t\t\t<\/a>\n\t\t\t\t\t\t\t<a class=\"e-gallery-item elementor-gallery-item elementor-animated-content\" href=\"https:\/\/portal.uern.br\/progep\/ddpqv\/wp-content\/uploads\/sites\/3\/2025\/06\/Imagem-do-WhatsApp-de-2025-06-24-as-15.35.41_8bfda2fb.jpg\" data-elementor-open-lightbox=\"yes\" data-elementor-lightbox-slideshow=\"86e42c7\" data-elementor-lightbox-title=\"Servidor Fl\u00e1vio - STI\/UERN doando na 2\u00b0 Edi\u00e7\u00e3o Uern Sangue Bom 2025\" data-e-action-hash=\"#elementor-action%3Aaction%3Dlightbox%26settings%3DeyJpZCI6OTg2LCJ1cmwiOiJodHRwczpcL1wvcG9ydGFsLnVlcm4uYnJcL3Byb2dlcFwvZGRwcXZcL3dwLWNvbnRlbnRcL3VwbG9hZHNcL3NpdGVzXC8zXC8yMDI1XC8wNlwvSW1hZ2VtLWRvLVdoYXRzQXBwLWRlLTIwMjUtMDYtMjQtYXMtMTUuMzUuNDFfOGJmZGEyZmIuanBnIiwic2xpZGVzaG93IjoiODZlNDJjNyJ9\">\n\t\t\t\t\t<div class=\"e-gallery-image elementor-gallery-item__image\" data-thumbnail=\"https:\/\/portal.uern.br\/progep\/ddpqv\/wp-content\/uploads\/sites\/3\/2025\/06\/Imagem-do-WhatsApp-de-2025-06-24-as-15.35.41_8bfda2fb-300x223.jpg\" data-width=\"300\" data-height=\"223\" aria-label=\"\" role=\"img\" ><\/div>\n\t\t\t\t\t\t\t\t\t\t\t<div class=\"elementor-gallery-item__overlay\"><\/div>\n\t\t\t\t\t\t\t\t\t\t\t\t\t\t<\/a>\n\t\t\t\t\t\t\t<a class=\"e-gallery-item elementor-gallery-item elementor-animated-content\" href=\"https:\/\/portal.uern.br\/progep\/ddpqv\/wp-content\/uploads\/sites\/3\/2025\/06\/Imagem-do-WhatsApp-de-2025-06-24-as-15.35.42_4af10e7a.jpg\" data-elementor-open-lightbox=\"yes\" data-elementor-lightbox-slideshow=\"86e42c7\" data-elementor-lightbox-title=\"2\u00b0 Edi\u00e7\u00e3o Uern Sangue Bom 2025\" data-e-action-hash=\"#elementor-action%3Aaction%3Dlightbox%26settings%3DeyJpZCI6OTg3LCJ1cmwiOiJodHRwczpcL1wvcG9ydGFsLnVlcm4uYnJcL3Byb2dlcFwvZGRwcXZcL3dwLWNvbnRlbnRcL3VwbG9hZHNcL3NpdGVzXC8zXC8yMDI1XC8wNlwvSW1hZ2VtLWRvLVdoYXRzQXBwLWRlLTIwMjUtMDYtMjQtYXMtMTUuMzUuNDJfNGFmMTBlN2EuanBnIiwic2xpZGVzaG93IjoiODZlNDJjNyJ9\">\n\t\t\t\t\t<div class=\"e-gallery-image elementor-gallery-item__image\" data-thumbnail=\"https:\/\/portal.uern.br\/progep\/ddpqv\/wp-content\/uploads\/sites\/3\/2025\/06\/Imagem-do-WhatsApp-de-2025-06-24-as-15.35.42_4af10e7a-300x224.jpg\" data-width=\"300\" data-height=\"224\" aria-label=\"2\u00b0 Edi\u00e7\u00e3o anual do UERN Sangue Bom 2025\" role=\"img\" ><\/div>\n\t\t\t\t\t\t\t\t\t\t\t<div class=\"elementor-gallery-item__overlay\"><\/div>\n\t\t\t\t\t\t\t\t\t\t\t\t\t\t<\/a>\n\t\t\t\t\t<\/div>\n\t\t\t\t\t<\/div>\n\t\t\t\t<\/div>\n\t\t\t\t\t<\/div>\n\t\t\t\t<\/div>\n\t\t\t\t<\/div>\n\t\t","protected":false},"excerpt":{"rendered":"<p>Sobre a Campanha A campanha \u201cUern Sangue Bom\u201d iniciou em 2020 junto a campanha \u201cMeu Melhor Natal\u201d,\u00a0\u00a0com o objetivo de incentivar a comunidade acad\u00eamica e a popula\u00e7\u00e3o em geral a doar sangue, al\u00e9m de mobilizar novos volunt\u00e1rios para ampliar os estoques do Hemocentro de Mossor\u00f3. A iniciativa faz parte do compromisso cont\u00ednuo da Uern com [&hellip;]<\/p>\n","protected":false},"author":6,"featured_media":0,"parent":0,"menu_order":0,"comment_status":"closed","ping_status":"closed","template":"","meta":{"footnotes":""},"class_list":["post-1081","page","type-page","status-publish","hentry"],"_links":{"self":[{"href":"https:\/\/portal.uern.br\/progep\/ddpqv\/wp-json\/wp\/v2\/pages\/1081","targetHints":{"allow":["GET"]}}],"collection":[{"href":"https:\/\/portal.uern.br\/progep\/ddpqv\/wp-json\/wp\/v2\/pages"}],"about":[{"href":"https:\/\/portal.uern.br\/progep\/ddpqv\/wp-json\/wp\/v2\/types\/page"}],"author":[{"embeddable":true,"href":"https:\/\/portal.uern.br\/progep\/ddpqv\/wp-json\/wp\/v2\/users\/6"}],"replies":[{"embeddable":true,"href":"https:\/\/portal.uern.br\/progep\/ddpqv\/wp-json\/wp\/v2\/comments?post=1081"}],"version-history":[{"count":5,"href":"https:\/\/portal.uern.br\/progep\/ddpqv\/wp-json\/wp\/v2\/pages\/1081\/revisions"}],"predecessor-version":[{"id":1253,"href":"https:\/\/portal.uern.br\/progep\/ddpqv\/wp-json\/wp\/v2\/pages\/1081\/revisions\/1253"}],"wp:attachment":[{"href":"https:\/\/portal.uern.br\/progep\/ddpqv\/wp-json\/wp\/v2\/media?parent=1081"}],"curies":[{"name":"wp","href":"https:\/\/api.w.org\/{rel}","templated":true}]}}