{"id":5721,"date":"2026-05-08T11:25:55","date_gmt":"2026-05-08T14:25:55","guid":{"rendered":"https:\/\/portal.uern.br\/proex\/?page_id=5721"},"modified":"2026-05-08T16:24:24","modified_gmt":"2026-05-08T19:24:24","slug":"grupos-artisticos","status":"publish","type":"page","link":"https:\/\/portal.uern.br\/proex\/grupos-artisticos\/","title":{"rendered":"Grupos Art\u00edsticos"},"content":{"rendered":"<p><strong>Chamamento para inscri\u00e7\u00f5es de estudantes e comunidade externa para participa\u00e7\u00e3o em grupo teatral<\/strong><\/p>\n<p><a href=\"https:\/\/portal.uern.br\/proex\/wp-content\/uploads\/2026\/05\/Edital-GRUTUM-2026.pdf\">ECHAMAMENTO P\u00daBLICO N\u00ba 02\/2026 &#8211; DEAC\/PROEX\/UERN &#8211; INSCRI\u00c7\u00d5ES DE ESTUDANTES E COMUNIDADE EXTERNA PARA PARTICIPA\u00c7\u00c3O NO GRUPO DE TEATRO UNIVERSIT\u00c1RIO MOSSOROENSE<\/a><\/p>\n","protected":false},"excerpt":{"rendered":"<p>Chamamento para inscri\u00e7\u00f5es de estudantes e comunidade externa para participa\u00e7\u00e3o em grupo teatral ECHAMAMENTO P\u00daBLICO N\u00ba 02\/2026 &#8211; DEAC\/PROEX\/UERN &#8211; INSCRI\u00c7\u00d5ES DE ESTUDANTES E COMUNIDADE EXTERNA PARA PARTICIPA\u00c7\u00c3O NO GRUPO DE TEATRO UNIVERSIT\u00c1RIO MOSSOROENSE<\/p>\n","protected":false},"author":2,"featured_media":0,"parent":0,"menu_order":0,"comment_status":"closed","ping_status":"closed","template":"","meta":{"footnotes":""},"class_list":["post-5721","page","type-page","status-publish","hentry"],"_links":{"self":[{"href":"https:\/\/portal.uern.br\/proex\/wp-json\/wp\/v2\/pages\/5721","targetHints":{"allow":["GET"]}}],"collection":[{"href":"https:\/\/portal.uern.br\/proex\/wp-json\/wp\/v2\/pages"}],"about":[{"href":"https:\/\/portal.uern.br\/proex\/wp-json\/wp\/v2\/types\/page"}],"author":[{"embeddable":true,"href":"https:\/\/portal.uern.br\/proex\/wp-json\/wp\/v2\/users\/2"}],"replies":[{"embeddable":true,"href":"https:\/\/portal.uern.br\/proex\/wp-json\/wp\/v2\/comments?post=5721"}],"version-history":[{"count":3,"href":"https:\/\/portal.uern.br\/proex\/wp-json\/wp\/v2\/pages\/5721\/revisions"}],"predecessor-version":[{"id":5726,"href":"https:\/\/portal.uern.br\/proex\/wp-json\/wp\/v2\/pages\/5721\/revisions\/5726"}],"wp:attachment":[{"href":"https:\/\/portal.uern.br\/proex\/wp-json\/wp\/v2\/media?parent=5721"}],"curies":[{"name":"wp","href":"https:\/\/api.w.org\/{rel}","templated":true}]}}