{"id":572,"date":"2023-02-14T21:52:52","date_gmt":"2023-02-15T00:52:52","guid":{"rendered":"http:\/\/beta.apps.uern.br\/wordpress\/proex\/?page_id=572"},"modified":"2023-02-14T21:52:52","modified_gmt":"2023-02-15T00:52:52","slug":"2021-2","status":"publish","type":"page","link":"https:\/\/portal.uern.br\/proex\/2021-2\/","title":{"rendered":"2021"},"content":{"rendered":"<p><strong>2021<\/strong><\/p>\n<p><strong>EDITAL N\u00ba 001\/2021 \u2013 PROEX\/UERN &#8211; NORMAS PARA SELE\u00c7\u00c3O E INSTITUCIONALIZA\u00c7\u00c3O DE A\u00c7\u00d5ES DE EXTENS\u00c3O COM VISTAS\u00a0 \u00c0 ATRIBUI\u00c7\u00c3O DE CARGA HOR\u00c1RIA REFERENTE AOS SEMESTRES LETIVOS 2021.1 e\/ou 2021.2.<\/strong><\/p>\n<p>A Pr\u00f3-Reitoria de Extens\u00e3o da Universidade do Estado do Rio Grande do Norte \u2013 PROEX\/UERN torna p\u00fablico o presente edital para sele\u00e7\u00e3o e institucionaliza\u00e7\u00e3o de propostas de A\u00e7\u00f5es de Extens\u00e3o (Plano de Trabalho de N\u00facleos, Programas, Projetos, Cursos, Eventos e Presta\u00e7\u00e3o de Servi\u00e7os) com vistas \u00e0 atribui\u00e7\u00e3o de carga hor\u00e1ria.<\/p>\n<ul>\n<li><a href=\"https:\/\/www.uern.br\/controledepaginas\/2021\/arquivos\/6205edital_2021_institucionalizacao_de_carga_horaria.pdf\">Edital<\/a><\/li>\n<li><a href=\"https:\/\/www.uern.br\/controledepaginas\/2021\/arquivos\/6205resultado_parcial_edital_n_001_2021.pdf\">Resultado parcial<\/a><\/li>\n<li><a href=\"https:\/\/www.uern.br\/controledepaginas\/2021\/arquivos\/6205tutorial_de_acesso_aos_pareceres.pdf\">Tutorial de acesso aos pareceres<\/a><\/li>\n<li><a href=\"https:\/\/www.uern.br\/controledepaginas\/2021\/arquivos\/6205formula%C2%A1rio_de_recurso.zip\">Formul\u00e1rio de envio de recursos por e-mail<\/a>\u00a0(tamb\u00e9m \u00e9 necess\u00e1rio o ajuste no SigProj)<\/li>\n<li><a href=\"https:\/\/www.uern.br\/controledepaginas\/2021\/arquivos\/6205resultado_final_edital_n_01_2021_proex.pdf\">Resultado<\/a><\/li>\n<\/ul>\n<p>&nbsp;<\/p>\n<p><strong>EDITAL N\u00b0 002\/2021 \u2013 UERN\/PROEX &#8211;\u00a0<\/strong><strong>SELE\u00c7\u00c3O DE BOLSA INTERNA DA PROEX<\/strong><\/p>\n<p>A Pr\u00f3-Reitoria de Extens\u00e3o da Universidade do Estado do Rio Grande do Norte (PROEX), no uso de suas atribui\u00e7\u00f5es legais e estatut\u00e1rias torna p\u00fablica a sele\u00e7\u00e3o de bolsa de extens\u00e3o interna. Ser\u00e3o selecionadas 02 discentes de gradua\u00e7\u00e3o para as vagas de Programador visual e M\u00fasica.<\/p>\n<ul>\n<li><a href=\"https:\/\/www.uern.br\/controledepaginas\/2021\/arquivos\/6205edital_na_002_2021_proex_uern_programador_visual_e_masica.pdf\">Edital<\/a><\/li>\n<li><a href=\"https:\/\/www.uern.br\/controledepaginas\/2021\/arquivos\/6205resultado_parcial_edital_002_2021.pdf\">Resultado parcial<\/a>\u00a0(m\u00fasica)<\/li>\n<li><a href=\"https:\/\/www.uern.br\/controledepaginas\/2021\/arquivos\/6205aditivo_n._01_ao_edital_002_2021_bolsistas_internos.pdf\">Aditivo 01<\/a>\u00a0(prorroga prazo para incri\u00e7\u00e3o de Programa\u00e7\u00e3o visual)<\/li>\n<li><a href=\"https:\/\/www.uern.br\/controledepaginas\/2021\/arquivos\/6205resultado_edital_002_2021.pdf\">Resultado<\/a>\u00a0&#8211; Sele\u00e7\u00e3o M\u00fasica<\/li>\n<li><a href=\"https:\/\/www.uern.br\/controledepaginas\/2021\/arquivos\/6205resultado_parcial_edital_002.pdf\">Resultado parcial<\/a>\u00a0(programa\u00e7\u00e3o visual)<\/li>\n<li><a href=\"https:\/\/www.uern.br\/controledepaginas\/2021\/arquivos\/6205resultado_final_programaa%C2%A7a%C2%A3o_visual_edital_002.pdf\">Resultado<\/a>\u00a0&#8211; Sele\u00e7\u00e3o Programa\u00e7\u00e3o visual)<\/li>\n<\/ul>\n<p>&nbsp;<\/p>\n<p><strong>EDITAL CONJUNTO\u00a0N\u00b0\u00a0015\/2021 &#8211; PRAE\/PROEX\/UERN\/2021<\/strong><\/p>\n<p>Abertura do processo seletivo para a institucionaliza\u00e7\u00e3o de a\u00e7\u00f5es de extens\u00e3o de car\u00e1ter eminentemente remoto e de curta dura\u00e7\u00e3o, e processo seltivo para concess\u00e3o de bolsas de extens\u00e3o destinadas a discentes que se encontrem em situa\u00e7\u00e3o de comprovada de vulnerabilidade socioecon\u00f4mica<\/p>\n<ul>\n<li><a href=\"https:\/\/www.uern.br\/controledepaginas\/2021\/arquivos\/6205edital_na_015.2021_prae_proex_uern.pdf\">Edital<\/a><\/li>\n<li><a href=\"https:\/\/www.uern.br\/controledepaginas\/2021\/arquivos\/6205aditivo_01_edital_pra_proex.pdf\">Aditivo 01<\/a><\/li>\n<li><a href=\"https:\/\/www.uern.br\/controledepaginas\/2021\/arquivos\/6205aditivo_na_02_ao_edital_na%C2%B0_015.2021_prae.proex.uern.pdf\">Aditivo 02<\/a><\/li>\n<li><a href=\"https:\/\/www.uern.br\/controledepaginas\/2021\/arquivos\/6205resultado_parcial_edital_015.2021_prae.proex.pdf\">Resultado parcial (etapa 1)<\/a><\/li>\n<li><a href=\"https:\/\/www.uern.br\/controledepaginas\/2021\/arquivos\/6205nota_informativa_perfil_dos_alunos_retificado.pdf\">Informativo &#8211; PERFIL DOS ALUNOS (retificado)<\/a><\/li>\n<li><a href=\"https:\/\/www.uern.br\/controledepaginas\/2021\/arquivos\/6205resultado_(etapa_1)_edital_na_015.2021_prae.proex.uern.2021.pdf\">Resultado (etapa 1)<\/a><\/li>\n<\/ul>\n<p>&nbsp;<\/p>\n<p><strong>EDITAL N. 003\/2021 &#8211; PROEX\/UERN-2021 &#8211; UERN A\u00e7\u00e3o<\/strong><\/p>\n<p>A Universidade do Estado do Rio Grande do Norte \u2013 UERN, por meio da Pr\u00f3-Reitoria de Extens\u00e3o em parceria com a Par\u00f3quia de S\u00e3o Jos\u00e9, por meio do Projeto Esperan\u00e7a, torna p\u00fablico o presente Edital para a inscri\u00e7\u00e3o de novos alunos no Projeto de Extens\u00e3o UERN A\u00e7\u00e3o: arte e educa\u00e7\u00e3o,<\/p>\n<ul>\n<li><a href=\"https:\/\/www.uern.br\/controledepaginas\/2021\/arquivos\/6205edital_003_2021.pdf\">Edital<\/a><\/li>\n<li><a href=\"https:\/\/www.uern.br\/controledepaginas\/2021\/arquivos\/6205resultado_edital.pdf\">Resultado<\/a><\/li>\n<\/ul>\n<p>&nbsp;<\/p>\n<p><strong>EDITAL N\u00b0 004\/2021 \u2013 PROEX\/UERN &#8211; PIBEX 2021<\/strong><\/p>\n<p>A Pr\u00f3-Reitoria de Extens\u00e3o da Universidade do Estado do Rio Grande do Norte \u2013 PROEX\/UERN, no uso de suas atribui\u00e7\u00f5es legais e estatut\u00e1rias, torna p\u00fablico o Edital do Programa Institucional de Bolsas de Extens\u00e3o \u2013 PIBEX 2021, para a sele\u00e7\u00e3o de discentes que atuar\u00e3o nas A\u00e7\u00f5es de Extens\u00e3o aprovadas por meio do Edital n\u00ba 001\/2021, referente aos semestres 2021.1 e 2021.2.<\/p>\n<ul>\n<li><a href=\"https:\/\/www.uern.br\/controledepaginas\/2021\/arquivos\/6205edital_na_004.2021_bolsistas_pibex_2021_definitivo.pdf\">Edital<\/a><\/li>\n<li><a href=\"https:\/\/www.uern.br\/controledepaginas\/2021\/arquivos\/6205formula%C2%A1rios.zip\">Formul\u00e1rios<\/a><\/li>\n<li><a href=\"https:\/\/www.uern.br\/controledepaginas\/2021\/arquivos\/6205aditivo_n._001_ao_edital_na_004.2021.pdf\">Aditivo 01<\/a><\/li>\n<li><a href=\"https:\/\/www.uern.br\/controledepaginas\/2021\/arquivos\/6205aditivo_n._002_ao_edital_na_004.2021_bolsistas_pibex_2021.pdf\">Aditivo 02<\/a><\/li>\n<li><a href=\"https:\/\/www.uern.br\/controledepaginas\/2021\/arquivos\/6205resultado_final_edital_n._004_2021.pdf\">Resultado Final<\/a><\/li>\n<\/ul>\n<p>&nbsp;<\/p>\n<p><strong>EDITAL N\u00b0 05\/2021\u2013DECA\/PROEX\/UERN<\/strong><\/p>\n<p>A Pr\u00f3-Reitoria de Extens\u00e3o da Universidade do Estado do Rio Grande do Norte PROEX\/UERN por meio da\u00a0Diretoria de Educa\u00e7\u00e3o, Cultura e Artes torna p\u00fablico o presente edital de sele\u00e7\u00e3o de escolas para participa\u00e7\u00e3o no\u00a0XV Festival de Teatro da Universidade do Estado do Rio Grande do Norte &#8211; FESTUERN.<\/p>\n<ul>\n<li><a href=\"https:\/\/www.uern.br\/controledepaginas\/2021\/arquivos\/6205xv_festuern_edital.pdf\">Edital<\/a><\/li>\n<li><a href=\"https:\/\/www.uern.br\/controledepaginas\/2021\/arquivos\/6205regulamento_xv_festuern.pdf\">Regulamento XV FESTUERN 2021<\/a><\/li>\n<\/ul>\n<p>&nbsp;<\/p>\n<p><strong>EDITAL N\u00b0 06\/2021\u2013PROEX\/UERN<\/strong><\/p>\n<p>A Pr\u00f3-Reitoria de Extens\u00e3o \u2013 Proex, da Universidade do Estado do Rio Grande do Norte &#8211; UERN, no uso de suas atribui\u00e7\u00f5es legais e estatut\u00e1rias torna p\u00fablico o presente aditivo o qual prorroga o prazo de vig\u00eancia das bolsas de A\u00e7\u00f5es Internas da Proex, por mais 06 (seis) meses.<\/p>\n<ul>\n<li><a href=\"https:\/\/www.uern.br\/controledepaginas\/2021\/arquivos\/6205edital_na006_2021__prorroga_vigencia_bolsas_internas_dez_2021.pdf\">Edital<\/a><\/li>\n<\/ul>\n<p>&nbsp;<\/p>\n<p><strong>EDITAL N\u00b0 07\/2021\u2013PROEX\/UERN<\/strong><\/p>\n<p>A Pr\u00f3-Reitoria de Extens\u00e3o da Universidade do Estado do Rio Grande do Norte PROEX\/UERN torna p\u00fablico o presente edital de sele\u00e7\u00e3o de bolsista em editor de Audiovisual.<\/p>\n<ul>\n<li><a href=\"http:\/\/www.uern.br\/controledepaginas\/2021\/arquivos\/6205edital_na_007_2021_proex_uern_editor_em_audiovisual_congresso.pdf\">Edital<\/a><\/li>\n<li><a href=\"http:\/\/www.uern.br\/controledepaginas\/2021\/arquivos\/6205edital_na_007_2021_proex_uern_aditivo_01_audiovisual_e_programador_visual.pdf\">Aditivo 01 (02\/07\/2021)<\/a>\u00a0&#8211;\u00a0EDITOR EM AUDIOVISUAL e PROGRAMADOR VISUAL.<\/li>\n<li><a href=\"http:\/\/www.uern.br\/controledepaginas\/2021\/arquivos\/6205resultado_parcial_aditivo_01_ao_edital_007_2021.pdf\">Resultado parcial<\/a><\/li>\n<li><a href=\"http:\/\/www.uern.br\/controledepaginas\/2021\/arquivos\/6205resultado_programaa%C2%A7a%C2%A3o_visual_edital_007_aditivo_01.pdf\">Resultado<\/a><\/li>\n<li><a href=\"http:\/\/www.uern.br\/controledepaginas\/2021\/arquivos\/6205aditivo_n._001_ao_edital_na_007.2021_audiovisual.pdf\">Aditivo 001<\/a><\/li>\n<\/ul>\n<p>&nbsp;<\/p>\n<p><a href=\"http:\/\/www.uern.br\/controledepaginas\/2021\/arquivos\/6205aditivo_n._001_ao_edital_na_007.2021_audiovisual.pdf\"><strong>EDITAL N\u00b0 09\/2021\u2013PROEX\/UERN (VAGA REMANESCENTE)<\/strong><\/a><\/p>\n<p>A Pr\u00f3-Reitoria de Extens\u00e3o \u2013 Proex, da Universidade do Estado do Rio Grande do Norte (PROEX), no uso de suas atribui\u00e7\u00f5es legais e estatut\u00e1rias torna p\u00fablica a sele\u00e7\u00e3o de 01 (um) bolsista para atuar na vaga da UERNTV.<\/p>\n<ul>\n<li><a href=\"http:\/\/www.uern.br\/controledepaginas\/2021\/arquivos\/6205edital_n._009_2021_uern_tv_vaga_remanescente.pdf\">Edital<\/a><\/li>\n<li><a href=\"http:\/\/www.uern.br\/controledepaginas\/2021\/arquivos\/6205edital_na_009_2021_vaga_uerntv_resultado_parcial.pdf\">Resultado Parcial<\/a><\/li>\n<li><a href=\"http:\/\/www.uern.br\/controledepaginas\/2021\/arquivos\/6205edital_na_009_2021_vaga_uerntv_resultado_final.pdf\">Resultado Final<\/a><\/li>\n<\/ul>\n<p>&nbsp;<\/p>\n<p><strong>EDITAL N\u00b0 010\/2021 \u2013\u00a0UERN\/PROEX SELE\u00c7\u00c3O DE BOLSAS INTERNAS DA PROEX\u00a0<\/strong><\/p>\n<p>A Pr\u00f3-Reitoria de Extens\u00e3o da Universidade do Estado do Rio Grande do Norte (PROEX), no uso de suas atribui\u00e7\u00f5es legais e estatut\u00e1rias torna p\u00fablica a sele\u00e7\u00e3o de bolsa de extens\u00e3o interna. S\u00e3o disponibilizadas 06 (seis) vagas para Programador Visual, Jornalismo (Comunica\u00e7\u00e3o Institucional) e Produ\u00e7\u00e3o e Edi\u00e7\u00e3o de V\u00eddeo.<\/p>\n<ul>\n<li><a href=\"https:\/\/www.uern.br\/controledepaginas\/2021\/arquivos\/6205edital_na_010_2021_proex_uern_programador_jornalismo_e_video.pdf\">Edital<\/a><\/li>\n<li><a href=\"https:\/\/www.uern.br\/controledepaginas\/2021\/arquivos\/6205aditivo_na_01_edital_na_010_2021_bolsistas_internos.pdf\">Aditivo<\/a><\/li>\n<li><a href=\"http:\/\/www.uern.br\/controledepaginas\/2021\/arquivos\/6205resultado_parcial_edital_na_010_2021_proex_uern_programador_jornalismo_e_video.pdf\">Resultado parcial<\/a><\/li>\n<li><a href=\"http:\/\/www.uern.br\/controledepaginas\/2021\/arquivos\/6205resultado_edital_na_010_2021_proex_uern_programador_jornalismo_e_video.pdf\">Resultado<\/a><\/li>\n<\/ul>\n<p>&nbsp;<\/p>\n<p><strong>EDITAL N\u00b0 011\/2021 \u2013\u00a0PROEX\/UERN &#8211; EDITAL DE CARGA HOR\u00c1RIA DA EXTENS\u00c3O<\/strong><\/p>\n<p>Estabelece normas para a sele\u00e7\u00e3o e institucionaliza\u00e7\u00e3o de A\u00e7\u00f5es de Extens\u00e3o junto \u00e0 Pr\u00f3-Reitoria de\u00a0Extens\u00e3o da Universidade do Estado do Rio Grande do Norte \u2013 Proex\/Uern, com vistas \u00e0 atribui\u00e7\u00e3o de carga\u00a0hor\u00e1ria referente aos semestres letivos 2022.1 e\/ou 2022.2.<\/p>\n<ul>\n<li><a href=\"http:\/\/www.uern.br\/controledepaginas\/2021\/arquivos\/6205edital_na%C2%B0_11.2021.pdf\">Edital<\/a><\/li>\n<li><a href=\"http:\/\/www.uern.br\/controledepaginas\/2021\/arquivos\/6205resultado_parcial_retificado_edital_na_11_2021_proex_uern.pdf\">Resultado parcial RETIFICADO<\/a><\/li>\n<li><a href=\"http:\/\/www.uern.br\/controledepaginas\/2021\/arquivos\/6205tutorial_de_acesso_aos_pareceres.pdf\">Tutorial de acesso aos pareceres<\/a><\/li>\n<li><a href=\"https:\/\/www.uern.br\/controledepaginas\/2021\/arquivos\/6205formula%C2%A1rio_de_recurso.zip\">Formul\u00e1rio de recurso<\/a><\/li>\n<li><a href=\"https:\/\/www.uern.br\/controledepaginas\/2022\/arquivos\/6609resultado_final_edital_na_11_2021_proex.pdf\">RESULTADO FINAL<\/a><\/li>\n<\/ul>\n<p>&nbsp;<\/p>\n<p><a href=\"https:\/\/www.uern.br\/controledepaginas\/2021\/arquivos\/6205formula%C2%A1rio_de_recurso.zip\"><strong>EDITAL N\u00b0 012\/2021 \u2013 PROEX\/UERN &#8211;\u00a0ADITIVO DE PRORROGA\u00c7\u00c3O DA VIG\u00caNCIAS DE BOLSAS INTERNAS<\/strong><\/a><\/p>\n<p>A Pr\u00f3-Reitoria de Extens\u00e3o da Universidade do Estado do Rio Grande do Norte (PROEX), no uso de suas atribui\u00e7\u00f5es legais e estatut\u00e1rias torna p\u00fablico o aditivo o qual prorroga o prazo de vig\u00eancia das bolsas internas, por mais doze meses.<\/p>\n<ul>\n<li><a href=\"https:\/\/www.uern.br\/controledepaginas\/2021\/arquivos\/6205edital_na_12_2021__prorroga_vigencia_bolsas_internas_2022.pdf\">Edital<\/a><\/li>\n<\/ul>\n<p>&nbsp;<\/p>\n","protected":false},"excerpt":{"rendered":"<p>2021 EDITAL N\u00ba 001\/2021 \u2013 PROEX\/UERN &#8211; NORMAS PARA SELE\u00c7\u00c3O E INSTITUCIONALIZA\u00c7\u00c3O DE A\u00c7\u00d5ES DE EXTENS\u00c3O COM VISTAS\u00a0 \u00c0 ATRIBUI\u00c7\u00c3O DE CARGA HOR\u00c1RIA REFERENTE AOS SEMESTRES LETIVOS 2021.1 e\/ou 2021.2. A Pr\u00f3-Reitoria de Extens\u00e3o da Universidade do Estado do Rio Grande do Norte \u2013 PROEX\/UERN torna p\u00fablico o presente edital para sele\u00e7\u00e3o e institucionaliza\u00e7\u00e3o de [&hellip;]<\/p>\n","protected":false},"author":2,"featured_media":0,"parent":0,"menu_order":0,"comment_status":"closed","ping_status":"closed","template":"","meta":{"footnotes":""},"class_list":["post-572","page","type-page","status-publish","hentry"],"_links":{"self":[{"href":"https:\/\/portal.uern.br\/proex\/wp-json\/wp\/v2\/pages\/572","targetHints":{"allow":["GET"]}}],"collection":[{"href":"https:\/\/portal.uern.br\/proex\/wp-json\/wp\/v2\/pages"}],"about":[{"href":"https:\/\/portal.uern.br\/proex\/wp-json\/wp\/v2\/types\/page"}],"author":[{"embeddable":true,"href":"https:\/\/portal.uern.br\/proex\/wp-json\/wp\/v2\/users\/2"}],"replies":[{"embeddable":true,"href":"https:\/\/portal.uern.br\/proex\/wp-json\/wp\/v2\/comments?post=572"}],"version-history":[{"count":1,"href":"https:\/\/portal.uern.br\/proex\/wp-json\/wp\/v2\/pages\/572\/revisions"}],"predecessor-version":[{"id":573,"href":"https:\/\/portal.uern.br\/proex\/wp-json\/wp\/v2\/pages\/572\/revisions\/573"}],"wp:attachment":[{"href":"https:\/\/portal.uern.br\/proex\/wp-json\/wp\/v2\/media?parent=572"}],"curies":[{"name":"wp","href":"https:\/\/api.w.org\/{rel}","templated":true}]}}