{"id":5685,"date":"2026-04-15T14:58:15","date_gmt":"2026-04-15T17:58:15","guid":{"rendered":"https:\/\/portal.uern.br\/proex\/?page_id=5685"},"modified":"2026-04-15T20:38:27","modified_gmt":"2026-04-15T23:38:27","slug":"cursinho-popular-cidadania","status":"publish","type":"page","link":"https:\/\/portal.uern.br\/proex\/cursinho-popular-cidadania\/","title":{"rendered":"Cursinho Popular Cidadania"},"content":{"rendered":"<p>Chamada p\u00fablica para sele\u00e7\u00e3o de estudantes<\/p>\n<p><a href=\"https:\/\/portal.uern.br\/proex\/wp-content\/uploads\/2026\/04\/CHAMADA_PUBLICA_01.2026_CPOP_PROEX_UERN_assinado_assinado-1.pdf\">CHAMADA_P\u00daBLICA_01.2026_CPOP_PROEX_UERN<\/a><\/p>\n<p>&nbsp;<\/p>\n<p>Chamada p\u00fablica para sele\u00e7\u00e3o de educadores<\/p>\n<p><a href=\"https:\/\/portal.uern.br\/proex\/wp-content\/uploads\/2026\/04\/CHAMADA_PUBLICA_02.2026_CPOP_PROEX_UERN_assinado_assinado.pdf\">CHAMADA_P\u00daBLICA_02.2026_CPOP_PROEX_UERN<\/a><\/p>\n","protected":false},"excerpt":{"rendered":"<p>Chamada p\u00fablica para sele\u00e7\u00e3o de estudantes CHAMADA_P\u00daBLICA_01.2026_CPOP_PROEX_UERN &nbsp; Chamada p\u00fablica para sele\u00e7\u00e3o de educadores CHAMADA_P\u00daBLICA_02.2026_CPOP_PROEX_UERN<\/p>\n","protected":false},"author":2,"featured_media":0,"parent":0,"menu_order":0,"comment_status":"closed","ping_status":"closed","template":"","meta":{"footnotes":""},"class_list":["post-5685","page","type-page","status-publish","hentry"],"_links":{"self":[{"href":"https:\/\/portal.uern.br\/proex\/wp-json\/wp\/v2\/pages\/5685","targetHints":{"allow":["GET"]}}],"collection":[{"href":"https:\/\/portal.uern.br\/proex\/wp-json\/wp\/v2\/pages"}],"about":[{"href":"https:\/\/portal.uern.br\/proex\/wp-json\/wp\/v2\/types\/page"}],"author":[{"embeddable":true,"href":"https:\/\/portal.uern.br\/proex\/wp-json\/wp\/v2\/users\/2"}],"replies":[{"embeddable":true,"href":"https:\/\/portal.uern.br\/proex\/wp-json\/wp\/v2\/comments?post=5685"}],"version-history":[{"count":6,"href":"https:\/\/portal.uern.br\/proex\/wp-json\/wp\/v2\/pages\/5685\/revisions"}],"predecessor-version":[{"id":5700,"href":"https:\/\/portal.uern.br\/proex\/wp-json\/wp\/v2\/pages\/5685\/revisions\/5700"}],"wp:attachment":[{"href":"https:\/\/portal.uern.br\/proex\/wp-json\/wp\/v2\/media?parent=5685"}],"curies":[{"name":"wp","href":"https:\/\/api.w.org\/{rel}","templated":true}]}}