{"id":5626,"date":"2026-01-16T09:36:00","date_gmt":"2026-01-16T12:36:00","guid":{"rendered":"https:\/\/portal.uern.br\/proex\/?page_id=5626"},"modified":"2026-04-08T13:53:56","modified_gmt":"2026-04-08T16:53:56","slug":"2026-2","status":"publish","type":"page","link":"https:\/\/portal.uern.br\/proex\/2026-2\/","title":{"rendered":"2026"},"content":{"rendered":"<p><strong>EDITAL N\u00b0 005\/2026 \u2013 PROEX\/UERN &#8211; BOLSAS DE EXTENS\u00c3O &#8211; PROGRAMA INSTITUCIONAL DE BOLSAS DE EXTENS\u00c3O (PIBEX 2026) \u2013 PROGRAMA UERN CULTURA VIVA<\/strong><\/p>\n<ul>\n<li><a href=\"https:\/\/portal.uern.br\/proex\/wp-content\/uploads\/2026\/03\/Edital-no-05-2026-PROGRAMA-UERN-CULTURA-VIVA.pdf\">EDITAL<\/a><\/li>\n<li><a href=\"https:\/\/portal.uern.br\/proex\/wp-content\/uploads\/2026\/04\/RESULTADO-PARCIAL-CULTURA-VIVA.pdf\">RESULTADO PARCIAL<\/a><\/li>\n<li><a href=\"https:\/\/portal.uern.br\/proex\/wp-content\/uploads\/2026\/04\/Edital-no-05-2026-Resultado-Final_Cultura-Viva.pdf\">RESULTADO FINAL<\/a><\/li>\n<\/ul>\n<p>&nbsp;<\/p>\n<p><strong>EDITAL N\u00b0 004\/2026 \u2013 PROEX\/UERN &#8211; BOLSAS DE EXTENS\u00c3O &#8211; PROGRAMA INSTITUCIONAL DE BOLSAS DE EXTENS\u00c3O (PIBEX 2026) \u2013 PROGRAMA UERN A\u00c7\u00c3O: ARTE E EDUCA\u00c7\u00c3O<\/strong><\/p>\n<ul>\n<li><a href=\"https:\/\/portal.uern.br\/proex\/wp-content\/uploads\/2026\/03\/SEI_40045511_Documento-1.pdf\">EDITAL<\/a><\/li>\n<li><a href=\"https:\/\/portal.uern.br\/proex\/wp-content\/uploads\/2026\/04\/RESULTADO-PARCIAL-UERN-ACAO.pdf\">RESULTADO PARCIAL<\/a><\/li>\n<li><a href=\"https:\/\/portal.uern.br\/proex\/wp-content\/uploads\/2026\/04\/Edital-no-04-2026-Resultado-Final_Uern-Acao.pdf\">RESULTADO FINAL<\/a><\/li>\n<\/ul>\n<p>&nbsp;<\/p>\n<p><strong>EDITAL N\u00ba 03\/2026 &#8211; SELE\u00c7\u00c3O DE BOLSAS DE EXTENS\u00c3O &#8211; PROGRAMA UERN 60+<\/strong><\/p>\n<ul>\n<li><a href=\"https:\/\/portal.uern.br\/proex\/wp-content\/uploads\/2026\/03\/EDITAL-PIBEX-2026-PROGRAMA-UERN-60.pdf\">EDITAL<\/a><\/li>\n<li><a href=\"https:\/\/drive.google.com\/file\/d\/1QMCA7DuzkYhh5_QRCf6Mk24aPBFZ3LbC\/view?usp=sharing\">ERRATA<\/a><\/li>\n<li><a href=\"https:\/\/portal.uern.br\/proex\/wp-content\/uploads\/2026\/03\/SEI_40112134_Documento-1-1.pdf\">RESULTADO PARCIAL<\/a><\/li>\n<li><a href=\"https:\/\/portal.uern.br\/proex\/wp-content\/uploads\/2026\/03\/Resultado-Final-Edital-no-03-2026.pdf\">RESULTADO FINAL<\/a><\/li>\n<\/ul>\n<p>&nbsp;<\/p>\n<p><strong>EDITAL N\u00ba 02\/2026 &#8211; MATR\u00cdCULA NOS CURSOS DE EXTENS\u00c3O OFERTADOS PELO PROGRAMA UERN-A\u00c7\u00c3O 2026<\/strong><\/p>\n<ul>\n<li><a href=\"https:\/\/portal.uern.br\/proex\/wp-content\/uploads\/2026\/02\/SEI_39422186_Documento-1.pdf\">EDITAL<\/a><\/li>\n<\/ul>\n<p>&nbsp;<\/p>\n","protected":false},"excerpt":{"rendered":"<p>EDITAL N\u00b0 005\/2026 \u2013 PROEX\/UERN &#8211; BOLSAS DE EXTENS\u00c3O &#8211; PROGRAMA INSTITUCIONAL DE BOLSAS DE EXTENS\u00c3O (PIBEX 2026) \u2013 PROGRAMA UERN CULTURA VIVA EDITAL RESULTADO PARCIAL RESULTADO FINAL &nbsp; EDITAL N\u00b0 004\/2026 \u2013 PROEX\/UERN &#8211; BOLSAS DE EXTENS\u00c3O &#8211; PROGRAMA INSTITUCIONAL DE BOLSAS DE EXTENS\u00c3O (PIBEX 2026) \u2013 PROGRAMA UERN A\u00c7\u00c3O: ARTE E EDUCA\u00c7\u00c3O EDITAL [&hellip;]<\/p>\n","protected":false},"author":3,"featured_media":0,"parent":0,"menu_order":0,"comment_status":"closed","ping_status":"closed","template":"","meta":{"footnotes":""},"class_list":["post-5626","page","type-page","status-publish","hentry"],"_links":{"self":[{"href":"https:\/\/portal.uern.br\/proex\/wp-json\/wp\/v2\/pages\/5626","targetHints":{"allow":["GET"]}}],"collection":[{"href":"https:\/\/portal.uern.br\/proex\/wp-json\/wp\/v2\/pages"}],"about":[{"href":"https:\/\/portal.uern.br\/proex\/wp-json\/wp\/v2\/types\/page"}],"author":[{"embeddable":true,"href":"https:\/\/portal.uern.br\/proex\/wp-json\/wp\/v2\/users\/3"}],"replies":[{"embeddable":true,"href":"https:\/\/portal.uern.br\/proex\/wp-json\/wp\/v2\/comments?post=5626"}],"version-history":[{"count":20,"href":"https:\/\/portal.uern.br\/proex\/wp-json\/wp\/v2\/pages\/5626\/revisions"}],"predecessor-version":[{"id":5682,"href":"https:\/\/portal.uern.br\/proex\/wp-json\/wp\/v2\/pages\/5626\/revisions\/5682"}],"wp:attachment":[{"href":"https:\/\/portal.uern.br\/proex\/wp-json\/wp\/v2\/media?parent=5626"}],"curies":[{"name":"wp","href":"https:\/\/api.w.org\/{rel}","templated":true}]}}