{"id":546,"date":"2023-02-14T20:26:39","date_gmt":"2023-02-14T23:26:39","guid":{"rendered":"http:\/\/beta.apps.uern.br\/wordpress\/proex\/?page_id=546"},"modified":"2023-02-14T20:26:39","modified_gmt":"2023-02-14T23:26:39","slug":"organograma-2","status":"publish","type":"page","link":"https:\/\/portal.uern.br\/proex\/organograma-2\/","title":{"rendered":"Organograma"},"content":{"rendered":"<p><img fetchpriority=\"high\" decoding=\"async\" class=\"alignnone wp-image-548 size-large\" src=\"http:\/\/beta.apps.uern.br\/wordpress\/proex\/wp-content\/uploads\/2023\/02\/ORGANOGRAMA-PROEX-1024x677.jpg\" alt=\"\" width=\"800\" height=\"529\" srcset=\"https:\/\/portal.uern.br\/proex\/wp-content\/uploads\/2023\/02\/ORGANOGRAMA-PROEX-1024x677.jpg 1024w, https:\/\/portal.uern.br\/proex\/wp-content\/uploads\/2023\/02\/ORGANOGRAMA-PROEX-300x198.jpg 300w, https:\/\/portal.uern.br\/proex\/wp-content\/uploads\/2023\/02\/ORGANOGRAMA-PROEX-768x508.jpg 768w, https:\/\/portal.uern.br\/proex\/wp-content\/uploads\/2023\/02\/ORGANOGRAMA-PROEX.jpg 1063w\" sizes=\"(max-width: 800px) 100vw, 800px\" \/><\/p>\n<p>Conforme\u00a0<a href=\"http:\/\/beta.apps.uern.br\/wordpress\/propeg\/wp-content\/uploads\/2022\/12\/Resolucao_59_2022_CD.pdf\">Resolu\u00e7\u00e3o n\u00ba 59\/2022<\/a> \u2013 CD, que define as nomenclaturas, atribui\u00e7\u00f5es e institui organogramas, revogando as Resolu\u00e7\u00f5es n\u00ba06\/2012-CD, 30\/2012-CD e 03\/2016-CD.<\/p>\n","protected":false},"excerpt":{"rendered":"<p>Conforme\u00a0Resolu\u00e7\u00e3o n\u00ba 59\/2022 \u2013 CD, que define as nomenclaturas, atribui\u00e7\u00f5es e institui organogramas, revogando as Resolu\u00e7\u00f5es n\u00ba06\/2012-CD, 30\/2012-CD e 03\/2016-CD.<\/p>\n","protected":false},"author":2,"featured_media":0,"parent":0,"menu_order":0,"comment_status":"closed","ping_status":"closed","template":"","meta":{"footnotes":""},"class_list":["post-546","page","type-page","status-publish","hentry"],"_links":{"self":[{"href":"https:\/\/portal.uern.br\/proex\/wp-json\/wp\/v2\/pages\/546","targetHints":{"allow":["GET"]}}],"collection":[{"href":"https:\/\/portal.uern.br\/proex\/wp-json\/wp\/v2\/pages"}],"about":[{"href":"https:\/\/portal.uern.br\/proex\/wp-json\/wp\/v2\/types\/page"}],"author":[{"embeddable":true,"href":"https:\/\/portal.uern.br\/proex\/wp-json\/wp\/v2\/users\/2"}],"replies":[{"embeddable":true,"href":"https:\/\/portal.uern.br\/proex\/wp-json\/wp\/v2\/comments?post=546"}],"version-history":[{"count":1,"href":"https:\/\/portal.uern.br\/proex\/wp-json\/wp\/v2\/pages\/546\/revisions"}],"predecessor-version":[{"id":549,"href":"https:\/\/portal.uern.br\/proex\/wp-json\/wp\/v2\/pages\/546\/revisions\/549"}],"wp:attachment":[{"href":"https:\/\/portal.uern.br\/proex\/wp-json\/wp\/v2\/media?parent=546"}],"curies":[{"name":"wp","href":"https:\/\/api.w.org\/{rel}","templated":true}]}}