{"id":5455,"date":"2025-05-05T11:24:14","date_gmt":"2025-05-05T14:24:14","guid":{"rendered":"https:\/\/portal.uern.br\/proex\/?page_id=5455"},"modified":"2025-05-05T11:24:14","modified_gmt":"2025-05-05T14:24:14","slug":"programa-integrado-de-cidadania-e-sustentabilidade-no-semiarido-do-oeste-potiguar","status":"publish","type":"page","link":"https:\/\/portal.uern.br\/proex\/programa-integrado-de-cidadania-e-sustentabilidade-no-semiarido-do-oeste-potiguar\/","title":{"rendered":"Programa Integrado de Cidadania e Sustentabilidade no Semi\u00e1rido do Oeste Potiguar"},"content":{"rendered":"<p align=\"justify\"><img decoding=\"async\" class=\"size-medium wp-image-5456 aligncenter\" src=\"https:\/\/portal.uern.br\/proex\/wp-content\/uploads\/2025\/05\/Banner-PROSOL-150x300.png\" alt=\"\" width=\"150\" height=\"300\" srcset=\"https:\/\/portal.uern.br\/proex\/wp-content\/uploads\/2025\/05\/Banner-PROSOL-150x300.png 150w, https:\/\/portal.uern.br\/proex\/wp-content\/uploads\/2025\/05\/Banner-PROSOL-512x1024.png 512w, https:\/\/portal.uern.br\/proex\/wp-content\/uploads\/2025\/05\/Banner-PROSOL-768x1536.png 768w, https:\/\/portal.uern.br\/proex\/wp-content\/uploads\/2025\/05\/Banner-PROSOL-1024x2048.png 1024w\" sizes=\"(max-width: 150px) 100vw, 150px\" \/><\/p>\n<p align=\"justify\"><strong>PROSOL<\/strong><\/p>\n<p align=\"justify\">O Programa Integrado de Cidadania e Sustentabilidade no Semi\u00e1rido do Oeste Potiguar (PROSOL)\u00a0atua no Semi\u00e1rido do Oeste Potiguar, abrangendo 62 munic\u00edpios do RN, com foco em enfrentar os desafios do clima adverso e potencializar as riquezas regionais. A mesorregi\u00e3o Oeste, especialmente a cidade de Mossor\u00f3, \u00e9 o centro estrat\u00e9gico do programa, que prop\u00f5e pol\u00edticas p\u00fablicas voltadas \u00e0 educa\u00e7\u00e3o, sa\u00fade e sustentabilidade.<\/p>\n<p align=\"justify\">A iniciativa integra ensino, pesquisa e extens\u00e3o da UERN com a sociedade, promovendo a\u00e7\u00f5es baseadas na interdisciplinaridade e na pesquisa-a\u00e7\u00e3o participativa. Em educa\u00e7\u00e3o, busca-se reduzir evas\u00e3o escolar, melhorar o IDEB, fortalecer a aprendizagem e promover inclus\u00e3o cient\u00edfica. Na sa\u00fade, prioriza-se o atendimento a popula\u00e7\u00f5es vulner\u00e1veis, forma\u00e7\u00e3o de profissionais e inova\u00e7\u00e3o em solu\u00e7\u00f5es de baixo custo. Na \u00e1rea ambiental, o foco \u00e9 a recupera\u00e7\u00e3o de \u00e1reas degradadas, coleta seletiva, tratamento de esgoto e uso sustent\u00e1vel da \u00e1gua.<\/p>\n<p align=\"justify\"><strong>Objetivo geral<\/strong><\/p>\n<p align=\"justify\">Promover o desenvolvimento sustent\u00e1vel e a melhoria da qualidade de vida na regi\u00e3o do semi\u00e1rido do Oeste Potiguar do Rio Grande do Norte, por meio de a\u00e7\u00f5es extensionistas integradas \u00e0s p\u00f3s-gradua\u00e7\u00f5es da UERN, buscando a equidade nas \u00e1reas de educa\u00e7\u00e3o, sa\u00fade e meio ambiente.<\/p>\n<p><strong>Objetivos Espec\u00edficos:<\/strong><\/p>\n<p align=\"justify\">1) Fortalecimento da Educa\u00e7\u00e3o B\u00e1sica no Semi\u00e1rido do Oeste Potiguar: Implementar programas de fomento \u00e0 educa\u00e7\u00e3o b\u00e1sica em comunidades tradicionais, rurais e urbanas no semi\u00e1rido do Oeste Potiguar, sob a perspectiva da equidade, priorizando escolas e grupos comunit\u00e1rios, para promover a melhoria do IDEB e a minimiza\u00e7\u00e3o das assimetrias educacionais, desenvolvendo pr\u00e1ticas que visam reduzir a evas\u00e3o e viol\u00eancia escolar, fortalecer a aprendizagem, desenvolver consci\u00eancia ambiental e da sa\u00fade, impulsionar inclus\u00e3o cient\u00edfica e tecnol\u00f3gica, promover a leitura, arte e cultura e possibilitar suporte aos alunos em situa\u00e7\u00e3o de vulnerabilidade acad\u00eamica. Ainda, ser\u00e3o promovidas capacita\u00e7\u00f5es de Professores e gestores educacionais e escolares, bem como a\u00e7\u00f5es com representantes da sociedade civil e gestores p\u00fablicos, visando engajamento familiar e social na educa\u00e7\u00e3o, viabilizando pr\u00e1ticas eficazes e efetivas para uma educa\u00e7\u00e3o cr\u00edtica e emancipat\u00f3ria e ainda melhorias dos indicadores, a partir da inclus\u00e3o social pela educa\u00e7\u00e3o.<\/p>\n<p align=\"justify\">2) Promo\u00e7\u00e3o de pol\u00edticas de aten\u00e7\u00e3o integral \u00e0 sa\u00fade em popula\u00e7\u00f5es vulner\u00e1veis no Semi\u00e1rido do Oeste Potiguar: Realiza\u00e7\u00e3o de acompanhamento cl\u00ednico e multiprofissional, al\u00e9m de exames laboratoriais e de imagem, em pacientes com doen\u00e7as negligenciadas, provenientes do semi\u00e1rido do Oeste Potiguar, de modo a possibilitar um melhor acompanhamento de suas condi\u00e7\u00f5es, bem como a detec\u00e7\u00e3o de novos casos das doen\u00e7as. Ser\u00e3o promovidas, tamb\u00e9m, atividades de educa\u00e7\u00e3o em sa\u00fade, como palestras, semin\u00e1rios, confec\u00e7\u00e3o e distribui\u00e7\u00e3o de materiais did\u00e1ticos, em escolas, unidades de sa\u00fade e junto \u00e0 comunidade, al\u00e9m de cursos de forma\u00e7\u00e3o permanente para profissionais de sa\u00fade atuantes nos servi\u00e7os de assist\u00eancia a essa popula\u00e7\u00e3o. Por fim, ser\u00e3o desenvolvidas solu\u00e7\u00f5es tecnol\u00f3gicas e de baixo custo para o processo de atendimento e acompanhamento do estado de sa\u00fade dos pacientes, as quais auxiliar\u00e3o no processo decis\u00f3rio para maximizar a satisfa\u00e7\u00e3o dos pacientes.<\/p>\n<p align=\"justify\">3) Implementar um programa abrangente de conscientiza\u00e7\u00e3o ambiental em escolas p\u00fablicas e centros comunit\u00e1rios, comunidades tradicionais nas zonas urbanas e rurais do semi\u00e1rido do Oeste Potiguar do RN, visando prevenir inc\u00eandios, promover o entendimento pr\u00e1tico dos princ\u00edpios cient\u00edficos interligados ao meio ambiente e realizar a\u00e7\u00f5es sustent\u00e1veis de recupera\u00e7\u00e3o de \u00e1reas degradadas com o plantio de esp\u00e9cies nativas e a\u00e7\u00f5es de controle da eros\u00e3o \u00e0s margens do Rio Apodi-Mossor\u00f3. Promover a coleta seletiva, uso racional de recursos naturais e tratamento de esgotos. Visando subsidiar pol\u00edticas p\u00fablicas, com participa\u00e7\u00e3o comunit\u00e1ria considerando as etnicidades e minorias sociais e divulgar periodicamente os resultados para promover a conscientiza\u00e7\u00e3o, a valoriza\u00e7\u00e3o e o uso racional dos recursos h\u00eddricos, fortalecimento da economia local atrav\u00e9s do artesanato, com o respeito ao meio ambiente reconhecendo, valorizando e as diversidades de pr\u00e1ticas culturais no Semi\u00e1rido do Oeste Potiguar.<\/p>\n<p align=\"justify\"><strong>N\u00fameros do PROSOL<\/strong><\/p>\n<p align=\"justify\">10 Programas de P\u00f3s-Gradua\u00e7\u00e3o<\/p>\n<p align=\"justify\">76 Docentes<\/p>\n<p align=\"justify\">8 Bolsas de Inicia\u00e7\u00e3o a Extens\u00e3o<\/p>\n<p align=\"justify\">1 P\u00f3s-doc<\/p>\n<p align=\"justify\">Valor concedido UERN (em R$) =279.650,00]<\/p>\n<p align=\"justify\">36 meses<\/p>\n<p align=\"justify\"><strong>Programas de P\u00f3s-Gradua\u00e7\u00e3o participantes<\/strong><\/p>\n<p align=\"justify\">Programa de P\u00f3s-Gradua\u00e7\u00e3o em F\u00edsica<\/p>\n<p align=\"justify\">Programa de P\u00f3s-Gradua\u00e7\u00e3o em Ci\u00eancias Naturais<\/p>\n<p align=\"justify\">Programa de P\u00f3s-Gradua\u00e7\u00e3o em Sa\u00fade e Sociedade<\/p>\n<p align=\"justify\">Programa de P\u00f3s-Gradua\u00e7\u00e3o em Ci\u00eancias da Linguagem<\/p>\n<p align=\"justify\">Programa de P\u00f3s-Gradua\u00e7\u00e3o em Ensino -Pau dos Ferros<\/p>\n<p align=\"justify\">Programa de P\u00f3s-Gradua\u00e7\u00e3o em Ensino \u2013 POSENSINO<\/p>\n<p align=\"justify\">Programa de P\u00f3s-gradua\u00e7\u00e3o em Educa\u00e7\u00e3o \u2013 POSEDUC<\/p>\n<p align=\"justify\">Programa de P\u00f3s-Gradua\u00e7\u00e3o em Ci\u00eancias Sociais e Humanas<\/p>\n<p align=\"justify\">Programa de P\u00f3s-Gradua\u00e7\u00e3o em Ci\u00eancia da Computa\u00e7\u00e3o<\/p>\n<p align=\"justify\">Programa de P\u00f3s-Gradua\u00e7\u00e3o em Planejamento e Din\u00e2micas Territoriais no Semi\u00e1rido<\/p>\n<p align=\"justify\">\n","protected":false},"excerpt":{"rendered":"<p>PROSOL O Programa Integrado de Cidadania e Sustentabilidade no Semi\u00e1rido do Oeste Potiguar (PROSOL)\u00a0atua no Semi\u00e1rido do Oeste Potiguar, abrangendo 62 munic\u00edpios do RN, com foco em enfrentar os desafios do clima adverso e potencializar as riquezas regionais. A mesorregi\u00e3o Oeste, especialmente a cidade de Mossor\u00f3, \u00e9 o centro estrat\u00e9gico do programa, que prop\u00f5e pol\u00edticas [&hellip;]<\/p>\n","protected":false},"author":2,"featured_media":0,"parent":0,"menu_order":0,"comment_status":"closed","ping_status":"closed","template":"","meta":{"footnotes":""},"class_list":["post-5455","page","type-page","status-publish","hentry"],"_links":{"self":[{"href":"https:\/\/portal.uern.br\/proex\/wp-json\/wp\/v2\/pages\/5455","targetHints":{"allow":["GET"]}}],"collection":[{"href":"https:\/\/portal.uern.br\/proex\/wp-json\/wp\/v2\/pages"}],"about":[{"href":"https:\/\/portal.uern.br\/proex\/wp-json\/wp\/v2\/types\/page"}],"author":[{"embeddable":true,"href":"https:\/\/portal.uern.br\/proex\/wp-json\/wp\/v2\/users\/2"}],"replies":[{"embeddable":true,"href":"https:\/\/portal.uern.br\/proex\/wp-json\/wp\/v2\/comments?post=5455"}],"version-history":[{"count":2,"href":"https:\/\/portal.uern.br\/proex\/wp-json\/wp\/v2\/pages\/5455\/revisions"}],"predecessor-version":[{"id":5458,"href":"https:\/\/portal.uern.br\/proex\/wp-json\/wp\/v2\/pages\/5455\/revisions\/5458"}],"wp:attachment":[{"href":"https:\/\/portal.uern.br\/proex\/wp-json\/wp\/v2\/media?parent=5455"}],"curies":[{"name":"wp","href":"https:\/\/api.w.org\/{rel}","templated":true}]}}