{"id":5298,"date":"2025-01-24T09:03:08","date_gmt":"2025-01-24T12:03:08","guid":{"rendered":"https:\/\/portal.uern.br\/proex\/?page_id=5298"},"modified":"2026-01-16T09:41:53","modified_gmt":"2026-01-16T12:41:53","slug":"2025-2","status":"publish","type":"page","link":"https:\/\/portal.uern.br\/proex\/2025-2\/","title":{"rendered":"2025"},"content":{"rendered":"<p><strong>EDITAL N\u00ba 01\/2025 &#8211; PIBEX 2025 (PROJETOS DE EXTENS\u00c3O)<\/strong><\/p>\n<ul>\n<li><a href=\"https:\/\/portal.uern.br\/proex\/wp-content\/uploads\/2025\/02\/EDITAL-N.-01-2025-Projetos-de-Extensao.pdf\">EDITAL<\/a><\/li>\n<li><a href=\"https:\/\/portal.uern.br\/proex\/wp-content\/uploads\/2025\/02\/ANEXO-I-ACOES-DE-EXTENSAO-CONTEMPLADAS-COM-BOLSA.pdf\">ANEXO I &#8211; A\u00e7\u00f5es de Extens\u00e3o contempladas com bolsa (Semestres 2025.1 e 2025.2)<\/a><\/li>\n<li><a href=\"https:\/\/portal.uern.br\/proex\/wp-content\/uploads\/2025\/02\/ANEXOS-II-AO-VII.doc\">ANEXOS II ao VII<\/a><\/li>\n<li><a href=\"https:\/\/portal.uern.br\/proex\/wp-content\/uploads\/2025\/03\/LINK-ENVIO-DE-RESULTADO-SELECAO-PIBEX.pdf\">ERRATA (LINK PARA ENVIO DO RESULTADO DA SELE\u00c7\u00c3O DE BOLSISTAS)<\/a><\/li>\n<li><a href=\"https:\/\/portal.uern.br\/proex\/wp-content\/uploads\/2025\/03\/Resultado-parcial-Edital-no-01.2025-Pibex-Projetos-de-Extensao.pdf\">RESULTADO PARCIAL<\/a><\/li>\n<li><a href=\"https:\/\/portal.uern.br\/proex\/wp-content\/uploads\/2025\/03\/SEI_32749716_Memorando_Circular_4.pdf\">RETIFICA\u00c7\u00c3O DO RESULTADO PARCIAL<\/a><\/li>\n<li><a href=\"https:\/\/portal.uern.br\/proex\/wp-content\/uploads\/2025\/03\/RESULTADO-FINAL-DO-EDITAL-N\u00b0-01.2025-\u2013-PROEX.UERN_.pdf\">RESULTADO FINAL DO EDITAL N\u00b0 01.2025<\/a><\/li>\n<li><a href=\"https:\/\/portal.uern.br\/proex\/wp-content\/uploads\/2025\/04\/RETIFICACAO-DO-RESULTADO-FINAL-EDITAL-01-2025_PIBEX-2025.pdf\">RETIFICA\u00c7\u00c3O DO RESULTADO FINAL<\/a><\/li>\n<li><a href=\"https:\/\/portal.uern.br\/proex\/wp-content\/uploads\/2025\/05\/SEI_33433463_Memorando_90.pdf\">VAGAS REMANESCENTES &#8211; Memorando<\/a><\/li>\n<li><a href=\"https:\/\/portal.uern.br\/proex\/wp-content\/uploads\/2025\/05\/Anexos-Memorando-de-Vagas-Remanescentes.docx\">VAGAS REMANESCENTES &#8211; Anexos I e II<\/a><\/li>\n<\/ul>\n<p>&nbsp;<\/p>\n<p><strong>EDITAL N\u00ba 01\/2025 &#8211; NEEL (Matr\u00edculas para os cursos de idiomas &#8211; Semestre 2025.2)<\/strong><\/p>\n<ul>\n<li><a href=\"https:\/\/portal.uern.br\/proex\/wp-content\/uploads\/2025\/06\/Edital-001-2025-NEEL.pdf\">EDITAL<\/a><\/li>\n<\/ul>\n<p>&nbsp;<\/p>\n<p><strong>EDITAL N\u00ba 02\/2025 &#8211; PIBEX 2025 (AMBULAT\u00d3RIOS E NUPICS)<\/strong><\/p>\n<ul>\n<li><a href=\"https:\/\/portal.uern.br\/proex\/wp-content\/uploads\/2025\/02\/EDITAL-N.-02-2025-Ambulatorios-e-Nupics.pdf\">EDITAL<\/a><\/li>\n<li><a href=\"https:\/\/portal.uern.br\/proex\/wp-content\/uploads\/2025\/02\/ANEXOS-II-AO-VII.doc\">ANEXOS II ao VII<\/a><\/li>\n<li><a href=\"https:\/\/portal.uern.br\/proex\/wp-content\/uploads\/2025\/03\/Resultado-Parcial-Edital-no-02.2025-Pibex-Ambulatorios.pdf\">RESULTADO PARCIAL<\/a><\/li>\n<li><a href=\"https:\/\/portal.uern.br\/proex\/wp-content\/uploads\/2025\/03\/RESULTADO-FINAL-DO-EDITAL-N\u00b0-02.2025-\u2013-PROEX.UERN_.pdf\">RESULTADO FINAL DO EDITAL N\u00b0 02.2025<\/a><\/li>\n<\/ul>\n<p>&nbsp;<\/p>\n<p><strong>EDITAL N\u00ba 03\/2025 &#8211; PIBEX UERN A\u00c7\u00c3O, FESTUERN E GRUPOS ART\u00cdSTICOS<\/strong><\/p>\n<ul>\n<li><a href=\"https:\/\/portal.uern.br\/proex\/wp-content\/uploads\/2025\/02\/Edital-no-03-2025-Pibex-Uern-Acao-Festuern-e-Grupos-Artisticos.pdf\">EDITAL<\/a><\/li>\n<li><a href=\"https:\/\/portal.uern.br\/proex\/wp-content\/uploads\/2025\/02\/Aditivo-ao-Edital-no-003.2025-1.pdf\">ADITIVO N\u00ba 001 ao Edital N\u00ba 003.2025<\/a><\/li>\n<li><a href=\"https:\/\/portal.uern.br\/proex\/wp-content\/uploads\/2025\/02\/ANEXO-I.docx\">ANEXO I (Autodeclara\u00e7\u00e3o)<\/a><\/li>\n<li><a href=\"https:\/\/portal.uern.br\/proex\/wp-content\/uploads\/2025\/02\/ANEXO-II-INTERPOSICAO-DE-RECURSOS.docx\">ANEXO II (Interposi\u00e7\u00e3o de Recursos)<\/a><\/li>\n<li><a href=\"https:\/\/portal.uern.br\/proex\/wp-content\/uploads\/2025\/02\/Edital-no-03.2025-Resultado-Parcial.pdf\">RESULTADO PARCIAL (Vagas que n\u00e3o exigem prova did\u00e1tica)<\/a><\/li>\n<li><a href=\"https:\/\/portal.uern.br\/proex\/wp-content\/uploads\/2025\/03\/Edital-no-03-2025-Resultado-Parcial-2.pdf\">RESULTADO PARCIAL (Vagas que exigem prova did\u00e1tica)<\/a><\/li>\n<li><a href=\"https:\/\/portal.uern.br\/proex\/wp-content\/uploads\/2025\/02\/Edital-no-003-2025-Resultado-Final.pdf\">RESULTADO FINAL (Vagas que n\u00e3o exigem prova did\u00e1tica)<\/a><\/li>\n<li><a href=\"https:\/\/portal.uern.br\/proex\/wp-content\/uploads\/2025\/03\/Edital-no-003-2025-PIBEX-UERN-ACAO-Resultado-final.pdf\">RESULTADO FINAL(Vagas que exigem prova did\u00e1tica)<\/a><\/li>\n<\/ul>\n<p>&nbsp;<\/p>\n<p><strong>EDITAL N\u00ba 04\/2025 &#8211; UERN A\u00c7\u00c3O: Arte e Educa\u00e7\u00e3o (Renova\u00e7\u00e3o e Realiza\u00e7\u00e3o de novas matr\u00edculas)<\/strong><\/p>\n<ul>\n<li><a href=\"https:\/\/portal.uern.br\/proex\/wp-content\/uploads\/2025\/02\/Edital-no-04.2025-Uern-acao_Novas-matriculas.pdf\">EDITAL<\/a><\/li>\n<\/ul>\n<p>&nbsp;<\/p>\n<p><strong>EDITAL N\u00ba 05\/2025\u00a0 &#8211; PIBEX UERN A\u00c7\u00c3O\u00a0 E GRUPOS ART\u00cdSTICOS<\/strong><\/p>\n<ul>\n<li><a href=\"https:\/\/portal.uern.br\/proex\/wp-content\/uploads\/2025\/03\/EDITAL-N\u00b0-005.2025-\u2013-PIBEX-UERN-ACAO_Grupos-Artisticos.pdf\">EDITAL<\/a><\/li>\n<li><a href=\"https:\/\/portal.uern.br\/proex\/wp-content\/uploads\/2025\/03\/Aditivo-no-001-Edital-no-005.2025-PROEX.UERN_.pdf\">ADITIVO N\u00ba 001<\/a><\/li>\n<li><a href=\"https:\/\/portal.uern.br\/proex\/wp-content\/uploads\/2025\/03\/Resultado-Parcial-Edital-no-05-2025.pdf\">RESULTADO PARCIAL<\/a><\/li>\n<li><a href=\"https:\/\/portal.uern.br\/proex\/wp-content\/uploads\/2025\/04\/Edital-n\u00b0-005.2025-\u2013-PROEX.UERN-RESULTADO-FINAL.pdf\">RESULTADO FINAL<\/a><\/li>\n<\/ul>\n<p>&nbsp;<\/p>\n<p><strong>EDITAL N\u00ba 06\/2025\u00a0 &#8211; PIBEX &#8211; PROGRAMA UERN 60+<\/strong><\/p>\n<ul>\n<li><a href=\"https:\/\/portal.uern.br\/proex\/wp-content\/uploads\/2025\/03\/EDITAL-PIBEX-2025-PROGRAMA-UERN-60.pdf\">EDITAL<\/a><\/li>\n<li><a href=\"https:\/\/portal.uern.br\/proex\/wp-content\/uploads\/2025\/04\/Resultado-Final_Edital-06-2025-Uern-60.pdf\">RESULTADO FINAL<\/a><\/li>\n<\/ul>\n<p>&nbsp;<\/p>\n<p><strong>EDITAL N\u00ba 07\/2025\u00a0 &#8211; CHAMAMENTO PARA INSCRI\u00c7\u00d5ES (GRUDUM E GRUTUM)<\/strong><\/p>\n<ul>\n<li><a href=\"https:\/\/portal.uern.br\/proex\/wp-content\/uploads\/2025\/03\/Edital-no-007.2025-PROEX.UERN-GRUTUM-e-GRUDUM.pdf\">EDITAL<\/a><\/li>\n<li><a href=\"https:\/\/portal.uern.br\/proex\/wp-content\/uploads\/2025\/03\/Edital-n\u00b0-007.2025-\u2013-RESULTADO-FINAL.pdf\">RESULTADO FINAL<\/a><\/li>\n<\/ul>\n<p>&nbsp;<\/p>\n<p><strong>EDITAL N\u00ba 08\/2025 \u2013 PIBEX UERN A\u00c7\u00c3O<\/strong><\/p>\n<ul>\n<li><a href=\"https:\/\/portal.uern.br\/proex\/wp-content\/uploads\/2025\/04\/SEI_32986819_Documento.pdf\">EDITAL<\/a><\/li>\n<li><a href=\"https:\/\/portal.uern.br\/proex\/wp-content\/uploads\/2025\/04\/Resultado-Parcial-Edital-08.2025-PROEX.UERN_.pdf\">RESULTADO PARCIAL<\/a><\/li>\n<li><a href=\"https:\/\/portal.uern.br\/proex\/wp-content\/uploads\/2025\/04\/Resultado-Final-Edital-n\u00b0-008.2025-\u2013-PROEX.UERN_.pdf\">RESULTADO FINAL<\/a><\/li>\n<\/ul>\n<p>&nbsp;<\/p>\n<p><strong>EDITAL N\u00ba 09\/2025 \u2013 PIBEX UERN A\u00c7\u00c3O<\/strong><\/p>\n<ul>\n<li><a href=\"https:\/\/portal.uern.br\/proex\/wp-content\/uploads\/2025\/05\/Edital-9.pdf\">EDITAL<\/a><\/li>\n<li><a href=\"https:\/\/portal.uern.br\/proex\/wp-content\/uploads\/2025\/05\/Aditivo-no-01-ao-Edital-09-2025.pdf\">ADITIVO N\u00ba 01\/2025 (Altera cronograma de sele\u00e7\u00e3o de bolsistas)<\/a><\/li>\n<\/ul>\n<p>&nbsp;<\/p>\n<p><strong>EDITAL N\u00ba 10\/2025 \u2013 PROGRAMA UERN CULTURA VIVA (MATR\u00cdCULAS)<\/strong><\/p>\n<ul>\n<li><a href=\"https:\/\/portal.uern.br\/proex\/wp-content\/uploads\/2025\/05\/SEI_33717937_Documento.pdf\">EDITAL<\/a><\/li>\n<li><a href=\"https:\/\/portal.uern.br\/proex\/wp-content\/uploads\/2025\/06\/SEI_34156660_Documento.pdf\">ADITIVO 001 (Altera\u00e7\u00e3o do prazo de matr\u00edculas)<\/a><\/li>\n<\/ul>\n<p>&nbsp;<\/p>\n<p>&nbsp;<\/p>\n<p><strong>EDITAL N\u00ba 11\/2025 \u2013 PROEX\/NEEL (Bolsistas de L\u00edngua Inglesa e Espanhola &#8211; semestre 2025.2)<\/strong><\/p>\n<ul>\n<li><a href=\"https:\/\/portal.uern.br\/proex\/wp-content\/uploads\/2025\/05\/Edital-11.2025-Neel.pdf\">EDITAL<\/a><\/li>\n<\/ul>\n<p>&nbsp;<\/p>\n<p><strong>EDITAL N\u00ba 12\/2025 \u2013 PROEX\/UERN &#8211; EDITAL DE CARGA HOR\u00c1RIA \u2013 SEMESTRES 2026.1 e 2026.2<\/strong><\/p>\n<p><a href=\"https:\/\/portal.uern.br\/proex\/wp-content\/uploads\/2025\/08\/SEI_35721439_Edital_12_2025_PROEX_UERN.pdf\">EDITAL\u00a0<\/a><\/p>\n<p><a href=\"https:\/\/portal.uern.br\/proex\/wp-content\/uploads\/2025\/08\/Tutorial-para-Submissao-de-Acoes-de-Extensao-no-SIGAA.pdf\">Tutorial para Submiss\u00e3o de A\u00e7\u00f5es de Extens\u00e3o no SIGAA<\/a><\/p>\n<p><a href=\"https:\/\/portal.uern.br\/proex\/wp-content\/uploads\/2025\/09\/Tutorial-de-Acesso-os-Pareceres-e-Orientacoes-para-Interposicao-Recurso.pdf\">Tutorial de Acesso aos Pareceres e orienta\u00e7\u00f5es para interposi\u00e7\u00e3o de recursos<\/a><\/p>\n<p><a href=\"https:\/\/portal.uern.br\/proex\/wp-content\/uploads\/2025\/09\/Resultado-parcial-Edital-no-122025-PROEX.UERN_.pdf\">Resultado Parcial<\/a><\/p>\n<p><a href=\"https:\/\/portal.uern.br\/proex\/wp-content\/uploads\/2025\/09\/Formulario-de-recurso.docx\">Formul\u00e1rio de interposi\u00e7\u00e3o de recurso \u00e0s avalia\u00e7\u00f5es das A\u00e7\u00f5es de Extens\u00e3o<\/a><\/p>\n<p><a href=\"https:\/\/portal.uern.br\/proex\/wp-content\/uploads\/2025\/09\/Aditivo-01.pdf\">Aditivo n\u00ba 01<\/a><\/p>\n<p><a href=\"https:\/\/portal.uern.br\/proex\/wp-content\/uploads\/2025\/09\/Como-editar-propostas-Edital-12-2025-Proex.pdf\">Tutorial &#8211; Como edital propostas &#8211; Edital n\u00ba 12\/2025<\/a><\/p>\n<p><a href=\"https:\/\/portal.uern.br\/proex\/wp-content\/uploads\/2025\/10\/Resultado-Final-do-Edital-no-12.2025-ProexUern-SEI.pdf\">Resultado Final<\/a><\/p>\n<p>&nbsp;<\/p>\n<p><strong>EDITAL N\u00ba 13\/2025 \u2013PIBEX UERN A\u00c7\u00c3O &#8211; 03 VAGAS M\u00daSICA<\/strong><\/p>\n<ul>\n<li><a href=\"https:\/\/portal.uern.br\/proex\/wp-content\/uploads\/2025\/09\/Edital-13-2025-PIBEX-UERN-ACAO.pdf\">EDITAL<\/a><\/li>\n<\/ul>\n<p>&nbsp;<\/p>\n<p><strong>EDITAL N\u00ba 14\/2025 \u2013PIBEX 2026 &#8211; PROJETOS DE EXTENS\u00c3O<\/strong><\/p>\n<ul>\n<li><a href=\"https:\/\/portal.uern.br\/proex\/wp-content\/uploads\/2025\/10\/SEI_37163006_Edital_14_2025-1-1.pdf\">EDITAL<\/a><\/li>\n<li><a href=\"https:\/\/portal.uern.br\/proex\/wp-content\/uploads\/2025\/10\/Anexo-I-Edital-Pibex-2026-1.pdf\">ANEXO I (A\u00e7\u00f5es contempladas com bolsa de extens\u00e3o &#8211; Semestres 2026.1 e 2026.2)<\/a><\/li>\n<li><a href=\"https:\/\/portal.uern.br\/proex\/wp-content\/uploads\/2025\/10\/Anexos-Pibex-2026.docx\">ANEXOS II ao VII<\/a><\/li>\n<li><a href=\"https:\/\/portal.uern.br\/proex\/wp-content\/uploads\/2025\/11\/Resultado-parcial-14-2025-Pibex-Projetos.pdf\">Resultado Parcial<\/a><\/li>\n<li><a href=\"https:\/\/portal.uern.br\/proex\/wp-content\/uploads\/2025\/12\/Resultado-Final-Edital-no-14.-2025-Projetos-de-Extensao.pdf\">RESULTADO FINAL<\/a><\/li>\n<\/ul>\n<p>&nbsp;<\/p>\n<p>&nbsp;<\/p>\n<p><strong>EDITAL N\u00ba 15\/2025 \u2013PIBEX 2026 &#8211; AMBULAT\u00d3RIOS E NUPICS<\/strong><\/p>\n<ul>\n<li><a href=\"https:\/\/portal.uern.br\/proex\/wp-content\/uploads\/2025\/10\/SEI_37165302_Edital_15_2025-3-1.pdf\">EDITAL<\/a><\/li>\n<li><a href=\"https:\/\/portal.uern.br\/proex\/wp-content\/uploads\/2025\/10\/Anexos-Pibex-2026.docx\">ANEXOS II ao VII<\/a><\/li>\n<li><a href=\"https:\/\/portal.uern.br\/proex\/wp-content\/uploads\/2025\/10\/ADITIVO-No-01-AO-EDITAL-N\u00b0-15.2025-\u2013-PROEX.UERN_.pdf\">ADITIVO N\u00ba 001<\/a><\/li>\n<li><a href=\"https:\/\/portal.uern.br\/proex\/wp-content\/uploads\/2025\/11\/Resultado-parcial-edital-15-2025-Ambulatorios.pdf\">Resultado Parcial<\/a><\/li>\n<li><a href=\"https:\/\/portal.uern.br\/proex\/wp-content\/uploads\/2025\/12\/Aditivo-no-02.pdf\">ADITIVO N\u00ba 002<\/a><\/li>\n<li><a href=\"https:\/\/portal.uern.br\/proex\/wp-content\/uploads\/2025\/12\/Resultado-Final-Edital-no-15.2025-Ambulatorios.pdf\">RESULTADO FINAL<\/a><\/li>\n<\/ul>\n<p>&nbsp;<\/p>\n<p><strong>EDITAL N\u00ba 16\/2025 &#8211; ADITIVO DE PRORROGA\u00c7\u00c3O DE BOLSAS DO PIBEX UERN A\u00c7\u00c3O<\/strong><\/p>\n<ul>\n<li><a href=\"https:\/\/portal.uern.br\/proex\/wp-content\/uploads\/2026\/01\/Edital-no-16-2025-Prorroga-Bolsas-Pibex-Uern-Acao.pdf\">EDITAL<\/a><\/li>\n<\/ul>\n","protected":false},"excerpt":{"rendered":"<p>EDITAL N\u00ba 01\/2025 &#8211; PIBEX 2025 (PROJETOS DE EXTENS\u00c3O) EDITAL ANEXO I &#8211; A\u00e7\u00f5es de Extens\u00e3o contempladas com bolsa (Semestres 2025.1 e 2025.2) ANEXOS II ao VII ERRATA (LINK PARA ENVIO DO RESULTADO DA SELE\u00c7\u00c3O DE BOLSISTAS) RESULTADO PARCIAL RETIFICA\u00c7\u00c3O DO RESULTADO PARCIAL RESULTADO FINAL DO EDITAL N\u00b0 01.2025 RETIFICA\u00c7\u00c3O DO RESULTADO FINAL VAGAS REMANESCENTES [&hellip;]<\/p>\n","protected":false},"author":3,"featured_media":0,"parent":0,"menu_order":0,"comment_status":"closed","ping_status":"closed","template":"","meta":{"footnotes":""},"class_list":["post-5298","page","type-page","status-publish","hentry"],"_links":{"self":[{"href":"https:\/\/portal.uern.br\/proex\/wp-json\/wp\/v2\/pages\/5298","targetHints":{"allow":["GET"]}}],"collection":[{"href":"https:\/\/portal.uern.br\/proex\/wp-json\/wp\/v2\/pages"}],"about":[{"href":"https:\/\/portal.uern.br\/proex\/wp-json\/wp\/v2\/types\/page"}],"author":[{"embeddable":true,"href":"https:\/\/portal.uern.br\/proex\/wp-json\/wp\/v2\/users\/3"}],"replies":[{"embeddable":true,"href":"https:\/\/portal.uern.br\/proex\/wp-json\/wp\/v2\/comments?post=5298"}],"version-history":[{"count":87,"href":"https:\/\/portal.uern.br\/proex\/wp-json\/wp\/v2\/pages\/5298\/revisions"}],"predecessor-version":[{"id":5629,"href":"https:\/\/portal.uern.br\/proex\/wp-json\/wp\/v2\/pages\/5298\/revisions\/5629"}],"wp:attachment":[{"href":"https:\/\/portal.uern.br\/proex\/wp-json\/wp\/v2\/media?parent=5298"}],"curies":[{"name":"wp","href":"https:\/\/api.w.org\/{rel}","templated":true}]}}