{"id":5269,"date":"2025-01-08T10:44:12","date_gmt":"2025-01-08T13:44:12","guid":{"rendered":"https:\/\/portal.uern.br\/proex\/?page_id=5269"},"modified":"2026-03-27T09:26:55","modified_gmt":"2026-03-27T12:26:55","slug":"programa-uern-60","status":"publish","type":"page","link":"https:\/\/portal.uern.br\/proex\/programa-uern-60\/","title":{"rendered":"Programa UERN 60+"},"content":{"rendered":"<p>&nbsp;<\/p>\n<p><img fetchpriority=\"high\" decoding=\"async\" class=\"wp-image-5277 alignleft\" src=\"https:\/\/portal.uern.br\/proex\/wp-content\/uploads\/2025\/01\/UERN-60-300x200.jpg\" alt=\"\" width=\"491\" height=\"327\" \/>A Universidade do Estado do Rio Grande do Norte &#8211; UERN, desenvolve o PROGRAMA UERN 60+ com o objetivo de promover a aprendizagem e socializa\u00e7\u00e3o para idosos atrav\u00e9s de oportunidades de troca de conhecimentos, a\u00e7\u00f5es socioeducativas e atividades para sa\u00fade e qualidade de vida da popula\u00e7\u00e3o com mais de sessenta anos.<\/p>\n<p>Entre os Projetos\/t\u00f3picos temos:<\/p>\n<p>Projeto\/A\u00e7\u00f5es de momentos de troca de conhecimentos e saberes com propositivas de setores administrativos e acad\u00eamicos da Universidade;<br \/>\nProjeto\/A\u00e7\u00f5es de Sa\u00fade, esporte, cultura e lazer em parceria com as faculdades de Educa\u00e7\u00e3o f\u00edsica, Enfermagem e Medicina;<br \/>\nProjeto\/A\u00e7\u00f5es socioeducativas em parceria com a Faculdades de Servi\u00e7o Social.<\/p>\n<p>&nbsp;<\/p>\n<p>&nbsp;<\/p>\n<p>&nbsp;<\/p>\n<p>&nbsp;<\/p>\n<p style=\"text-align: left\"><strong>Dados t\u00e9cnicos<\/strong><\/p>\n<p>Tipo de a\u00e7\u00e3o: Ensino, Pesquisa, Extens\u00e3o e inova\u00e7\u00e3o.<br \/>\n\u00c1rea tem\u00e1tica: Direitos Humanos, Educa\u00e7\u00e3o, Tecnologia e Trabalho<br \/>\nP\u00fablico alvo: Pessoas acima de 60 anos.<br \/>\nLocal: As atividades acontecem multicampi<br \/>\nInstitui\u00e7\u00e3o parceira: Secretaria Municipal de Assist\u00eancia Social e Cidadania &#8211; PMM<\/p>\n<p style=\"text-align: left\"><strong>Justificativa<\/strong><\/p>\n<p>O ensino, a pesquisa e a extens\u00e3o estabelece uma rela\u00e7\u00e3o mais pr\u00f3xima entre a universidade e a sociedade, visando aplicar os conhecimentos adquiridos em sala de aula na solu\u00e7\u00e3o de problemas concretos enfrentados pelas comunidades. Busca ainda promover di\u00e1logos e trocas de saberes em a\u00e7\u00f5es que impacte na forma\u00e7\u00e3o do estudante e na promo\u00e7\u00e3o da transforma\u00e7\u00e3o social, com uma atua\u00e7\u00e3o que efetivamente possibilite contribui\u00e7\u00f5es relevantes para os atores envolvidos. Deste modo, dentre atores sociais e poss\u00edveis atua\u00e7\u00f5es da Extens\u00e3o Universit\u00e1ria \u00e9 poss\u00edvel elencar as demandas das pessoas idosas como potencialidades para constru\u00e7\u00e3o de propostas de a\u00e7\u00f5es extensionistas. Importa ressaltar que, de acordo com o Estatuto do Idoso (Lei n.\u00ba 10.741, de 1.de outubro de 2003) o idoso goza de todos os direitos fundamentais inerentes ao ser humano, assegurando-se-lhe, por lei ou por outros meios, todas as oportunidades e facilidades, para preserva\u00e7\u00e3o de sua sa\u00fade f\u00edsica e mental e seu aperfei\u00e7oamento moral, intelectual, espiritual e social, em condi\u00e7\u00f5es de liberdade e dignidade.<\/p>\n<p style=\"text-align: left\"><strong>Objetivos<\/strong><\/p>\n<p>Geral:<\/p>\n<p>Promover a aprendizagem e socializa\u00e7\u00e3o para idosos atrav\u00e9s de processos de trocas de conhecimentos, a\u00e7\u00f5es socioeducativas, culturais e atividades para sa\u00fade e qualidade de vida da popula\u00e7\u00e3o com mais de sessenta anos.<\/p>\n<p>Espec\u00edficos:<\/p>\n<p>a) Ofertar oficinas\/ cursos semanais para pessoas idosas;<br \/>\nb) Contribuir com a socializa\u00e7\u00e3o e a qualidade de vida da pessoa idosa por meio de programa\u00e7\u00e3o socioeducativa, de sa\u00fade e lazer; e<br \/>\nc) Impulsionar espa\u00e7os de trocas de saberes entre discentes e docentes da UERN e a comunidade externa.<\/p>\n<p><strong>Metodologia &#8211; Operacionaliza\u00e7\u00e3o ou Estrat\u00e9gias do Programa<\/strong><\/p>\n<p>As a\u00e7\u00f5es ser\u00e3o desenvolvidas em per\u00edodo letivo da Universidade e conforme disponibilidade das institui\u00e7\u00f5es parceiras em receber as a\u00e7\u00f5es cont\u00ednuas do projeto.<br \/>\nAs atividades v\u00e3o acontecer em formato presencial sobe o gerenciamento da Equipe DEAC\/ PROEX com a colabora\u00e7\u00e3o e participa\u00e7\u00e3o de docentes e discentes de gradua\u00e7\u00e3o dos Departamentos Administrativo e Acad\u00eamicos e parceiros vinculados a A\u00e7\u00f5es de Extens\u00e3o Institucionalizada por meio de:<br \/>\na) Oficinas;<br \/>\nb) Cursos;<br \/>\nc)\u00a0Atividades f\u00edsicas;<br \/>\nd) Atividades Culturais; e<br \/>\ne) A\u00e7\u00f5es Socioeducativas.<\/p>\n<p>&nbsp;<\/p>\n<p><strong>Docentes parceiros do Programa UERN 60+<\/strong><\/p>\n<p>&nbsp;<\/p>\n<p style=\"text-align: left\"><strong>Documentos\u00a0<\/strong><\/p>\n<p style=\"text-align: center\"><strong>2024<\/strong><\/p>\n<p><a href=\"https:\/\/portal.uern.br\/proex\/wp-content\/uploads\/2025\/01\/Resolucao-no-23-2024-Consuni-Institui-Programa-Uern-60-atividades-Ensino-Extensao-Pesquisa-Inovacao-e-Pos-Graduacao-da-Uern.pdf\">Resolu\u00e7\u00e3o que criou o UERN 60+\u00a0<\/a><\/p>\n<p><a href=\"https:\/\/portal.uern.br\/proex\/wp-content\/uploads\/2025\/01\/PLANO-UERN-60.pdf\">Plano do UERN 60+ para 2024<\/a><\/p>\n<p><a href=\"https:\/\/portal.uern.br\/proex\/wp-content\/uploads\/2025\/03\/RESULTADOA0DO_CADASTRO_DAS_PROPOSTASA0HOMOLOGADAS_UERN_60_2B_assinado.pdf\">Resultado do Cadastro das Propostas Homologadas\u00a0<\/a><\/p>\n<p><a href=\"https:\/\/portal.uern.br\/proex\/wp-content\/uploads\/2025\/03\/PROPOSTASC2A0_UERN_602B._assinado-2.pdf\">Resultado das propostas\u00a0 UERN_60+<\/a><\/p>\n<p><a href=\"https:\/\/portal.uern.br\/proex\/wp-content\/uploads\/2025\/03\/MODELO-DE-INTERPOSICAO-DE-RECURSOS.docx\">Modelo de interposi\u00e7\u00e3o de recursos\u00a0<\/a><\/p>\n<p><a href=\"https:\/\/portal.uern.br\/proex\/wp-content\/uploads\/2025\/03\/RESULTADO_FIANAL_UERN_602B._assinado.pdf\">Resultado final das propostas UERN_60+<\/a><\/p>\n<p style=\"text-align: center\"><strong>2025<\/strong><\/p>\n<p><a href=\"https:\/\/portal.uern.br\/proex\/wp-content\/uploads\/2025\/04\/Resultado-Final_Edital-06-2025-Uern-60.pdf\">Resultado Final da sele\u00e7\u00e3o de Bolsistas do Programa UERN 60+ (Edital n\u00ba 06\/2025)<\/a><\/p>\n<p style=\"text-align: center\"><strong>2026<\/strong><\/p>\n<p>&nbsp;<\/p>\n<p><a href=\"https:\/\/portal.uern.br\/proex\/wp-content\/uploads\/2025\/11\/SEI_37751314_Documento.pdf\">Resultado do cadastro das propostas homologadas para integrar o Programa Uern 60+ 2026.1 e 2026.2<\/a><\/p>\n<p><a href=\"https:\/\/portal.uern.br\/proex\/wp-content\/uploads\/2025\/11\/SEI_37824702_Documento-1-1.pdf\">Resultado final das propostas contempladas com bolsas do Programa Uern 60+ 2026.1 e 2026.2<\/a><\/p>\n<p><a href=\"https:\/\/portal.uern.br\/proex\/wp-content\/uploads\/2026\/03\/EDITAL-PIBEX-2026-PROGRAMA-UERN-60.pdf\">Edital 03\/2026 &#8211; Proex\/Uern &#8211; Programa Institucional de Bolsas\u00a0 de Extens\u00e3o\u00a0 &#8211; PIBEX 2026<\/a><\/p>\n<p><a href=\"https:\/\/drive.google.com\/file\/d\/16u1bFq2O7L3aktW1ohTwxs2E8UhBoaGH\/view\">Resultado Parcial da Sele\u00e7\u00e3o de Bolsistas do Edital N\u00ba 03\/2026 <\/a><\/p>\n<p><a href=\"https:\/\/portal.uern.br\/proex\/wp-content\/uploads\/2026\/03\/JOUERN-1041.pdf\">Resultado Final da Sele\u00e7\u00e3o de Bolsistas do Edital N\u00ba 03\/2026<\/a><\/p>\n<p>&nbsp;<\/p>\n<p>&nbsp;<\/p>\n<p>&nbsp;<\/p>\n","protected":false},"excerpt":{"rendered":"<p>&nbsp; A Universidade do Estado do Rio Grande do Norte &#8211; UERN, desenvolve o PROGRAMA UERN 60+ com o objetivo de promover a aprendizagem e socializa\u00e7\u00e3o para idosos atrav\u00e9s de oportunidades de troca de conhecimentos, a\u00e7\u00f5es socioeducativas e atividades para sa\u00fade e qualidade de vida da popula\u00e7\u00e3o com mais de sessenta anos. Entre os Projetos\/t\u00f3picos [&hellip;]<\/p>\n","protected":false},"author":2,"featured_media":0,"parent":0,"menu_order":0,"comment_status":"closed","ping_status":"closed","template":"","meta":{"footnotes":""},"class_list":["post-5269","page","type-page","status-publish","hentry"],"_links":{"self":[{"href":"https:\/\/portal.uern.br\/proex\/wp-json\/wp\/v2\/pages\/5269","targetHints":{"allow":["GET"]}}],"collection":[{"href":"https:\/\/portal.uern.br\/proex\/wp-json\/wp\/v2\/pages"}],"about":[{"href":"https:\/\/portal.uern.br\/proex\/wp-json\/wp\/v2\/types\/page"}],"author":[{"embeddable":true,"href":"https:\/\/portal.uern.br\/proex\/wp-json\/wp\/v2\/users\/2"}],"replies":[{"embeddable":true,"href":"https:\/\/portal.uern.br\/proex\/wp-json\/wp\/v2\/comments?post=5269"}],"version-history":[{"count":29,"href":"https:\/\/portal.uern.br\/proex\/wp-json\/wp\/v2\/pages\/5269\/revisions"}],"predecessor-version":[{"id":5671,"href":"https:\/\/portal.uern.br\/proex\/wp-json\/wp\/v2\/pages\/5269\/revisions\/5671"}],"wp:attachment":[{"href":"https:\/\/portal.uern.br\/proex\/wp-json\/wp\/v2\/media?parent=5269"}],"curies":[{"name":"wp","href":"https:\/\/api.w.org\/{rel}","templated":true}]}}