{"id":523,"date":"2023-02-14T10:51:54","date_gmt":"2023-02-14T13:51:54","guid":{"rendered":"http:\/\/beta.apps.uern.br\/wordpress\/proex\/?page_id=523"},"modified":"2023-12-21T10:41:29","modified_gmt":"2023-12-21T13:41:29","slug":"2023-2","status":"publish","type":"page","link":"https:\/\/portal.uern.br\/proex\/2023-2\/","title":{"rendered":"2023"},"content":{"rendered":"<p><strong>EDITAL N.\u00ba 020\/2023-PROEX\/UERN &#8211; ADITIVO DE PRORROGA\u00c7\u00c3O DA VIG\u00caNCIAS DE BOLSAS DO PIBEX<\/strong><\/p>\n<p><a href=\"https:\/\/portal.uern.br\/proex\/wp-content\/uploads\/2023\/12\/Edital-no-20-2023-Prorroga-bolsas-ate-03-2023.pdf\">Edital<\/a><\/p>\n<p>&nbsp;<\/p>\n<p><strong>EDITAL N.\u00ba 019\/2023-PROEX\/UERN &#8211; CHAMAMENTO P\u00daBLICO PARA AVALIADORES <em>AD HOC<\/em> DA REVISTA EXTENDERE<\/strong><\/p>\n<p>&nbsp;<\/p>\n<p><a href=\"https:\/\/portal.uern.br\/proex\/wp-content\/uploads\/2023\/10\/Edital-no-19.2023-PROEX-EXTENDERE.pdf\">Edital<\/a><\/p>\n<p>&nbsp;<\/p>\n<p><strong>EDITAL N.\u00ba 018\/2023-PROEX\/UERN &#8211; SELECIONA BOLSISTA DE PROJETOS ESTRAT\u00c9GICOS INSTITUCIONAIS PARA ATUAR NA UERN TV<\/strong><\/p>\n<p><a href=\"https:\/\/portal.uern.br\/proex\/wp-content\/uploads\/2023\/10\/Edital-no-18-2023-UERN-TV_ASSINADO_SEI.pdf\">Edital<\/a><\/p>\n<p><a href=\"https:\/\/portal.uern.br\/proex\/wp-content\/uploads\/2023\/10\/Aditivo-no-001-ao-edital-no-18-2023.pdf\">Aditivo n\u00ba 001 &#8211; Prorroga Cronograma<\/a><\/p>\n<p>&nbsp;<\/p>\n<p><strong>EDITAL N.\u00ba 017\/2023 &#8211;\u00a0NORMAS PARA SELE\u00c7\u00c3O E INSTITUCIONALIZA\u00c7\u00c3O DE A\u00c7\u00d5ES DE EXTENS\u00c3O COM VISTAS\u00a0 \u00c0 ATRIBUI\u00c7\u00c3O DE CARGA HOR\u00c1RIA REFERENTE AOS SEMESTRES LETIVOS 2024.1 e\/ou 2024.2<\/strong><\/p>\n<p style=\"text-align: left\">A Pr\u00f3-Reitoria de Extens\u00e3o da Universidade do Estado do Rio Grande do Norte \u2013 Proex\/Uern torna p\u00fablico o presente edital para sele\u00e7\u00e3o e institucionaliza\u00e7\u00e3o de propostas de A\u00e7\u00f5es de Extens\u00e3o (Plano de Trabalho de Unidades de Extens\u00e3o, Programas, Projetos, Cursos, Eventos e Presta\u00e7\u00e3o de Servi\u00e7os) com vistas \u00e0 atribui\u00e7\u00e3o de carga hor\u00e1ria.<\/p>\n<p><a href=\"https:\/\/portal.uern.br\/proex\/wp-content\/uploads\/2023\/09\/Edital-no-17.2023-Distribuicao-Carga-Horaria-2024.pdf\">Edital<\/a><\/p>\n<p><a href=\"https:\/\/portal.uern.br\/proex\/wp-content\/uploads\/2023\/10\/ADITIVO-01-AO-EDITAL-N\u00b0-017.2023-\u2013-UERN.PROEX_-1.pdf\">Aditivo n.\u00ba 01 (Altera itens e cronograma de atividades)<\/a><\/p>\n<p><a href=\"https:\/\/portal.uern.br\/proex\/wp-content\/uploads\/2023\/11\/Tutorial_de_acesso_aos_pareceres_tecnico_e_cientifico-1.pdf\">Tutorial para os Pareceres (t\u00e9cnicos e cient\u00edficos)<\/a><\/p>\n<p><a href=\"https:\/\/docs.google.com\/document\/d\/1NJG3xHZcRzff8gRmUx0Bjccfy8EXmlKS\/edit\">Formul\u00e1rio de Recurso<\/a><\/p>\n<p><a href=\"https:\/\/portal.uern.br\/proex\/wp-content\/uploads\/2023\/11\/Resultado-parcial-da-selecao-e-institucionalizacao-das-Acoes-de-Extensao-para-2024.1-e-2024.2-1.pdf\">Resultado Parcial (A\u00e7\u00f5es de Extens\u00e3o institucionalizadas para os Semestres 2024.1 e 2024.2)<\/a><\/p>\n<p><a href=\"https:\/\/portal.uern.br\/proex\/wp-content\/uploads\/2023\/12\/Resultado-Final-Edital-17.2023.pdf\">Resultado Final<\/a><\/p>\n<p><a href=\"https:\/\/portal.uern.br\/proex\/wp-content\/uploads\/2023\/12\/Aditivo-Edital-no-17.20232.pdf\">Aditivo ao Edital do Resultado Final das A\u00e7\u00f5es de Extens\u00e3o Institucionalizadas para os Semestres 2024.1 e 2024.2<\/a><\/p>\n<p>&nbsp;<\/p>\n<p><strong>EDITAL N.\u00ba 016\/2023 &#8211; PROEX\/NEEL\/UERN &#8211; CADASTRO DE RESERVA DE CURSOS DE L\u00cdNGUA INGLESA E ESPANHOLA<\/strong><\/p>\n<p><a href=\"https:\/\/portal.uern.br\/proex\/wp-content\/uploads\/2023\/09\/Edital-no-16.2023.pdf\">Edital<\/a><\/p>\n<p>&nbsp;<\/p>\n<p><strong>EDITAL N.\u00ba 015\/2023 &#8211; PROEX\/UERN &#8211; SELE\u00c7\u00c3O DE BOLSISTAS DE EXTENS\u00c3O<\/strong><\/p>\n<p><a href=\"https:\/\/portal.uern.br\/proex\/wp-content\/uploads\/2023\/08\/EDITAL-No-15-2023-INTERNOS_DECA.pdf\">Edital<\/a><\/p>\n<p><a href=\"https:\/\/portal.uern.br\/proex\/wp-content\/uploads\/2023\/08\/ADITIVO-01-AO-EDITAL-N\u00b0-015.2023-\u2013-UERN.PROEX_.pdf\">Aditivo 01<\/a><\/p>\n<p>&nbsp;<\/p>\n<p><strong>EDITAL N.\u00ba 014\/2023 &#8211; PROEX\/UERN &#8211; UERN A\u00c7\u00c3O: ARTE E EDUCA\u00c7\u00c3O<\/strong><\/p>\n<p><a href=\"https:\/\/portal.uern.br\/proex\/wp-content\/uploads\/2023\/08\/Edital-No-14-2023-DECA.pdf\">Edital<\/a><\/p>\n<p>&nbsp;<\/p>\n<p><strong>EDITAL N.\u00b0 013\/2023 &#8211; SELE\u00c7\u00c3O DE INSTRUTORES PARA O XVII FESTUERN<\/strong><\/p>\n<p><a href=\"https:\/\/portal.uern.br\/proex\/wp-content\/uploads\/2023\/06\/EDITAL-N\u00b0013-2023-SELECAO-DE-INSTRUTORES-PARA-O-XVII-FESTUERN.pdf\">Edital<\/a><\/p>\n<p><a href=\"https:\/\/portal.uern.br\/proex\/wp-content\/uploads\/2023\/07\/EDITAL-N\u00b0013-2023-RESULTADO-FINAL-esse.pdf\">Resultado Final<\/a><\/p>\n<p>&nbsp;<\/p>\n<p><strong>EDITAL N.\u00ba 012\/2023 &#8211; PROEX\/UERN<\/strong><\/p>\n<p><a href=\"https:\/\/portal.uern.br\/proex\/wp-content\/uploads\/2023\/06\/EDITAL-N\u00b0-12-2023-UERNPROEX.pdf\">Edital<\/a><\/p>\n<p><a href=\"https:\/\/portal.uern.br\/proex\/wp-content\/uploads\/2023\/06\/EDITAL-RESULTADO-PARCIAL-DE-SELECAO-DE-BOLSISTAS-SEI_04410024.002536_2023_70.pdf\">Resultado Parcial<\/a><\/p>\n<p><a href=\"https:\/\/portal.uern.br\/proex\/wp-content\/uploads\/2023\/07\/Edital-no-12-2023-Resultado-Final.pdf\">Resultado Final<\/a><\/p>\n<p>&nbsp;<\/p>\n<p><strong>EDITAL N.\u00ba 011\/2023 &#8211; PROEX\/UERN &#8211; CONCURSO CULTURAL FOTOGR\u00c1FICO<\/strong><\/p>\n<p><a href=\"https:\/\/portal.uern.br\/proex\/wp-content\/uploads\/2023\/06\/EDITAL-N%C2%B0-011-2023-UERNPROEX.pdf\">Edital<\/a><\/p>\n<p>&nbsp;<\/p>\n<p><strong>EDITAL N.\u00ba 010\/2023 &#8211; PROEX\/UERN<\/strong><\/p>\n<p><a href=\"https:\/\/portal.uern.br\/proex\/wp-content\/uploads\/2023\/06\/Edital-10-2023-aditivo-prorrogacao-bolsas.pdf\">Edital (Aditivo de prorroga\u00e7\u00e3o da vig\u00eancia de bolsas)<\/a><\/p>\n<p>&nbsp;<\/p>\n<p><strong>EDITAL N.\u00ba 009\/2023 &#8211; PROEX\/UERN &#8211; UERN A\u00c7\u00c3O<\/strong><\/p>\n<p><a href=\"https:\/\/portal.uern.br\/proex\/wp-content\/uploads\/2023\/05\/EDITAL-No-09-2023-PROEX-UERN.pdf\">Edital<\/a><\/p>\n<p><a href=\"https:\/\/portal.uern.br\/proex\/wp-content\/uploads\/2023\/05\/Aditivo-001-ao-Edital-009-2023.pdf\">Aditivo<\/a><\/p>\n<p><a href=\"https:\/\/portal.uern.br\/proex\/wp-content\/uploads\/2023\/05\/EDITAL-No-09-2023-PROEX-UERN_RESULTADO-PARCIAL.pdf\">Resultado parcial<\/a><\/p>\n<p><a href=\"https:\/\/portal.uern.br\/proex\/wp-content\/uploads\/2023\/06\/Edital-no-009-2023_RESULTADO-FINAL.pdf\">Resultado Final<\/a><\/p>\n<p>&nbsp;<\/p>\n<p><strong>EDITAL N.\u00ba 008\/2023 &#8211; PROEX\/UERN &#8211; UERN A\u00c7\u00c3O<\/strong><\/p>\n<p><a href=\"https:\/\/portal.uern.br\/proex\/wp-content\/uploads\/2023\/05\/EDITAL-008-2023-PROEX-UERN.pdf\">Edital<\/a><\/p>\n<p>&nbsp;<\/p>\n<p><strong>EDITAL N.\u00ba 007\/2023 &#8211; PROEX\/UERN &#8211; UERN A\u00c7\u00c3O<\/strong><\/p>\n<p><a href=\"https:\/\/portal.uern.br\/proex\/wp-content\/uploads\/2023\/04\/Edital-007-2023.pdf\">Edital<\/a><\/p>\n<p><a href=\"https:\/\/portal.uern.br\/proex\/wp-content\/uploads\/2023\/04\/Edital-no-007-2023-Resultado-Parcial.pdf\">Resultado Parcial<\/a><\/p>\n<p><a href=\"https:\/\/portal.uern.br\/proex\/wp-content\/uploads\/2023\/05\/EDITAL-N.-007-2023-Resultado-final.pdf\">Resultado Final<\/a><\/p>\n<p>&nbsp;<\/p>\n<p><strong>EDITAL N.\u00ba 006\/2023 &#8211; PROEX\/UERN &#8211; UERN A\u00c7\u00c3O<\/strong><\/p>\n<p><a href=\"https:\/\/portal.uern.br\/proex\/wp-content\/uploads\/2023\/04\/Edital-no-006-2023-PROEX-UERN.pdf\">Edital<\/a><\/p>\n<p><a href=\"https:\/\/portal.uern.br\/proex\/wp-content\/uploads\/2023\/04\/EDITAL-No-006-2023-Resultado-Parcial.pdf\">Resultado Parcial<\/a><\/p>\n<p><a href=\"https:\/\/portal.uern.br\/proex\/wp-content\/uploads\/2023\/04\/RESULTADO-FINAL_EDITAL-N.-006-2023.pdf\">Resultado Final<\/a><\/p>\n<p>&nbsp;<\/p>\n<p><strong>EDITAL N.\u00ba 005\/2023 \u2013 PROEX\/UERN &#8211; UERN A\u00c7\u00c3O<\/strong><\/p>\n<p><a href=\"https:\/\/portal.uern.br\/proex\/wp-content\/uploads\/2023\/03\/EDITAL-N\u00b0-005-2023-\u2013-UERN-PROEX-UERN-ACAO.pdf\">Edital<\/a><\/p>\n<p>&nbsp;<\/p>\n<p><strong>EDITAL N.\u00ba 004\/2023 \u2013 PROEX\/UERN &#8211; PIBEX 2023<\/strong><\/p>\n<p><a href=\"https:\/\/portal.uern.br\/proex\/wp-content\/uploads\/2023\/03\/Edital-no-004-2023-PIBEX_SEI_RN.pdf\">Edital<\/a><\/p>\n<p><a href=\"https:\/\/portal.uern.br\/proex\/wp-content\/uploads\/2023\/03\/Aditivo-no-001-ao-Edital-no-004-2023-PIBEX.pdf\">Aditivo n\u00ba 001<\/a><\/p>\n<p><a href=\"https:\/\/portal.uern.br\/proex\/wp-content\/uploads\/2023\/03\/ADITIVO-No-02_EDITAL-004-2023-PIBEX.pdf\">Aditivo n\u00ba 002<\/a><\/p>\n<p><a href=\"https:\/\/portal.uern.br\/proex\/wp-content\/uploads\/2023\/03\/ADITIVO-N.-03-EDITAL-PIBEX-2023_assinado.pdf\">Aditivo n\u00ba 003<\/a><\/p>\n<p><a href=\"https:\/\/portal.uern.br\/proex\/wp-content\/uploads\/2023\/04\/Memorando-Circular-no-05-2023-Distribuicao-Vagas-PcD-PPI-AC.pdf\">Memorando n\u00ba 005-2023 &#8211; Distribui\u00e7\u00e3o Vagas PcD, PPI e Ampla Concorr\u00eancia<\/a><\/p>\n<p><a href=\"https:\/\/portal.uern.br\/proex\/wp-content\/uploads\/2023\/04\/Resultado-Definitivo-Pibex-2023_assinado-SEI.pdf\">Resultado Final<\/a><\/p>\n<p><a href=\"https:\/\/portal.uern.br\/proex\/wp-content\/uploads\/2023\/06\/Termo-de-compromisso-Pibex-2023.docx\">Termo de compromisso Pibex 2023<\/a><\/p>\n<p>&nbsp;<\/p>\n<p><strong>EDITAL N.\u00ba 003\/2023 \u2013 PROEX\/UERN &#8211; UERN A\u00c7\u00c3O<\/strong><\/p>\n<p><a href=\"http:\/\/xn--edital%20no%20003-2023-proex-uern_%20uern%20ao-i3d5q\/\">Edital<\/a><\/p>\n<p>&nbsp;<\/p>\n<p><strong>EDITAL N\u00b0 002\/2023 \u2013 UERN\/PROEX RENOVA\u00c7\u00c3O DE MATR\u00cdCULAS E MATR\u00cdCULAS DE NOVOS ALUNOS \u2013 SEMESTRE 2023.1 MODALIDADES: DAN\u00c7A, TEATRO E ATIVIDADES F\u00cdSICAS<\/strong><\/p>\n<p><a href=\"http:\/\/edital%20no%20002-2023-proex-uern_%20educa%20natal\/\">Edital<\/a><\/p>\n<p>&nbsp;<\/p>\n<p><strong>EDITAL N\u00b0 001\/2023 \u2013 UERN\/PROEX &#8211; SELE\u00c7\u00c3O DE BOLSAS PARA PROJETOS ESTRAT\u00c9GICOS INSTITUCIONAIS DA PROEX<\/strong><\/p>\n<p><a href=\"https:\/\/www.uern.br\/controledepaginas\/PROEX-editais-2023\/arquivos\/7320edital_n._001_2023_proex_uern.pdf\">Edital<\/a><\/p>\n<p><a href=\"https:\/\/portal.uern.br\/proex\/wp-content\/uploads\/2023\/03\/EDITAL-No-001-2023-Resultado-Parcial.pdf\">Resultado Parcial<\/a><\/p>\n<p><a href=\"https:\/\/portal.uern.br\/proex\/wp-content\/uploads\/2023\/03\/Edital-no-001-2023-Resultado-Final.pdf\">Resultado Final<\/a><\/p>\n<p>&nbsp;<\/p>\n<p>&nbsp;<\/p>\n<p>&nbsp;<\/p>\n","protected":false},"excerpt":{"rendered":"<p>EDITAL N.\u00ba 020\/2023-PROEX\/UERN &#8211; ADITIVO DE PRORROGA\u00c7\u00c3O DA VIG\u00caNCIAS DE BOLSAS DO PIBEX Edital &nbsp; EDITAL N.\u00ba 019\/2023-PROEX\/UERN &#8211; CHAMAMENTO P\u00daBLICO PARA AVALIADORES AD HOC DA REVISTA EXTENDERE &nbsp; Edital &nbsp; EDITAL N.\u00ba 018\/2023-PROEX\/UERN &#8211; SELECIONA BOLSISTA DE PROJETOS ESTRAT\u00c9GICOS INSTITUCIONAIS PARA ATUAR NA UERN TV Edital Aditivo n\u00ba 001 &#8211; Prorroga Cronograma &nbsp; EDITAL [&hellip;]<\/p>\n","protected":false},"author":2,"featured_media":0,"parent":0,"menu_order":0,"comment_status":"closed","ping_status":"closed","template":"","meta":{"footnotes":""},"class_list":["post-523","page","type-page","status-publish","hentry"],"_links":{"self":[{"href":"https:\/\/portal.uern.br\/proex\/wp-json\/wp\/v2\/pages\/523","targetHints":{"allow":["GET"]}}],"collection":[{"href":"https:\/\/portal.uern.br\/proex\/wp-json\/wp\/v2\/pages"}],"about":[{"href":"https:\/\/portal.uern.br\/proex\/wp-json\/wp\/v2\/types\/page"}],"author":[{"embeddable":true,"href":"https:\/\/portal.uern.br\/proex\/wp-json\/wp\/v2\/users\/2"}],"replies":[{"embeddable":true,"href":"https:\/\/portal.uern.br\/proex\/wp-json\/wp\/v2\/comments?post=523"}],"version-history":[{"count":84,"href":"https:\/\/portal.uern.br\/proex\/wp-json\/wp\/v2\/pages\/523\/revisions"}],"predecessor-version":[{"id":4221,"href":"https:\/\/portal.uern.br\/proex\/wp-json\/wp\/v2\/pages\/523\/revisions\/4221"}],"wp:attachment":[{"href":"https:\/\/portal.uern.br\/proex\/wp-json\/wp\/v2\/media?parent=523"}],"curies":[{"name":"wp","href":"https:\/\/api.w.org\/{rel}","templated":true}]}}