{"id":519,"date":"2023-02-14T10:48:29","date_gmt":"2023-02-14T13:48:29","guid":{"rendered":"http:\/\/beta.apps.uern.br\/wordpress\/proex\/?page_id=519"},"modified":"2023-02-14T10:49:01","modified_gmt":"2023-02-14T13:49:01","slug":"comissao-de-extensao","status":"publish","type":"page","link":"https:\/\/portal.uern.br\/proex\/comissao-de-extensao\/","title":{"rendered":"Comiss\u00e3o de Extens\u00e3o"},"content":{"rendered":"<h3>\u203a Apresenta\u00e7\u00e3o<\/h3>\n<p>A Comiss\u00e3o de Extens\u00e3o \u00e9 o\u00a0\u00f3rg\u00e3o consultivo e deliberativo da\u00a0Pr\u00f3-Reitoria de Extens\u00e3o,\u00a0encarregada de promover, acompanhar e avaliar as atividades de Extens\u00e3o Universit\u00e1ria no \u00e2mbito da Universidade.<\/p>\n<hr \/>\n<h3>\u203a Composi\u00e7\u00e3o<\/h3>\n<ul>\n<li>Pr\u00f3-Reitor de Extens\u00e3o (Presidente);<\/li>\n<li>Pr\u00f3-Reitor Adjunto (Vice-Presidente);<\/li>\n<li>Diretor de Institucionaliza\u00e7\u00e3o de A\u00e7\u00f5es de Extens\u00e3o (Secret\u00e1rio);<\/li>\n<li>Demais Diretores das Unidades Administrativas vinculadas \u00e0 PROEX;<\/li>\n<li>Representantes docentes de cada departamento acad\u00eamico do Campus Central e de cada campi avan\u00e7ado;<\/li>\n<li>Representante dos servidores t\u00e9cnico-administrativos;<\/li>\n<li>Representante discente;<\/li>\n<li>Representante da comunidade.<\/li>\n<\/ul>\n","protected":false},"excerpt":{"rendered":"<p>\u203a Apresenta\u00e7\u00e3o A Comiss\u00e3o de Extens\u00e3o \u00e9 o\u00a0\u00f3rg\u00e3o consultivo e deliberativo da\u00a0Pr\u00f3-Reitoria de Extens\u00e3o,\u00a0encarregada de promover, acompanhar e avaliar as atividades de Extens\u00e3o Universit\u00e1ria no \u00e2mbito da Universidade. \u203a Composi\u00e7\u00e3o Pr\u00f3-Reitor de Extens\u00e3o (Presidente); Pr\u00f3-Reitor Adjunto (Vice-Presidente); Diretor de Institucionaliza\u00e7\u00e3o de A\u00e7\u00f5es de Extens\u00e3o (Secret\u00e1rio); Demais Diretores das Unidades Administrativas vinculadas \u00e0 PROEX; Representantes docentes [&hellip;]<\/p>\n","protected":false},"author":2,"featured_media":0,"parent":0,"menu_order":0,"comment_status":"closed","ping_status":"closed","template":"","meta":{"footnotes":""},"class_list":["post-519","page","type-page","status-publish","hentry"],"_links":{"self":[{"href":"https:\/\/portal.uern.br\/proex\/wp-json\/wp\/v2\/pages\/519","targetHints":{"allow":["GET"]}}],"collection":[{"href":"https:\/\/portal.uern.br\/proex\/wp-json\/wp\/v2\/pages"}],"about":[{"href":"https:\/\/portal.uern.br\/proex\/wp-json\/wp\/v2\/types\/page"}],"author":[{"embeddable":true,"href":"https:\/\/portal.uern.br\/proex\/wp-json\/wp\/v2\/users\/2"}],"replies":[{"embeddable":true,"href":"https:\/\/portal.uern.br\/proex\/wp-json\/wp\/v2\/comments?post=519"}],"version-history":[{"count":2,"href":"https:\/\/portal.uern.br\/proex\/wp-json\/wp\/v2\/pages\/519\/revisions"}],"predecessor-version":[{"id":521,"href":"https:\/\/portal.uern.br\/proex\/wp-json\/wp\/v2\/pages\/519\/revisions\/521"}],"wp:attachment":[{"href":"https:\/\/portal.uern.br\/proex\/wp-json\/wp\/v2\/media?parent=519"}],"curies":[{"name":"wp","href":"https:\/\/api.w.org\/{rel}","templated":true}]}}