{"id":516,"date":"2023-02-14T10:39:16","date_gmt":"2023-02-14T13:39:16","guid":{"rendered":"http:\/\/beta.apps.uern.br\/wordpress\/proex\/?page_id=516"},"modified":"2025-10-24T11:26:53","modified_gmt":"2025-10-24T14:26:53","slug":"gestao","status":"publish","type":"page","link":"https:\/\/portal.uern.br\/proex\/gestao\/","title":{"rendered":"Equipe"},"content":{"rendered":"<h4>Gabinete<\/h4>\n<p><strong>Pr\u00f3-Reitor<\/strong><br \/>\nProf. Me. Esdras Marchezan Sales<br \/>\nEmail: proex@uern.br<\/p>\n<p><strong>Pr\u00f3-Reitora Adjunta<\/strong><br \/>\nProf\u00aa. Dr\u00aa. Am\u00e9lia Carolina Lopes Fernandes<br \/>\nEmail: ameliacarolina@uern.br<\/p>\n<p><strong>Assessoras\u00a0<\/strong><br \/>\nProf\u00aa Dra. Terezinha Cabral de Albuquerque Neta Barros<br \/>\nEmail: proex@uern.br<\/p>\n<p>Prof\u00aa Dra. Rosangela Diniz Cavalcante<br \/>\nEmail: proex@uern.br<\/p>\n<p><strong>Secret\u00e1ria<\/strong><br \/>\nTNS. Ana Cl\u00e9cia Lima<br \/>\nEmail: proex@uern.br<\/p>\n<p><strong>Assistente Administrativa<\/strong><br \/>\nA Definir<br \/>\nEmail: proex@uern.br<\/p>\n<p>&nbsp;<\/p>\n<hr \/>\n<p><strong>Diretoria de Extens\u00e3o (DIEX)<\/strong><\/p>\n<p><strong>Diretora<\/strong><br \/>\nProf\u00aa. Dr\u00aa Denise dos Santos Vasconcelos<br \/>\nEmail: diex.proex@uern.br<\/p>\n<p><strong>Secret\u00e1ria<\/strong><br \/>\nTNS Vilsemacia Alves Costa<br \/>\nEmail: diex.proex@uern.br<\/p>\n<p><strong>Departamento de Gest\u00e3o da Extens\u00e3o<\/strong><\/p>\n<p><strong>Chefe do Departamento<\/strong><br \/>\nTNS Geordana Fernandes<br \/>\nEmail: diex.proex@uern.br<\/p>\n<p><strong>Chefe do Setor de Institucionaliza\u00e7\u00e3o e Bolsas<\/strong><br \/>\nTNS Kalina Barreto<br \/>\nEmail: diex.proex@uern.br<\/p>\n<p><strong>Chefe do Setor de Avalia\u00e7\u00e3o e Acompanhamento<\/strong><br \/>\nTNS Ricardo Alves<br \/>\nEmail: diex.proex@uern.br<\/p>\n<p><strong>Assistente Administrativa<\/strong><br \/>\nTNS Erika Larissa de Oliveira<br \/>\nEmail: diex.proex@uern.br<\/p>\n<p>&nbsp;<\/p>\n<hr \/>\n<p><strong>Diretoria de Educa\u00e7\u00e3o, Cultura e Artes (DECA)<\/strong><\/p>\n<p><strong>Diretor<\/strong><br \/>\nProf. Me. Luiz Felipe Ferreira da Rocha Freitas<br \/>\nEmail: deca.proex@uern.br<\/p>\n<p><strong>Secret\u00e1ria<\/strong><br \/>\nTNS Gisla de Freitas Alves<br \/>\nEmail: deca.proex@uern.br<\/p>\n<p><strong>Departamento de Gest\u00e3o de A\u00e7\u00f5es Culturais e Art\u00edsticas<\/strong><\/p>\n<p><strong>Chefe do Departamento<\/strong><\/p>\n<p>A Definir<br \/>\nEmail: deca.proex@uern.br<\/p>\n<p><strong>Chefe do Setor de Produ\u00e7\u00e3o Cultural<\/strong><br \/>\nTNS\/Diretor Cultural Raimundo Nonato Santos da Costa<br \/>\nEmail: deca.proex@uern.br<\/p>\n<p><strong>Chefe do Setor de Eventos<\/strong><br \/>\nTNS Lu\u00eds Fl\u00e1vio Batista<br \/>\nEmail: deca.proex@uern.br<\/p>\n<p><strong>Coordenador do Grupo de Teatro Universit\u00e1rio (GRUTUM\/UERN)<\/strong><br \/>\nA Definir<br \/>\nEmail: deca.proex@uern.br<\/p>\n<p><strong>Coordenadora do Grupo de Dan\u00e7a Universit\u00e1rio (GRUDUM\/UERN)<\/strong><br \/>\nA Definir<br \/>\nEmail: deca.proex@uern.br<\/p>\n<p>&nbsp;<\/p>\n<hr \/>\n<p><strong>Diretoria de Educa\u00e7\u00e3o e A\u00e7\u00f5es Comunit\u00e1rias (DEAC)<\/strong><\/p>\n<p><strong>Diretor<\/strong><br \/>\nProf. Dr. Saulo Gomes Batista<br \/>\nEmail: deac.proex@uern.br<\/p>\n<p><strong>Secret\u00e1rio<\/strong><br \/>\nTNS. L\u00edrio Martins de Miranda J\u00fanior<br \/>\nEmail: deac.proex@uern.br<\/p>\n<p><strong>Departamento de Gest\u00e3o da Programas e Projetos<\/strong><\/p>\n<p><strong>Chefe do Departamento<\/strong><br \/>\nTNS Anne Lizabelle Leite Duarte Mascarenhas<br \/>\nEmail: deac.proex@uern.br<\/p>\n<p><strong>Chefe do Setor de Produ\u00e7\u00e3o e Eventos<\/strong><br \/>\nProf. Dr. Sidcley D\u00b4Sordi Alves Alegrini da Silva<br \/>\nEmail: deac.proex@uern.br<\/p>\n<p><strong>Chefe do Setor de Conv\u00eanios<\/strong><br \/>\nTNS M\u00e1rcio Alexandre da Concei\u00e7\u00e3o<br \/>\nEmail: deac.proex@uern.br<\/p>\n<p>&nbsp;<\/p>\n<hr \/>\n<p><strong>Escola da UERN (EdUCA)<\/strong><\/p>\n<p><strong>Diretora<\/strong><br \/>\nProf\u00aa. Dr\u00aa. Irene de Ara\u00fajo van den Berg<br \/>\nEmail: educa.proex@uern.br<\/p>\n<p><strong>Secret\u00e1ria<\/strong><br \/>\nTNS Josineide Santos Oliveira de Ara\u00fajo<br \/>\nEmail: educa.proex@uern.br<\/p>\n<p><strong>Departamento de Gest\u00e3o de Cursos<\/strong><\/p>\n<p><strong>Chefe do Departamento de Gest\u00e3o de Cursos<\/strong><br \/>\nProf\u00aa Dr\u00aa Andrea Jane da Silva<br \/>\nEmail: educa.proex@uern.br<\/p>\n<p><strong>Secret\u00e1rio do Departamento de Gest\u00e3o de Cursos<br \/>\n<\/strong>TNS Tiago Otac\u00edlio Pinto de Lima<br \/>\nEmail: educa.proex@uern.br<\/p>\n<p><strong>Assistente Administrativo do Departamento de Gest\u00e3o de Cursos<\/strong><br \/>\nTNS Bruno de Lira Alves<br \/>\nEmail: educa.proex@uern.br<\/p>\n<p><strong>Chefe do Setor de Cultura e Eventos<\/strong><br \/>\nTNS Marcela Karin Pereira Ribeiro<br \/>\nEmail: educa.proex@uern.br<\/p>\n<p><strong>Assistente Administrativo do Setor de Eventos <\/strong><br \/>\nTNM Alexandre Soares da Costa<br \/>\nEmail: educa.proex@uern.br<\/p>\n<p>&nbsp;<\/p>\n<hr \/>\n<p>&nbsp;<\/p>\n","protected":false},"excerpt":{"rendered":"<p>Gabinete Pr\u00f3-Reitor Prof. Me. Esdras Marchezan Sales Email: proex@uern.br Pr\u00f3-Reitora Adjunta Prof\u00aa. Dr\u00aa. Am\u00e9lia Carolina Lopes Fernandes Email: ameliacarolina@uern.br Assessoras\u00a0 Prof\u00aa Dra. Terezinha Cabral de Albuquerque Neta Barros Email: proex@uern.br Prof\u00aa Dra. Rosangela Diniz Cavalcante Email: proex@uern.br Secret\u00e1ria TNS. Ana Cl\u00e9cia Lima Email: proex@uern.br Assistente Administrativa A Definir Email: proex@uern.br &nbsp; Diretoria de Extens\u00e3o (DIEX) [&hellip;]<\/p>\n","protected":false},"author":2,"featured_media":0,"parent":0,"menu_order":0,"comment_status":"closed","ping_status":"closed","template":"","meta":{"footnotes":""},"class_list":["post-516","page","type-page","status-publish","hentry"],"_links":{"self":[{"href":"https:\/\/portal.uern.br\/proex\/wp-json\/wp\/v2\/pages\/516","targetHints":{"allow":["GET"]}}],"collection":[{"href":"https:\/\/portal.uern.br\/proex\/wp-json\/wp\/v2\/pages"}],"about":[{"href":"https:\/\/portal.uern.br\/proex\/wp-json\/wp\/v2\/types\/page"}],"author":[{"embeddable":true,"href":"https:\/\/portal.uern.br\/proex\/wp-json\/wp\/v2\/users\/2"}],"replies":[{"embeddable":true,"href":"https:\/\/portal.uern.br\/proex\/wp-json\/wp\/v2\/comments?post=516"}],"version-history":[{"count":18,"href":"https:\/\/portal.uern.br\/proex\/wp-json\/wp\/v2\/pages\/516\/revisions"}],"predecessor-version":[{"id":5594,"href":"https:\/\/portal.uern.br\/proex\/wp-json\/wp\/v2\/pages\/516\/revisions\/5594"}],"wp:attachment":[{"href":"https:\/\/portal.uern.br\/proex\/wp-json\/wp\/v2\/media?parent=516"}],"curies":[{"name":"wp","href":"https:\/\/api.w.org\/{rel}","templated":true}]}}