{"id":4937,"date":"2024-04-08T08:43:22","date_gmt":"2024-04-08T11:43:22","guid":{"rendered":"https:\/\/portal.uern.br\/proex\/?page_id=4937"},"modified":"2025-01-29T09:41:30","modified_gmt":"2025-01-29T12:41:30","slug":"perguntas-e-respostas","status":"publish","type":"page","link":"https:\/\/portal.uern.br\/proex\/perguntas-e-respostas\/","title":{"rendered":"Perguntas Frequentes"},"content":{"rendered":"<p style=\"text-align: center\"><strong>DIRETORIA DE EXTENS\u00c3O \u2013 DIEX\/PROEX<\/strong><\/p>\n<p style=\"text-align: left\"><strong>1. Como \u00e9 feito o cadastro de a\u00e7\u00e3o de extens\u00e3o na Uern?<\/strong><br \/>\nAs propostas de a\u00e7\u00f5es de extens\u00e3o devem ser cadastradas no Sistema de Informa\u00e7\u00e3o e Gest\u00e3o de Projetos de Extens\u00e3o &#8211; Sigproj\/Uern (link: <a href=\"https:\/\/sigproj.uern.br\">https:\/\/sigproj.uern.br<\/a>) e tramitar\u00e1 para aprova\u00e7\u00e3o de acordo com a Resolu\u00e7\u00e3o n\u00ba 14\/2017 que Aprova o Regulamento Geral da Extens\u00e3o da Uern (link:<a href=\"https:\/\/www.uern.br\/controledepaginas\/proex-documentos-legisla%C3%A7%C3%A3o\/arquivos\/1165resolua%C2%A7a%C2%A3o_14_2017_regulamento_geral_da_extensa%C2%A3o.pdf\"> Regulamento_Geral_da_Extens\u00e3o.pdf<\/a>)<br \/>\n<strong>2. Como recuperar senha no Sigproj?<\/strong><br \/>\nEnviar e-mail ao <a href=\"mailto:diex.proex@uern.br\">diex.proex@uern.br<\/a> solicitando a recupera\u00e7\u00e3o de senha.<br \/>\n<strong>3. Como solicitar certifica\u00e7\u00e3o de participa\u00e7\u00e3o em a\u00e7\u00f5es de extens\u00e3o?<\/strong><br \/>\nAp\u00f3s o envio do relat\u00f3rio final da a\u00e7\u00e3o pelo(a) coordenador(a), no Sigproj, os interessados devem enviar e-mail para o endere\u00e7o <a href=\"mailto:dia.proex@uern.br\">dia.proex@uern.br<\/a>. Cabe ressaltar que a certifica\u00e7\u00e3o dos participantes est\u00e1 condicionada \u00e0s informa\u00e7\u00f5es completas dos dados dos participantes no relat\u00f3rio.<br \/>\n<strong>4. Como posso ser bolsista de a\u00e7\u00f5es de extens\u00e3o?<\/strong><br \/>\nO Edital Pibex (Programa Institucional de Bolsas de Extens\u00e3o) \u00e9 publicado, anualmente, para a sele\u00e7\u00e3o de discentes da Uern (regularmente matriculados). O discente interessado em concorrer \u00e0 bolsa deve consultar a rela\u00e7\u00e3o de a\u00e7\u00f5es de extens\u00e3o<br \/>\naprovadas, de acordo com os cursos\/departamentos.<br \/>\n<strong>5. Quais os canais de comunica\u00e7\u00e3o para tirar d\u00favidas sobre a\u00e7\u00f5es, certifica\u00e7\u00f5es e bolsas de extens\u00e3o?<\/strong><br \/>\nA comunica\u00e7\u00e3o pode ser feita via e-mails: <a href=\"mailto:diex.proex@uern.br\">diex.proex@uern.br<\/a>; <a href=\"mailto:dia.proex@uern.br\">dia.proex@uern.br<\/a> e <a href=\"mailto:dgc.proex@uern.br\">dgc.proex@uern.br<\/a>.<\/p>\n<p style=\"text-align: center\"><strong>DIRETORIA DE DUCA\u00c7\u00c3O, CULTURA E ARTES \u2013 DECA\/PROEX<\/strong><\/p>\n<p style=\"text-align: left\"><strong>6. Quem pode participar dos grupos de teatro e dan\u00e7a da UERN?<\/strong><br \/>\nA sele\u00e7\u00e3o para integrantes do GRUTUM e GRUDUM \u00e9 aberta ao p\u00fablico em geral e realizada em fluxo cont\u00ednuo, por meio de informa\u00e7\u00f5es divulgadas nos meios de comunica\u00e7\u00e3o oficiais da UERN.<br \/>\n<strong>7. O que \u00e9 o FESTUERN? Como se inscrever para participar?<\/strong><br \/>\nO Festival de Teatro da Universidade do Estado do Rio Grande do Norte \u00e9 um programa interdisciplinar de Teatro Escolar, direcionado para institui\u00e7\u00f5es p\u00fablicas de ensino, que acontece anualmente desde 2003. As inscri\u00e7\u00f5es s\u00e3o realizadas por meio de edital divulgado nos meios de comunica\u00e7\u00e3o oficiais da UERN.<br \/>\n<strong>8. Posso solicitar atra\u00e7\u00f5es culturais na DECA para meu evento?<\/strong><br \/>\nSim. Temos grupos de teatro e dan\u00e7a e, al\u00e9m disso, dispomos de equipamento de som. A solicita\u00e7\u00e3o de qualquer um desses servi\u00e7os deve ser realizada por e-mail, com pelo menos tr\u00eas semanas de anteced\u00eancia, e nossa equipe informar\u00e1 a disponibilidade ou n\u00e3o de atender a demanda.<br \/>\n<strong>9. O que \u00e9 a DECA?<\/strong><br \/>\nA Diretoria de Educa\u00e7\u00e3o Cultura e Artes \u00e9 uma divis\u00e3o da PROEX e atua nestas \u00e1reas promovendo atividades de extens\u00e3o dentro e fora da Universidade.<\/p>\n<p>&nbsp;<\/p>\n<p style=\"text-align: center\"><strong>DIRETORIA DE DUCA\u00c7\u00c3O, E A\u00c7\u00d5ES COMUNIT\u00c1RIAS \u2013 DEAC\/PROEX<\/strong><\/p>\n<p class=\"western\" align=\"justify\"><strong>10. O que \u00e9 a DEAC?<\/strong><\/p>\n<p class=\"western\" align=\"justify\">Criada em setembro de 2022, a DEAC \u00e9 a diretoria que busca ampliar a interlocu\u00e7\u00e3o com a comunidade externa, levando a ela os projetos, a\u00e7\u00f5es, servi\u00e7os e atividades desenvolvidas pela UERN atrav\u00e9s da Extens\u00e3o.<\/p>\n<p class=\"western\" align=\"justify\">Atua articulando esses projetos, a\u00e7\u00f5es, servi\u00e7os e atividades desenvolvidas pela UERN atrav\u00e9s da Extens\u00e3o para que cheguem at\u00e9 as comunidades.<\/p>\n<p class=\"western\" align=\"justify\"><strong>11. Qual a miss\u00e3o da DEAC?<\/strong><br \/>\nA DEAC tem como principal objetivo fomentar a comunica\u00e7\u00e3o e o di\u00e1logo com a sociedade, firmando conv\u00eanios e\/ou parcerias com Institui\u00e7\u00f5es de Ensino, \u00d3rg\u00e3os governamentais e n\u00e3o governamentais, Entidades e Empresas. Atua ainda na promo\u00e7\u00e3o e prioriza\u00e7\u00e3o de a\u00e7\u00f5es que atendam aos interesses da comunidade regional por meio da atua\u00e7\u00e3o da Extens\u00e3o Universit\u00e1ria<\/p>\n<p>&nbsp;<\/p>\n<p><strong>12. Qual o hor\u00e1rio de funcionamento da PROEX?<\/strong><\/p>\n<p>Segunda-feira a sexta-feira, das 7h \u00e0s 18h; e segunda, ter\u00e7a e quarta-feira, das 18h50 \u00e0s 22h.<\/p>\n<p>&nbsp;<\/p>\n<p>&nbsp;<\/p>\n","protected":false},"excerpt":{"rendered":"<p>Se\u00e7\u00e3o com as principais perguntas e respostas sobre atua\u00e7\u00e3o, a\u00e7\u00f5es, eventos, projetos e atividades da Diretoria de Extens\u00e3o (DIEX), da Diretoria de Cultura e Artes (DECA) e Diretoria de Educa\u00e7\u00e3o e A\u00e7\u00f5es Comunit\u00e1rias (DEAC), \u00f3rg\u00e3os da Pr\u00f3-Reitoria de Extens\u00e3o (PROEX) <\/p>\n","protected":false},"author":2,"featured_media":0,"parent":0,"menu_order":0,"comment_status":"closed","ping_status":"closed","template":"","meta":{"footnotes":""},"class_list":["post-4937","page","type-page","status-publish","hentry"],"_links":{"self":[{"href":"https:\/\/portal.uern.br\/proex\/wp-json\/wp\/v2\/pages\/4937","targetHints":{"allow":["GET"]}}],"collection":[{"href":"https:\/\/portal.uern.br\/proex\/wp-json\/wp\/v2\/pages"}],"about":[{"href":"https:\/\/portal.uern.br\/proex\/wp-json\/wp\/v2\/types\/page"}],"author":[{"embeddable":true,"href":"https:\/\/portal.uern.br\/proex\/wp-json\/wp\/v2\/users\/2"}],"replies":[{"embeddable":true,"href":"https:\/\/portal.uern.br\/proex\/wp-json\/wp\/v2\/comments?post=4937"}],"version-history":[{"count":9,"href":"https:\/\/portal.uern.br\/proex\/wp-json\/wp\/v2\/pages\/4937\/revisions"}],"predecessor-version":[{"id":5307,"href":"https:\/\/portal.uern.br\/proex\/wp-json\/wp\/v2\/pages\/4937\/revisions\/5307"}],"wp:attachment":[{"href":"https:\/\/portal.uern.br\/proex\/wp-json\/wp\/v2\/media?parent=4937"}],"curies":[{"name":"wp","href":"https:\/\/api.w.org\/{rel}","templated":true}]}}