{"id":4320,"date":"2024-01-10T11:26:54","date_gmt":"2024-01-10T14:26:54","guid":{"rendered":"https:\/\/portal.uern.br\/proex\/?page_id=4320"},"modified":"2024-12-19T10:32:37","modified_gmt":"2024-12-19T13:32:37","slug":"2024-2","status":"publish","type":"page","link":"https:\/\/portal.uern.br\/proex\/2024-2\/","title":{"rendered":"2024"},"content":{"rendered":"<p><strong>EDITAL N.\u00ba 012\/2024 \u2013 PROEX\/UERN &#8211; ADITIVO DE PRORROGA\u00c7\u00c3O DE BOLSAS DO PIBEX UERN A\u00c7\u00c3O 2024<\/strong><\/p>\n<p><a href=\"https:\/\/portal.uern.br\/proex\/wp-content\/uploads\/2024\/12\/EDITAL-N\u00b0-012.2024-\u2013-PROEX.UERN-ADITIVO-1-1.pdf\">EDITAL N\u00b0 012.2024 \u2013 PROEX.UERN &#8211; ADITIVO<\/a><\/p>\n<p>&nbsp;<\/p>\n<p><strong>EDITAL N.\u00ba 011\/2024 \u2013 PROEX\/UERN<\/strong><\/p>\n<p><a href=\"https:\/\/portal.uern.br\/proex\/wp-content\/uploads\/2024\/09\/EDITAL-no-11.2024-GRUTUM-e-GRUDUM.pdf\">Edital n\u00ba 11.2024 &#8211;\u00a0 Chamamento de inscri\u00e7\u00f5es para a comunidade interna e externa para participa\u00e7\u00e3o no Grupo de Teatro Universit\u00e1rio (GRUTUM) e Grupo de Dan\u00e7a Universit\u00e1rio de Mossor\u00f3 (GRUDUM)<\/a><\/p>\n<p><a href=\"https:\/\/portal.uern.br\/proex\/wp-content\/uploads\/2024\/09\/Aditivo-no-01-ao-Edital-no-011-2024-Proex-Uern.pdf\">Aditivo n\u00ba 01 ao Edital n\u00ba 011-2024-Proex-Uern<\/a><\/p>\n<p>&nbsp;<\/p>\n<p><strong>EDITAL N.\u00ba\u00a0 010\/2024-PIBEX UERN A\u00c7\u00c3O: ARTE E EDUCA\u00c7\u00c3O (MATR\u00cdCULAS DE VAGAS REMANESCENTES)<\/strong><\/p>\n<p><a href=\"https:\/\/portal.uern.br\/proex\/wp-content\/uploads\/2024\/08\/Edital-no-10-2024-Matriculas-para-ocupacao-das-vagas-remanescenes-UERN-ACAO.pdf\">Edital n\u00ba 10-2024 Matr\u00edculas para ocupa\u00e7\u00e3o das vagas remanescenes &#8211; UERN A\u00c7\u00c3O.<\/a><\/p>\n<p>&nbsp;<\/p>\n<p><strong>EDITAL N.\u00ba\u00a0 009\/2024-PROEX\/UERN &#8211; PIBEX UERN A\u00c7\u00c3O<\/strong><\/p>\n<p><a href=\"https:\/\/portal.uern.br\/proex\/wp-content\/uploads\/2024\/08\/Edital-no-009-2024-Pibex-Uern-Acao.pdf\">Edital n\u00ba 009-2024-Pibex Uern A\u00e7\u00e3o<\/a><\/p>\n<p><a href=\"https:\/\/portal.uern.br\/proex\/wp-content\/uploads\/2024\/08\/Edital-n\u00b0-9-Proex-Resultado-Parcial.pdf\">Edital n\u00b0 9 &#8211; Proex &#8211; Resultado Parcial<\/a><\/p>\n<p><a href=\"https:\/\/portal.uern.br\/proex\/wp-content\/uploads\/2024\/08\/Edital-n\u00b0-009.2024-\u2013-PROEX.UERN-RESULTADO-FINAL.pdf\">Edital n\u00b0 009.2024 \u2013 PROEX.UERN &#8211; RESULTADO FINAL<\/a><\/p>\n<p>&nbsp;<\/p>\n<p><strong>EDITAL N.\u00ba\u00a0 008\/2024-PROEX\/UERN &#8211; EDITAL DE CARGA HOR\u00c1RIA &#8211; SEMESTRES 2025.1 e 2025.2<\/strong><\/p>\n<p><a href=\"https:\/\/portal.uern.br\/proex\/wp-content\/uploads\/2024\/08\/Edital-no-008-2024-Proex-Uern.pdf\">Edital n\u00ba 008-2024-Proex-Uern<\/a><\/p>\n<p><a href=\"https:\/\/portal.uern.br\/proex\/wp-content\/uploads\/2024\/08\/Aditivo-no-01-ao-Edital-no-08.2024.pdf\">Aditivo n\u00ba 01 ao Edital n\u00ba 08.2024 (Retifica\u00e7\u00e3o ao item 2.1)<\/a><\/p>\n<p><a href=\"https:\/\/portal.uern.br\/proex\/wp-content\/uploads\/2024\/09\/Tutorial_de_acesso_aos_pareceres_tecnico_e_cientifico.pdf\">Tutorial_de_acesso_aos_pareceres_tecnico_e_cientifico<\/a><\/p>\n<p><a href=\"https:\/\/portal.uern.br\/proex\/wp-content\/uploads\/2024\/09\/Formulario-de-recurso.docx\">Formul\u00e1rio de recurso<\/a><\/p>\n<p><a href=\"https:\/\/portal.uern.br\/proex\/wp-content\/uploads\/2024\/09\/Aditivo-no-2-Edital-no-08-2024-PROEX-UERN.pdf\">Aditivo n\u00ba 2 &#8211; Edital n\u00ba 08-2024- PROEX-UERN<\/a><\/p>\n<p><a href=\"https:\/\/portal.uern.br\/proex\/wp-content\/uploads\/2024\/09\/Resultado-Parcial-Edital-no-08-2024-CH-2025.1-e-2025.2.pdf\">Resultado Parcial &#8211; Edital n\u00ba 08-2024 &#8211; CH 2025.1 e 2025.2<\/a><\/p>\n<p><a href=\"https:\/\/portal.uern.br\/proex\/wp-content\/uploads\/2024\/10\/RESULTADO-FINAL-EDITAL-No-008-2024.pdf\">RESULTADO FINAL &#8211; EDITAL N\u00ba 008-2024<\/a><\/p>\n<p>&nbsp;<\/p>\n<p><strong>EDITAL N.\u00ba\u00a0 007\/2024-PROEX\/NEEL &#8211; BOLSAS<\/strong><\/p>\n<p><a href=\"https:\/\/portal.uern.br\/proex\/wp-content\/uploads\/2024\/06\/Edital-No-007-2024-PROEX-e-NEEL-BOLSAS.pdf\">Edital N\u00ba 007-2024 &#8211; PROEX e NEEL &#8211; BOLSAS<\/a><\/p>\n<p>&nbsp;<\/p>\n<p><strong>EDITAL N.\u00ba\u00a0 006\/2024-PROEX\/UERN &#8211; PIBEX UERN A\u00c7\u00c3O (VAGA: TEATRO)<\/strong><\/p>\n<p><a href=\"https:\/\/portal.uern.br\/proex\/wp-content\/uploads\/2024\/04\/Edital-06.2024-Uern-Acao.pdf\">Edital 06.2024 &#8211; Uern A\u00e7\u00e3o<\/a><\/p>\n<p><a href=\"https:\/\/portal.uern.br\/proex\/wp-content\/uploads\/2024\/04\/Aditivo-n.-001-edital-n.-006-2024.pdf\">Aditivo n. 001 edital n. 006-2024<\/a><\/p>\n<p><a href=\"https:\/\/portal.uern.br\/proex\/wp-content\/uploads\/2024\/04\/Aditivo-n.-002-ao-Edital-006.2024-PROEX.UERN_.pdf\">Aditivo n. 002 ao Edital 006.2024 &#8211; PROEX.UERN<\/a><\/p>\n<p><a href=\"https:\/\/portal.uern.br\/proex\/wp-content\/uploads\/2024\/05\/Resultado-PARCIAL-Edital-06.2024.pdf\">Resultado PARCIAL Edital 06.2024<\/a><\/p>\n<p><a href=\"https:\/\/portal.uern.br\/proex\/wp-content\/uploads\/2024\/05\/Resultado-Final-Edital-no-06-2024-1.pdf\">Resultado Final -Edital n\u00ba 06-2024<\/a><\/p>\n<p>&nbsp;<\/p>\n<p>&nbsp;<\/p>\n<p><strong>EDITAL N.\u00ba\u00a0 005\/2024-PROEX\/UERN &#8211; PIBEX 2024 &#8211; AMBULAT\u00d3RIOS<\/strong><\/p>\n<p><a href=\"https:\/\/portal.uern.br\/proex\/wp-content\/uploads\/2024\/03\/Edital-no-05.2024-PIBEX-AMBULATORIOS.pdf\">Edital n\u00ba 05\/2024-Proex\/Uern<\/a><\/p>\n<p><a href=\"https:\/\/portal.uern.br\/proex\/wp-content\/uploads\/2024\/04\/Aditivo-no-1-Edital-05.2024-UERN.PROEX_.pdf\">Aditivo n\u00ba 1 &#8211; Edital 05.2024 &#8211; UERN.PROEX<\/a><\/p>\n<p><a href=\"https:\/\/portal.uern.br\/proex\/wp-content\/uploads\/2024\/04\/Resultado-Parcial_RETIFICADO.pdf\">Resultado Parcial_RETIFICADO<\/a><\/p>\n<p><a href=\"https:\/\/portal.uern.br\/proex\/wp-content\/uploads\/2024\/05\/Resultado-Final_Pibex-2024_Ambulatorios.pdf\">Resultado Final_Pibex 2024_Ambulat\u00f3rios<\/a><\/p>\n<p>&nbsp;<\/p>\n<p>&nbsp;<\/p>\n<p><strong>EDITAL N.\u00ba\u00a0 004\/2024-PROEX\/UERN &#8211; PIBEX 2024 &#8211; PROJETOS DE EXTENS\u00c3O<\/strong><\/p>\n<p><a href=\"https:\/\/portal.uern.br\/proex\/wp-content\/uploads\/2024\/03\/Edital-n\u00b0-04.2024-\u2013-ProexUern-PIBEX.pdf\">Edital n\u00b0 04\/2024 \u2013 ProexUern &#8211; PIBEX<\/a><\/p>\n<p><a href=\"https:\/\/portal.uern.br\/proex\/wp-content\/uploads\/2024\/04\/Anexo-I-Edital-Pibex-2024-Retificado.pdf\">Anexo I Edital Pibex 2024 &#8211; Retificado<\/a><\/p>\n<p><a href=\"https:\/\/portal.uern.br\/proex\/wp-content\/uploads\/2024\/03\/ANEXOS-II-A-VII-PIBEX-2024.docx\">Anexos II a VII<\/a><\/p>\n<p><a href=\"https:\/\/portal.uern.br\/proex\/wp-content\/uploads\/2024\/04\/Aditivo-no-1-Edital-04.2024-UERN.PROEX_.pdf\">Aditivo n\u00ba 1 &#8211; Edital 04.2024 &#8211; UERN.PROEX<\/a><\/p>\n<p><a href=\"https:\/\/portal.uern.br\/proex\/wp-content\/uploads\/2024\/04\/Resultado-Parcial_Retificado-1.pdf\">Resultado Parcial_Retificado<\/a><\/p>\n<p><a href=\"https:\/\/portal.uern.br\/proex\/wp-content\/uploads\/2024\/05\/Resultado-Final_Pibex-2024-Projetos-de-Extensao.pdf\">Resultado Final_Pibex 2024 &#8211; Projetos de Extens\u00e3o<\/a><\/p>\n<p><a href=\"https:\/\/portal.uern.br\/proex\/wp-content\/uploads\/2024\/06\/Aditivo-no-02-Edital-004-2024-Pibex-1.pdf\">Aditivo n\u00ba 02 Edital 004-2024 Pibex<\/a><\/p>\n<p>&nbsp;<\/p>\n<p><strong>EDITAL N.\u00ba 003\/2024-NELL &#8211; MATR\u00cdCULAS &#8211; SEMESTRE 2024.2<\/strong><\/p>\n<p><a href=\"https:\/\/portal.uern.br\/proex\/wp-content\/uploads\/2024\/06\/EDITAL-No-03-2024-NEEL-MATRICULAS-SEMESTRE-2024.2-ok-2-1.pdf\">EDITAL N\u00ba 03-2024 NEEL &#8211; MATRICULAS SEMESTRE 2024.2<\/a><\/p>\n<p>&nbsp;<\/p>\n<p><strong>EDITAL N.\u00ba 003\/2024-PROEX\/UERN &#8211; UERN A\u00c7\u00c3O: ARTE E EDUCA\u00c7\u00c3O (MATR\u00cdCULAS)<\/strong><\/p>\n<p><a href=\"https:\/\/portal.uern.br\/proex\/wp-content\/uploads\/2024\/03\/Edital-no-03.2024_Deca.pdf\">Edital<\/a><\/p>\n<p>&nbsp;<\/p>\n<p><strong>EDITAL N.\u00ba 002\/2024-PROEX\/UERN &#8211; PIBEX UERN A\u00c7\u00c3O 2024 (SELE\u00c7\u00c3O DE BOLSAS)<\/strong><\/p>\n<p><a href=\"https:\/\/portal.uern.br\/proex\/wp-content\/uploads\/2024\/03\/Edital-no-02-Pibex-UERN-ACAO.pdf\">Edital<\/a><\/p>\n<p><a href=\"https:\/\/portal.uern.br\/proex\/wp-content\/uploads\/2024\/03\/Aditivo-001-ao-Edital-no-02-2024-PIBEX-UERN-ACAO.pdf\">Aditivo n\u00ba 001 &#8211; Altera Cronograma<\/a><\/p>\n<p><a href=\"https:\/\/portal.uern.br\/proex\/wp-content\/uploads\/2024\/03\/EDITAL-N\u00b0-02.2024_Resultado-Parcial.pdf\">Resultado Parcial<\/a><\/p>\n<p><a href=\"https:\/\/portal.uern.br\/proex\/wp-content\/uploads\/2024\/03\/Aditivo-no-2-Edital-02.2024-UERN.PROEX_.pdf\">Aditivo n\u00ba 002 (Retifica\u00e7\u00e3o do Resultado Parcial)<\/a><\/p>\n<p><a href=\"https:\/\/portal.uern.br\/proex\/wp-content\/uploads\/2024\/03\/Resultado-FINAL-Edital-02.2024.pdf\">Resultado Final<\/a><\/p>\n<p>&nbsp;<\/p>\n<p><strong>EDITAL N.\u00ba 001\/2024-NEEL\/PROEX\/UERN &#8211; MATR\u00cdCULAS CURSOS DE IDIOMAS (2024.1 E 2024.2)<\/strong><\/p>\n<p><a href=\"https:\/\/portal.uern.br\/proex\/wp-content\/uploads\/2024\/03\/EDITAL-No-01-2024-NEEL-MATRICULAS-SEMESTRE-2024.1.pdf\">Edital<\/a><\/p>\n","protected":false},"excerpt":{"rendered":"<p>EDITAL N.\u00ba 012\/2024 \u2013 PROEX\/UERN &#8211; ADITIVO DE PRORROGA\u00c7\u00c3O DE BOLSAS DO PIBEX UERN A\u00c7\u00c3O 2024 EDITAL N\u00b0 012.2024 \u2013 PROEX.UERN &#8211; ADITIVO &nbsp; EDITAL N.\u00ba 011\/2024 \u2013 PROEX\/UERN Edital n\u00ba 11.2024 &#8211;\u00a0 Chamamento de inscri\u00e7\u00f5es para a comunidade interna e externa para participa\u00e7\u00e3o no Grupo de Teatro Universit\u00e1rio (GRUTUM) e Grupo de Dan\u00e7a Universit\u00e1rio [&hellip;]<\/p>\n","protected":false},"author":2,"featured_media":0,"parent":0,"menu_order":0,"comment_status":"closed","ping_status":"closed","template":"","meta":{"footnotes":""},"class_list":["post-4320","page","type-page","status-publish","hentry"],"_links":{"self":[{"href":"https:\/\/portal.uern.br\/proex\/wp-json\/wp\/v2\/pages\/4320","targetHints":{"allow":["GET"]}}],"collection":[{"href":"https:\/\/portal.uern.br\/proex\/wp-json\/wp\/v2\/pages"}],"about":[{"href":"https:\/\/portal.uern.br\/proex\/wp-json\/wp\/v2\/types\/page"}],"author":[{"embeddable":true,"href":"https:\/\/portal.uern.br\/proex\/wp-json\/wp\/v2\/users\/2"}],"replies":[{"embeddable":true,"href":"https:\/\/portal.uern.br\/proex\/wp-json\/wp\/v2\/comments?post=4320"}],"version-history":[{"count":60,"href":"https:\/\/portal.uern.br\/proex\/wp-json\/wp\/v2\/pages\/4320\/revisions"}],"predecessor-version":[{"id":5252,"href":"https:\/\/portal.uern.br\/proex\/wp-json\/wp\/v2\/pages\/4320\/revisions\/5252"}],"wp:attachment":[{"href":"https:\/\/portal.uern.br\/proex\/wp-json\/wp\/v2\/media?parent=4320"}],"curies":[{"name":"wp","href":"https:\/\/api.w.org\/{rel}","templated":true}]}}