{"id":4076,"date":"2023-12-06T12:34:07","date_gmt":"2023-12-06T15:34:07","guid":{"rendered":"https:\/\/portal.uern.br\/proex\/?page_id=4076"},"modified":"2024-08-07T13:16:49","modified_gmt":"2024-08-07T16:16:49","slug":"anais","status":"publish","type":"page","link":"https:\/\/portal.uern.br\/proex\/anais\/","title":{"rendered":"Anais"},"content":{"rendered":"<ul>\n<li><strong>2024<\/strong><\/li>\n<\/ul>\n<p>X Sal\u00e3o de Extens\u00e3o: III ELO UERN A Universidade junto \u00e0 comunidade<\/p>\n<p><a href=\"https:\/\/portal.uern.br\/eduern\/obras-2024\/\">Anais<\/a><\/p>\n<p>&nbsp;<\/p>\n<ul>\n<li><strong>2023<\/strong><\/li>\n<\/ul>\n<p style=\"text-align: left\">IX Sal\u00e3o de Extensao: II ELO-UERN\u00a0 A Universidade junto \u00e0 Comunidade<\/p>\n<p><a href=\"https:\/\/portal.uern.br\/eduern\/wp-content\/uploads\/sites\/14\/2024\/05\/Anais-do-IX-Salao-de-Extensao-II-ELO-Uern-a-Universidade-junto-a-comunidade-1.pdf\">Anais<\/a><\/p>\n<p>&nbsp;<\/p>\n<ul>\n<li><strong>2022<\/strong><\/li>\n<\/ul>\n<p>VIII Sal\u00e3o de Extensao: ELO-UERN A Universidade junto \u00e0 Comunidade<\/p>\n<p><a href=\"https:\/\/portal.uern.br\/proex\/wp-content\/uploads\/2024\/02\/Anais-do-VIII-Salao-de-Extensao-ELO-UERN-a-universidade-junto-a-comunidade.pdf\">Anais<\/a><\/p>\n<p>&nbsp;<\/p>\n<ul>\n<li><strong>2021<\/strong><\/li>\n<\/ul>\n<p>VII Sal\u00e3o de Extens\u00e3o da UERN<\/p>\n<p><a href=\"https:\/\/portal.uern.br\/proex\/wp-content\/uploads\/2024\/06\/E-book-Anais-do-VII-Salao-de-Extensao-da-Uern.pdf\">Anais<\/a><\/p>\n<p>&nbsp;<\/p>\n<ul>\n<li><strong>2020<\/strong><\/li>\n<\/ul>\n<p>VI Sal\u00e3o de Extens\u00e3o<\/p>\n<p>Anais (em constru\u00e7\u00e3o)<\/p>\n<ul>\n<li><strong>2019<\/strong><\/li>\n<\/ul>\n<p>V Sal\u00e3o de Extens\u00e3o<\/p>\n<p>Anais (em constru\u00e7\u00e3o)<\/p>\n<p>Certificados<\/p>\n<ul>\n<li><a href=\"https:\/\/drive.google.com\/open?id=1jhAmOdBtTq45E_K91BC3EF4j602FEWAL\">Assu<\/a><\/li>\n<li><a href=\"https:\/\/drive.google.com\/open?id=1BlVbek7dDE3xNuQnlDmKU9_sYQJR9Gd6\">Caic\u00f3<\/a><\/li>\n<li><a href=\"https:\/\/drive.google.com\/open?id=1Th1BfdChQZH5PtjkN5BsYaNxJIyUr_LH\">Mossor\u00f3<\/a><\/li>\n<li><a href=\"https:\/\/drive.google.com\/open?id=13lmMXDMeJXuQ75u0Jfxz2p5fBynrPCbr\">Natal<\/a><\/li>\n<li><a href=\"https:\/\/drive.google.com\/open?id=1s5sqsTDL7RpWk6SWuCOilMuXDjHLRcDk\">Patu<\/a><\/li>\n<li><a href=\"https:\/\/drive.google.com\/open?id=1lzE_lql2jXZdxiYIEo_QN7oSohkUNhy4\">Pau dos Ferros<\/a><\/li>\n<\/ul>\n<p>&nbsp;<\/p>\n<ul>\n<li><strong>2018<\/strong><\/li>\n<\/ul>\n<p>XI Col\u00f3quio de Extens\u00e3o e IV Sal\u00e3o de Extens\u00e3o<\/p>\n<p>Anais (em constru\u00e7\u00e3o)<\/p>\n<p>Certificados<\/p>\n<ul>\n<li><a href=\"https:\/\/drive.google.com\/open?id=1kLjMIwbo-DKGv8xVQSKET9B4HF4rgWAk\">Assu<\/a><\/li>\n<li><a href=\"https:\/\/drive.google.com\/open?id=1zCN7CT_Fgypt5ux6pcOzlABHw6iesocO\">Caic\u00f3<\/a><\/li>\n<li><a href=\"https:\/\/drive.google.com\/open?id=1nsGIW5u-C65REPfnIcurbmL30E3cJ3pP\">Patu<\/a><\/li>\n<li><a href=\"https:\/\/drive.google.com\/open?id=16FTVVZZlQC7iGI91P1CB1KxwjED7v0_u\">Pau dos Ferros<\/a><\/li>\n<li><a href=\"https:\/\/drive.google.com\/open?id=1henHckcWgZ5P1d2rzyxEDomNDepNpCl0\">Mossor\u00f3<\/a><\/li>\n<li><a href=\"https:\/\/drive.google.com\/open?id=11AfED5M_07FKD1aN5pdzCLkXDiSd96A0\">Natal<\/a><\/li>\n<li><a href=\"https:\/\/drive.google.com\/open?id=1eUboBmfzljoUtpASxhFvw1SKokEWjw8v\">Primeiros colocados<\/a><\/li>\n<\/ul>\n<p>&nbsp;<\/p>\n<ul>\n<li><strong>2017<\/strong><\/li>\n<\/ul>\n<p>X Col\u00f3quio de Extens\u00e3o e III Sal\u00e3o de Extens\u00e3o<\/p>\n<p><a href=\"https:\/\/www.uern.br\/controledepaginas\/proex-coloquio-2017\/arquivos\/5169anais_x_2017_isbn.pdf\">Anais<\/a><\/p>\n<p><a href=\"https:\/\/drive.google.com\/drive\/folders\/1O5afLorG_bvmo6cxa3kNOulHjuuyoHhG\">Certificados<\/a><\/p>\n<ul>\n<li><strong>2016<\/strong><\/li>\n<\/ul>\n<p>IX Col\u00f3quio de Extens\u00e3o e II Sal\u00e3o de Extens\u00e3o<\/p>\n<p><a href=\"https:\/\/www.uern.br\/controledepaginas\/proex-coloquio-2016\/arquivos\/5171anais_ix_cola%C2%B3quio_de_extensa%C2%A3o_da_uern_2016.pdf\">Anais<\/a><\/p>\n<p><a href=\"https:\/\/drive.google.com\/drive\/folders\/1gSmQx8ACme8NZo9_ViEVFEFYCa39NlLv?usp=sharing\">Certificados<\/a><\/p>\n<ul>\n<li><strong>2015<\/strong><\/li>\n<\/ul>\n<p>VIII Col\u00f3quio de Extens\u00e3o e I Sal\u00e3o de Extens\u00e3o<\/p>\n<p><a href=\"https:\/\/www.uern.br\/controledepaginas\/proex-coloquio-2015\/arquivos\/5170anais_viii_cola%C2%B3quio_de_extensa%C2%A3o_da_uern_2015.pdf\">Anais<\/a><\/p>\n<p>Certificados<\/p>\n","protected":false},"excerpt":{"rendered":"<p>2024 X Sal\u00e3o de Extens\u00e3o: III ELO UERN A Universidade junto \u00e0 comunidade Anais &nbsp; 2023 IX Sal\u00e3o de Extensao: II ELO-UERN\u00a0 A Universidade junto \u00e0 Comunidade Anais &nbsp; 2022 VIII Sal\u00e3o de Extensao: ELO-UERN A Universidade junto \u00e0 Comunidade Anais &nbsp; 2021 VII Sal\u00e3o de Extens\u00e3o da UERN Anais &nbsp; 2020 VI Sal\u00e3o de [&hellip;]<\/p>\n","protected":false},"author":3,"featured_media":0,"parent":0,"menu_order":0,"comment_status":"closed","ping_status":"closed","template":"","meta":{"footnotes":""},"class_list":["post-4076","page","type-page","status-publish","hentry"],"_links":{"self":[{"href":"https:\/\/portal.uern.br\/proex\/wp-json\/wp\/v2\/pages\/4076","targetHints":{"allow":["GET"]}}],"collection":[{"href":"https:\/\/portal.uern.br\/proex\/wp-json\/wp\/v2\/pages"}],"about":[{"href":"https:\/\/portal.uern.br\/proex\/wp-json\/wp\/v2\/types\/page"}],"author":[{"embeddable":true,"href":"https:\/\/portal.uern.br\/proex\/wp-json\/wp\/v2\/users\/3"}],"replies":[{"embeddable":true,"href":"https:\/\/portal.uern.br\/proex\/wp-json\/wp\/v2\/comments?post=4076"}],"version-history":[{"count":24,"href":"https:\/\/portal.uern.br\/proex\/wp-json\/wp\/v2\/pages\/4076\/revisions"}],"predecessor-version":[{"id":5182,"href":"https:\/\/portal.uern.br\/proex\/wp-json\/wp\/v2\/pages\/4076\/revisions\/5182"}],"wp:attachment":[{"href":"https:\/\/portal.uern.br\/proex\/wp-json\/wp\/v2\/media?parent=4076"}],"curies":[{"name":"wp","href":"https:\/\/api.w.org\/{rel}","templated":true}]}}