{"id":2988,"date":"2023-08-22T08:32:46","date_gmt":"2023-08-22T11:32:46","guid":{"rendered":"https:\/\/portal.uern.br\/proex\/?page_id=2988"},"modified":"2026-02-20T09:56:01","modified_gmt":"2026-02-20T12:56:01","slug":"parcerias","status":"publish","type":"page","link":"https:\/\/portal.uern.br\/proex\/parcerias\/","title":{"rendered":"Conv\u00eanios e Acordos de Coopera\u00e7\u00e3o"},"content":{"rendered":"<p style=\"text-align: left\" align=\"center\"><strong>2026<\/strong><\/p>\n<p style=\"text-align: left\" align=\"center\"><strong>FUERN e Secretaria de Estado das Mulheres, da Juventude, da Igualdade Racial e dos Direitos Humanos (Processo SEI &#8211; 04410002.000833\/2026-81)<\/strong><\/p>\n<p style=\"text-align: left\" align=\"center\"><a href=\"https:\/\/portal.uern.br\/proex\/wp-content\/uploads\/2026\/02\/SEI_39243472_Acordo_de_Cooperacao_Tecnica_4__1_.pdf\">Acordo_de_Coopera\u00e7\u00e3o<\/a><\/p>\n<p style=\"text-align: left\" align=\"center\"><a href=\"https:\/\/portal.uern.br\/proex\/wp-content\/uploads\/2026\/02\/Plano_de_Trabalho_2026.pdf\">Plano_de_Trabalho<\/a><\/p>\n<p style=\"text-align: left\" align=\"center\"><strong>2025<\/strong><\/p>\n<p style=\"text-align: left\" align=\"center\"><strong>FUERN e Companhia P\u00e3o Doce de Teatro (Processo SEI -04410024.000579\/2025-82)<\/strong><\/p>\n<p style=\"text-align: left\" align=\"center\"><a href=\"https:\/\/portal.uern.br\/proex\/wp-content\/uploads\/2025\/06\/MINUTA_TERMO_DE_PARCERIA_FUERN_PAO_DOCE_assinado-1.pdf\">Acordo de Coopera\u00e7\u00e3o<\/a><\/p>\n<p style=\"text-align: left\" align=\"center\"><a href=\"https:\/\/portal.uern.br\/proex\/wp-content\/uploads\/2025\/06\/MINUTA_DE_PLANO_DE_TRABALHO_PAO_DOCE_DE_TEATRO__2_-5.pdf\">Plano de Trabalho<\/a><\/p>\n<p style=\"text-align: left\" align=\"center\"><strong>FUERN e Funda\u00e7\u00e3o para o Desenvolvimento da Ci\u00eancia, Tecnologia e Inova\u00e7\u00e3o do RN\/FUNCITERN (Processo SEI -04410024.000663\/2025-04)<\/strong><\/p>\n<p style=\"text-align: left\" align=\"center\"><a href=\"https:\/\/portal.uern.br\/proex\/wp-content\/uploads\/2025\/06\/Acordo-de-cooperacao-Fuern-e-Funcitern.pdf\">Acordo de coopera\u00e7\u00e3o<\/a><\/p>\n<p style=\"text-align: left\" align=\"center\"><a href=\"https:\/\/portal.uern.br\/proex\/wp-content\/uploads\/2025\/06\/MINUTAPLANODETRABALHOFUNCITERNXIX_FESTUERN2025-2.doc\">Plano de Trabalho<\/a><\/p>\n<p style=\"text-align: left\" align=\"center\"><strong>FUERN e Companhia A M\u00e1scara de Teatro (Processo SEI -04410024.001274\/2025-98)<\/strong><\/p>\n<p style=\"text-align: left\" align=\"center\"><a href=\"https:\/\/portal.uern.br\/proex\/wp-content\/uploads\/2025\/06\/FUERN_CIA_A_MASCARA___ACORDO_DE_COOPERACAO___Alterado__5___1__assinado.pdf\">Acordo de Coopera\u00e7\u00e3o<\/a><\/p>\n<p style=\"text-align: left\" align=\"center\"><a href=\"https:\/\/portal.uern.br\/proex\/wp-content\/uploads\/2025\/06\/Plano_de_Trabalho_Fuern_e_Mascara___Ok.pdf\">Plano_de_Trabalho<\/a><\/p>\n<p style=\"text-align: left\" align=\"center\"><strong>FUERN e Grupo de Teatro O Pessoal do Tarar\u00e1 (Processo SEI -04410024.001274\/2025-98)<\/strong><\/p>\n<p style=\"text-align: left\" align=\"center\"><a href=\"https:\/\/portal.uern.br\/proex\/wp-content\/uploads\/2025\/06\/MINUTA_TERMO_DE_COOPERACAO___FUERN_E_O_PESSOAL_DO_TARARA___Alterada__5.pdf\">Acordo de Coopera\u00e7\u00e3o <\/a><\/p>\n<p style=\"text-align: left\" align=\"center\"><a href=\"https:\/\/portal.uern.br\/proex\/wp-content\/uploads\/2025\/06\/MINUTA___Plano_de_Trabalho_Fuern_e_Grupo_de_Teatro_O_Pessoal_do_Tarara-7.pdf\">Plano_de_Trabalho<\/a><\/p>\n<p style=\"text-align: left\" align=\"center\"><strong>FUERN e Companhia Escarc\u00e9u de Teatro (Processo SEI &#8211; 04410024.001319\/2025-24)<\/strong><\/p>\n<p style=\"text-align: left\" align=\"center\"><a href=\"https:\/\/portal.uern.br\/proex\/wp-content\/uploads\/2025\/06\/ACORDO_DE_COOPERACAO_FUERN_e_CIA_ESCARCEU_DE_TEATRO___ATUAL-1.pdf\">Acordo de Coopera\u00e7\u00e3o<\/a><\/p>\n<p style=\"text-align: left\" align=\"center\"><a href=\"https:\/\/portal.uern.br\/proex\/wp-content\/uploads\/2025\/06\/MINUTA___Plano_de_Trabalho_Fuern_e_Cia_Escarceu_de_Teatro___Ajustado-2.docx\">Plano_de_Trabalho<\/a><\/p>\n<p style=\"text-align: left\" align=\"center\"><strong>FUERN e Associa\u00e7\u00e3o dos Pais e Amigos dos Excepcionais (Processo SEI &#8211; 04410024.004359\/2024-47)<\/strong><\/p>\n<p style=\"text-align: left\" align=\"center\"><a href=\"https:\/\/portal.uern.br\/proex\/wp-content\/uploads\/2025\/03\/Acordo-de-Cooperacao-Apae.pdf\">Acordo de Coopera\u00e7\u00e3o<\/a><\/p>\n<p style=\"text-align: left\" align=\"center\"><a href=\"https:\/\/portal.uern.br\/proex\/wp-content\/uploads\/2025\/02\/Plano_de_Trabalho_Fuern_e_Apae.pdf\">Plano_de_Trabalho<\/a><\/p>\n<p style=\"text-align: left\" align=\"center\"><strong>FUERN e Funda\u00e7\u00e3o Irm\u00e3 Lindalva (Processo SEI &#8211; 04410024.001853\/2025-31)<\/strong><\/p>\n<p style=\"text-align: left\" align=\"center\"><a href=\"https:\/\/portal.uern.br\/proex\/wp-content\/uploads\/2025\/09\/FUNDACAO_IRMA_LINDALVA___FUERN___ACORDO_DE_COOPERACAO__1___283_29_assinado__1_-1.pdf\">Acordo de Coopera\u00e7\u00e3o<\/a><\/p>\n<p style=\"text-align: left\" align=\"center\"><a href=\"https:\/\/portal.uern.br\/proex\/wp-content\/uploads\/2025\/09\/Plano_de_Trabalho_Fuern_e_Fundacao_Irma_Lindalva.docx\">Plano_de_Trabalho<\/a><\/p>\n<p style=\"text-align: left\" align=\"center\"><strong>FUERN e Prefeitura Municipal de S\u00e3o Gon\u00e7ao do Amarante (Processo SEI &#8211; 04410024.002661\/2025-41)<\/strong><\/p>\n<p style=\"text-align: left\" align=\"center\"><a href=\"https:\/\/portal.uern.br\/proex\/wp-content\/uploads\/2025\/09\/Termo_Cooperacao_SGA-1.pdf\">Acordo de Coopera\u00e7\u00e3o<\/a><\/p>\n<p style=\"text-align: left\" align=\"center\"><a href=\"https:\/\/portal.uern.br\/proex\/wp-content\/uploads\/2025\/09\/Plano-de-Trabalho-Fuern-SGA.doc\">Plano de Trabalho<\/a><\/p>\n<p style=\"text-align: left\" align=\"center\"><strong>2024<\/strong><\/p>\n<p style=\"text-align: left\" align=\"center\"><strong>FUERN e Associa\u00e7\u00e3o dos Moradores dos Bairros Frutil\u00e2ndia e Ful\u00f4 do Mato (Processo SEI &#8211; 04410024.003775\/2024-28)<\/strong><\/p>\n<p style=\"text-align: left\" align=\"center\"><a href=\"https:\/\/portal.uern.br\/proex\/wp-content\/uploads\/2025\/01\/ACORDO_DE_COOPERACAO___FUERN_e_FRUTILANDIA.pdf\">Acordo de coopera\u00e7\u00e3o<\/a><\/p>\n<p style=\"text-align: left\" align=\"center\"><a href=\"https:\/\/portal.uern.br\/proex\/wp-content\/uploads\/2025\/01\/Plano-de-Trabalho-Fuern-e-Frutilandia.pdf\">Plano de Trabalho<\/a><\/p>\n<p style=\"text-align: left\" align=\"center\"><strong>FUERN e Sociedade Filarm\u00f4nica Pauferrense (Processo SEI &#8211; 04410024.003773\/2024-39)<\/strong><\/p>\n<p style=\"text-align: left\" align=\"center\"><a href=\"https:\/\/portal.uern.br\/proex\/wp-content\/uploads\/2025\/01\/SOCIEDADE_FILARMONICA_E__FUERN___ACORDO_DE_COOPERACAO.pdf\">Acordo de coopera\u00e7\u00e3o <\/a><\/p>\n<p style=\"text-align: left\" align=\"center\"><a href=\"https:\/\/portal.uern.br\/proex\/wp-content\/uploads\/2025\/01\/Plano-de-Trabalho-Filarmonica-1.pdf\">Plano de Trabalho<\/a><\/p>\n<p style=\"text-align: left\" align=\"center\"><strong>FUERN e Clube Esportivo Vale do Apodi (04410024.003729\/2024-29)<\/strong><\/p>\n<p style=\"text-align: left\" align=\"center\"><a href=\"https:\/\/portal.uern.br\/proex\/wp-content\/uploads\/2024\/12\/UNIVAP_E_FUERN___ACORDO_DE_COOPERACAO.pdf\">Acordo de coopera\u00e7\u00e3o<\/a><\/p>\n<p style=\"text-align: left\" align=\"center\"><a href=\"https:\/\/portal.uern.br\/proex\/wp-content\/uploads\/2025\/01\/Plano-de-Trabalho-Univap.pdf\">Plano de Trabalho<\/a><\/p>\n<p style=\"text-align: left\" align=\"center\"><strong>FUERN e Instituto Mulheres e Cia (Processo SEI &#8211; 04410024.003727\/2024-30)<\/strong><\/p>\n<p style=\"text-align: left\" align=\"center\"><a href=\"https:\/\/portal.uern.br\/proex\/wp-content\/uploads\/2025\/07\/INST._MULHERES_E_CIA_E_FUERN___ACORDO_DE_COOPERACAO_assinado_assinado.pdf\">Acordo de coopera\u00e7\u00e3o<\/a><\/p>\n<p style=\"text-align: left\" align=\"center\"><a href=\"https:\/\/portal.uern.br\/proex\/wp-content\/uploads\/2025\/01\/Plano_de_Trabalho_Fuern_e_Inst._Mulheres_e_Cia.pdf\">Plano_de_Trabalho<\/a><\/p>\n<p style=\"text-align: left\" align=\"center\"><strong>Fuern e Secretaria Municipal de Sa\u00fade de Caic\u00f3<\/strong><\/p>\n<p style=\"text-align: left\" align=\"center\"><a href=\"https:\/\/portal.uern.br\/proex\/wp-content\/uploads\/2024\/09\/MINUTA_DE_CONVENIO_SMS_E_UERN_CAICO.pdf\">Conv\u00eanio <\/a><\/p>\n<p style=\"text-align: left\" align=\"center\"><strong>Fuern e Associa\u00e7\u00e3o Atl\u00e9tica Santa Delmira (Processo SEI- 04410024.002280\/2024-81)<\/strong><\/p>\n<p style=\"text-align: left\" align=\"center\"><a href=\"https:\/\/portal.uern.br\/proex\/wp-content\/uploads\/2024\/07\/Acordo_de_Cooperacao_celebrado_entre_Fuern_e_Associacao_Atletica_Danta_Delmira_Assinado.pdf\">Acordo_de_Cooperac\u00e3o<\/a><\/p>\n<p style=\"text-align: left\" align=\"center\"><strong>Fuern e Grupo Art-\u00e9-ria &#8211; Teatro e Dan\u00e7a (Processo SEI- 04410024.001636\/2024-60)<\/strong><\/p>\n<p style=\"text-align: left\" align=\"center\"><a href=\"https:\/\/portal.uern.br\/proex\/wp-content\/uploads\/2024\/06\/Acordo_de_Cooperacao___FUERN_e_ARTERIA.pdf\">Acordo_de_Coopera\u00e7\u00e3o<\/a><\/p>\n<p style=\"text-align: left\" align=\"center\"><a href=\"https:\/\/portal.uern.br\/proex\/wp-content\/uploads\/2025\/01\/PLANO_DE_TRABALHO_ARTE-RIA.pdf\">Plano de Trabalho<\/a><\/p>\n<p style=\"text-align: left\" align=\"center\"><strong>Fuern e Funda\u00e7\u00e3o para o Desenvolvimento da Ci\u00eancia, Tecnologia e Inova\u00e7\u00e3o do Rio Grande do Norte (Processo SEI &#8211; 04410002.001112\/2024-27)<\/strong><\/p>\n<p style=\"text-align: left\" align=\"center\"><a href=\"https:\/\/portal.uern.br\/proex\/wp-content\/uploads\/2024\/05\/Acordo-de-cooperacao-FUERN-e-FUNCITERN-Execucao-do-XVIII-FESTUERN.pdf\">Acordo de coopera\u00e7\u00e3o<\/a><\/p>\n<p style=\"text-align: left\" align=\"center\"><a href=\"https:\/\/portal.uern.br\/proex\/wp-content\/uploads\/2024\/05\/Plano-de-Trabalho-FUERN-e-FUNCITERN-Execucao-do-XVIII-FESTUERN.pdf\">Plano de Trabalho<\/a><\/p>\n<p style=\"text-align: left\" align=\"center\"><strong>Fuern, N\u00facleo Engenharia Consultiva S\/S e Casa Assistencial Nosso Lar (Processo SEI &#8211; 04410024.004544\/2023-51)<\/strong><\/p>\n<p style=\"text-align: left\" align=\"center\"><a href=\"https:\/\/portal.uern.br\/proex\/wp-content\/uploads\/2024\/05\/Acordo-de-cooperacao-FUERN-e-NUCLEO-ENGENHARIA.pdf\">Acordo de coopera\u00e7\u00e3o<\/a><\/p>\n<p style=\"text-align: left\" align=\"center\"><a href=\"https:\/\/portal.uern.br\/proex\/wp-content\/uploads\/2025\/03\/Plano-de-Trabalho-Canlar.pdf\">Plano de Trabalho<\/a><\/p>\n<p style=\"text-align: left\" align=\"center\"><strong>2023<\/strong><\/p>\n<p style=\"text-align: left\" align=\"center\"><strong>Fuern e Funda\u00e7\u00e3o para o Desenvolvimento da Ci\u00eancia, Tecnologia e Inova\u00e7\u00e3o do Rio Grande do Norte (n\u00famero do processo no SEI: 04410002.000503\/2023-43<\/strong><\/p>\n<p style=\"text-align: left\" align=\"center\"><a href=\"https:\/\/portal.uern.br\/proex\/wp-content\/uploads\/2023\/08\/Fuern-e-Funcitern.pdf\">Acordo de coopera\u00e7\u00e3o<\/a><\/p>\n<p style=\"text-align: left\" align=\"center\"><a href=\"https:\/\/portal.uern.br\/proex\/wp-content\/uploads\/2023\/08\/Plano-de-Trabalho-Fuern-e-Funcitern.pdf\">Plano de Trabalho<\/a><\/p>\n<p style=\"text-align: left\" align=\"center\"><strong>2022<\/strong><\/p>\n<p style=\"text-align: left\"><strong>Fuern e Funda\u00e7\u00e3o Dem\u00f3crito Rocha (n\u00famero do processo no SEI: 04410024.004204\/2021-68)<\/strong><\/p>\n<p><a href=\"https:\/\/portal.uern.br\/proex\/wp-content\/uploads\/2023\/08\/Fuern-e-Fundacao-Democrito-Rocha.pdf\">Acordo de coopera\u00e7\u00e3o<\/a><\/p>\n<p><a href=\"https:\/\/portal.uern.br\/proex\/wp-content\/uploads\/2025\/10\/Aditivo.pdf\">Aditivo ao Acordo de Coopera\u00e7\u00e3o<\/a><\/p>\n<p><a href=\"https:\/\/portal.uern.br\/proex\/wp-content\/uploads\/2023\/08\/Plano-de-Trabalho-Fuern-e-Fundacao-Democrito-Rocha.pdf\">Plano de Trabalho <\/a><\/p>\n<p><a href=\"https:\/\/portal.uern.br\/proex\/wp-content\/uploads\/2025\/10\/Plano_de_Trabalho_Acordo_de_Cooperacao_Fuern_x_Fundacao_Democrito_Rocha.pdf\">Plano_de_Trabalho_Atualizado<\/a><\/p>\n<p>&nbsp;<\/p>\n<p><strong>Fuern e Casa Assistencial Nosso Lar (n\u00famero do processo no SEI: 04410024.003672\/2022-04)<\/strong><\/p>\n<p><a href=\"https:\/\/portal.uern.br\/proex\/wp-content\/uploads\/2026\/02\/MINUTA_ACORDO_DE_COOPERACAO_FUERN_E_CANLAR.pdf\">Acordo de Coopera\u00e7\u00e3o<\/a><\/p>\n<p><a href=\"https:\/\/portal.uern.br\/proex\/wp-content\/uploads\/2026\/02\/Plano-de-Trabalho.pdf\">Plano de Trabalho<\/a><\/p>\n<p>&nbsp;<\/p>\n<p><strong>Fuern e Grupo Mulheres em A\u00e7\u00e3o (n\u00famero do processo no SEI: 04410024.002128\/2022-37)<\/strong><\/p>\n<p><a href=\"https:\/\/portal.uern.br\/proex\/wp-content\/uploads\/2023\/08\/Fuern-e-Mulheres-em-Acao.pdf\">Acordo de coopera\u00e7\u00e3o<\/a><\/p>\n<p>Plano de Trabalho<\/p>\n<p>&nbsp;<\/p>\n<p><strong>Fuern e Tribunal Regional Eleitoral (n\u00famero do processo no SEI: 04410002.002188\/2022-16 )<\/strong><\/p>\n<p><a href=\"https:\/\/portal.uern.br\/proex\/wp-content\/uploads\/2023\/08\/Fuern-e-TRE-RN.pdf\">Acordo de coopera\u00e7\u00e3o<\/a><\/p>\n<p>Plano de Trabalho<\/p>\n<p>&nbsp;<\/p>\n<p>&nbsp;<\/p>\n<p><strong>Fuern e Funda\u00e7\u00e3o Casa do Caminho (n\u00famero do processo no SEI: 04410024.000911\/2022-66)<\/strong><\/p>\n<p><a href=\"https:\/\/portal.uern.br\/proex\/wp-content\/uploads\/2023\/08\/Fuern-e-Casa-do-Caminho.pdf\">Acordo de coopera\u00e7\u00e3o<\/a><\/p>\n<p><a href=\"https:\/\/portal.uern.br\/proex\/wp-content\/uploads\/2023\/08\/Plano-de-Trabalho-Fuern-e-Casa-do-Caminho.pdf\">Plano de Trabalho<\/a><\/p>\n<p>&nbsp;<\/p>\n<p><strong>Fuern e Associa\u00e7\u00e3o dos Surdos de Mossor\u00f3 (n\u00famero do processo no SEI: 04410002.002075\/2022-11)<\/strong><\/p>\n<p><a href=\"https:\/\/portal.uern.br\/proex\/wp-content\/uploads\/2023\/08\/Fuern-e-Associaco-dos-Surdos-de-Mossoro.pdf\">Acordo de coopera\u00e7\u00e3o<\/a><\/p>\n<p><a href=\"https:\/\/portal.uern.br\/proex\/wp-content\/uploads\/2023\/08\/Plano-de-Trabalho-Fuern-e-Asmor.pdf\">Plano de Trabalho<\/a><\/p>\n<p>&nbsp;<\/p>\n<p><strong>Fuern, Projeto Esperan\u00e7a, Projeto\u00a0 (n\u00famero do processo no SEI: 04410024.000911\/2022-66)<\/strong><\/p>\n<p><a href=\"https:\/\/portal.uern.br\/proex\/wp-content\/uploads\/2023\/08\/Fuern-e-Projeto-Esperanca.pdf\">Acordo de coopera\u00e7\u00e3o<\/a><\/p>\n<p><a href=\"https:\/\/portal.uern.br\/proex\/wp-content\/uploads\/2023\/08\/Plano-de-Trabalho-Fuern-e-Casa-do-caminho-2.pdf\">Plano de Trabalho Casa do caminho 2<\/a><\/p>\n<p><a href=\"https:\/\/portal.uern.br\/proex\/wp-content\/uploads\/2023\/08\/Plano-de-Trabalho-Fuern-e-Projeto-Esperanca-2.pdf\">Plano de Trabalho Projeto Esperan\u00e7a 2<\/a><\/p>\n<p>&nbsp;<\/p>\n<p><strong>2019<\/strong><\/p>\n<p><strong>Fuern e Funda\u00e7\u00e3o Jos\u00e9 Augusto (n\u00famero do processo no SEI: 04410264.000519\/2021-11)<\/strong><\/p>\n<p><a href=\"https:\/\/portal.uern.br\/proex\/wp-content\/uploads\/2023\/08\/Fuern-e-Fundacao-Jose-Augusto.pdf\">Acordo de coopera\u00e7\u00e3o<\/a><\/p>\n<p><a href=\"https:\/\/portal.uern.br\/proex\/wp-content\/uploads\/2025\/03\/Projeto-FJA.pdf\">Projeto<\/a><\/p>\n<p>&nbsp;<\/p>\n<p align=\"center\">\n","protected":false},"excerpt":{"rendered":"<p>2026 FUERN e Secretaria de Estado das Mulheres, da Juventude, da Igualdade Racial e dos Direitos Humanos (Processo SEI &#8211; 04410002.000833\/2026-81) Acordo_de_Coopera\u00e7\u00e3o Plano_de_Trabalho 2025 FUERN e Companhia P\u00e3o Doce de Teatro (Processo SEI -04410024.000579\/2025-82) Acordo de Coopera\u00e7\u00e3o Plano de Trabalho FUERN e Funda\u00e7\u00e3o para o Desenvolvimento da Ci\u00eancia, Tecnologia e Inova\u00e7\u00e3o do RN\/FUNCITERN (Processo SEI [&hellip;]<\/p>\n","protected":false},"author":2,"featured_media":0,"parent":0,"menu_order":0,"comment_status":"closed","ping_status":"closed","template":"","meta":{"footnotes":""},"class_list":["post-2988","page","type-page","status-publish","hentry"],"_links":{"self":[{"href":"https:\/\/portal.uern.br\/proex\/wp-json\/wp\/v2\/pages\/2988","targetHints":{"allow":["GET"]}}],"collection":[{"href":"https:\/\/portal.uern.br\/proex\/wp-json\/wp\/v2\/pages"}],"about":[{"href":"https:\/\/portal.uern.br\/proex\/wp-json\/wp\/v2\/types\/page"}],"author":[{"embeddable":true,"href":"https:\/\/portal.uern.br\/proex\/wp-json\/wp\/v2\/users\/2"}],"replies":[{"embeddable":true,"href":"https:\/\/portal.uern.br\/proex\/wp-json\/wp\/v2\/comments?post=2988"}],"version-history":[{"count":65,"href":"https:\/\/portal.uern.br\/proex\/wp-json\/wp\/v2\/pages\/2988\/revisions"}],"predecessor-version":[{"id":5650,"href":"https:\/\/portal.uern.br\/proex\/wp-json\/wp\/v2\/pages\/2988\/revisions\/5650"}],"wp:attachment":[{"href":"https:\/\/portal.uern.br\/proex\/wp-json\/wp\/v2\/media?parent=2988"}],"curies":[{"name":"wp","href":"https:\/\/api.w.org\/{rel}","templated":true}]}}