{"id":2763,"date":"2023-08-10T09:54:46","date_gmt":"2023-08-10T12:54:46","guid":{"rendered":"https:\/\/portal.uern.br\/proex\/?page_id=2763"},"modified":"2026-01-28T11:27:12","modified_gmt":"2026-01-28T14:27:12","slug":"certificados-de-acoes-de-extensao","status":"publish","type":"page","link":"https:\/\/portal.uern.br\/proex\/certificados-de-acoes-de-extensao\/","title":{"rendered":"Certificados de A\u00e7\u00f5es de Extens\u00e3o"},"content":{"rendered":"<h4 style=\"text-align: center\"><strong>2025<\/strong><\/h4>\n<h4>Feira de Profiss\u00f5es (<a href=\"https:\/\/drive.google.com\/drive\/folders\/1dDYv_fiA5CJ8E8KHj1BaXPpLhEncQ-9r\">Clique aqui<\/a>)<\/h4>\n<h4>UERN\u00a060+ 2025.2 (<a href=\"https:\/\/drive.google.com\/drive\/u\/2\/folders\/11RSqp_hd3IX6UBDwiKy1sYzVRdAPzK9t\">Clique aqui<\/a>)<\/h4>\n<h4>UERN 60+ 2025.1 (<a href=\"https:\/\/drive.google.com\/drive\/folders\/1-5i8vw5dmRnrjgwXqqrprs8UlLfYA6yL\">Clique aqui<\/a>)<\/h4>\n<h4><strong>Uern no Parque &#8211; I Edi\u00e7\u00e3o (<a href=\"https:\/\/drive.google.com\/drive\/folders\/1wQjAw7o-99jiIqt7SeEwXk9re-8GMBTI\">Clique aqui<\/a>)<\/strong><\/h4>\n<h4><strong>III Semin\u00e1rio Uern e Terceiro Setor<\/strong> (<a href=\"https:\/\/drive.google.com\/drive\/folders\/1H_kFeGSxurjFccDVMj-FN0POSawqdqFp\">Clique aqui<\/a>)<\/h4>\n<h4 style=\"text-align: center\"><strong>2024<\/strong><\/h4>\n<ul>\n<li>\n<h4>RN + Limpo (<a href=\"https:\/\/drive.google.com\/drive\/u\/4\/folders\/1l3jkRvxOEjM-oZKTBIq5ZqfVoTFaCA8T\">Clique aqui<\/a>)<\/h4>\n<\/li>\n<li>\n<h4>UERN no Parque (<a href=\"https:\/\/drive.google.com\/drive\/u\/4\/folders\/1r2h4aJoNR5opXeHFZdS7UhfXBYSPPop8\">Clique aqui<\/a>)<\/h4>\n<\/li>\n<li>\n<h4>Feira de Profiss\u00f5es 2024 (<a href=\"https:\/\/drive.google.com\/drive\/u\/3\/folders\/1s8p6kTjVXd46nPB2iIiLfiPb3ON8cQSy\">Clique aqui<\/a>)<\/h4>\n<\/li>\n<li>\n<h4>Segundo Semin\u00e1rio Universidade e Terceiro Setor (<a href=\"https:\/\/drive.google.com\/drive\/folders\/153-ZkirRrOpg9pmFFFqSp4iYAsYjYdJc?usp=sharing\">Clique aqui<\/a>)<\/h4>\n<\/li>\n<li>\n<h4>UERN 60+ (<a href=\"https:\/\/drive.google.com\/drive\/folders\/1wnWNVcln49r7PZbecEc4Ws0lPFfFo0hV\">Clique aqui<\/a>)<\/h4>\n<\/li>\n<li>\n<h4>Certificados\u00a0 III Elo Uern e X Sal\u00e3o de Extens\u00e3o 2024 (<a href=\"https:\/\/drive.google.com\/drive\/u\/0\/folders\/1eGb2Pvo3nrw0rrJ0OFgYP0SDTTxebl1b\">Clique aqui<\/a>)<\/h4>\n<\/li>\n<\/ul>\n<h4 style=\"text-align: center\"><strong>2023<\/strong><\/h4>\n<ul>\n<li>\n<h4>Certificados\u00a0 II Elo Uern e IX Sal\u00e3o de Extens\u00e3o 2023 (<a href=\"https:\/\/drive.google.com\/drive\/folders\/1RXYoQ3gwaHS3m_L2mxymDWdeVK85CaD3\">Clique aqui<\/a>)<\/h4>\n<\/li>\n<li>\n<h4>Minicurso Desafios e Perspectivas para o Terceiro Setor 2023 (<a href=\"https:\/\/drive.google.com\/drive\/u\/5\/folders\/1WAOuU1XBMtLvys53KEtWcLoDsMOdhnsF\">Clique aqui<\/a>)<\/h4>\n<\/li>\n<li>\n<h4>Mostra de Projetos de Extens\u00e3o &#8211; 50 Anos da PROEX 2023 (<a href=\"https:\/\/drive.google.com\/drive\/u\/3\/folders\/1dKGOJyGVVuWVv1NlCUUo9nC-0c31EALC\">Clique aqui<\/a>)<\/h4>\n<\/li>\n<li>\n<h4>UERN no Parque &#8211; I Edi\u00e7\u00e3o 2023 (<a href=\"https:\/\/drive.google.com\/drive\/u\/1\/folders\/13UruDsjD7MxMYLE9lae8C-FKFXxo0Umr\">Clique aqu<\/a>i)<\/h4>\n<\/li>\n<li>\n<h4>UERN no Parque &#8211; II Edi\u00e7\u00e3o 2023 (<a href=\"https:\/\/drive.google.com\/drive\/u\/1\/folders\/1nXmOZuZIOTV7q799eDc1ZkVa8dJyAVZP\">Clique aqui<\/a>)<\/h4>\n<\/li>\n<li>\n<h4>UERN Viva Rio Branco &#8211; I Edi\u00e7\u00e3o 2023\u00a0 (<a href=\"https:\/\/drive.google.com\/drive\/u\/4\/folders\/16IDV5LtChqtKeqYg0odiYgYT2aDb6_vl\">Clique aqui<\/a>)<\/h4>\n<\/li>\n<li>\n<h4>UERN Viva Rio Branco &#8211; II Edi\u00e7\u00e3o 2023 (<a href=\"https:\/\/drive.google.com\/drive\/u\/1\/folders\/1kDcufNNk-a1-_Tu69bRw1V18L6n-XtXR\">Clique aqui<\/a>)<\/h4>\n<\/li>\n<li>\n<h4>Feira de Profiss\u00f5es 2023(<a href=\"https:\/\/drive.google.com\/drive\/u\/3\/folders\/1mu238D7yH1AITTNG98dpO-c-oMcXCcPo\">Clique aqui<\/a>)<\/h4>\n<\/li>\n<li>\n<h4>I Semin\u00e1rio Universidade e Terceiro Setor: Construindo Parcerias 2023(<a href=\"https:\/\/drive.google.com\/drive\/u\/4\/folders\/1wA0ay0ffBwfoCA158iI8w9ACIItAeqW4\">Clique aqui<\/a>)<\/h4>\n<\/li>\n<\/ul>\n<h4 style=\"text-align: center\"><strong>2022<\/strong><\/h4>\n<ul>\n<li>\n<h4>Certificados I Elo Uern e VIII Sal\u00e3o de Extens\u00e3o 2022 (<a href=\"https:\/\/drive.google.com\/drive\/u\/2\/folders\/1SZ601jRD0if7fer-ccKwd8LWFO7XV97U\">Clique aqui<\/a>)<\/h4>\n<\/li>\n<li>\n<h4>I F\u00f3rum de Extens\u00e3o da ABRUEM 2022 (<a href=\"https:\/\/drive.google.com\/drive\/u\/3\/folders\/1a7cwG-GXPkVAbNypp6VzqDclbkIY-xXR\">Clique aqui<\/a>)<\/h4>\n<\/li>\n<\/ul>\n","protected":false},"excerpt":{"rendered":"<p>2025 Feira de Profiss\u00f5es (Clique aqui) UERN\u00a060+ 2025.2 (Clique aqui) UERN 60+ 2025.1 (Clique aqui) Uern no Parque &#8211; I Edi\u00e7\u00e3o (Clique aqui) III Semin\u00e1rio Uern e Terceiro Setor (Clique aqui) 2024 RN + Limpo (Clique aqui) UERN no Parque (Clique aqui) Feira de Profiss\u00f5es 2024 (Clique aqui) Segundo Semin\u00e1rio Universidade e Terceiro Setor (Clique [&hellip;]<\/p>\n","protected":false},"author":2,"featured_media":0,"parent":0,"menu_order":0,"comment_status":"closed","ping_status":"closed","template":"","meta":{"footnotes":""},"class_list":["post-2763","page","type-page","status-publish","hentry"],"_links":{"self":[{"href":"https:\/\/portal.uern.br\/proex\/wp-json\/wp\/v2\/pages\/2763","targetHints":{"allow":["GET"]}}],"collection":[{"href":"https:\/\/portal.uern.br\/proex\/wp-json\/wp\/v2\/pages"}],"about":[{"href":"https:\/\/portal.uern.br\/proex\/wp-json\/wp\/v2\/types\/page"}],"author":[{"embeddable":true,"href":"https:\/\/portal.uern.br\/proex\/wp-json\/wp\/v2\/users\/2"}],"replies":[{"embeddable":true,"href":"https:\/\/portal.uern.br\/proex\/wp-json\/wp\/v2\/comments?post=2763"}],"version-history":[{"count":60,"href":"https:\/\/portal.uern.br\/proex\/wp-json\/wp\/v2\/pages\/2763\/revisions"}],"predecessor-version":[{"id":5631,"href":"https:\/\/portal.uern.br\/proex\/wp-json\/wp\/v2\/pages\/2763\/revisions\/5631"}],"wp:attachment":[{"href":"https:\/\/portal.uern.br\/proex\/wp-json\/wp\/v2\/media?parent=2763"}],"curies":[{"name":"wp","href":"https:\/\/api.w.org\/{rel}","templated":true}]}}