{"id":2156,"date":"2023-06-06T16:56:01","date_gmt":"2023-06-06T19:56:01","guid":{"rendered":"https:\/\/portal.uern.br\/proex\/?page_id=2156"},"modified":"2025-06-27T11:55:55","modified_gmt":"2025-06-27T14:55:55","slug":"salao-de-extensao","status":"publish","type":"page","link":"https:\/\/portal.uern.br\/proex\/salao-de-extensao\/","title":{"rendered":"ELO Uern e  Sal\u00e3o de Extens\u00e3o"},"content":{"rendered":"<p style=\"text-align: center\"><strong>ELO Uern 2025 e XI Sal\u00e3o de Extens\u00e3o<\/strong><\/p>\n<p><a href=\"https:\/\/portal.uern.br\/proex\/wp-content\/uploads\/2025\/06\/Chamada-dos-trabalhos-do-XI-Salao-de-Extensao.pdf\">CHAMADA DOS TRABALHOS DO XI SAL\u00c3O DE EXTENS\u00c3O<\/a><\/p>\n<p><a href=\"https:\/\/portal.uern.br\/proex\/wp-content\/uploads\/2025\/06\/Lista-de-Acoes-que-devem-apresentar-no-XI-Salao-de-Extensao.pdf\">LISTA DE A\u00c7\u00d5ES QUE DEVEM APRESENTAR NO XI SAL\u00c3O DE EXTENS\u00c3O<\/a><\/p>\n<p><a href=\"https:\/\/portal.uern.br\/proex\/wp-content\/uploads\/2025\/06\/NORMAS-DE-ARTIGO-XI-SALAO.pdf\">NORMAS DE ARTIGO &#8211; XI SAL\u00c3O DE EXTENS\u00c3O<\/a><\/p>\n<p><a href=\"https:\/\/portal.uern.br\/proex\/wp-content\/uploads\/2025\/06\/TEMPLATE-ARTIGO-XI-SALAO-DE-EXTENSAO.docx\">TEMPLATE DO ARTIGO &#8211; XI SAL\u00c3O DE EXTENS\u00c3O (EDIT\u00c1VEL)<\/a><\/p>\n<p><a href=\"https:\/\/portal.uern.br\/proex\/wp-content\/uploads\/2025\/06\/ORIENTACOES-SOBRE-OS-VIDEOS-NO-XI-SALAO-DE-EXTENSAO.pdf\">ORIENTA\u00c7\u00d5ES SOBRE OS V\u00cdDEOS &#8211; XI SAL\u00c3O DE EXTENS\u00c3O<\/a><\/p>\n<p><a href=\"https:\/\/portal.uern.br\/proex\/wp-content\/uploads\/2025\/06\/SEI_34507589_Memorando_Circular_7.pdf\">CONVITE PARA PROPOSI\u00c7\u00c3O DE ATIVIDADES PARA O IV ELO UERN<\/a><\/p>\n<p><a href=\"https:\/\/portal.uern.br\/proex\/wp-content\/uploads\/2025\/06\/Convite-avaliadores-para-o-XI-Salao-de-Extensao.pdf\">CONVITE DE AVALIADORES &#8211; XI SAL\u00c3O DE EXTENS\u00c3O<\/a><\/p>\n<p><a href=\"https:\/\/portal.uern.br\/proex\/wp-content\/uploads\/2025\/06\/Convite-para-indicacao-de-mencao-honrosa-no-IV-ELO-UERN.pdf\">CONVITE PARA INDICA\u00c7\u00c3O DE MEN\u00c7\u00c3O HONROSA &#8211; IV ELO UERN<\/a><\/p>\n<p>&nbsp;<\/p>\n<p>&nbsp;<\/p>\n<p>&nbsp;<\/p>\n<p style=\"text-align: center\"><strong>ELO Uern 2024 e X Sal\u00e3o de Extens\u00e3o<\/strong><\/p>\n<p><a href=\"https:\/\/portal.uern.br\/proex\/wp-content\/uploads\/2024\/05\/Memorando-Circular-no-13-2024-UERN.pdf\">MEMORANDO CIRCULAR N\u00ba 13-2024-UERN &#8211; DIVULGA\u00c7\u00c3O III ELO UERN E X SAL\u00c3O DE EXTENS\u00c3O<\/a><\/p>\n<p><a href=\"https:\/\/portal.uern.br\/proex\/wp-content\/uploads\/2024\/05\/Lista-de-Acoes-que-devem-apresentar-no-X-Salao-de-Extensao.pdf\">LISTA DE A\u00c7\u00d5ES QUE DEVEM APRESENTAR NO X SAL\u00c3O DE EXTENS\u00c3O<\/a><\/p>\n<p><a href=\"https:\/\/portal.uern.br\/proex\/wp-content\/uploads\/2024\/05\/NORMAS-DE-ARTIGO-X-SALAO-DE-EXTENSAO.pdf\">NORMAS DE ARTIGO X SAL\u00c3O DE EXTENS\u00c3O<\/a><\/p>\n<p><a href=\"https:\/\/portal.uern.br\/proex\/wp-content\/uploads\/2024\/05\/TEMPLATE-ARTIGO-X-SALAO-DE-EXTENSAO.docx\">TEMPLATE ARTIGO X SAL\u00c3O DE EXTENS\u00c3O (EDIT\u00c1VEL)<\/a><\/p>\n<p><a href=\"https:\/\/portal.uern.br\/proex\/wp-content\/uploads\/2024\/05\/ORIENTACOES-SOBRE-OS-VIDEOS-NO-X-SALAO-DE-EXTENSAO.pdf\">ORIENTA\u00c7\u00d5ES SOBRE OS V\u00cdDEOS NO X SAL\u00c3O DE EXTENS\u00c3O<\/a><\/p>\n<p><a href=\"https:\/\/portal.uern.br\/proex\/wp-content\/uploads\/2024\/05\/Memorando_Circular_16_Convite-para-proposicao-de-Atividades.pdf\">MEMORANDO 16 &#8211; 2024 &#8211; PROEX\/UERN &#8211; CONVITE PROPOSI\u00c7\u00c3O DE OFICINAS\/CURSOS NO III ELO UERN (2024)<\/a><\/p>\n<p><a href=\"https:\/\/portal.uern.br\/proex\/wp-content\/uploads\/2024\/05\/Memorando_Circular_17_Convite-Avaliadores.pdf\">MEMORANDO 17 &#8211; 2024 -PROEX\/UERN &#8211; CREDENCIAMENTO DE AVALIADORES PARA O X SAL\u00c3O DE EXTENS\u00c3O<\/a><\/p>\n<p><a href=\"https:\/\/forms.gle\/Z9wy94VXECz76dpX9\">LINK PARA CREDENCIAMENTO DE AVALIADORES PARA O X SAL\u00c3O DE EXTENS\u00c3O<\/a><\/p>\n<p><a href=\"https:\/\/portal.uern.br\/proex\/wp-content\/uploads\/2024\/05\/Memo-Circular-Novas-datas-Elo.pdf\">MEMORANDO CIRCULAR N\u00ba 19-2024-UERN &#8211; NOVAS DATAS DO III ELO UERN E PRORROGA\u00c7\u00c3O DA SUBMISS\u00c3O DOS TRABALHOS &#8211; X SAL\u00c3O DE EXTENS\u00c3O<\/a><\/p>\n<p>&nbsp;<\/p>\n<p>&nbsp;<\/p>\n<p style=\"text-align: center\"><strong>ELO Uern 2023 e IX Sal\u00e3o de Extens\u00e3o<\/strong><\/p>\n<p><a href=\"https:\/\/portal.uern.br\/proex\/wp-content\/uploads\/2023\/06\/NORMAS-DE-ARTIGO-ELO.odt\">NORMAS DE ARTIGO ELO TEMPLATE (EDIT\u00c1VEL)<\/a><\/p>\n<p><a href=\"https:\/\/portal.uern.br\/proex\/wp-content\/uploads\/2023\/06\/NORMAS-DE-ARTIGO-ELO.pdf\">NORMAS DE ARTIGO ELO TEMPLATE<\/a><\/p>\n<p><a href=\"https:\/\/portal.uern.br\/proex\/wp-content\/uploads\/2023\/06\/MEMORANDO-21-SEI_04410024.002629_2023_02.pdf\">MEMORANDO 21 &#8211; 2023 -PROEX\/UERN &#8211; CREDENCIAMENTO DE AVALIADORES PARA O IX SAL\u00c3O DE EXTENS\u00c3O <\/a><\/p>\n<p><a href=\"https:\/\/portal.uern.br\/proex\/wp-content\/uploads\/2023\/06\/MEMORANDO-18-SEI_04410024.002521_2023_10.pdf\">MEMORANDO 18 &#8211; 2023\u00a0 &#8211; PROEX\/UERN &#8211; CONVITE PARA INDICA\u00c7\u00c3ODE MEN\u00c7\u00c3O HONROSA NO II ELO UERN (2023)<\/a><\/p>\n<p><a href=\"https:\/\/portal.uern.br\/proex\/wp-content\/uploads\/2023\/06\/MEMORANDO-17-SEI_04410024.002520_2023_67.pdf\">MEMORANDO 17 &#8211; 2023 &#8211; PROEX\/UERN &#8211; CONVITE PROPOSI\u00c7\u00c3O DE OFICINAS\/CURSOS NO II ELO UERN (2023)<\/a><\/p>\n<p><a href=\"https:\/\/portal.uern.br\/proex\/wp-content\/uploads\/2023\/06\/Memorando-15-2023-Proex-Uern-Orientacoes-sobre-os-videos.pdf\">MEMORANDO 15 &#8211; 2023 PROEX\/UERN (ORIENTA\u00c7\u00d5ES SOBRE V\u00cdDEOS )<\/a><\/p>\n<p><a href=\"https:\/\/www.youtube.com\/watch?v=c-qFizojTTU\"> OFICINA &#8220;DE OLHO NO SAL\u00c3O DE EXTENS\u00c3O: CONSTRUINDO APRESENTA\u00c7\u00d5ES EM V\u00cdDEO&#8221;\u00a0<\/a><\/p>\n<p>&nbsp;<\/p>\n","protected":false},"excerpt":{"rendered":"<p>ELO Uern 2025 e XI Sal\u00e3o de Extens\u00e3o CHAMADA DOS TRABALHOS DO XI SAL\u00c3O DE EXTENS\u00c3O LISTA DE A\u00c7\u00d5ES QUE DEVEM APRESENTAR NO XI SAL\u00c3O DE EXTENS\u00c3O NORMAS DE ARTIGO &#8211; XI SAL\u00c3O DE EXTENS\u00c3O TEMPLATE DO ARTIGO &#8211; XI SAL\u00c3O DE EXTENS\u00c3O (EDIT\u00c1VEL) ORIENTA\u00c7\u00d5ES SOBRE OS V\u00cdDEOS &#8211; XI SAL\u00c3O DE EXTENS\u00c3O CONVITE PARA [&hellip;]<\/p>\n","protected":false},"author":2,"featured_media":0,"parent":0,"menu_order":0,"comment_status":"closed","ping_status":"closed","template":"","meta":{"footnotes":""},"class_list":["post-2156","page","type-page","status-publish","hentry"],"_links":{"self":[{"href":"https:\/\/portal.uern.br\/proex\/wp-json\/wp\/v2\/pages\/2156","targetHints":{"allow":["GET"]}}],"collection":[{"href":"https:\/\/portal.uern.br\/proex\/wp-json\/wp\/v2\/pages"}],"about":[{"href":"https:\/\/portal.uern.br\/proex\/wp-json\/wp\/v2\/types\/page"}],"author":[{"embeddable":true,"href":"https:\/\/portal.uern.br\/proex\/wp-json\/wp\/v2\/users\/2"}],"replies":[{"embeddable":true,"href":"https:\/\/portal.uern.br\/proex\/wp-json\/wp\/v2\/comments?post=2156"}],"version-history":[{"count":31,"href":"https:\/\/portal.uern.br\/proex\/wp-json\/wp\/v2\/pages\/2156\/revisions"}],"predecessor-version":[{"id":5519,"href":"https:\/\/portal.uern.br\/proex\/wp-json\/wp\/v2\/pages\/2156\/revisions\/5519"}],"wp:attachment":[{"href":"https:\/\/portal.uern.br\/proex\/wp-json\/wp\/v2\/media?parent=2156"}],"curies":[{"name":"wp","href":"https:\/\/api.w.org\/{rel}","templated":true}]}}