{"id":213,"date":"2022-09-13T09:36:58","date_gmt":"2022-09-13T12:36:58","guid":{"rendered":"https:\/\/paisdemossoro.com.br\/wordpress\/proex\/?page_id=213"},"modified":"2025-05-27T20:55:42","modified_gmt":"2025-05-27T23:55:42","slug":"revista-extendere","status":"publish","type":"page","link":"https:\/\/portal.uern.br\/proex\/revista-extendere\/","title":{"rendered":"Revista EXTENDERE"},"content":{"rendered":"<p><strong>Revista EXTENDERE<\/strong><\/p>\n<p>A Revista Extendere, ligada \u00e0 Pr\u00f3-Reitoria de Extens\u00e3o (PROEX) da Universidade do Estado do Rio Grande do Norte (UERN), tem periodicidade semestral e objetiva a divulga\u00e7\u00e3o e valoriza\u00e7\u00e3o de a\u00e7\u00f5es de extens\u00e3o universit\u00e1ria, com resultados parciais e\/ou finais, desenvolvidas por professores, alunos e servidores t\u00e9cnico-administrativos da UERN e de demais Institui\u00e7\u00f5es de Ensino Superior do pa\u00eds, como uma contribui\u00e7\u00e3o ao conhecimento sobre a ampla tem\u00e1tica da extens\u00e3o.<\/p>\n<p>&nbsp;<\/p>\n<p><strong>Equipe Editorial<\/strong><\/p>\n<p><strong>Editora Chefe<\/strong><\/p>\n<p>Profa. Dra.\u00a0 Denise dos Santos Vasconcelos\u00a0 Silva (UERN)<\/p>\n<p>&nbsp;<\/p>\n<p><strong>Editores Assistentes<\/strong><\/p>\n<p>Profa Ma. Anairam\u00a0 Medeiros e Silva (UERN)<\/p>\n<p>Prof. Dr. Saulo Gomes Batista (UERN)<\/p>\n<p>&nbsp;<\/p>\n<p><strong>Conselho cient\u00edfico<\/strong><\/p>\n<p>Dr. Aldaberto Veronese da Costa &#8211; (UERN)<\/p>\n<p>Dra. Allyssandra Maria Lima Rodrigues Maia &#8211; (UERN)<\/p>\n<p>Dra. Ana M\u00f4nica Medeiros Ferreira &#8211; (UERN\/ UNI-RN)<\/p>\n<p>Dr. Francisco Fabiano de Freitas Mendes &#8211; (UERN)<\/p>\n<p>Dr. Hilderman Cordona Rodas &#8211; (Universidad de Medellin)<\/p>\n<p>Dr. Jos\u00e9 Albenes Bezerra Junior &#8211; (UFERSA)<\/p>\n<p>Dr. Jos\u00e9 Rodolfo\u00a0 Lopes de Paica Cavalcanti &#8211; (UERN)<\/p>\n<p>Dra. Regina C\u00e9lia Pereira Marques &#8211; (UERN)<\/p>\n<p>Dr. Rommel Wladimir de Lima &#8211; (UERN)<\/p>\n<p>Dra. Sandra Meza-Fern\u00e1ndez &#8211; (Universidad de Chile)<\/p>\n<p>Dr. Sidcley D\u00b4\u00b4&#8217; Sordi Alves Alegrini da Silva &#8211; (UERN)<\/p>\n<p>&nbsp;<\/p>\n<p><strong>Revisora de L\u00edngua Inglesa<\/strong><\/p>\n<p>Profa. Ma. Arit\u00e2nia Alves Vieira<\/p>\n<p>&nbsp;<\/p>\n<p><strong>Revisora de L\u00edngua Portuguesa<\/strong><\/p>\n<p>Prof. Me. M\u00e1rcio Alexandre da Concei\u00e7\u00e3o<\/p>\n<p>&nbsp;<\/p>\n<p>&nbsp;<\/p>\n<p><strong>Representante da Comunidade Externa<\/strong><\/p>\n<p>Prof. Dr. Alan Martins de Oliveira (UFERSA).<\/p>\n<p>&nbsp;<\/p>\n<p><strong>Endere\u00e7o para correspond\u00eancia da Revista<\/strong><\/p>\n<p>UERN &#8211; Pr\u00f3-Reitoria de Extens\u00e3o &#8211; Campus Universit\u00e1rio Central \/\u00a0Av. Prof. Antonio Campos, s\/n, Bairro Presidente Costa e Silva,\u00a0CEP 59.633-010, Mossor\u00f3-RN \/ Fones: 84-3315-2182.<\/p>\n<p>A equipe editorial \u00e9\u00a0respons\u00e1vel pela rotina administrativa do peri\u00f3dico (atualiza\u00e7\u00e3o do site; recebimento dos trabalhos; enquadramento pr\u00e9vio nas diretrizes da Revista; envio para os membros do Conselho Editorial\/Cient\u00edfico; recebimento dos pareceres; comunica\u00e7\u00e3o permanente com os autores; delibera\u00e7\u00e3o sobre os pareceres e publica\u00e7\u00e3o das edi\u00e7\u00f5es).<\/p>\n<p>&nbsp;<\/p>\n<h5><a href=\"https:\/\/periodicos.apps.uern.br\/index.php\/EXT\/about\/submissions\">Normas da Revista Extendere<\/a><\/h5>\n<p>&nbsp;<\/p>\n<p><strong>Edi\u00e7\u00f5es\u00a0<\/strong><\/p>\n<p>V.10. n.2<\/p>\n<p><a href=\"https:\/\/periodicos.apps.uern.br\/index.php\/EXT\/issue\/view\/340\"><img fetchpriority=\"high\" decoding=\"async\" class=\"alignnone size-medium wp-image-5476\" src=\"https:\/\/portal.uern.br\/proex\/wp-content\/uploads\/2025\/05\/EXTENDERE-V2-N10-212x300.jpg\" alt=\"\" width=\"212\" height=\"300\" srcset=\"https:\/\/portal.uern.br\/proex\/wp-content\/uploads\/2025\/05\/EXTENDERE-V2-N10-212x300.jpg 212w, https:\/\/portal.uern.br\/proex\/wp-content\/uploads\/2025\/05\/EXTENDERE-V2-N10-724x1024.jpg 724w, https:\/\/portal.uern.br\/proex\/wp-content\/uploads\/2025\/05\/EXTENDERE-V2-N10-768x1086.jpg 768w, https:\/\/portal.uern.br\/proex\/wp-content\/uploads\/2025\/05\/EXTENDERE-V2-N10-1086x1536.jpg 1086w, https:\/\/portal.uern.br\/proex\/wp-content\/uploads\/2025\/05\/EXTENDERE-V2-N10-1448x2048.jpg 1448w, https:\/\/portal.uern.br\/proex\/wp-content\/uploads\/2025\/05\/EXTENDERE-V2-N10.jpg 1587w\" sizes=\"(max-width: 212px) 100vw, 212px\" \/><\/a><\/p>\n<p>&nbsp;<\/p>\n<p>V.10 n.1<\/p>\n<p><a href=\"https:\/\/periodicos.apps.uern.br\/index.php\/EXT\/issue\/view\/321\"><img decoding=\"async\" class=\"alignnone size-medium wp-image-5229\" src=\"https:\/\/portal.uern.br\/proex\/wp-content\/uploads\/2024\/10\/Extendere-v10-n1-212x300.jpg\" alt=\"\" width=\"212\" height=\"300\" srcset=\"https:\/\/portal.uern.br\/proex\/wp-content\/uploads\/2024\/10\/Extendere-v10-n1-212x300.jpg 212w, https:\/\/portal.uern.br\/proex\/wp-content\/uploads\/2024\/10\/Extendere-v10-n1-724x1024.jpg 724w, https:\/\/portal.uern.br\/proex\/wp-content\/uploads\/2024\/10\/Extendere-v10-n1-768x1086.jpg 768w, https:\/\/portal.uern.br\/proex\/wp-content\/uploads\/2024\/10\/Extendere-v10-n1-1086x1536.jpg 1086w, https:\/\/portal.uern.br\/proex\/wp-content\/uploads\/2024\/10\/Extendere-v10-n1.jpg 1414w\" sizes=\"(max-width: 212px) 100vw, 212px\" \/><\/a><\/p>\n<p>V.9 n.2<\/p>\n<p><a href=\"https:\/\/periodicos.apps.uern.br\/index.php\/EXT\/issue\/view\/306\"><img decoding=\"async\" class=\"alignnone size-medium wp-image-5227\" src=\"https:\/\/portal.uern.br\/proex\/wp-content\/uploads\/2024\/10\/Extendere-v9-n2-212x300.jpg\" alt=\"\" width=\"212\" height=\"300\" srcset=\"https:\/\/portal.uern.br\/proex\/wp-content\/uploads\/2024\/10\/Extendere-v9-n2-212x300.jpg 212w, https:\/\/portal.uern.br\/proex\/wp-content\/uploads\/2024\/10\/Extendere-v9-n2-725x1024.jpg 725w, https:\/\/portal.uern.br\/proex\/wp-content\/uploads\/2024\/10\/Extendere-v9-n2-768x1085.jpg 768w, https:\/\/portal.uern.br\/proex\/wp-content\/uploads\/2024\/10\/Extendere-v9-n2-1087x1536.jpg 1087w, https:\/\/portal.uern.br\/proex\/wp-content\/uploads\/2024\/10\/Extendere-v9-n2.jpg 1241w\" sizes=\"(max-width: 212px) 100vw, 212px\" \/><\/a><\/p>\n<p>V.9 n.1<\/p>\n<p><a href=\"https:\/\/periodicos.apps.uern.br\/index.php\/EXT\/issue\/view\/292\"><img loading=\"lazy\" decoding=\"async\" class=\"alignnone size-medium wp-image-3152\" src=\"https:\/\/portal.uern.br\/proex\/wp-content\/uploads\/2023\/09\/extendere-213x300.jpg\" alt=\"\" width=\"213\" height=\"300\" srcset=\"https:\/\/portal.uern.br\/proex\/wp-content\/uploads\/2023\/09\/extendere-213x300.jpg 213w, https:\/\/portal.uern.br\/proex\/wp-content\/uploads\/2023\/09\/extendere-104x146.jpg 104w, https:\/\/portal.uern.br\/proex\/wp-content\/uploads\/2023\/09\/extendere.jpg 552w\" sizes=\"(max-width: 213px) 100vw, 213px\" \/><\/a><\/p>\n<p>V.8 n.2<\/p>\n<p><a href=\"http:\/\/periodicos.apps.uern.br\/index.php\/EXT\/issue\/view\/277\"><img loading=\"lazy\" decoding=\"async\" class=\"alignnone size-medium wp-image-1175\" src=\"https:\/\/portal.uern.br\/proex\/wp-content\/uploads\/2023\/03\/Extenderev8n2-211x300.jpg\" alt=\"\" width=\"211\" height=\"300\" srcset=\"https:\/\/portal.uern.br\/proex\/wp-content\/uploads\/2023\/03\/Extenderev8n2-211x300.jpg 211w, https:\/\/portal.uern.br\/proex\/wp-content\/uploads\/2023\/03\/Extenderev8n2-103x146.jpg 103w, https:\/\/portal.uern.br\/proex\/wp-content\/uploads\/2023\/03\/Extenderev8n2.jpg 530w\" sizes=\"(max-width: 211px) 100vw, 211px\" \/><\/a><\/p>\n<p>&nbsp;<\/p>\n<p>V. 8 n. 1 (2022)<\/p>\n<p><a href=\"http:\/\/periodicos.apps.uern.br\/index.php\/EXT\/issue\/view\/252\"><img loading=\"lazy\" decoding=\"async\" class=\"alignnone size-medium wp-image-734\" src=\"https:\/\/portal.uern.br\/proex\/wp-content\/uploads\/2023\/03\/extenderev1n1-212x300.png\" alt=\"\" width=\"212\" height=\"300\" srcset=\"https:\/\/portal.uern.br\/proex\/wp-content\/uploads\/2023\/03\/extenderev1n1-212x300.png 212w, https:\/\/portal.uern.br\/proex\/wp-content\/uploads\/2023\/03\/extenderev1n1-724x1024.png 724w, https:\/\/portal.uern.br\/proex\/wp-content\/uploads\/2023\/03\/extenderev1n1-768x1086.png 768w, https:\/\/portal.uern.br\/proex\/wp-content\/uploads\/2023\/03\/extenderev1n1-1086x1536.png 1086w, https:\/\/portal.uern.br\/proex\/wp-content\/uploads\/2023\/03\/extenderev1n1-1448x2048.png 1448w\" sizes=\"(max-width: 212px) 100vw, 212px\" \/><\/a><\/p>\n<div class=\"description\"><\/div>\n<div class=\"published\">\n<div class=\"description\"><\/div>\n<div class=\"published\">\n<p>Jan &#8211; Jun \/ 2022.<\/p>\n<p><strong>Publicada em<\/strong>: 2022-09-15<\/p>\n<\/div>\n<\/div>\n<p>&nbsp;<\/p>\n<p>&nbsp;<\/p>\n<p>V. 7 n. 1 (2020)<\/p>\n<p><a href=\"http:\/\/periodicos.apps.uern.br\/index.php\/EXT\/issue\/view\/167\"><img loading=\"lazy\" decoding=\"async\" class=\"alignnone size-medium wp-image-736\" src=\"https:\/\/portal.uern.br\/proex\/wp-content\/uploads\/2023\/03\/extenderev7n1-199x300.png\" alt=\"\" width=\"199\" height=\"300\" srcset=\"https:\/\/portal.uern.br\/proex\/wp-content\/uploads\/2023\/03\/extenderev7n1-199x300.png 199w, https:\/\/portal.uern.br\/proex\/wp-content\/uploads\/2023\/03\/extenderev7n1.png 321w\" sizes=\"(max-width: 199px) 100vw, 199px\" \/><\/a><\/p>\n<p>&nbsp;<\/p>\n<p>V. 7 n. 1 (2019)<\/p>\n<p><a href=\"http:\/\/periodicos.apps.uern.br\/index.php\/EXT\/issue\/view\/253\"><img loading=\"lazy\" decoding=\"async\" class=\"alignnone size-medium wp-image-740\" src=\"https:\/\/portal.uern.br\/proex\/wp-content\/uploads\/2023\/03\/extenderev7n12019-199x300.png\" alt=\"\" width=\"199\" height=\"300\" srcset=\"https:\/\/portal.uern.br\/proex\/wp-content\/uploads\/2023\/03\/extenderev7n12019-199x300.png 199w, https:\/\/portal.uern.br\/proex\/wp-content\/uploads\/2023\/03\/extenderev7n12019.png 481w\" sizes=\"(max-width: 199px) 100vw, 199px\" \/><\/a><\/p>\n<p><strong>Publicada em<\/strong>: 2022-08-09<\/p>\n<p>&nbsp;<\/p>\n<p>V. 6 n. 2 (2018)<\/p>\n<p><a href=\"http:\/\/periodicos.apps.uern.br\/index.php\/EXT\/issue\/view\/28\"><img loading=\"lazy\" decoding=\"async\" class=\"alignnone size-medium wp-image-748\" src=\"https:\/\/portal.uern.br\/proex\/wp-content\/uploads\/2023\/03\/extenderev6n1-211x300.jpg\" alt=\"\" width=\"211\" height=\"300\" srcset=\"https:\/\/portal.uern.br\/proex\/wp-content\/uploads\/2023\/03\/extenderev6n1-211x300.jpg 211w, https:\/\/portal.uern.br\/proex\/wp-content\/uploads\/2023\/03\/extenderev6n1.jpg 519w\" sizes=\"(max-width: 211px) 100vw, 211px\" \/><\/a><\/p>\n<p><strong>Publicada em<\/strong>:\u00a02020-01-20<\/p>\n<p>&nbsp;<\/p>\n<p>V. 6 n. 1 (2018)<\/p>\n<p><a href=\"http:\/\/periodicos.apps.uern.br\/index.php\/EXT\/issue\/view\/26\"><img loading=\"lazy\" decoding=\"async\" class=\"alignnone size-medium wp-image-751\" src=\"https:\/\/portal.uern.br\/proex\/wp-content\/uploads\/2023\/03\/extenderev6n12018-211x300.jpg\" alt=\"\" width=\"211\" height=\"300\" srcset=\"https:\/\/portal.uern.br\/proex\/wp-content\/uploads\/2023\/03\/extenderev6n12018-211x300.jpg 211w, https:\/\/portal.uern.br\/proex\/wp-content\/uploads\/2023\/03\/extenderev6n12018.jpg 517w\" sizes=\"(max-width: 211px) 100vw, 211px\" \/><\/a><\/p>\n<p><strong>Publicada em<\/strong>:\u00a02020-01-17<\/p>\n<p>&nbsp;<\/p>\n<p>V. 5 n. 1 (2017)<\/p>\n<p><a href=\"http:\/\/periodicos.apps.uern.br\/index.php\/EXT\/issue\/view\/251\"><img loading=\"lazy\" decoding=\"async\" class=\"alignnone size-medium wp-image-753\" src=\"https:\/\/portal.uern.br\/proex\/wp-content\/uploads\/2023\/03\/extenderev5n1-211x300.jpg\" alt=\"\" width=\"211\" height=\"300\" srcset=\"https:\/\/portal.uern.br\/proex\/wp-content\/uploads\/2023\/03\/extenderev5n1-211x300.jpg 211w, https:\/\/portal.uern.br\/proex\/wp-content\/uploads\/2023\/03\/extenderev5n1.jpg 452w\" sizes=\"(max-width: 211px) 100vw, 211px\" \/><\/a><\/p>\n<p><strong>Publicada em<\/strong>: 2022-08-09<\/p>\n<p>&nbsp;<\/p>\n<p>V. 4 n. 2 (2016)<\/p>\n<p><a href=\"http:\/\/periodicos.apps.uern.br\/index.php\/EXT\/issue\/view\/250\"><img loading=\"lazy\" decoding=\"async\" class=\"alignnone size-medium wp-image-756\" src=\"https:\/\/portal.uern.br\/proex\/wp-content\/uploads\/2023\/03\/extenderev4n2-212x300.jpg\" alt=\"\" width=\"212\" height=\"300\" srcset=\"https:\/\/portal.uern.br\/proex\/wp-content\/uploads\/2023\/03\/extenderev4n2-212x300.jpg 212w, https:\/\/portal.uern.br\/proex\/wp-content\/uploads\/2023\/03\/extenderev4n2.jpg 455w\" sizes=\"(max-width: 212px) 100vw, 212px\" \/><\/a><\/p>\n<p><span class=\"label\"><strong>Publicada em<\/strong>: <\/span><span class=\"value\">2022-08-08<\/span><\/p>\n<p>&nbsp;<\/p>\n<p>V. 4 n. 1 (2016)<\/p>\n<p><a href=\"http:\/\/periodicos.apps.uern.br\/index.php\/EXT\/issue\/view\/249\"><img loading=\"lazy\" decoding=\"async\" class=\"alignnone size-medium wp-image-758\" src=\"https:\/\/portal.uern.br\/proex\/wp-content\/uploads\/2023\/03\/extenderev4n1-213x300.jpg\" alt=\"\" width=\"213\" height=\"300\" srcset=\"https:\/\/portal.uern.br\/proex\/wp-content\/uploads\/2023\/03\/extenderev4n1-213x300.jpg 213w, https:\/\/portal.uern.br\/proex\/wp-content\/uploads\/2023\/03\/extenderev4n1.jpg 522w\" sizes=\"(max-width: 213px) 100vw, 213px\" \/><\/a><\/p>\n<p><span class=\"label\">Publicado:\u00a0<\/span><span class=\"value\">2022-08-08<\/span><\/p>\n<p>&nbsp;<\/p>\n<p>V. 3 n. 2 (2015)<\/p>\n<p><a href=\"http:\/\/periodicos.apps.uern.br\/index.php\/EXT\/issue\/view\/248\"><img loading=\"lazy\" decoding=\"async\" class=\"alignnone size-medium wp-image-760\" src=\"https:\/\/portal.uern.br\/proex\/wp-content\/uploads\/2023\/03\/extenderev3n2-213x300.jpg\" alt=\"\" width=\"213\" height=\"300\" srcset=\"https:\/\/portal.uern.br\/proex\/wp-content\/uploads\/2023\/03\/extenderev3n2-213x300.jpg 213w, https:\/\/portal.uern.br\/proex\/wp-content\/uploads\/2023\/03\/extenderev3n2.jpg 554w\" sizes=\"(max-width: 213px) 100vw, 213px\" \/><\/a><\/p>\n<p><span class=\"label\">Publicado:\u00a0<\/span><span class=\"value\">2022-08-08<\/span><\/p>\n<p>&nbsp;<\/p>\n<p>V. 3 n. 1 (2015)<\/p>\n<p><a href=\"http:\/\/periodicos.apps.uern.br\/index.php\/EXT\/issue\/view\/247\"><img loading=\"lazy\" decoding=\"async\" class=\"alignnone size-medium wp-image-768\" src=\"https:\/\/portal.uern.br\/proex\/wp-content\/uploads\/2023\/03\/extenderev3n1-212x300.jpg\" alt=\"\" width=\"212\" height=\"300\" srcset=\"https:\/\/portal.uern.br\/proex\/wp-content\/uploads\/2023\/03\/extenderev3n1-212x300.jpg 212w, https:\/\/portal.uern.br\/proex\/wp-content\/uploads\/2023\/03\/extenderev3n1.jpg 530w\" sizes=\"(max-width: 212px) 100vw, 212px\" \/><\/a><\/p>\n<p><strong>Publicada em:<\/strong> 2022-08-08<\/p>\n<p>&nbsp;<\/p>\n<p>V. 2 n. 2 (2014)<\/p>\n<p><a href=\"http:\/\/periodicos.apps.uern.br\/index.php\/EXT\/issue\/view\/246\"><img loading=\"lazy\" decoding=\"async\" class=\"alignnone size-medium wp-image-770\" src=\"https:\/\/portal.uern.br\/proex\/wp-content\/uploads\/2023\/03\/extenderev2n2-213x300.png\" alt=\"\" width=\"213\" height=\"300\" srcset=\"https:\/\/portal.uern.br\/proex\/wp-content\/uploads\/2023\/03\/extenderev2n2-213x300.png 213w, https:\/\/portal.uern.br\/proex\/wp-content\/uploads\/2023\/03\/extenderev2n2.png 531w\" sizes=\"(max-width: 213px) 100vw, 213px\" \/><\/a><\/p>\n<p><strong>Publicado em:<\/strong> 2022-08-05<\/p>\n<p>&nbsp;<\/p>\n<p>V. 2 n. 1 (2014)<\/p>\n<p><a href=\"http:\/\/periodicos.apps.uern.br\/index.php\/EXT\/issue\/view\/245\"><img loading=\"lazy\" decoding=\"async\" class=\"alignnone size-medium wp-image-772\" src=\"https:\/\/portal.uern.br\/proex\/wp-content\/uploads\/2023\/03\/extenderev2n1-212x300.jpg\" alt=\"\" width=\"212\" height=\"300\" srcset=\"https:\/\/portal.uern.br\/proex\/wp-content\/uploads\/2023\/03\/extenderev2n1-212x300.jpg 212w, https:\/\/portal.uern.br\/proex\/wp-content\/uploads\/2023\/03\/extenderev2n1.jpg 528w\" sizes=\"(max-width: 212px) 100vw, 212px\" \/><\/a><\/p>\n<p><strong>Publicada em:<\/strong> 2022-08-01<\/p>\n<p>&nbsp;<\/p>\n<p>&nbsp;<\/p>\n<p>&nbsp;<\/p>\n","protected":false},"excerpt":{"rendered":"<p>Revista EXTENDERE A Revista Extendere, ligada \u00e0 Pr\u00f3-Reitoria de Extens\u00e3o (PROEX) da Universidade do Estado do Rio Grande do Norte (UERN), tem periodicidade semestral e objetiva a divulga\u00e7\u00e3o e valoriza\u00e7\u00e3o de a\u00e7\u00f5es de extens\u00e3o universit\u00e1ria, com resultados parciais e\/ou finais, desenvolvidas por professores, alunos e servidores t\u00e9cnico-administrativos da UERN e de demais Institui\u00e7\u00f5es de Ensino [&hellip;]<\/p>\n","protected":false},"author":1,"featured_media":0,"parent":0,"menu_order":0,"comment_status":"closed","ping_status":"closed","template":"","meta":{"footnotes":""},"class_list":["post-213","page","type-page","status-publish","hentry"],"_links":{"self":[{"href":"https:\/\/portal.uern.br\/proex\/wp-json\/wp\/v2\/pages\/213","targetHints":{"allow":["GET"]}}],"collection":[{"href":"https:\/\/portal.uern.br\/proex\/wp-json\/wp\/v2\/pages"}],"about":[{"href":"https:\/\/portal.uern.br\/proex\/wp-json\/wp\/v2\/types\/page"}],"author":[{"embeddable":true,"href":"https:\/\/portal.uern.br\/proex\/wp-json\/wp\/v2\/users\/1"}],"replies":[{"embeddable":true,"href":"https:\/\/portal.uern.br\/proex\/wp-json\/wp\/v2\/comments?post=213"}],"version-history":[{"count":40,"href":"https:\/\/portal.uern.br\/proex\/wp-json\/wp\/v2\/pages\/213\/revisions"}],"predecessor-version":[{"id":5477,"href":"https:\/\/portal.uern.br\/proex\/wp-json\/wp\/v2\/pages\/213\/revisions\/5477"}],"wp:attachment":[{"href":"https:\/\/portal.uern.br\/proex\/wp-json\/wp\/v2\/media?parent=213"}],"curies":[{"name":"wp","href":"https:\/\/api.w.org\/{rel}","templated":true}]}}