{"id":207,"date":"2022-09-13T09:18:05","date_gmt":"2022-09-13T12:18:05","guid":{"rendered":"https:\/\/paisdemossoro.com.br\/wordpress\/proex\/?page_id=207"},"modified":"2024-08-05T12:28:09","modified_gmt":"2024-08-05T15:28:09","slug":"deca7","status":"publish","type":"page","link":"https:\/\/portal.uern.br\/proex\/deca7\/","title":{"rendered":"DECA"},"content":{"rendered":"<p>A Diretoria de Educa\u00e7\u00e3o, Cultura e Artes (DECA) \u00e9 o \u00f3rg\u00e3o da Pr\u00f3-Reitoria de Extens\u00e3o (PROEX) respons\u00e1vel por desenvolver e acompanhar todas as atividades culturais na UERN.<\/p>\n<p>&nbsp;<\/p>\n<p>Equipe<\/p>\n<p><strong>Diretoria de Educa\u00e7\u00e3o, Cultura e Artes (DECA)<\/strong><\/p>\n<p><strong>Diretor<\/strong><br \/>\nProf\u00ba Me. Luiz Felipe Ferreira da Rocha Freitas.<br \/>\nEmail: deca.proex@uern.br<\/p>\n<p><strong>Secret\u00e1ria<\/strong><br \/>\nTNS Gisla de Freitas Alves<br \/>\nEmail: deca.proex@uern.br<\/p>\n<p><strong>Departamento de Gest\u00e3o de A\u00e7\u00f5es Culturais e Art\u00edsticas<\/strong><\/p>\n<p><strong>Chefe do Departamento<\/strong><br \/>\nProf<br \/>\nEmail: deca.proex@uern.br<\/p>\n<p><strong>Chefe do Setor de Produ\u00e7\u00e3o Cultural<\/strong><\/p>\n<p>TNS Nonato Santos &#8211; Diretor Cultural<br \/>\nEmail: deca.proex@uern.br<\/p>\n<p><strong>Chefe do Setor de Eventos<\/strong><br \/>\nTNS Lu\u00eds Fl\u00e1vio Batista<br \/>\nEmail: deca.proex@uern.br<\/p>\n","protected":false},"excerpt":{"rendered":"<p>A Diretoria de Educa\u00e7\u00e3o, Cultura e Artes (DECA) \u00e9 o \u00f3rg\u00e3o da Pr\u00f3-Reitoria de Extens\u00e3o (PROEX) respons\u00e1vel por desenvolver e acompanhar todas as atividades culturais na UERN. &nbsp; Equipe Diretoria de Educa\u00e7\u00e3o, Cultura e Artes (DECA) Diretor Prof\u00ba Me. Luiz Felipe Ferreira da Rocha Freitas. Email: deca.proex@uern.br Secret\u00e1ria TNS Gisla de Freitas Alves Email: deca.proex@uern.br [&hellip;]<\/p>\n","protected":false},"author":1,"featured_media":0,"parent":0,"menu_order":0,"comment_status":"closed","ping_status":"closed","template":"","meta":{"footnotes":""},"class_list":["post-207","page","type-page","status-publish","hentry"],"_links":{"self":[{"href":"https:\/\/portal.uern.br\/proex\/wp-json\/wp\/v2\/pages\/207","targetHints":{"allow":["GET"]}}],"collection":[{"href":"https:\/\/portal.uern.br\/proex\/wp-json\/wp\/v2\/pages"}],"about":[{"href":"https:\/\/portal.uern.br\/proex\/wp-json\/wp\/v2\/types\/page"}],"author":[{"embeddable":true,"href":"https:\/\/portal.uern.br\/proex\/wp-json\/wp\/v2\/users\/1"}],"replies":[{"embeddable":true,"href":"https:\/\/portal.uern.br\/proex\/wp-json\/wp\/v2\/comments?post=207"}],"version-history":[{"count":8,"href":"https:\/\/portal.uern.br\/proex\/wp-json\/wp\/v2\/pages\/207\/revisions"}],"predecessor-version":[{"id":5176,"href":"https:\/\/portal.uern.br\/proex\/wp-json\/wp\/v2\/pages\/207\/revisions\/5176"}],"wp:attachment":[{"href":"https:\/\/portal.uern.br\/proex\/wp-json\/wp\/v2\/media?parent=207"}],"curies":[{"name":"wp","href":"https:\/\/api.w.org\/{rel}","templated":true}]}}