{"id":205,"date":"2022-09-13T09:17:46","date_gmt":"2022-09-13T12:17:46","guid":{"rendered":"https:\/\/paisdemossoro.com.br\/wordpress\/proex\/?page_id=205"},"modified":"2024-08-05T12:46:36","modified_gmt":"2024-08-05T15:46:36","slug":"diretoria-de-extensao","status":"publish","type":"page","link":"https:\/\/portal.uern.br\/proex\/diretoria-de-extensao\/","title":{"rendered":"DIEX"},"content":{"rendered":"<p>A Diretoria de Extens\u00e3o (DIEX), \u00f3rg\u00e3o da Pr\u00f3-Reitoria de Extens\u00e3o que tem a finalidade de consolidar a Pol\u00edtica de Extens\u00e3o da UERN atrav\u00e9s da institucionaliza\u00e7\u00e3o das A\u00e7\u00f5es e Unidades de Extens\u00e3o.<\/p>\n<p>&nbsp;<\/p>\n<p>Equipe<\/p>\n<p><strong>Diretoria de Extens\u00e3o (DIEX)<\/strong><\/p>\n<p><strong>Diretora<\/strong><br \/>\nProf\u00aa. Dr\u00aa Denise dos Santos Vasconcelos<br \/>\nEmail: diex.proex@uern.br<\/p>\n<p><strong>Secret\u00e1ria<\/strong><br \/>\nTNS Vilsemacia Alves Costa<br \/>\nEmail: diex.proex@uern.br<\/p>\n<p><strong>Departamento de Gest\u00e3o da Extens\u00e3o<\/strong><\/p>\n<p><strong>Chefe do Departamento<\/strong><br \/>\nTNS Geordana Fernandes<br \/>\nEmail: diex.proex@uern.br<\/p>\n<p><strong>Chefe do Setor de Institucionaliza\u00e7\u00e3o e Bolsas<\/strong><br \/>\nTNS Kalina Machado<br \/>\nEmail: pibex.diex@uern.br<\/p>\n<p><strong>Chefe do Setor de Avalia\u00e7\u00e3o e Acompanhamento<\/strong><br \/>\nTNS Ricardo Alves<br \/>\nEmail: diex.proex@uern.br<\/p>\n<p><strong>Assistente Administrativa<\/strong><br \/>\nTNS Erika Larissa de Oliveira<br \/>\nEmail: diex.proex@uern.br<\/p>\n","protected":false},"excerpt":{"rendered":"<p>A Diretoria de Extens\u00e3o (DIEX), \u00f3rg\u00e3o da Pr\u00f3-Reitoria de Extens\u00e3o que tem a finalidade de consolidar a Pol\u00edtica de Extens\u00e3o da UERN atrav\u00e9s da institucionaliza\u00e7\u00e3o das A\u00e7\u00f5es e Unidades de Extens\u00e3o. &nbsp; Equipe Diretoria de Extens\u00e3o (DIEX) Diretora Prof\u00aa. Dr\u00aa Denise dos Santos Vasconcelos Email: diex.proex@uern.br Secret\u00e1ria TNS Vilsemacia Alves Costa Email: diex.proex@uern.br Departamento de [&hellip;]<\/p>\n","protected":false},"author":1,"featured_media":0,"parent":0,"menu_order":0,"comment_status":"closed","ping_status":"closed","template":"","meta":{"footnotes":""},"class_list":["post-205","page","type-page","status-publish","hentry"],"_links":{"self":[{"href":"https:\/\/portal.uern.br\/proex\/wp-json\/wp\/v2\/pages\/205","targetHints":{"allow":["GET"]}}],"collection":[{"href":"https:\/\/portal.uern.br\/proex\/wp-json\/wp\/v2\/pages"}],"about":[{"href":"https:\/\/portal.uern.br\/proex\/wp-json\/wp\/v2\/types\/page"}],"author":[{"embeddable":true,"href":"https:\/\/portal.uern.br\/proex\/wp-json\/wp\/v2\/users\/1"}],"replies":[{"embeddable":true,"href":"https:\/\/portal.uern.br\/proex\/wp-json\/wp\/v2\/comments?post=205"}],"version-history":[{"count":7,"href":"https:\/\/portal.uern.br\/proex\/wp-json\/wp\/v2\/pages\/205\/revisions"}],"predecessor-version":[{"id":5180,"href":"https:\/\/portal.uern.br\/proex\/wp-json\/wp\/v2\/pages\/205\/revisions\/5180"}],"wp:attachment":[{"href":"https:\/\/portal.uern.br\/proex\/wp-json\/wp\/v2\/media?parent=205"}],"curies":[{"name":"wp","href":"https:\/\/api.w.org\/{rel}","templated":true}]}}