{"id":194,"date":"2022-09-13T09:10:54","date_gmt":"2022-09-13T12:10:54","guid":{"rendered":"https:\/\/paisdemossoro.com.br\/wordpress\/proex\/?page_id=194"},"modified":"2025-12-04T10:47:43","modified_gmt":"2025-12-04T13:47:43","slug":"legislacao","status":"publish","type":"page","link":"https:\/\/portal.uern.br\/proex\/legislacao\/","title":{"rendered":"Legisla\u00e7\u00e3o"},"content":{"rendered":"<p><strong>Legisla\u00e7\u00e3o<\/strong><\/p>\n<ul>\n<li>Resolu\u00e7\u00e3o n\u00ba 14\/2017 &#8211; CONSEPE &#8211; Regulamento Geral da Extens\u00e3o Universit\u00e1ria da UERN (<a href=\"https:\/\/www.uern.br\/controledepaginas\/proex-documentos-legisla%C3%A7%C3%A3o\/arquivos\/1165resolua%C2%A7a%C2%A3o_14_2017_regulamento_geral_da_extensa%C2%A3o.pdf\">pdf<\/a>)<\/li>\n<li>Resolu\u00e7\u00e3o n\u00ba 34\/2017 &#8211; CONSEPE &#8211; Altera Resolu\u00e7\u00e3o n\u00ba 36\/2014 (<a href=\"https:\/\/www.uern.br\/controledepaginas\/proex-documentos-legisla%C3%A7%C3%A3o\/arquivos\/1165resolucao_n_2017_34___consepe___altera_a_resolucao_n_2014_36___consepe_que_trata_das_normas_para_a_dchd_na_uern.pdf\">pdf<\/a>)<\/li>\n<li>Resolu\u00e7\u00e3o n\u00ba 26\/2014 &#8211; CONSUNI &#8211; Cria o Complexo Cultural da UERN (<a href=\"https:\/\/www.uern.br\/controledepaginas\/proex-documentos-legisla%C3%A7%C3%A3o\/arquivos\/1165cria_ccuern.pdf\">pdf<\/a>)<\/li>\n<li>Resolu\u00e7\u00e3o n\u00b0 27\/2014 &#8211; CONSEPE &#8211; Estabelece Normas para a Atividade Curricular em Comunidade &#8211; ACC (<a href=\"https:\/\/www.uern.br\/controledepaginas\/proex-documentos-legisla%C3%A7%C3%A3o\/arquivos\/11652619resolucao_27_2014_consepe_estabelece_normas_para_a_acc_e_altera_a_resolucao_n_27_2004_do_consepe.pdf\">pdf<\/a>)<\/li>\n<li>Resolu\u00e7\u00e3o n\u00ba 34\/2016 &#8211; CONSUNI &#8211; Aprova o Plano de Desenvolvimento Institucional &#8211; PDI &#8211; 2016-2026 (<a href=\"https:\/\/www.uern.br\/controledepaginas\/proex-documentos-legisla%C3%A7%C3%A3o\/arquivos\/1165pdi_resolucao_34_2016_consuni_aprova_pdi.pdf\">pdf<\/a>, <a href=\"https:\/\/www.uern.br\/controledepaginas\/proex-documentos-legisla%C3%A7%C3%A3o\/arquivos\/1165pdi_resolucao_34_2016_consuni_aprova_o_pdi_anexo.pdf\">anexo<\/a>)<\/li>\n<li>Plano de Desenvolvimento Institucional &#8211; PDI 2007-2013 (<a href=\"https:\/\/www.uern.br\/controledepaginas\/proex-documentos-legisla%C3%A7%C3%A3o\/arquivos\/1165livro_do_pdi_da_uern_2007.pdf\">pdf<\/a>)<\/li>\n<li>Resolu\u00e7\u00e3o n\u00ba 070\/2021 &#8211; CONSEPE &#8211; Revoga a Resolu\u00e7\u00e3o n\u00ba 36\/2014 (<a href=\"https:\/\/www.uern.br\/controledepaginas\/proex-documentos-legisla%C3%A7%C3%A3o\/arquivos\/1165resolucao_n0_2021_070___consepe___aprova_normas_dchd_e_revoga_as_resolucoes_de_n0_36_40_e_41_de_201_34_de_2017_41_de_2018_13_e_19_de_2021.pdf\">pdf<\/a>)<\/li>\n<\/ul>\n<p>&nbsp;<\/p>\n<h5><\/h5>\n<h5>CURRICULARIZA\u00c7\u00c3O<\/h5>\n<ul>\n<li>Apresenta\u00e7\u00e3o sobre curriculariza\u00e7\u00e3o<\/li>\n<li>Resolu\u00e7\u00e3o n\u00ba 7\/2018 &#8211; CNE &#8211; Estabelece as Diretrizes para a Extens\u00e3o na Educa\u00e7\u00e3o Superior Brasileira (<a href=\"https:\/\/www.uern.br\/controledepaginas\/proex-documentos-legisla%C3%A7%C3%A3o\/arquivos\/1165res_cne_07_2018_diretrizes_extensa%C2%A3o.pdf\">pdf<\/a>)<\/li>\n<li>Apresenta\u00e7\u00e3o sobre Curriculariza\u00e7\u00e3o &#8211; Col\u00f3quio de Extens\u00e3o 2018<\/li>\n<li>Apresenta\u00e7\u00e3o sobre curriculariza\u00e7\u00e3o &#8211; Col\u00f3quio de Extens\u00e3o 2017<\/li>\n<li>Orienta\u00e7\u00f5es para a Curriculariza\u00e7\u00e3o &#8211; Manual 2a. vers\u00e3o<\/li>\n<li>Orienta\u00e7\u00f5es para a Curriculariza\u00e7\u00e3o &#8211; Manual 1a. vers\u00e3o<\/li>\n<li>Resolu\u00e7\u00e3o n\u00ba 21\/2025 &#8211; CONSEPE &#8211; Regulamenta a curriculariza\u00e7\u00e3o das atividades de extens\u00e3o (<a href=\"https:\/\/portal.uern.br\/proex\/wp-content\/uploads\/2025\/12\/resolucao-consepe-212025.pdf\">pdf<\/a>)<\/li>\n<li>Resolu\u00e7\u00e3o N\u00ba 26\/2017 \u2013 CONSEPE &#8211; Regulamento dos Cursos de Gradua\u00e7\u00e3o (<a href=\"https:\/\/www.uern.br\/controledepaginas\/Proeg-L.Interna\/arquivos\/3129resolua%C2%A7a%C2%A3o_026_2017.consepe_novo_rcg.pdf\">link<\/a>)<\/li>\n<li>Resolu\u00e7\u00e3o n\u00ba 14\/2017 &#8211; CONSEPE &#8211; Regulamento Geral da Extens\u00e3o (<a href=\"https:\/\/www.uern.br\/controledepaginas\/proex-documentos-legisla%C3%A7%C3%A3o\/arquivos\/1165resolua%C2%A7a%C2%A3o_14_2017_regulamento_geral_da_extensa%C2%A3o.pdf\">pdf<\/a>)<\/li>\n<li>Resolu\u00e7\u00e3o n\u00ba 34\/2016 &#8211; CONSUNI &#8211; Aprova o Plano de Desenvolvimento Institucional &#8211; PDI &#8211; 2016-2026\u00a0 (<a href=\"https:\/\/www.uern.br\/controledepaginas\/proex-documentos-legisla%C3%A7%C3%A3o\/arquivos\/1165pdi_resolucao_34_2016_consuni_aprova_pdi.pdf\">pdf<\/a>, <a href=\"https:\/\/www.uern.br\/controledepaginas\/proex-documentos-legisla%C3%A7%C3%A3o\/arquivos\/1165pdi_resolucao_34_2016_consuni_aprova_o_pdi_anexo.pdf\">anexo<\/a>)<\/li>\n<li>Of\u00edcio n\u00ba 06\/2016 &#8211; CEE\/RN &#8211; Reconhecimento\/renova\u00e7\u00e3o de curso de n\u00edvel superior (<a href=\"https:\/\/www.uern.br\/controledepaginas\/proex-documentos-legisla%C3%A7%C3%A3o\/arquivos\/1165ofa%C2%ADcio_cee_documentos_renovacao.pdf\">pdf<\/a>)<\/li>\n<li>Pol\u00edtica Nacional de Extens\u00e3o Universit\u00e1ria (<a href=\"https:\/\/www.uern.br\/controledepaginas\/proex-documentos-legisla%C3%A7%C3%A3o\/arquivos\/1165pola%C2%ADtica_nacional_de_extensa%C2%A3o_universita%C2%A1ria_e_book.pdf\">pdf<\/a>)<\/li>\n<li>Plano Nacional de Educa\u00e7\u00e3o &#8211; PNE 2014-2024 (<a href=\"https:\/\/www.uern.br\/controledepaginas\/proex-documentos-legisla%C3%A7%C3%A3o\/arquivos\/1165pne_2014_2024.pdf\">pdf<\/a>)<\/li>\n<\/ul>\n","protected":false},"excerpt":{"rendered":"<p>Legisla\u00e7\u00e3o Resolu\u00e7\u00e3o n\u00ba 14\/2017 &#8211; CONSEPE &#8211; Regulamento Geral da Extens\u00e3o Universit\u00e1ria da UERN (pdf) Resolu\u00e7\u00e3o n\u00ba 34\/2017 &#8211; CONSEPE &#8211; Altera Resolu\u00e7\u00e3o n\u00ba 36\/2014 (pdf) Resolu\u00e7\u00e3o n\u00ba 26\/2014 &#8211; CONSUNI &#8211; Cria o Complexo Cultural da UERN (pdf) Resolu\u00e7\u00e3o n\u00b0 27\/2014 &#8211; CONSEPE &#8211; Estabelece Normas para a Atividade Curricular em Comunidade &#8211; ACC [&hellip;]<\/p>\n","protected":false},"author":1,"featured_media":0,"parent":0,"menu_order":0,"comment_status":"closed","ping_status":"closed","template":"","meta":{"footnotes":""},"class_list":["post-194","page","type-page","status-publish","hentry"],"_links":{"self":[{"href":"https:\/\/portal.uern.br\/proex\/wp-json\/wp\/v2\/pages\/194","targetHints":{"allow":["GET"]}}],"collection":[{"href":"https:\/\/portal.uern.br\/proex\/wp-json\/wp\/v2\/pages"}],"about":[{"href":"https:\/\/portal.uern.br\/proex\/wp-json\/wp\/v2\/types\/page"}],"author":[{"embeddable":true,"href":"https:\/\/portal.uern.br\/proex\/wp-json\/wp\/v2\/users\/1"}],"replies":[{"embeddable":true,"href":"https:\/\/portal.uern.br\/proex\/wp-json\/wp\/v2\/comments?post=194"}],"version-history":[{"count":8,"href":"https:\/\/portal.uern.br\/proex\/wp-json\/wp\/v2\/pages\/194\/revisions"}],"predecessor-version":[{"id":5620,"href":"https:\/\/portal.uern.br\/proex\/wp-json\/wp\/v2\/pages\/194\/revisions\/5620"}],"wp:attachment":[{"href":"https:\/\/portal.uern.br\/proex\/wp-json\/wp\/v2\/media?parent=194"}],"curies":[{"name":"wp","href":"https:\/\/api.w.org\/{rel}","templated":true}]}}