{"id":185,"date":"2022-04-11T07:41:30","date_gmt":"2022-04-11T10:41:30","guid":{"rendered":"https:\/\/paisdemossoro.com.br\/wordpress\/proex\/?page_id=185"},"modified":"2025-06-30T10:40:34","modified_gmt":"2025-06-30T13:40:34","slug":"apresentacao","status":"publish","type":"page","link":"https:\/\/portal.uern.br\/proex\/","title":{"rendered":""},"content":{"rendered":"<figure id=\"attachment_526\" aria-describedby=\"caption-attachment-526\" style=\"width: 800px\" class=\"wp-caption aligncenter\"><img fetchpriority=\"high\" decoding=\"async\" class=\"wp-image-526 size-large\" src=\"http:\/\/beta.apps.uern.br\/wordpress\/proex\/wp-content\/uploads\/2023\/02\/FESTUERN-DIA-3-MANHA-5-1024x655.jpg\" alt=\"Festival de Teatro da UERN (FESTUERN)\" width=\"800\" height=\"512\" srcset=\"https:\/\/portal.uern.br\/proex\/wp-content\/uploads\/2023\/02\/FESTUERN-DIA-3-MANHA-5-1024x655.jpg 1024w, https:\/\/portal.uern.br\/proex\/wp-content\/uploads\/2023\/02\/FESTUERN-DIA-3-MANHA-5-300x192.jpg 300w, https:\/\/portal.uern.br\/proex\/wp-content\/uploads\/2023\/02\/FESTUERN-DIA-3-MANHA-5-768x491.jpg 768w, https:\/\/portal.uern.br\/proex\/wp-content\/uploads\/2023\/02\/FESTUERN-DIA-3-MANHA-5-1536x982.jpg 1536w, https:\/\/portal.uern.br\/proex\/wp-content\/uploads\/2023\/02\/FESTUERN-DIA-3-MANHA-5-2048x1309.jpg 2048w\" sizes=\"(max-width: 800px) 100vw, 800px\" \/><figcaption id=\"caption-attachment-526\" class=\"wp-caption-text\">Festival de Teatro da Uern (FESTUERN) \u00e9 uma das a\u00e7\u00f5es realizadas pela Pr\u00f3-Reitoria de Extens\u00e3o.<\/figcaption><\/figure>\n<p>A Pr\u00f3-Reitoria de Extens\u00e3o (PROEX) \u00e9 \u00f3rg\u00e3o respons\u00e1vel por articular, acompanhar, registrar e promover as a\u00e7\u00f5es de extens\u00e3o da UERN. Fundamenta-se nos princ\u00edpios Nacionais da Pol\u00edtica de Extens\u00e3o expressa pelo F\u00f3rum de Pr\u00f3-Reitores de Extens\u00e3o das Universidades P\u00fablicas Brasileiras (FORPROEX, 2013), comprometendo-se com a consolida\u00e7\u00e3o de uma pol\u00edtica de valoriza\u00e7\u00e3o e qualifica\u00e7\u00e3o da atividade extensionista, na qual os princ\u00edpios da interdisciplinaridade, dialogicidade e indissociabilidade entre as atividades meios da forma\u00e7\u00e3o (ensino, pesquisa, extens\u00e3o), s\u00e3o a busca em devir em prol de uma universidade socialmente referenciada. S\u00e3o protagonistas da extens\u00e3o: alunos, professores, t\u00e9cnicos administrativos e comunidade externa que, em um di\u00e1logo plural de saberes se (trans) formam conjuntamente.<\/p>\n<h5><strong>Miss\u00e3o da PROEX<\/strong><\/h5>\n<p>Fomentar uma forma\u00e7\u00e3o acad\u00eamica-profissional-humana pautada na dialogicidade, no respeito \u00e0s diferen\u00e7as, no di\u00e1logo entre saberes cient\u00edficos e do cotidiano, por meio da rela\u00e7\u00e3o com a sociedade.<\/p>\n<h5><strong>Objetivos da PROEX<\/strong><\/h5>\n<p>\u2022 Proporcionar uma forma\u00e7\u00e3o acad\u00eamica e cidad\u00e3 ao estudante de gradua\u00e7\u00e3o da UERN;<br \/>\n\u2022 Promover e apoiar a\u00e7\u00f5es que fortale\u00e7am o di\u00e1logo entre a universidade e a sociedade;<br \/>\n\u2022 Construir a\u00e7\u00f5es de extens\u00e3o que respondam as demandas advindas da sociedade potiguar;<br \/>\n\u2022 Potencializar as a\u00e7\u00f5es culturais e sociais da UERN, sempre pautadas nos anseios da sociedade;<br \/>\n\u2022 Incorporar as a\u00e7\u00f5es de extens\u00e3o aos cursos de gradua\u00e7\u00e3o da UERN.<\/p>\n<h5><strong>Servi\u00e7os ofertados pela PROEX<\/strong><\/h5>\n<p align=\"justify\">A Pr\u00f3-Reitoria de Extens\u00e3o (PROEX) atua com a oferta de servi\u00e7os, como:<\/p>\n<p align=\"justify\"># Realiza\u00e7\u00e3o de eventos educativos\/extensionistas, tais como UERN no Parque;<\/p>\n<p align=\"justify\"># Promo\u00e7\u00e3o de atividades apoio ao terceiro setor, como o Semin\u00e1rio Universidade e Terceiro Setor;<\/p>\n<p align=\"justify\"># Planejamento, organiza\u00e7\u00e3o e execu\u00e7\u00e3o do Festival de Teatro da UERN (FESTUERN);<\/p>\n<p align=\"justify\"># Desenvolvimento de a\u00e7\u00f5es de capacita\u00e7\u00e3o em prefeituras, C\u00e2maras Municipais, clubes de servi\u00e7o, associa\u00e7\u00f5es, entre outras institui\u00e7\u00f5es da sociedade civil, por meio do projeto UERN Qualifica;<\/p>\n<p align=\"justify\"># Oferta, em parceria com a Reitoria e demais pr\u00f3-reitorias, de cursos para pessoas idosas, atrav\u00e9s do Programa UERN 60+;<\/p>\n<p align=\"justify\"># Realiza\u00e7\u00e3o da Feira de Profiss\u00f5es;<\/p>\n<p align=\"justify\"># Atividades de apoio a entidades como Casa do Caminho, Associa\u00e7\u00e3o dos Autistas de Mossor\u00f3 e Regi\u00e3o, Projeto Esperan\u00e7a, entre outros, por meio de a\u00e7\u00f5es dos projetos de extens\u00e3o e atrav\u00e9s de parcerias firmadas em termos legais com fins espec\u00edficos;<\/p>\n<p align=\"justify\"># Oferta para a comunidade de cursos de dan\u00e7a e teatro, por meio dos grupos universit\u00e1rios GRUDUM e GRUTUM;<\/p>\n<p align=\"justify\"># Produ\u00e7\u00e3o, edi\u00e7\u00e3o e publica\u00e7\u00e3o digital da Extendere, revista cient\u00edfica de Extens\u00e3o.<\/p>\n<p align=\"justify\"><strong>Endere\u00e7o da PROEX<\/strong><\/p>\n<p align=\"justify\">Campus Universit\u00e1rio Central &#8211; Av. Prof. Ant\u00f4nio Campos &#8211; Pres. Costa e Silva, Mossor\u00f3 &#8211; RN, 59610-210<\/p>\n","protected":false},"excerpt":{"rendered":"<p>A Pr\u00f3-Reitoria de Extens\u00e3o (PROEX) \u00e9 \u00f3rg\u00e3o respons\u00e1vel por articular, acompanhar, registrar e promover as a\u00e7\u00f5es de extens\u00e3o da UERN. Fundamenta-se nos princ\u00edpios Nacionais da Pol\u00edtica de Extens\u00e3o expressa pelo F\u00f3rum de Pr\u00f3-Reitores de Extens\u00e3o das Universidades P\u00fablicas Brasileiras (FORPROEX, 2013), comprometendo-se com a consolida\u00e7\u00e3o de uma pol\u00edtica de valoriza\u00e7\u00e3o e qualifica\u00e7\u00e3o da atividade extensionista, [&hellip;]<\/p>\n","protected":false},"author":1,"featured_media":0,"parent":0,"menu_order":0,"comment_status":"closed","ping_status":"closed","template":"","meta":{"footnotes":""},"class_list":["post-185","page","type-page","status-publish","hentry"],"_links":{"self":[{"href":"https:\/\/portal.uern.br\/proex\/wp-json\/wp\/v2\/pages\/185","targetHints":{"allow":["GET"]}}],"collection":[{"href":"https:\/\/portal.uern.br\/proex\/wp-json\/wp\/v2\/pages"}],"about":[{"href":"https:\/\/portal.uern.br\/proex\/wp-json\/wp\/v2\/types\/page"}],"author":[{"embeddable":true,"href":"https:\/\/portal.uern.br\/proex\/wp-json\/wp\/v2\/users\/1"}],"replies":[{"embeddable":true,"href":"https:\/\/portal.uern.br\/proex\/wp-json\/wp\/v2\/comments?post=185"}],"version-history":[{"count":17,"href":"https:\/\/portal.uern.br\/proex\/wp-json\/wp\/v2\/pages\/185\/revisions"}],"predecessor-version":[{"id":5523,"href":"https:\/\/portal.uern.br\/proex\/wp-json\/wp\/v2\/pages\/185\/revisions\/5523"}],"wp:attachment":[{"href":"https:\/\/portal.uern.br\/proex\/wp-json\/wp\/v2\/media?parent=185"}],"curies":[{"name":"wp","href":"https:\/\/api.w.org\/{rel}","templated":true}]}}