{"id":7,"date":"2022-09-13T10:49:40","date_gmt":"2022-09-13T13:49:40","guid":{"rendered":"https:\/\/paisdemossoro.com.br\/wordpress\/proex\/educa\/?page_id=7"},"modified":"2022-09-13T10:49:40","modified_gmt":"2022-09-13T13:49:40","slug":"gestao","status":"publish","type":"page","link":"https:\/\/portal.uern.br\/proex\/educa\/gestao\/","title":{"rendered":"Gest\u00e3o"},"content":{"rendered":"<p><strong>Dire\u00e7\u00e3o<\/strong><\/p>\n<p><strong>Diretora<\/strong><br \/>\n<strong>Profa. Dra. Irene de Ara\u00fajo van den Berg<\/strong><br \/>\n(84) 3232.3870<br \/>\ndirecaoccuern@gmail.com<\/p>\n<p><strong>Secret\u00e1ria<\/strong><br \/>\n<strong>TNS Esp. Priscila Nogueira Kr\u00fcger<\/strong><br \/>\n(84) 3232.3870<br \/>\ncomplexoculturaldauern@gmail.com<\/p>\n<p><strong>Divis\u00e3o Financeira<\/strong><\/p>\n<p><strong>TNM Wagner de Sousa Fonseca<\/strong><br \/>\n(84) 3232.3870<br \/>\nfinanceiroccuern@gmail.com<\/p>\n<p><strong>Bolsista &#8211; PIC<\/strong><\/p>\n<p><strong>Jeissiany Batista Maia<\/strong><br \/>\n(84) 3232.6120<\/p>\n<p><strong>Setor de Cursos<\/strong><\/p>\n<p><strong>Chefe do Setor de Cursos<\/strong><br \/>\n<strong>Profa. Dra. Karla Darlene Nepomuceno Ramos<\/strong><br \/>\n(84) 3232.6120<br \/>\nchcursosccuern@gmail.com<\/p>\n<p><strong>Bolsistas<\/strong><\/p>\n<p><strong>Maria Daniele da Silva\u00a0<\/strong><br \/>\n(84) 3232.6120<br \/>\ncursosccuern@gmail.com<\/p>\n<p><strong>Tamires Jales Nunes<\/strong><br \/>\n(84) 3232.6120<br \/>\ncursosccuern@gmail.com<\/p>\n<p><strong>Iago Henrique de Oliveira<\/strong><br \/>\n(84) 3232.6120<br \/>\ncursosccuern@gmail.com<\/p>\n<p>Setor de Eventos<br \/>\nChefe do Setor de Eventos<br \/>\nTNS Esp. L\u00eada Targino Veras<br \/>\n(84) 3661.5767<br \/>\ncheventosccuern@gmail.com<\/p>\n<p>Secret\u00e1ria de Eventos<br \/>\nTNS Esp. Marcela Karin Pereira Ribeiro<br \/>\n(84) 3661.5767<br \/>\neventosccuern@gmail.com<\/p>\n<p>Divis\u00e3o de Log\u00edstica de Eventos<br \/>\nTNM Alexandre Soares da Costa<br \/>\n(84) 3661.5767<br \/>\nlogisticaeventosccuern@gmail.com<\/p>\n","protected":false},"excerpt":{"rendered":"<p>Dire\u00e7\u00e3o Diretora Profa. Dra. Irene de Ara\u00fajo van den Berg (84) 3232.3870 direcaoccuern@gmail.com Secret\u00e1ria TNS Esp. Priscila Nogueira Kr\u00fcger (84) 3232.3870 complexoculturaldauern@gmail.com Divis\u00e3o Financeira TNM Wagner de Sousa Fonseca (84) 3232.3870 financeiroccuern@gmail.com Bolsista &#8211; PIC Jeissiany Batista Maia (84) 3232.6120 Setor de Cursos Chefe do Setor de Cursos Profa. Dra. Karla Darlene Nepomuceno Ramos (84) [&hellip;]<\/p>\n","protected":false},"author":1,"featured_media":0,"parent":0,"menu_order":0,"comment_status":"closed","ping_status":"closed","template":"","meta":{"footnotes":""},"class_list":["post-7","page","type-page","status-publish","hentry"],"_links":{"self":[{"href":"https:\/\/portal.uern.br\/proex\/educa\/wp-json\/wp\/v2\/pages\/7","targetHints":{"allow":["GET"]}}],"collection":[{"href":"https:\/\/portal.uern.br\/proex\/educa\/wp-json\/wp\/v2\/pages"}],"about":[{"href":"https:\/\/portal.uern.br\/proex\/educa\/wp-json\/wp\/v2\/types\/page"}],"author":[{"embeddable":true,"href":"https:\/\/portal.uern.br\/proex\/educa\/wp-json\/wp\/v2\/users\/1"}],"replies":[{"embeddable":true,"href":"https:\/\/portal.uern.br\/proex\/educa\/wp-json\/wp\/v2\/comments?post=7"}],"version-history":[{"count":1,"href":"https:\/\/portal.uern.br\/proex\/educa\/wp-json\/wp\/v2\/pages\/7\/revisions"}],"predecessor-version":[{"id":8,"href":"https:\/\/portal.uern.br\/proex\/educa\/wp-json\/wp\/v2\/pages\/7\/revisions\/8"}],"wp:attachment":[{"href":"https:\/\/portal.uern.br\/proex\/educa\/wp-json\/wp\/v2\/media?parent=7"}],"curies":[{"name":"wp","href":"https:\/\/api.w.org\/{rel}","templated":true}]}}