{"id":5,"date":"2022-09-13T10:46:53","date_gmt":"2022-09-13T13:46:53","guid":{"rendered":"https:\/\/paisdemossoro.com.br\/wordpress\/proex\/educa\/?page_id=5"},"modified":"2022-09-13T10:46:53","modified_gmt":"2022-09-13T13:46:53","slug":"apresentacao","status":"publish","type":"page","link":"https:\/\/portal.uern.br\/proex\/educa\/","title":{"rendered":"Apresenta\u00e7\u00e3o"},"content":{"rendered":"<h5>O Complexo<\/h5>\n<p>O Complexo Cultural da UERN (CCUERN) \u00e9 uma Diretoria da Pr\u00f3-Reitoria de Extens\u00e3o (PROEX) e tem por finalidade planejar, articular, promover e gerir a\u00e7\u00f5es de extens\u00e3o envolvendo os Setores de Cursos e de Eventos do pr\u00f3prio CCUERN e os departamentos acad\u00eamicos da UERN, especialmente os do Campus de Natal.<\/p>\n<p>As a\u00e7\u00f5es realizadas no CCUERN se desenvolvem em conson\u00e2ncia com a Pol\u00edtica Nacional de Extens\u00e3o Universit\u00e1ria e est\u00e3o voltadas prioritariamente \u00e0 promo\u00e7\u00e3o e difus\u00e3o da cultura e das artes, al\u00e9m de a\u00e7\u00f5es nas \u00e1reas da sa\u00fade, desporto, lazer, inclus\u00e3o digital e cidadania.<\/p>\n<p>Ao longo de sua trajet\u00f3ria o CCUERN vem desenvolvendo projetos, cursos, eventos, presta\u00e7\u00e3o de servi\u00e7os entre outras atividades que contemplam artes c\u00eanicas, artes visuais, m\u00fasica, dan\u00e7a, audiovisual, literatura, artesanato, inclus\u00e3o digital, educa\u00e7\u00e3o, meio ambiente, sa\u00fade, esportes, direitos humanos, justi\u00e7a, cidadania e trabalho.<\/p>\n<p>O CCUERN atua prioritariamente em dois grandes eixos que est\u00e3o definidos tamb\u00e9m na sua organiza\u00e7\u00e3o administrativa:<\/p>\n<ul>\n<li>Setor de Eventos: atua no planejamento, acolhimento e encaminhamento de propostas de eventos a se realizar nas depend\u00eancias do CCUERN;<\/li>\n<li>Setor de Cursos: coordena a oferta dos cursos e atividades de extens\u00e3o de car\u00e1ter regular que funcionam no CCUERN;<\/li>\n<\/ul>\n<h5>Nossa Hist\u00f3ria<\/h5>\n<p>O\u00a0<strong>Complexo Cultural<\/strong>\u00a0foi inaugurado em 30 de mar\u00e7o de 2010 pela Governadora Wilma Maria de Farias e pelo Reitor da UERN Milton Marques de Medeiros. A estrutura f\u00edsica foi constru\u00edda no local onde funcionou a Penitenci\u00e1ria Central Doutor Jo\u00e3o Chaves.<\/p>\n<p>Em 1968, quando o Conjunto Potengi n\u00e3o passava do esbo\u00e7o do que \u00e9 hoje, as primeiras casas da regi\u00e3o foram ocupadas pelos militares que cuidavam da seguran\u00e7a do pres\u00eddio. No per\u00edodo ditatorial a penitenci\u00e1ria recebeu presos pol\u00edticos, mas com a escalada da viol\u00eancia, as rebeli\u00f5es, os presos de alta periculosidade e os crimes brutais contra detentos o pres\u00eddio passa a ser conhecido popularmente como o Caldeir\u00e3o do Diabo.<\/p>\n<p>A partir de 2003 o Minist\u00e9rio P\u00fablico do Estado envidou esfor\u00e7os em documentar com laudos o comprometimento da estrutura f\u00edsica do pres\u00eddio e com isso quatro d\u00e9cadas de triste hist\u00f3ria da Jo\u00e3o Chaves inicia seu cap\u00edtulo final. O \u00faltimo detento do sistema fechado deixou a penitenci\u00e1ria em mar\u00e7o de 2006.<\/p>\n<p>No dia 23 do mesmo m\u00eas as paredes do velho Caldeir\u00e3o foram demolidas e em seu lugar surgia o projeto de um novo tempo, que chegou a ser batizado popularmente de Caldeir\u00e3o da Cultura, mas se concretizou na pr\u00e1tica com v\u00e1rios nomes oficiais que se sucederam: Complexo Cultural de Todos, Complexo Cultural da Zona Norte e Complexo Cultural de Natal.<\/p>\n<p>Desde sua inaugura\u00e7\u00e3o o Complexo Cultural de Natal (CCN) ficou sob a gest\u00e3o da UERN, que al\u00e9m de desenvolver a proposta cultural intr\u00ednseca \u00e0 unidade, tamb\u00e9m abrigou no local o N\u00facleo de Pr\u00e1tica Jur\u00eddica do Campus de Natal e, a partir de 2011, instalou o Curso de Gradua\u00e7\u00e3o de Ci\u00eancias da Religi\u00e3o. A UERN realizou ainda parcerias e conv\u00eanios que possibilitaram a oferta de servi\u00e7os e atendimentos \u00e0 comunidade por meio do Hemonorte e da Defensoria P\u00fablica do Estado, entre outros.<\/p>\n<p>No final de 2013, com a gest\u00e3o do Reitor Pedro Fernandes Ribeiro Neto e do Pr\u00f3-Reitor de Extens\u00e3o Etevaldo Almeida Silva se estreitaram as rela\u00e7\u00f5es entre o Complexo Cultural e a PROEX, a partir da compreens\u00e3o de afinidade do perfil de atua\u00e7\u00e3o da Pr\u00f3-Reitoria e das a\u00e7\u00f5es que o Complexo Cultural realizava. Com isso, o Complexo Cultural passa a ser tratado como estrutura vinculada \u00e0 PROEX, o que \u00e9 definitivamente consolidado com a Resolu\u00e7\u00e3o 026\/2014 \u2013 CONSUNI\/UERN. Com a regulamenta\u00e7\u00e3o interna o Complexo Cultural de Natal passou a se chamar Complexo Cultural da UERN (CCUERN), constituindo uma Diretoria Administrativa da PROEX.<\/p>\n<p>Em sintonia com uma pol\u00edtica de austeridade da gest\u00e3o p\u00fablica e objetivando enxugar gastos com a manuten\u00e7\u00e3o da Universidade, em mar\u00e7o de 2015, a estrutura do Campus de Natal foi acolhida provisoriamente nas instala\u00e7\u00f5es do CCUERN e dever\u00e1 permanecer at\u00e9 a conclus\u00e3o das obras da sede pr\u00f3pria. A ocupa\u00e7\u00e3o das instala\u00e7\u00f5es prezou pelo planejamento de forma que preservou espa\u00e7os e a\u00e7\u00f5es do CCUERN e n\u00e3o houve preju\u00edzo ou qualquer tipo de comprometimento da oferta de atividades do CCUERN.<\/p>\n<p>Desde o in\u00edcio de suas atividades o CCUERN j\u00e1 ofertou mais de 10.000 vagas em atividades, oficinas e cursos beneficiando diretamente p\u00fablico da comunidade. Em sua pol\u00edtica de eventos, parcerias e cess\u00f5es de uso o CCUERN proporcionou o acesso de milhares de pessoas a servi\u00e7os p\u00fablicos, a\u00e7\u00f5es de cidadania, justi\u00e7a, lazer, cultura, entretenimento e sa\u00fade, al\u00e9m de forma\u00e7\u00e3o, acesso \u00e0 educa\u00e7\u00e3o e aperfei\u00e7oamento profissional.<\/p>\n<h5>Nossa Miss\u00e3o<\/h5>\n<p>Educar, produzir e disseminar o saber cultural, por meio da educa\u00e7\u00e3o pela arte, promovendo a cidadania cultural e o lazer \u00e0 popula\u00e7\u00e3o, comprometendo-se com a justi\u00e7a social, a democracia e o desenvolvimento sustent\u00e1vel da sociedade potiguar.<\/p>\n<h5>Nosso Objetivo<\/h5>\n<p>Promover a\u00e7\u00f5es de extens\u00e3o pautadas na produ\u00e7\u00e3o e dissemina\u00e7\u00e3o do saber cultural, comprometidas com a cidadania e com o desenvolvimento sustent\u00e1vel da sociedade potiguar.<\/p>\n","protected":false},"excerpt":{"rendered":"<p>O Complexo O Complexo Cultural da UERN (CCUERN) \u00e9 uma Diretoria da Pr\u00f3-Reitoria de Extens\u00e3o (PROEX) e tem por finalidade planejar, articular, promover e gerir a\u00e7\u00f5es de extens\u00e3o envolvendo os Setores de Cursos e de Eventos do pr\u00f3prio CCUERN e os departamentos acad\u00eamicos da UERN, especialmente os do Campus de Natal. As a\u00e7\u00f5es realizadas no [&hellip;]<\/p>\n","protected":false},"author":1,"featured_media":0,"parent":0,"menu_order":0,"comment_status":"closed","ping_status":"closed","template":"","meta":{"footnotes":""},"class_list":["post-5","page","type-page","status-publish","hentry"],"_links":{"self":[{"href":"https:\/\/portal.uern.br\/proex\/educa\/wp-json\/wp\/v2\/pages\/5","targetHints":{"allow":["GET"]}}],"collection":[{"href":"https:\/\/portal.uern.br\/proex\/educa\/wp-json\/wp\/v2\/pages"}],"about":[{"href":"https:\/\/portal.uern.br\/proex\/educa\/wp-json\/wp\/v2\/types\/page"}],"author":[{"embeddable":true,"href":"https:\/\/portal.uern.br\/proex\/educa\/wp-json\/wp\/v2\/users\/1"}],"replies":[{"embeddable":true,"href":"https:\/\/portal.uern.br\/proex\/educa\/wp-json\/wp\/v2\/comments?post=5"}],"version-history":[{"count":1,"href":"https:\/\/portal.uern.br\/proex\/educa\/wp-json\/wp\/v2\/pages\/5\/revisions"}],"predecessor-version":[{"id":6,"href":"https:\/\/portal.uern.br\/proex\/educa\/wp-json\/wp\/v2\/pages\/5\/revisions\/6"}],"wp:attachment":[{"href":"https:\/\/portal.uern.br\/proex\/educa\/wp-json\/wp\/v2\/media?parent=5"}],"curies":[{"name":"wp","href":"https:\/\/api.w.org\/{rel}","templated":true}]}}