{"id":23,"date":"2022-09-13T11:11:47","date_gmt":"2022-09-13T14:11:47","guid":{"rendered":"https:\/\/paisdemossoro.com.br\/wordpress\/proex\/educa\/?page_id=23"},"modified":"2022-09-13T11:29:09","modified_gmt":"2022-09-13T14:29:09","slug":"documentos","status":"publish","type":"page","link":"https:\/\/portal.uern.br\/proex\/educa\/documentos\/","title":{"rendered":"Documentos"},"content":{"rendered":"<h5>Editais de Monitoria Volunt\u00e1ria<\/h5>\n<p><a href=\"http:\/\/beta.apps.uern.br\/wordpress\/proex\/educa\/wp-content\/uploads\/sites\/4\/2022\/09\/3142edital_24_2017_can.pdf\">Edital n\u00ba\u00a0024\/2017 CAN\/CCUERN &#8211; Monitoria volunt\u00e1ria nos Cursos de Extens\u00e3o do Complexo Cultural da UERN<\/a><\/p>\n<h5>Processos Seletivos<\/h5>\n<p><a href=\"http:\/\/beta.apps.uern.br\/wordpress\/proex\/educa\/wp-content\/uploads\/sites\/4\/2022\/09\/3142edital_na09_2017_prorhae_processo_seletivo_simplificado.pdf\">Edital n\u00ba 009\/2017-Processo Seletivo Simplificado para contrata\u00e7\u00e3o tempor\u00e1ria<\/a><\/p>\n<p><a href=\"http:\/\/beta.apps.uern.br\/wordpress\/proex\/educa\/wp-content\/uploads\/sites\/4\/2022\/09\/3142retificaa\u00a7ao_na01_do_edital_na09_2017_prorhae_processo_seletivo_simplificado_taaE\u00b0cnicos_especializados.pdf\">Retifica\u00e7\u00e3o ao Edital n\u00ba 009\/2017-PRORHAE<\/a><\/p>\n<p><a href=\"http:\/\/beta.apps.uern.br\/wordpress\/proex\/educa\/wp-content\/uploads\/sites\/4\/2022\/09\/3142homologaa\u00a7ao_inscria\u00a7a\u00b5es_ed_fa_sica.pdf\">Homologa\u00e7\u00e3o das Inscri\u00e7\u00f5es e Convoca\u00e7\u00e3o para Entrevistas &#8211; Edital 009\/2017-PRORHAE<\/a><\/p>\n<p><a href=\"http:\/\/beta.apps.uern.br\/wordpress\/proex\/educa\/wp-content\/uploads\/sites\/4\/2022\/09\/31421homologaa\u00a7ao_inscria\u00a7a\u00b5es_ed_fa_sica.pdf\">Retifica\u00e7\u00e3o\u00a0Homologa\u00e7\u00e3o das Inscri\u00e7\u00f5es e Convoca\u00e7\u00e3o para Entrevistas &#8211; Edital 009\/2017-PRORHAE<\/a><\/p>\n<p><a href=\"http:\/\/beta.apps.uern.br\/wordpress\/proex\/educa\/wp-content\/uploads\/sites\/4\/2022\/09\/3142resultado_preliminar_edital_na09_2017_prorhae_e_d_i_t_or_de_i_m_a_g_e_ns_e_profissional_de_educacao_fisica.pdf\">Resultado Preliminar &#8211; Edital 009\/2017-PRORHAE<\/a><\/p>\n<p><a href=\"http:\/\/beta.apps.uern.br\/wordpress\/proex\/educa\/wp-content\/uploads\/sites\/4\/2022\/09\/1573resultado_final_edital_na09_2017_editor_de_imagens_e_profissional_de_educacao_fisica.pdf\">Resultado Final ap\u00f3s recusos &#8211; Edital 009\/2017-PRORHAE<\/a><\/p>\n<h5>Relat\u00f3rio de Atividades<\/h5>\n<p><a href=\"http:\/\/beta.apps.uern.br\/wordpress\/proex\/educa\/wp-content\/uploads\/sites\/4\/2022\/09\/3142relatorioccuern2015completo.pdf\">Relat\u00f3rio de Atividades &#8211; Exerc\u00edcio 2015<\/a><\/p>\n<p><a href=\"http:\/\/beta.apps.uern.br\/wordpress\/proex\/educa\/wp-content\/uploads\/sites\/4\/2022\/09\/3142relatorioccuern2016.pdf\">Relat\u00f3rio de Atividades &#8211; Exerc\u00edcio 2016<\/a><\/p>\n<h5>Resolu\u00e7\u00f5es<\/h5>\n<p><a href=\"http:\/\/beta.apps.uern.br\/wordpress\/proex\/educa\/wp-content\/uploads\/sites\/4\/2022\/09\/1165cria_ccuern.pdf\">Resolu\u00e7\u00e3o n\u00ba 026\/14 &#8211; CONSUNI (Cria o Complexo Cultural da UERN)<\/a><\/p>\n<p><a href=\"http:\/\/beta.apps.uern.br\/wordpress\/proex\/educa\/wp-content\/uploads\/sites\/4\/2022\/09\/3142resolua\u00a7ao_ccuern_matricula.pdf\">Resolu\u00e7\u00e3o n\u00ba 15\/2015 &#8211; CD: Define valores de matr\u00edcula e mensalidades em cursos e atividades do Complexo Cultural da UERN e d\u00e1 outras provid\u00eancias<\/a><\/p>\n<h5>Editais de Cursos<\/h5>\n<p><a href=\"http:\/\/beta.apps.uern.br\/wordpress\/proex\/educa\/wp-content\/uploads\/sites\/4\/2022\/09\/3142edital_matra_cula_de_novos_alunos_20172_atividades_fa_sica-1.pdf\">Edital n\u00ba 008\/2017 &#8211; Matr\u00edcula para alunos novos do CCUERN &#8211; Atividades F\u00edsicas (2017.2)<\/a><\/p>\n<p><a href=\"http:\/\/beta.apps.uern.br\/wordpress\/proex\/educa\/wp-content\/uploads\/sites\/4\/2022\/09\/3142edital_matra_cula_de_novos_alunos_20172_atividades_fa_sica-2.pdf\">Edital n\u00ba 005\/2017 &#8211; Renova\u00e7\u00e3o de Matr\u00edcula e Matr\u00edcula para alunos novos do CCUERN (2017.2)<\/a><\/p>\n<p><a href=\"http:\/\/beta.apps.uern.br\/wordpress\/proex\/educa\/wp-content\/uploads\/sites\/4\/2022\/09\/3442edital_na_034.2016_renovaa\u00a7ao_de_matra_cula_e_matra_cula_e_novos_alunos-1.pdf\">Edital n. 034\/2016-UERN\/PROEX\/CCUERN &#8211; Renova\u00e7\u00e3o de Matr\u00edculas e Matr\u00edculas de Novos Alunos \u2013 Semestre 2016.2<\/a><\/p>\n<p><a href=\"http:\/\/beta.apps.uern.br\/wordpress\/proex\/educa\/wp-content\/uploads\/sites\/4\/2022\/09\/3063edital_na_007.2015_renovaa\u00a7ao_de_matra_culas_do_semestre_2015.2-1.pdf\">Edital n\u00ba 007.2015 &#8211; Renova\u00e7\u00e3o de Matr\u00edculas do Semestre 2015.2<\/a><\/p>\n<p><a href=\"http:\/\/beta.apps.uern.br\/wordpress\/proex\/educa\/wp-content\/uploads\/sites\/4\/2022\/09\/3063aditivo_ao_edital_007.2015_renovaa\u00a7ao_de_matra_cula_do_semestre_2015.2-1.pdf\">Aditivo ao Edital 007.2015 &#8211; Renova\u00e7\u00e3o de Matr\u00edcula do Semestre 2015.2<\/a><\/p>\n<p><a href=\"http:\/\/beta.apps.uern.br\/wordpress\/proex\/educa\/wp-content\/uploads\/sites\/4\/2022\/09\/3063edital_na_008.2015_processo_de_isena\u00a7ao_de_taxas_para_matra_cula_em_cursos_e_atividades_no_ccuern-1.pdf\">Edital n\u00ba 008.2015 &#8211; Processo de isen\u00e7\u00e3o de taxas para matr\u00edcula em cursos e atividades no CCUERN<\/a><\/p>\n<h5>Documentos sobre o Setor de Eventos<\/h5>\n<p><a href=\"https:\/\/docs.google.com\/forms\/d\/e\/1FAIpQLSd-5aYuVtd6DngfHaO5iy-klHdOg1-9QCiXJLPw-2prj2NvaQ\/viewform\">Formul\u00e1rio eletr\u00f4nico para agendamento de eventos no CCUERN<\/a><\/p>\n<p><a href=\"http:\/\/beta.apps.uern.br\/wordpress\/proex\/educa\/wp-content\/uploads\/sites\/4\/2022\/09\/3142normas_para_proposia\u2021a\u0192o_e_realizaa\u2021a\u0192o_de_eventos_no_ccuern.pdf\">Normas para proposi\u00e7\u00e3o e realiza\u00e7\u00e3o de eventos no CCUERN.<\/a><\/p>\n<p><a href=\"http:\/\/beta.apps.uern.br\/wordpress\/proex\/educa\/wp-content\/uploads\/sites\/4\/2022\/09\/3142modelo_de_projeto_para_proposia\u00a7ao_de_eventos_no_ccuern.pdf\">Modelo de projeto para proposi\u00e7\u00e3o de eventos no CCUERN.<\/a><\/p>\n<p><a href=\"http:\/\/beta.apps.uern.br\/wordpress\/proex\/educa\/wp-content\/uploads\/sites\/4\/2022\/09\/3142tipologia_de_eventos.pdf\">Tipologia de eventos.<\/a><\/p>\n","protected":false},"excerpt":{"rendered":"<p>Editais de Monitoria Volunt\u00e1ria Edital n\u00ba\u00a0024\/2017 CAN\/CCUERN &#8211; Monitoria volunt\u00e1ria nos Cursos de Extens\u00e3o do Complexo Cultural da UERN Processos Seletivos Edital n\u00ba 009\/2017-Processo Seletivo Simplificado para contrata\u00e7\u00e3o tempor\u00e1ria Retifica\u00e7\u00e3o ao Edital n\u00ba 009\/2017-PRORHAE Homologa\u00e7\u00e3o das Inscri\u00e7\u00f5es e Convoca\u00e7\u00e3o para Entrevistas &#8211; Edital 009\/2017-PRORHAE Retifica\u00e7\u00e3o\u00a0Homologa\u00e7\u00e3o das Inscri\u00e7\u00f5es e Convoca\u00e7\u00e3o para Entrevistas &#8211; Edital 009\/2017-PRORHAE Resultado [&hellip;]<\/p>\n","protected":false},"author":1,"featured_media":0,"parent":0,"menu_order":0,"comment_status":"closed","ping_status":"closed","template":"","meta":{"footnotes":""},"class_list":["post-23","page","type-page","status-publish","hentry"],"_links":{"self":[{"href":"https:\/\/portal.uern.br\/proex\/educa\/wp-json\/wp\/v2\/pages\/23","targetHints":{"allow":["GET"]}}],"collection":[{"href":"https:\/\/portal.uern.br\/proex\/educa\/wp-json\/wp\/v2\/pages"}],"about":[{"href":"https:\/\/portal.uern.br\/proex\/educa\/wp-json\/wp\/v2\/types\/page"}],"author":[{"embeddable":true,"href":"https:\/\/portal.uern.br\/proex\/educa\/wp-json\/wp\/v2\/users\/1"}],"replies":[{"embeddable":true,"href":"https:\/\/portal.uern.br\/proex\/educa\/wp-json\/wp\/v2\/comments?post=23"}],"version-history":[{"count":5,"href":"https:\/\/portal.uern.br\/proex\/educa\/wp-json\/wp\/v2\/pages\/23\/revisions"}],"predecessor-version":[{"id":48,"href":"https:\/\/portal.uern.br\/proex\/educa\/wp-json\/wp\/v2\/pages\/23\/revisions\/48"}],"wp:attachment":[{"href":"https:\/\/portal.uern.br\/proex\/educa\/wp-json\/wp\/v2\/media?parent=23"}],"curies":[{"name":"wp","href":"https:\/\/api.w.org\/{rel}","templated":true}]}}