{"id":21,"date":"2022-09-13T11:07:51","date_gmt":"2022-09-13T14:07:51","guid":{"rendered":"https:\/\/paisdemossoro.com.br\/wordpress\/proex\/educa\/?page_id=21"},"modified":"2022-09-13T11:07:51","modified_gmt":"2022-09-13T14:07:51","slug":"contato","status":"publish","type":"page","link":"https:\/\/portal.uern.br\/proex\/educa\/contato\/","title":{"rendered":"Contato"},"content":{"rendered":"<p><strong>Dire\u00e7\u00e3o do CCUERN<\/strong><br \/>\n(84) 3232.3870<br \/>\ndirecaoccuern@gmail.com<\/p>\n<p><strong>Secretaria Geral\u00a0<\/strong><br \/>\n(84) 3232.3870<br \/>\ncomplexoculturaldauern@gmail.com<\/p>\n<p><strong>Divis\u00e3o Financeira<\/strong><br \/>\n(84) 3232.3870<br \/>\nfinanceiroccuern@gmail.com<\/p>\n<p><strong>Chefia do Setor de Cursos<\/strong><br \/>\n(84) 3232.6120<br \/>\nchcursosccuern@gmail.com<\/p>\n<p><strong>Chefia do Setor de Eventos<\/strong><br \/>\n(84) 3661.5767<br \/>\ncheventosccuern@gmail.com<\/p>\n<p><strong>Secretaria de Eventos<\/strong><br \/>\n(84) 3661.5767<br \/>\neventosccuern@gmail.com<\/p>\n<p><strong>Divis\u00e3o de Log\u00edstica de Eventos<\/strong><br \/>\n(84) 3661.5767<br \/>\nlogisticaeventosccuern@gmail.com<\/p>\n<p><strong>Podcast Acad\u00eamicos da ZN<\/strong><br \/>\n(84) 3232.3870<br \/>\nmural@academicosdazn.com<\/p>\n","protected":false},"excerpt":{"rendered":"<p>Dire\u00e7\u00e3o do CCUERN (84) 3232.3870 direcaoccuern@gmail.com Secretaria Geral\u00a0 (84) 3232.3870 complexoculturaldauern@gmail.com Divis\u00e3o Financeira (84) 3232.3870 financeiroccuern@gmail.com Chefia do Setor de Cursos (84) 3232.6120 chcursosccuern@gmail.com Chefia do Setor de Eventos (84) 3661.5767 cheventosccuern@gmail.com Secretaria de Eventos (84) 3661.5767 eventosccuern@gmail.com Divis\u00e3o de Log\u00edstica de Eventos (84) 3661.5767 logisticaeventosccuern@gmail.com Podcast Acad\u00eamicos da ZN (84) 3232.3870 mural@academicosdazn.com<\/p>\n","protected":false},"author":1,"featured_media":0,"parent":0,"menu_order":0,"comment_status":"closed","ping_status":"closed","template":"","meta":{"footnotes":""},"class_list":["post-21","page","type-page","status-publish","hentry"],"_links":{"self":[{"href":"https:\/\/portal.uern.br\/proex\/educa\/wp-json\/wp\/v2\/pages\/21","targetHints":{"allow":["GET"]}}],"collection":[{"href":"https:\/\/portal.uern.br\/proex\/educa\/wp-json\/wp\/v2\/pages"}],"about":[{"href":"https:\/\/portal.uern.br\/proex\/educa\/wp-json\/wp\/v2\/types\/page"}],"author":[{"embeddable":true,"href":"https:\/\/portal.uern.br\/proex\/educa\/wp-json\/wp\/v2\/users\/1"}],"replies":[{"embeddable":true,"href":"https:\/\/portal.uern.br\/proex\/educa\/wp-json\/wp\/v2\/comments?post=21"}],"version-history":[{"count":1,"href":"https:\/\/portal.uern.br\/proex\/educa\/wp-json\/wp\/v2\/pages\/21\/revisions"}],"predecessor-version":[{"id":22,"href":"https:\/\/portal.uern.br\/proex\/educa\/wp-json\/wp\/v2\/pages\/21\/revisions\/22"}],"wp:attachment":[{"href":"https:\/\/portal.uern.br\/proex\/educa\/wp-json\/wp\/v2\/media?parent=21"}],"curies":[{"name":"wp","href":"https:\/\/api.w.org\/{rel}","templated":true}]}}