{"id":796,"date":"2023-03-30T09:23:42","date_gmt":"2023-03-30T12:23:42","guid":{"rendered":"https:\/\/portal.uern.br\/proeg\/?page_id=796"},"modified":"2025-06-27T11:12:03","modified_gmt":"2025-06-27T14:12:03","slug":"contatos","status":"publish","type":"page","link":"https:\/\/portal.uern.br\/proeg\/contatos\/","title":{"rendered":"Contatos"},"content":{"rendered":"<p><strong>Gabinete\/ Secret\u00e1ria Proeg:<\/strong><\/p>\n<p>Email: proeg@uern.br<\/p>\n<p><strong>DIRCA:<\/strong><\/p>\n<p><em>Dire\u00e7\u00e3o: direcao.dirca@uern.br<\/em><\/p>\n<p><em>Secretaria: sec.dirca@uern.br<\/em><\/p>\n<p><em>Setor de admiss\u00e3o acad\u00eamica:<\/em> admissao.dirca@uern.br<\/p>\n<p><em>Setor de Arquivo:<\/em> <em>arquivo.dirca@uern.br<\/em><\/p>\n<p><em>Setor de diplomas: diplomas.dirca@uern.br<\/em><\/p>\n<p><em>Setor de Controle Acad\u00eamico: sae.dirca@uern.br<\/em><\/p>\n<p><em>Protocolo: protoloco.dirca@uern.br<\/em><\/p>\n<p><strong>Dire\u00e7\u00e3o\/Secretaria DCIC:<\/strong><\/p>\n<p>Email:<em> dcic.proeg@uern.br<\/em><\/p>\n<p><em>Departamento de Sistemas Acad\u00eamicos<\/em>: sigaa.proeg@uern.br<\/p>\n<p><em>Departamento de Est\u00e1gio Obrigat\u00f3rios:<\/em> \u00a0estagiosobrigatorios.proeg@uern.br<\/p>\n<p><em>Departamento de Gradua\u00e7\u00e3o e Cursos T\u00e9cnicos<\/em>: cursosdegradua\u00e7\u00e3o@uern.br; cursostecnicos@uern.br<\/p>\n<p><em>PARFOR<\/em>: parfor@uern.br<\/p>\n<p><em>PIM<\/em>: pim@uern.br<\/p>\n<p><em>PIBID:<\/em> pibid@uern.br<\/p>\n<p><em>PRP<\/em>: prp@uern.br<\/p>\n<p><em>PET<\/em>:\u00a0<em>pet@uern.br<\/em><\/p>\n<p><em>Projetos de Ensino:<\/em> peg@uern.br<\/p>\n<p>&nbsp;<\/p>\n","protected":false},"excerpt":{"rendered":"<p>Gabinete\/ Secret\u00e1ria Proeg: Email: proeg@uern.br DIRCA: Dire\u00e7\u00e3o: direcao.dirca@uern.br Secretaria: sec.dirca@uern.br Setor de admiss\u00e3o acad\u00eamica: admissao.dirca@uern.br Setor de Arquivo: arquivo.dirca@uern.br Setor de diplomas: diplomas.dirca@uern.br Setor de Controle Acad\u00eamico: sae.dirca@uern.br Protocolo: protoloco.dirca@uern.br Dire\u00e7\u00e3o\/Secretaria DCIC: Email: dcic.proeg@uern.br Departamento de Sistemas Acad\u00eamicos: sigaa.proeg@uern.br Departamento de Est\u00e1gio Obrigat\u00f3rios: \u00a0estagiosobrigatorios.proeg@uern.br Departamento de Gradua\u00e7\u00e3o e Cursos T\u00e9cnicos: cursosdegradua\u00e7\u00e3o@uern.br; cursostecnicos@uern.br PARFOR: parfor@uern.br PIM: [&hellip;]<\/p>\n","protected":false},"author":2,"featured_media":0,"parent":0,"menu_order":0,"comment_status":"closed","ping_status":"closed","template":"","meta":{"footnotes":""},"class_list":["post-796","page","type-page","status-publish","hentry"],"_links":{"self":[{"href":"https:\/\/portal.uern.br\/proeg\/wp-json\/wp\/v2\/pages\/796","targetHints":{"allow":["GET"]}}],"collection":[{"href":"https:\/\/portal.uern.br\/proeg\/wp-json\/wp\/v2\/pages"}],"about":[{"href":"https:\/\/portal.uern.br\/proeg\/wp-json\/wp\/v2\/types\/page"}],"author":[{"embeddable":true,"href":"https:\/\/portal.uern.br\/proeg\/wp-json\/wp\/v2\/users\/2"}],"replies":[{"embeddable":true,"href":"https:\/\/portal.uern.br\/proeg\/wp-json\/wp\/v2\/comments?post=796"}],"version-history":[{"count":12,"href":"https:\/\/portal.uern.br\/proeg\/wp-json\/wp\/v2\/pages\/796\/revisions"}],"predecessor-version":[{"id":4033,"href":"https:\/\/portal.uern.br\/proeg\/wp-json\/wp\/v2\/pages\/796\/revisions\/4033"}],"wp:attachment":[{"href":"https:\/\/portal.uern.br\/proeg\/wp-json\/wp\/v2\/media?parent=796"}],"curies":[{"name":"wp","href":"https:\/\/api.w.org\/{rel}","templated":true}]}}