{"id":4003,"date":"2025-06-11T14:20:41","date_gmt":"2025-06-11T17:20:41","guid":{"rendered":"https:\/\/portal.uern.br\/proeg\/?page_id=4003"},"modified":"2025-10-29T16:02:00","modified_gmt":"2025-10-29T19:02:00","slug":"manuais","status":"publish","type":"page","link":"https:\/\/portal.uern.br\/proeg\/manuais\/","title":{"rendered":"Manuais"},"content":{"rendered":"<ul>\n<li>Manual Solicita\u00e7\u00e3o e Cadastro de Turmas 2026.1 (<a href=\"https:\/\/portal.uern.br\/proeg\/wp-content\/uploads\/2025\/10\/Manual_solicitacao_e_cadastro_de_turmas_2026.1__1_.pdf\">AQUI<\/a>)<\/li>\n<li>Manual Relat\u00f3rio discentes (<a href=\"https:\/\/portal.uern.br\/proeg\/wp-content\/uploads\/2025\/06\/SIGAA-UERN-Relatorios-discentes.pdf\">AQUI<\/a>)<\/li>\n<\/ul>\n","protected":false},"excerpt":{"rendered":"<p>Manual Solicita\u00e7\u00e3o e Cadastro de Turmas 2026.1 (AQUI) Manual Relat\u00f3rio discentes (AQUI)<\/p>\n","protected":false},"author":2,"featured_media":0,"parent":0,"menu_order":0,"comment_status":"closed","ping_status":"closed","template":"","meta":{"footnotes":""},"class_list":["post-4003","page","type-page","status-publish","hentry"],"_links":{"self":[{"href":"https:\/\/portal.uern.br\/proeg\/wp-json\/wp\/v2\/pages\/4003","targetHints":{"allow":["GET"]}}],"collection":[{"href":"https:\/\/portal.uern.br\/proeg\/wp-json\/wp\/v2\/pages"}],"about":[{"href":"https:\/\/portal.uern.br\/proeg\/wp-json\/wp\/v2\/types\/page"}],"author":[{"embeddable":true,"href":"https:\/\/portal.uern.br\/proeg\/wp-json\/wp\/v2\/users\/2"}],"replies":[{"embeddable":true,"href":"https:\/\/portal.uern.br\/proeg\/wp-json\/wp\/v2\/comments?post=4003"}],"version-history":[{"count":3,"href":"https:\/\/portal.uern.br\/proeg\/wp-json\/wp\/v2\/pages\/4003\/revisions"}],"predecessor-version":[{"id":4360,"href":"https:\/\/portal.uern.br\/proeg\/wp-json\/wp\/v2\/pages\/4003\/revisions\/4360"}],"wp:attachment":[{"href":"https:\/\/portal.uern.br\/proeg\/wp-json\/wp\/v2\/media?parent=4003"}],"curies":[{"name":"wp","href":"https:\/\/api.w.org\/{rel}","templated":true}]}}