{"id":3184,"date":"2024-07-15T11:07:16","date_gmt":"2024-07-15T14:07:16","guid":{"rendered":"https:\/\/portal.uern.br\/proeg\/?page_id=3184"},"modified":"2024-10-11T11:03:25","modified_gmt":"2024-10-11T14:03:25","slug":"legislacao-do-pibid","status":"publish","type":"page","link":"https:\/\/portal.uern.br\/proeg\/estudantes-2\/pibid\/legislacao-do-pibid\/","title":{"rendered":"Legisla\u00e7\u00e3o do PIBID"},"content":{"rendered":"<h5><\/h5>\n<h6><span style=\"color: #333333\"><strong>EDI\u00c7\u00c3O 2024-2026<\/strong><\/span><\/h6>\n<p><a href=\"https:\/\/portal.uern.br\/proeg\/wp-content\/uploads\/2024\/10\/Portaria-no-312-de-27-de-Setembro-de-2024.pdf\">Portaria Capes n\u00b0 312, de 27 de setembro de 2024<\/a> &#8211; Altera a Portaria n\u00ba 90, de 25 de mar\u00e7o de 2024, que disp\u00f5e sobre o regulamento do Programa Institucional de Bolsa de Inicia\u00e7\u00e3o \u00e0 Doc\u00eancia (Pibid)<\/p>\n<p><a href=\"https:\/\/portal.uern.br\/proeg\/wp-content\/uploads\/2024\/10\/Portaria-no-221-de-15-de-Julho-de-2024.pdf\">Portaria Capes n\u00b0 221, de 15 de julho de 2024<\/a> &#8211; Altera a Portaria n\u00ba 90, de 25 de mar\u00e7o de 2024, que disp\u00f5e sobre o regulamento do Programa Institucional de Bolsa de Inicia\u00e7\u00e3o \u00e0 Doc\u00eancia (Pibid)<\/p>\n<p><a href=\"https:\/\/portal.uern.br\/proeg\/wp-content\/uploads\/2024\/07\/Portaria-no-157-de-28-de-Maio-de-2024.pdf\">Portaria Capes n\u00ba 157, de 28 de maio de 2024<\/a> &#8211; Altera a Portaria Capes n\u00ba 90, de 25 de mar\u00e7o de 2024, que disp\u00f5e sobre o regulamento do Programa Institucional de Bolsa de Inicia\u00e7\u00e3o \u00e0 Doc\u00eancia (Pibid)<\/p>\n<p><a href=\"https:\/\/portal.uern.br\/proeg\/wp-content\/uploads\/2024\/07\/Portaria-no-90-de-25-de-Marco-de-2024.pdf\">Portaria Capes n\u00ba 90, de 25 de mar\u00e7o de 2024<\/a> &#8211; Disp\u00f5e sobre o regulamento do Programa Institucional de Bolsa de Inicia\u00e7\u00e3o \u00e0 Doc\u00eancia (Pibid)<\/p>\n<p><a href=\"https:\/\/portal.uern.br\/proeg\/wp-content\/uploads\/2024\/07\/Edital-n\u00b0-10.2024-Capes.pdf\">Edital n\u00b0 10\/2024 &#8211; CAPES<\/a> &#8211; Edital de chamada para sele\u00e7\u00e3o de\u00a0 Projetos Institucionais de inicia\u00e7\u00e3o \u00e0 doc\u00eancia a serem executados por Institui\u00e7\u00f5es de Ensino Superior (IES)<\/p>\n<p><a href=\"https:\/\/portal.uern.br\/proeg\/wp-content\/uploads\/2024\/07\/Decreto-N\u00b0-7.219-Pibid.pdf\">Decreto n\u00b0 7.219, de 24 de junho de 2010<\/a> &#8211; Disp\u00f5e sobre o Programa Institucional de Bolsa de Inicia\u00e7\u00e3o \u00e0 Doc\u00eancia (Pibid) e d\u00e1 outras provid\u00eancias<\/p>\n<p>&nbsp;<\/p>\n<h6><strong><span style=\"color: #333333\">EDI\u00c7\u00c3O 2022-2024<\/span><\/strong><\/h6>\n<p><a href=\"https:\/\/portal.uern.br\/proeg\/wp-content\/uploads\/2024\/07\/PORTARIA-No-83-DE-27-DE-ABRIL-DE-2022.pdf\">Portaria Capes n\u00ba 83, de 27 de abril de 2022<\/a> &#8211; Disp\u00f5e sobre o regulamento do Programa Institucional de Bolsa de Inicia\u00e7\u00e3o \u00e0 Doc\u00eancia (Pibid)<\/p>\n<p><a href=\"https:\/\/portal.uern.br\/proeg\/wp-content\/uploads\/2024\/07\/Edital-n\u00b0-23.2022-CAPES.pdf\">Edital Capes n\u00b0 23\/2022 <\/a> &#8211; Selec\u00e3o propostas de 250 Institui\u00e7\u00f5es de Ensino Superior \u2013 IES para o desenvolvimento de projetos institucionais de inicia\u00e7\u00e3o \u00e0doc\u00eancia nos cursos de licenciatura<\/p>\n<p><a href=\"https:\/\/portal.uern.br\/proeg\/wp-content\/uploads\/2024\/07\/Edital-Capes-Altera-edital-n\u00b0-23.pdf\">Edital CAPES &#8211; Altera o Edital n\u00b0 23\/2024<\/a><\/p>\n<p><a href=\"https:\/\/portal.uern.br\/proeg\/wp-content\/uploads\/2024\/07\/Edital-da-CAPES-Altera-o-edital-n-23.pdf\">Edital CAPES &#8211; Altera o Edital n\u00b0 23\/2024<\/a><\/p>\n<p><a href=\"https:\/\/portal.uern.br\/proeg\/wp-content\/uploads\/2024\/07\/Edital-Capes-Altera-edital-n-23.pdf\">Edital CAPES &#8211; Altera o Edital n\u00b0 23\/2024<\/a><\/p>\n<p><a href=\"https:\/\/portal.uern.br\/proeg\/wp-content\/uploads\/2024\/07\/Edital-n\u00b023.2022-CAPES-SEGUNDA-CHAMADA.pdf\">Edital Capes n\u00b0 23\/2022\u00a0 &#8211; SEGUNDA CHAMADA<\/a><\/p>\n<p><a href=\"https:\/\/portal.uern.br\/proeg\/wp-content\/uploads\/2024\/07\/Decreto-N\u00b0-7.219-Pibid.pdf\">Decreto n\u00b0 7.219, de 24 de junho de 2010<\/a> &#8211; Disp\u00f5e sobre o Programa Institucional de Bolsa de Inicia\u00e7\u00e3o \u00e0 Doc\u00eancia (Pibid) e d\u00e1 outras provid\u00eancias<\/p>\n<p>&nbsp;<\/p>\n<h6><strong><span style=\"color: #333333\">EDI\u00c7\u00c3O 2018-2022<\/span><\/strong><\/h6>\n<p><a href=\"https:\/\/portal.uern.br\/proeg\/wp-content\/uploads\/2024\/07\/PORTARIA-GAB-No-45-DE-12-DE-MARCO-DE-2018.pdf\">Portaria GAB n\u00ba 45, de 12 de mar\u00e7o de 2018\u00a0 (revogada)<\/a>&#8211; Disp\u00f5e sobre a concess\u00e3o de bolsas e o regime de colabora\u00e7\u00e3o no Programa de Resid\u00eancia Pedag\u00f3gica e no Programa Institucional de Bolsas de Inicia\u00e7\u00e3o \u00e0 Doc\u00eancia (Pibid)<\/p>\n<p><a href=\"https:\/\/portal.uern.br\/proeg\/wp-content\/uploads\/2024\/07\/PORTARIA-CAPES-No-175-DE-7-DE-AGOSTO-DE-2018.pdf\">Portaria Capes n\u00ba 175, de 7 de agosto 2018 <\/a> &#8211; Altera o Anexo I da Portaria n\u00ba 45, de 12 de mar\u00e7o de 2018<\/p>\n<p><a href=\"https:\/\/portal.uern.br\/proeg\/wp-content\/uploads\/2024\/07\/Edital-N\u00b0-7.2018-CAPES-Alterado.pdf\">Edital Capes n\u00b0 07\/2018 <\/a> &#8211; Selec\u00e3o de institui\u00e7\u00f5es de ensino superior (IES) para desenvolverem projetos de inicia\u00e7\u00e3o \u00e0 doc\u00eancia nos cursos de licenciatura em regime de colabora\u00e7\u00e3o com as redes de ensino, no \u00e2mbito do Programa Institucional de Bolsa de Inicia\u00e7\u00e3o \u00e0 Doc\u00eancia (Pibid)<\/p>\n<p><a href=\"https:\/\/portal.uern.br\/proeg\/wp-content\/uploads\/2024\/07\/Decreto-N\u00b0-7.219-Pibid.pdf\">Decreto n\u00b0 7.219, de 24 de junho de 2010<\/a> &#8211; Disp\u00f5e sobre o Programa Institucional de Bolsa de Inicia\u00e7\u00e3o \u00e0 Doc\u00eancia (Pibid) e d\u00e1 outras provid\u00eancias<\/p>\n<p>&nbsp;<\/p>\n<h6><strong><span style=\"color: #333333\">EDI\u00c7\u00c3O 2014-2018<\/span><\/strong><\/h6>\n<p><a href=\"https:\/\/portal.uern.br\/proeg\/wp-content\/uploads\/2024\/07\/Portaria-Capes-n\u00b0-46-de-11-de-abril-de-2016.pdf\">Portaria Capes n\u00b0 46, de 11 de abril de\u00a0 2016 (revogada)<\/a> &#8211; Aprova o Regulamento do Programa Institucional de Bolsa de Inicia\u00e7\u00e3o \u00e0 Doc\u00eancia (Pibid)<\/p>\n<p><a href=\"https:\/\/portal.uern.br\/proeg\/wp-content\/uploads\/2024\/07\/Portaria-n\u00b0096-Regulamento-do-PIBID-2013.pdf\">Portaria Capes n\u00b0 96, de 18 de julho de 2013 (revogada)<\/a> &#8211; Regurlamento do Programa Institucional de Bolsa de Inicia\u00e7\u00e3o \u00e0 Doc\u00eancia (Pibid)<\/p>\n<p><a href=\"https:\/\/portal.uern.br\/proeg\/wp-content\/uploads\/2024\/07\/Edital-N\u00b0-061.2013-PIBID-CAPES.pdf\">Edital Capes n\u00b0 61\/2013<\/a> &#8211; Sele\u00e7\u00e3o de projetos institucionais de inicia\u00e7\u00e3o \u00e0 doc\u00eancia que visem ao aperfei\u00e7oamento da forma\u00e7\u00e3o inicial de professores por meio da inser\u00e7\u00e3o de estudantes de licenciatura em escolas p\u00fablicas de educa\u00e7\u00e3o b\u00e1sica<\/p>\n<p><a href=\"https:\/\/portal.uern.br\/proeg\/wp-content\/uploads\/2024\/07\/Decreto-N\u00b0-7.219-Pibid.pdf\">Decreto n\u00b0 7.219, de 24 de junho de 2010<\/a> &#8211; Disp\u00f5e sobre o Programa Institucional de Bolsa de Inicia\u00e7\u00e3o \u00e0 Doc\u00eancia (Pibid) e d\u00e1 outras provid\u00eancias<\/p>\n<p>&nbsp;<\/p>\n<h6><strong><span style=\"color: #333333\">EDI\u00c7\u00c3O 2010-2014<\/span><\/strong><\/h6>\n<p><a href=\"https:\/\/portal.uern.br\/proeg\/wp-content\/uploads\/2024\/07\/Portaria-n\u00b0-72-Pibid-2010.pdf\">Portaria Capes n\u00b0 72, de 09 de abril de 2010 (revogada)<\/a> &#8211; D\u00e1 nova reda\u00e7\u00e3o a Portaria que disp\u00f5e sobre o Programa Institucional de Bolsa de Inicia\u00e7\u00e3o \u00e0 Doc\u00eancia (Pibid), no \u00e2mbito da Capes<\/p>\n<p><a href=\"https:\/\/portal.uern.br\/proeg\/wp-content\/uploads\/2024\/07\/EDITAL-CAPES-DEB-No-02.2009-\u2013-PIBID.pdf\">Edital CAPES\/DEB n\u00b0 02\/2019<\/a> &#8211; Sele\u00e7\u00e3o de projetos com vistas \u00e0 concess\u00e3o de bolsas de est\u00edmulo \u00e0 doc\u00eancia para alunos de cursos de licenciatura plena e para coordenadores e supervisores respons\u00e1veis institucionalmente pelo Programa<\/p>\n<p><a href=\"https:\/\/portal.uern.br\/proeg\/wp-content\/uploads\/2024\/07\/Decreto-N\u00b0-7.219-Pibid.pdf\">Decreto n\u00b0 7.219, de 24 de junho de 2010<\/a> &#8211; Disp\u00f5e sobre o Programa Institucional de Bolsa de Inicia\u00e7\u00e3o \u00e0 Doc\u00eancia (Pibid) e d\u00e1 outras provid\u00eancias<\/p>\n<p>&nbsp;<\/p>\n","protected":false},"excerpt":{"rendered":"<p>EDI\u00c7\u00c3O 2024-2026 Portaria Capes n\u00b0 312, de 27 de setembro de 2024 &#8211; Altera a Portaria n\u00ba 90, de 25 de mar\u00e7o de 2024, que disp\u00f5e sobre o regulamento do Programa Institucional de Bolsa de Inicia\u00e7\u00e3o \u00e0 Doc\u00eancia (Pibid) Portaria Capes n\u00b0 221, de 15 de julho de 2024 &#8211; Altera a Portaria n\u00ba 90, [&hellip;]<\/p>\n","protected":false},"author":4,"featured_media":0,"parent":267,"menu_order":0,"comment_status":"closed","ping_status":"closed","template":"","meta":{"footnotes":""},"class_list":["post-3184","page","type-page","status-publish","hentry"],"_links":{"self":[{"href":"https:\/\/portal.uern.br\/proeg\/wp-json\/wp\/v2\/pages\/3184","targetHints":{"allow":["GET"]}}],"collection":[{"href":"https:\/\/portal.uern.br\/proeg\/wp-json\/wp\/v2\/pages"}],"about":[{"href":"https:\/\/portal.uern.br\/proeg\/wp-json\/wp\/v2\/types\/page"}],"author":[{"embeddable":true,"href":"https:\/\/portal.uern.br\/proeg\/wp-json\/wp\/v2\/users\/4"}],"replies":[{"embeddable":true,"href":"https:\/\/portal.uern.br\/proeg\/wp-json\/wp\/v2\/comments?post=3184"}],"version-history":[{"count":7,"href":"https:\/\/portal.uern.br\/proeg\/wp-json\/wp\/v2\/pages\/3184\/revisions"}],"predecessor-version":[{"id":3430,"href":"https:\/\/portal.uern.br\/proeg\/wp-json\/wp\/v2\/pages\/3184\/revisions\/3430"}],"up":[{"embeddable":true,"href":"https:\/\/portal.uern.br\/proeg\/wp-json\/wp\/v2\/pages\/267"}],"wp:attachment":[{"href":"https:\/\/portal.uern.br\/proeg\/wp-json\/wp\/v2\/media?parent=3184"}],"curies":[{"name":"wp","href":"https:\/\/api.w.org\/{rel}","templated":true}]}}