{"id":307,"date":"2022-12-02T08:48:00","date_gmt":"2022-12-02T11:48:00","guid":{"rendered":"http:\/\/beta.apps.uern.br\/wordpress\/proeg\/?page_id=307"},"modified":"2023-08-31T12:17:43","modified_gmt":"2023-08-31T15:17:43","slug":"fieb","status":"publish","type":"page","link":"https:\/\/portal.uern.br\/proeg\/estagio-obrigatorio\/fieb\/","title":{"rendered":"FIEB"},"content":{"rendered":"<p>&nbsp;<\/p>\n<p>O <strong>F\u00f3rum Integrado de Ensino dos Bacharelados \u2013 FIEB<\/strong> tem como miss\u00e3o promover o aprimoramento das atividades de ensino dos Cursos de Bacharelado no \u00e2mbito da UERN e articul\u00e1-las aos contextos educacionais locais e nacionais, com vistas ao estudo e ao atendimento \u00e0s demandas sociais, em conson\u00e2ncia com as discuss\u00f5es atuais sobre a inser\u00e7\u00e3o cidad\u00e3 de profissionais no mercado de trabalho e com as pol\u00edticas p\u00fablicas adotadas pelo Estado brasileiro.<\/p>\n<p>Dentre os objetivos do FIEB, ele visa \u201cpropiciar aos integrantes do F\u00f3rum um espa\u00e7o de discuss\u00e3o acerca de suas atividades docentes\u201d nos bacharelados. Como um F\u00f3rum propositivo, a realiza\u00e7\u00e3o de parte de seus objetivos requer o trabalho junto \u00e0 Pr\u00f3-Reitoria de Ensino de Gradua\u00e7\u00e3o- PROEG \u2013 e aos N\u00facleos Docentes Estruturantes \u2013 NDE- dos cursos de bacharelados.<\/p>\n<p>O FIEB deve ser formado por docentes efetivos e congregar\u00e1:<\/p>\n<p>I \u2013 Um professor membro do N\u00facleo Docente Estruturante \u2013 NDE de cada Curso de bacharelado;<\/p>\n<p>II \u2013 Os coordenadores de est\u00e1gio dos cursos de bacharelado;<\/p>\n<p>III \u2013 Os coordenadores de est\u00e1gio da Unidade de Ensino;<\/p>\n<p>IV \u2013 Um supervisor de est\u00e1gio de cada curso, indicado em plen\u00e1ria do Departamento;<\/p>\n<p>V \u2013 Um aluno e um suplente de cada curso, indicado pela plen\u00e1ria de estudantes e convocada pelo respectivo centro acad\u00eamico de curso ou pelo Diret\u00f3rio Central dos Estudantes \u2013 DCE da UERN, que j\u00e1 tenha cursado um semestre na UERN;<\/p>\n<p>VI \u2013 Um representante do Departamento de Doc\u00eancia Universit\u00e1ria da PROEG que assume a Coordena\u00e7\u00e3o Geral de Est\u00e1gio dos Bacharelados.<\/p>\n<p>&nbsp;<\/p>\n<p><span style=\"color: #000000\"><strong>DOCUMENTOS<\/strong><\/span><\/p>\n<p><strong><span style=\"color: #000000\">Legisla\u00e7\u00e3o<\/span><\/strong><\/p>\n<ul>\n<li><a href=\"https:\/\/portal.uern.br\/download\/resolucao-55-2013-consepe\/?wpdmdl=34609&amp;refresh=6480a3b848d281686152120\">Resolu\u00e7\u00e3o n\u00b0 55\/2013 &#8211; Consepe<\/a><\/li>\n<\/ul>\n<p>&nbsp;<\/p>\n<p><strong><span style=\"color: #000000\">Reuni\u00f5es<\/span><\/strong><\/p>\n<ul>\n<li><a href=\"https:\/\/portal.uern.br\/proeg\/wp-content\/uploads\/2023\/06\/2023-05-FIEB.pdf\">Mem\u00f3ria de Reuni\u00e3o (31\/05\/2023)<\/a><\/li>\n<\/ul>\n","protected":false},"excerpt":{"rendered":"<p>&nbsp; O F\u00f3rum Integrado de Ensino dos Bacharelados \u2013 FIEB tem como miss\u00e3o promover o aprimoramento das atividades de ensino dos Cursos de Bacharelado no \u00e2mbito da UERN e articul\u00e1-las aos contextos educacionais locais e nacionais, com vistas ao estudo e ao atendimento \u00e0s demandas sociais, em conson\u00e2ncia com as discuss\u00f5es atuais sobre a inser\u00e7\u00e3o [&hellip;]<\/p>\n","protected":false},"author":2,"featured_media":0,"parent":275,"menu_order":0,"comment_status":"closed","ping_status":"closed","template":"","meta":{"footnotes":""},"class_list":["post-307","page","type-page","status-publish","hentry"],"_links":{"self":[{"href":"https:\/\/portal.uern.br\/proeg\/wp-json\/wp\/v2\/pages\/307","targetHints":{"allow":["GET"]}}],"collection":[{"href":"https:\/\/portal.uern.br\/proeg\/wp-json\/wp\/v2\/pages"}],"about":[{"href":"https:\/\/portal.uern.br\/proeg\/wp-json\/wp\/v2\/types\/page"}],"author":[{"embeddable":true,"href":"https:\/\/portal.uern.br\/proeg\/wp-json\/wp\/v2\/users\/2"}],"replies":[{"embeddable":true,"href":"https:\/\/portal.uern.br\/proeg\/wp-json\/wp\/v2\/comments?post=307"}],"version-history":[{"count":6,"href":"https:\/\/portal.uern.br\/proeg\/wp-json\/wp\/v2\/pages\/307\/revisions"}],"predecessor-version":[{"id":1372,"href":"https:\/\/portal.uern.br\/proeg\/wp-json\/wp\/v2\/pages\/307\/revisions\/1372"}],"up":[{"embeddable":true,"href":"https:\/\/portal.uern.br\/proeg\/wp-json\/wp\/v2\/pages\/275"}],"wp:attachment":[{"href":"https:\/\/portal.uern.br\/proeg\/wp-json\/wp\/v2\/media?parent=307"}],"curies":[{"name":"wp","href":"https:\/\/api.w.org\/{rel}","templated":true}]}}