{"id":305,"date":"2022-12-02T08:47:40","date_gmt":"2022-12-02T11:47:40","guid":{"rendered":"http:\/\/beta.apps.uern.br\/wordpress\/proeg\/?page_id=305"},"modified":"2023-08-31T12:18:10","modified_gmt":"2023-08-31T15:18:10","slug":"fiel","status":"publish","type":"page","link":"https:\/\/portal.uern.br\/proeg\/estagio-obrigatorio\/fiel\/","title":{"rendered":"FIEL"},"content":{"rendered":"<p>&nbsp;<\/p>\n<p>O <strong>F\u00f3rum Integrado de Ensino das Licenciatura &#8211; FIEL<\/strong> tem como miss\u00e3o promover o aprimoramento da forma\u00e7\u00e3o docente nos Cursos de Licenciatura da UERN, articulando-a aos contextos educacionais locais e nacionais com vistas ao estudo e ao atendimento \u00e0s demandas sociais, em conson\u00e2ncia com as discuss\u00f5es atuais sobre a forma\u00e7\u00e3o de professores e sua inser\u00e7\u00e3o cidad\u00e3 no sistema educacional, bem como com as pol\u00edticas p\u00fablicas de educa\u00e7\u00e3o adotadas pelo Estado brasileiro.<\/p>\n<p>Dentre os objetivos do FIEL, ele visa \u201cpropiciar aos integrantes do F\u00f3rum um espa\u00e7o de discuss\u00e3o acerca de suas atividades docentes\u201d. E para a realiza\u00e7\u00e3o de parte de seus objetivos se requer o trabalho junto a Pr\u00f3-Reitoria de Ensino de Gradua\u00e7\u00e3o- PROEG \u2013 e aos N\u00facleos Docentes Estruturantes \u2013 NDE- dos cursos de licenciatura.<\/p>\n<p>O FIEL congregar\u00e1:<\/p>\n<p>I \u2013 Um professor membro do N\u00facleo Docente Estruturante \u2013 NDE de cada Curso de licenciatura;<\/p>\n<p>II \u2013 Os coordenadores de est\u00e1gio dos cursos de licenciatura;<\/p>\n<p>III \u2013 Os coordenadores de est\u00e1gio das unidades de ensino;<\/p>\n<p>V \u2013 Um supervisor de est\u00e1gio de cada curso, indicado em plen\u00e1ria do Departamento;<\/p>\n<p>V \u2013 Um aluno e um suplente de cada curso, indicado pela plen\u00e1ria de estudantes e convocada pelo respectivo centro acad\u00eamico de curso ou pelo Diret\u00f3rio Central dos Estudantes \u2013 DCE da UERN, que j\u00e1 tenha cursado um semestre na UERN;<\/p>\n<p>VI \u2013 Um representante do Departamento de Doc\u00eancia Universit\u00e1ria da PROEG que assume a Coordena\u00e7\u00e3o Geral de Est\u00e1gio das Licenciaturas.<\/p>\n<p>&nbsp;<\/p>\n<p><span style=\"color: #000000\"><strong>DOCUMENTOS<\/strong><\/span><\/p>\n<p><span style=\"color: #000000\"><strong>Legisla\u00e7\u00e3o<\/strong><\/span><\/p>\n<ul>\n<li><a href=\"https:\/\/portal.uern.br\/download\/resolucao-56-2013-consepe\/?wpdmdl=34610&amp;refresh=6480a06365ac21686151267\">Resolu\u00e7\u00e3o n\u00b0 056\/2013 &#8211; Consepe<\/a><\/li>\n<\/ul>\n<p>&nbsp;<\/p>\n<p><span style=\"color: #000000\"><strong>Reuni\u00f5es<\/strong><\/span><\/p>\n<ul>\n<li><a href=\"https:\/\/portal.uern.br\/proeg\/wp-content\/uploads\/2023\/06\/2023-MAIO-FIEL.pdf\">Mem\u00f3ria de Reuni\u00e3o (25\/05\/2023)<\/a><\/li>\n<\/ul>\n","protected":false},"excerpt":{"rendered":"<p>&nbsp; O F\u00f3rum Integrado de Ensino das Licenciatura &#8211; FIEL tem como miss\u00e3o promover o aprimoramento da forma\u00e7\u00e3o docente nos Cursos de Licenciatura da UERN, articulando-a aos contextos educacionais locais e nacionais com vistas ao estudo e ao atendimento \u00e0s demandas sociais, em conson\u00e2ncia com as discuss\u00f5es atuais sobre a forma\u00e7\u00e3o de professores e sua [&hellip;]<\/p>\n","protected":false},"author":2,"featured_media":0,"parent":275,"menu_order":0,"comment_status":"closed","ping_status":"closed","template":"","meta":{"footnotes":""},"class_list":["post-305","page","type-page","status-publish","hentry"],"_links":{"self":[{"href":"https:\/\/portal.uern.br\/proeg\/wp-json\/wp\/v2\/pages\/305","targetHints":{"allow":["GET"]}}],"collection":[{"href":"https:\/\/portal.uern.br\/proeg\/wp-json\/wp\/v2\/pages"}],"about":[{"href":"https:\/\/portal.uern.br\/proeg\/wp-json\/wp\/v2\/types\/page"}],"author":[{"embeddable":true,"href":"https:\/\/portal.uern.br\/proeg\/wp-json\/wp\/v2\/users\/2"}],"replies":[{"embeddable":true,"href":"https:\/\/portal.uern.br\/proeg\/wp-json\/wp\/v2\/comments?post=305"}],"version-history":[{"count":7,"href":"https:\/\/portal.uern.br\/proeg\/wp-json\/wp\/v2\/pages\/305\/revisions"}],"predecessor-version":[{"id":1357,"href":"https:\/\/portal.uern.br\/proeg\/wp-json\/wp\/v2\/pages\/305\/revisions\/1357"}],"up":[{"embeddable":true,"href":"https:\/\/portal.uern.br\/proeg\/wp-json\/wp\/v2\/pages\/275"}],"wp:attachment":[{"href":"https:\/\/portal.uern.br\/proeg\/wp-json\/wp\/v2\/media?parent=305"}],"curies":[{"name":"wp","href":"https:\/\/api.w.org\/{rel}","templated":true}]}}