{"id":303,"date":"2022-12-02T08:47:20","date_gmt":"2022-12-02T11:47:20","guid":{"rendered":"http:\/\/beta.apps.uern.br\/wordpress\/proeg\/?page_id=303"},"modified":"2023-03-24T12:18:17","modified_gmt":"2023-03-24T15:18:17","slug":"ceg-consuni","status":"publish","type":"page","link":"https:\/\/portal.uern.br\/proeg\/ceg-consuni\/","title":{"rendered":"CEG\/CONSUNI"},"content":{"rendered":"<p>Institu\u00edda pela <a href=\"http:\/\/portal.uern.br\/wp-content\/uploads\/2023\/01\/Regimento-Geral-da-Uern-ALTERADO-pela-Resolucao-No-11-2022-de-29-de-novembro-de-2022.pdf\">Resolu\u00e7\u00e3o n\u00ba01\/2022 Consuni\/Uern<\/a> e complementada pela Resolu\u00e7\u00e3o n\u00ba 11\/2022 Consuni\/Uern, que redefiniu as compet\u00eancias das c\u00e2maras do Consuni, a C\u00e2mara de Ensino de Gradua\u00e7\u00e3o (CEG) do Consuni \u00e9 um \u00f3rg\u00e3o fracion\u00e1rio do Pleno com fun\u00e7\u00e3o deliberativa, visando diminuir o volume de demandas carreadas ao Pleno do Consuni e dando maior celeridade processual \u00e0s demandas.<\/p>\n<p>Na Subse\u00e7\u00e3o III: Da C\u00e2mara de Ensino, temos o regramento das suas compet\u00eancias:<\/p>\n<p>(as), contemplando os tr\u00eas<br \/>\nsegmentos acad\u00eamicos que integram o Pleno do Consuni.<br \/>\nArt. 15. Compete \u00e0 C\u00e2mara de Ensino:<br \/>\nI &#8211; decidir os recursos sobre:<br \/>\na) decis\u00f5es dos Conselhos Acad\u00eamico-Administrativos \u2013 Consads, quando se tratar de ensino de gradua\u00e7\u00e3o e\/ou de educa\u00e7\u00e3o t\u00e9cnica profissional de n\u00edvel m\u00e9dio;<br \/>\nb) decis\u00e3o do(a) Reitor(a) em mat\u00e9ria acad\u00eamico-pedag\u00f3gica de gradua\u00e7\u00e3o e\/ou de educa\u00e7\u00e3o t\u00e9cnica profissional de n\u00edvel m\u00e9dio.<br \/>\nII &#8211; decidir sobre pol\u00edtica universit\u00e1ria em mat\u00e9ria de ensino de gradua\u00e7\u00e3o e\/ou de educa\u00e7\u00e3o t\u00e9cnica profissional de n\u00edvel m\u00e9dio;<br \/>\nIII &#8211; julgar as mat\u00e9rias de sua compet\u00eancia;<br \/>\nIV &#8211; julgar os recursos interpostos contra decis\u00f5es da presid\u00eancia desta c\u00e2mara, em mat\u00e9ria de sua compet\u00eancia.<\/p>\n<p>As reuni\u00f5es da C\u00e2mara de Ensino do Consuni acontecem semanalmente, de forma ordin\u00e1ria ou, extraordinariamente, sempre que necess\u00e1rio.<\/p>\n<p><strong>Membros da CEG\/Consuni, titulares:<\/strong><\/p>\n<ol>\n<li>Profa. Fernanda Abreu de Oliveira &#8211; Pr\u00f3-reitora de Ensino de Gradua\u00e7\u00e3o;<\/li>\n<li>Profa. Inessa da Mota Linhares Vasconcelos &#8211; DED\/FAD;<\/li>\n<li>Profa. Sirleyde Dias de Almeida &#8211; DE\/FE;<\/li>\n<li>TNS. Venaide Maia Dantas &#8211; Proeg;<\/li>\n<li>Disc. Laura Lany dos Santos &#8211; Ci\u00eancias Cont\u00e1beis.<\/li>\n<\/ol>\n<p><strong>Membros suplentes:<\/strong><\/p>\n<ol>\n<li>Profa. Rosa Maria Rodrigues &#8211; Pr\u00f3-reitora Adjunta de Ensino de Gradua\u00e7\u00e3o;<\/li>\n<li>Prof. Marcelo Henrique Alves Ferreira da Silva &#8211; DEF\/FAEF;<\/li>\n<li>Disc. Ana Vitoria de Souza Nascimento &#8211; DEN\/FAEN.<\/li>\n<\/ol>\n","protected":false},"excerpt":{"rendered":"<p>Institu\u00edda pela Resolu\u00e7\u00e3o n\u00ba01\/2022 Consuni\/Uern e complementada pela Resolu\u00e7\u00e3o n\u00ba 11\/2022 Consuni\/Uern, que redefiniu as compet\u00eancias das c\u00e2maras do Consuni, a C\u00e2mara de Ensino de Gradua\u00e7\u00e3o (CEG) do Consuni \u00e9 um \u00f3rg\u00e3o fracion\u00e1rio do Pleno com fun\u00e7\u00e3o deliberativa, visando diminuir o volume de demandas carreadas ao Pleno do Consuni e dando maior celeridade processual \u00e0s [&hellip;]<\/p>\n","protected":false},"author":2,"featured_media":0,"parent":0,"menu_order":0,"comment_status":"closed","ping_status":"closed","template":"","meta":{"footnotes":""},"class_list":["post-303","page","type-page","status-publish","hentry"],"_links":{"self":[{"href":"https:\/\/portal.uern.br\/proeg\/wp-json\/wp\/v2\/pages\/303","targetHints":{"allow":["GET"]}}],"collection":[{"href":"https:\/\/portal.uern.br\/proeg\/wp-json\/wp\/v2\/pages"}],"about":[{"href":"https:\/\/portal.uern.br\/proeg\/wp-json\/wp\/v2\/types\/page"}],"author":[{"embeddable":true,"href":"https:\/\/portal.uern.br\/proeg\/wp-json\/wp\/v2\/users\/2"}],"replies":[{"embeddable":true,"href":"https:\/\/portal.uern.br\/proeg\/wp-json\/wp\/v2\/comments?post=303"}],"version-history":[{"count":7,"href":"https:\/\/portal.uern.br\/proeg\/wp-json\/wp\/v2\/pages\/303\/revisions"}],"predecessor-version":[{"id":773,"href":"https:\/\/portal.uern.br\/proeg\/wp-json\/wp\/v2\/pages\/303\/revisions\/773"}],"wp:attachment":[{"href":"https:\/\/portal.uern.br\/proeg\/wp-json\/wp\/v2\/media?parent=303"}],"curies":[{"name":"wp","href":"https:\/\/api.w.org\/{rel}","templated":true}]}}