{"id":3024,"date":"2024-07-01T10:47:13","date_gmt":"2024-07-01T13:47:13","guid":{"rendered":"https:\/\/portal.uern.br\/proeg\/?page_id=3024"},"modified":"2025-03-21T07:56:11","modified_gmt":"2025-03-21T10:56:11","slug":"legislacao","status":"publish","type":"page","link":"https:\/\/portal.uern.br\/proeg\/estudantes-2\/peg\/legislacao\/","title":{"rendered":"Legisla\u00e7\u00e3o"},"content":{"rendered":"<p><a href=\"https:\/\/portal.uern.br\/proeg\/wp-content\/uploads\/2025\/03\/SEI_32666350_Instrucao_Normativa_1.pdf\">IN 01\/2025<\/a> &#8211; Institucionaliza\u00e7\u00e3o dos Laborat\u00f3rios de Ensino<\/p>\n<p><a href=\"https:\/\/portal.uern.br\/proeg\/wp-content\/uploads\/2025\/03\/Resolucao_n__15_2024___CONSEPE___Estabelece_normas_para_funcionamento_Laboratorios_de_Ensino__2_.pdf\">Resolu\u00e7\u00e3o 15\/2024 &#8211; Consepe<\/a> &#8211; Estabelece as normas para a institucionaliza\u00e7\u00e3o e o funcionamento dos Laborat\u00f3rios de Ensino no \u00e2mbito da Universidade do Estado do Rio Grande do Norte (Uern)<\/p>\n<p><a href=\"https:\/\/portal.uern.br\/proeg\/wp-content\/uploads\/2024\/07\/Resolucao-no-33.2017-CONSEPE-Regulamenta-o-PEG.pdf\">Resolu\u00e7\u00e3o n\u00ba 33\/2017 &#8211; Consepe<\/a> &#8211; Regulamentar o Projeto de Ensino de Gradua\u00e7\u00e3o no \u00e2mbito da Universidade do Estado do Rio Grande do Norte<\/p>\n<p>&nbsp;<\/p>\n","protected":false},"excerpt":{"rendered":"<p>IN 01\/2025 &#8211; Institucionaliza\u00e7\u00e3o dos Laborat\u00f3rios de Ensino Resolu\u00e7\u00e3o 15\/2024 &#8211; Consepe &#8211; Estabelece as normas para a institucionaliza\u00e7\u00e3o e o funcionamento dos Laborat\u00f3rios de Ensino no \u00e2mbito da Universidade do Estado do Rio Grande do Norte (Uern) Resolu\u00e7\u00e3o n\u00ba 33\/2017 &#8211; Consepe &#8211; Regulamentar o Projeto de Ensino de Gradua\u00e7\u00e3o no \u00e2mbito da Universidade [&hellip;]<\/p>\n","protected":false},"author":13,"featured_media":0,"parent":1032,"menu_order":0,"comment_status":"closed","ping_status":"closed","template":"","meta":{"footnotes":""},"class_list":["post-3024","page","type-page","status-publish","hentry"],"_links":{"self":[{"href":"https:\/\/portal.uern.br\/proeg\/wp-json\/wp\/v2\/pages\/3024","targetHints":{"allow":["GET"]}}],"collection":[{"href":"https:\/\/portal.uern.br\/proeg\/wp-json\/wp\/v2\/pages"}],"about":[{"href":"https:\/\/portal.uern.br\/proeg\/wp-json\/wp\/v2\/types\/page"}],"author":[{"embeddable":true,"href":"https:\/\/portal.uern.br\/proeg\/wp-json\/wp\/v2\/users\/13"}],"replies":[{"embeddable":true,"href":"https:\/\/portal.uern.br\/proeg\/wp-json\/wp\/v2\/comments?post=3024"}],"version-history":[{"count":7,"href":"https:\/\/portal.uern.br\/proeg\/wp-json\/wp\/v2\/pages\/3024\/revisions"}],"predecessor-version":[{"id":3820,"href":"https:\/\/portal.uern.br\/proeg\/wp-json\/wp\/v2\/pages\/3024\/revisions\/3820"}],"up":[{"embeddable":true,"href":"https:\/\/portal.uern.br\/proeg\/wp-json\/wp\/v2\/pages\/1032"}],"wp:attachment":[{"href":"https:\/\/portal.uern.br\/proeg\/wp-json\/wp\/v2\/media?parent=3024"}],"curies":[{"name":"wp","href":"https:\/\/api.w.org\/{rel}","templated":true}]}}