{"id":295,"date":"2022-12-02T08:21:06","date_gmt":"2022-12-02T11:21:06","guid":{"rendered":"http:\/\/beta.apps.uern.br\/wordpress\/proeg\/?page_id=295"},"modified":"2026-04-06T11:13:51","modified_gmt":"2026-04-06T14:13:51","slug":"modelos-de-documentos","status":"publish","type":"page","link":"https:\/\/portal.uern.br\/proeg\/modelos-de-documentos\/","title":{"rendered":"Modelos de documentos e resolu\u00e7\u00f5es internas para elabora\u00e7\u00e3o de PPC e relat\u00f3rios"},"content":{"rendered":"<p><strong>CURSOS DE GRADUA\u00c7\u00c3O<\/strong><\/p>\n<p>&nbsp;<\/p>\n<p><span style=\"color: #000080\"><strong>Projetos Pedag\u00f3gicos<\/strong><\/span><\/p>\n<ul>\n<li><strong>Modelo de Projeto Pedag\u00f3gico de Curso<\/strong> &#8211; Presencial &#8211; Bacharelado (<a href=\"https:\/\/portal.uern.br\/proeg\/wp-content\/uploads\/2026\/04\/Modelo-PPC-BACHARELADO-Presencial-Finalizado.docx\">Download<\/a>)<\/li>\n<li><strong>Modelo de Projeto Pedag\u00f3gico de Curso <\/strong>&#8211; Presencial &#8211; Licenciatura (<a href=\"https:\/\/portal.uern.br\/proeg\/wp-content\/uploads\/2026\/04\/Modelo-PPC-LICENCIATURA-Presencial-Revisao-finalizada.docx\">Download<\/a>)<\/li>\n<li><strong>Modelo de Projeto Pedag\u00f3gico de Curso\u00a0 <\/strong>&#8211; EaD &#8211; Bacharelado (<a href=\"https:\/\/portal.uern.br\/proeg\/wp-content\/uploads\/2026\/03\/Modelo-PPC-BACHARELADO-EaD-Finalizado-.docx\">Download<\/a>)<\/li>\n<li><strong>Modelo de Projeto Pedag\u00f3gico de Curso\u00a0 <\/strong>&#8211; EaD &#8211; Tecn\u00f3logo (<a href=\"https:\/\/portal.uern.br\/proeg\/wp-content\/uploads\/2024\/07\/Modelo-de-PPC-Tecnologo-EaD.docx\">Download<\/a>)<\/li>\n<li><strong>Modelo de Projeto Pedag\u00f3gico de Curso <\/strong>&#8211; Semipresencial &#8211; Licenciatura (<a href=\"https:\/\/portal.uern.br\/proeg\/wp-content\/uploads\/2026\/03\/Modelo-PPC-LICENCIATURA-Semipresencial-Finalizado.docx\">Download<\/a>)<\/li>\n<li><strong>Modelo de Projeto de Cria\u00e7\u00e3o de Curso<\/strong> <strong>de Gradua\u00e7\u00e3o<\/strong> &#8211; Presencial (<a href=\"https:\/\/portal.uern.br\/proeg\/wp-content\/uploads\/2024\/04\/Modelo-de-Projeto-Criacao-de-Novo-Curso-Atualizado-em-26_04_2024.docx\">Download<\/a>)<\/li>\n<li><strong>Guia Referencial<\/strong> para proposi\u00e7\u00e3o de novo curso de gradua\u00e7\u00e3o (<a href=\"https:\/\/portal.uern.br\/proeg\/wp-content\/uploads\/2023\/10\/GUIA-REFERENCIAL-PARA-PROPOSICAO-DE-NOVO-CURSO.docx\">Download<\/a>)<\/li>\n<li><strong>Formul\u00e1rio de Registro de Altera\u00e7\u00e3o\/Atualiza\u00e7\u00e3o de PPC<\/strong> (<a href=\"https:\/\/portal.uern.br\/proeg\/wp-content\/uploads\/2023\/10\/Formulario-para-registro-de-alteracoes-de-PPC-Atualizado-em-04.10.2023.doc\">Download<\/a>)<\/li>\n<\/ul>\n<p>&nbsp;<\/p>\n<p><span style=\"color: #000080\"><strong>Minutas de Resolu\u00e7\u00f5es<\/strong><\/span><\/p>\n<ul>\n<li><strong>Minuta de Resolu\u00e7\u00e3o do Consepe<\/strong> &#8211; Aprova\u00e7\u00e3o de novo PPC (<a href=\"https:\/\/portal.uern.br\/proeg\/wp-content\/uploads\/2024\/04\/Minuta-de-Resolucao-Aprovacao-de-Novo-PPC-CONSEPE.doc\">Download<\/a>)<\/li>\n<li><strong>Minuta de Resolu\u00e7\u00e3o do Conselho Diretor<\/strong>\u00a0 &#8211; Aprova\u00e7\u00e3o de novo PPC (<a href=\"https:\/\/portal.uern.br\/proeg\/wp-content\/uploads\/2024\/04\/Minuta-de-Resolucao-Aprovacao-de-novo-PPC-CD.doc\">Download<\/a>)<\/li>\n<li><strong>Minuta de Resolu\u00e7\u00e3o do Consepe<\/strong> &#8211; Cria\u00e7\u00e3o de novo curso de gradua\u00e7\u00e3o (<a href=\"https:\/\/portal.uern.br\/proeg\/wp-content\/uploads\/2024\/04\/Minuta-de-Resolucao-Criacao-de-Curso-CONSEPE.doc\">Downlaod<\/a>)<\/li>\n<li><strong>Minuta de Resolu\u00e7\u00e3o do Conselho Diretor<\/strong> &#8211; Cria\u00e7\u00e3o de novo curso de gradua\u00e7\u00e3o (<a href=\"https:\/\/portal.uern.br\/proeg\/wp-content\/uploads\/2024\/04\/Minuta-de-Resolucao-Criacao-de-Curso-CD.doc\">Downalod<\/a>)<\/li>\n<\/ul>\n<p>&nbsp;<\/p>\n<p><strong><span style=\"color: #000080\">Relat\u00f3rios\u00a0<\/span><\/strong><\/p>\n<ul>\n<li><strong>Relat\u00f3rio de Atividades<\/strong> desenvolvidas em formato remoto (<a href=\"https:\/\/portal.uern.br\/proeg\/wp-content\/uploads\/2023\/10\/Modelo-de-Relatorio-de-Atividades-Remotas.docx\">Download<\/a>)<\/li>\n<li><strong>Relat\u00f3rio de Atividades <\/strong>&#8211; Renova\u00e7\u00e3o de Reconhecimento (<a href=\"https:\/\/portal.uern.br\/proeg\/wp-content\/uploads\/2024\/03\/Modelo-de-Relatorio-de-Atividades.docx-01_03_2024.docx\">Download<\/a>)<\/li>\n<li><strong>Relat\u00f3rio de Atividades<\/strong> &#8211; Cursos em formato EaD (<a href=\"https:\/\/portal.uern.br\/proeg\/wp-content\/uploads\/2024\/06\/Modelo-de-Relatorio-Cursos-EaD-27.02.2023.docx\">Download<\/a>)<\/li>\n<li><strong>Modelo de Plano de A\u00e7\u00e3o\u00a0<\/strong>&#8211; Avalia\u00e7\u00e3o Externa (<a href=\"https:\/\/portal.uern.br\/proeg\/wp-content\/uploads\/2024\/02\/MODELO-DE-PLANO-DE-ACOES-DOS-CURSOS-AVALIACAO-EXTERNA.docx\">Download<\/a>)<\/li>\n<\/ul>\n<p>&nbsp;<\/p>\n<p><strong><span style=\"color: #000080\">Resolu\u00e7\u00f5es internas para elabora\u00e7\u00e3o de PPC e relat\u00f3rios<\/span><\/strong><\/p>\n<ul>\n<li><strong>PDI-UERN<\/strong> (2016-2026) (<a href=\"https:\/\/portal.uern.br\/proeg\/wp-content\/uploads\/2025\/07\/PDI-UERN-2016-2026.pdf\">Download<\/a>)<\/li>\n<li><strong>Regimento Geral da Uern<\/strong> (ALTERADO pela Resolu\u00e7\u00e3o N\u00b0 11\/2022 de 29 de novembro de 2022) (<a href=\"https:\/\/portal.uern.br\/proeg\/wp-content\/uploads\/2025\/07\/Regimento-Geral-da-Uern-ALTERADO-pela-Resolucao-N\u00b0-11-2022-de-29-de-novembro-de-2022.pdf\">Download<\/a>)<\/li>\n<li><strong>Resolu\u00e7\u00e3o N\u00b0 26\/2017 &#8211; Consepe<\/strong> &#8211; Regulamento dos Cursos de Gradua\u00e7\u00e3o (<a href=\"https:\/\/portal.uern.br\/proeg\/wp-content\/uploads\/2025\/07\/Resolucao-N\u00b0-26-2017-Consepe-Regulamento-dos-cursos-de-Graduacao.pdf\">Download<\/a>)<\/li>\n<li><strong>Portaria CAPES N\u00ba 90-2024<\/strong> &#8211; Regulamento do PIBID (<a href=\"https:\/\/portal.uern.br\/proeg\/wp-content\/uploads\/2025\/07\/Portaria-CAPES-no-90-2024-Regulamento-do-PIBID.pdf\">Download<\/a>)<\/li>\n<li><strong>Portaria MEC N\u00ba 976\/2010<\/strong> &#8211; Regulamenta o PET (<a href=\"https:\/\/portal.uern.br\/proeg\/wp-content\/uploads\/2025\/07\/Portaria-MEC-no-976-2010-Regulamenta-o-PET.pdf\">Download<\/a>)<\/li>\n<li><strong>Portaria MEC N\u00b0 343\/2013<\/strong> &#8211; Altera a Portaria N\u00b0 976 (Regulamenta o PET) (<a href=\"https:\/\/portal.uern.br\/proeg\/wp-content\/uploads\/2025\/07\/Portaria-MEC-N\u00b0-343-2013-Altera-a-Portaria-N\u00b0-976-Regulamenta-o-PET.pdf\">Download<\/a>)<\/li>\n<li><strong>Resolu\u00e7\u00e3o N\u00b0 52\/2020 &#8211; Consepe<\/strong> &#8211; Aprova as normas do PIM (<a href=\"https:\/\/portal.uern.br\/proeg\/wp-content\/uploads\/2025\/07\/Resolucao-N\u00b0-52.2020-Consepe-Aprova-as-normas-do-PIM.pdf\">Download<\/a>)<\/li>\n<li><strong>Resolu\u00e7\u00e3o N\u00b0 33\/2017 &#8211; Consepe<\/strong> &#8211; Regulamento do PEG (<a href=\"https:\/\/portal.uern.br\/proeg\/wp-content\/uploads\/2025\/07\/Resolucao-N\u00b0-33-2017-Consepe-Regulamento-do-PEG.pdf\">Download<\/a>)<\/li>\n<li><strong>Resolu\u00e7\u00e3o N\u00b0 15\/2024 &#8211; Consepe<\/strong> &#8211; Estabelece as normas para funcionamento dos Laborat\u00f3rios de Ensino (<a href=\"https:\/\/portal.uern.br\/proeg\/wp-content\/uploads\/2025\/07\/Resolucao-N\u00b0-15-2024-Consepe-Estabelece-as-normas-para-funcionamento-dos-Laboratorios-de-Ensino.pdf\">Download<\/a>)<\/li>\n<li><strong>Resolu\u00e7\u00e3o N\u00b0 59\/2013 &#8211; Consepe<\/strong> &#8211; Cria e regulamenta o NDE (<a href=\"https:\/\/portal.uern.br\/proeg\/wp-content\/uploads\/2025\/07\/Resolucao-N\u00b0-59.2013-Consepe-Cria-e-regulamento-o-NDE.pdf\">Download<\/a>)<\/li>\n<li><strong>Resolu\u00e7\u00e3o N\u00b0 22\/2024 &#8211; Consepe<\/strong> &#8211; Altera a Resolu\u00e7\u00e3o N\u00b0 59\/2013 &#8211; Cria e regulamenta o NDE (<a href=\"https:\/\/portal.uern.br\/proeg\/wp-content\/uploads\/2025\/07\/Resolucao-N\u00b0-22-2024-Consepe-Altera-a-Resolucao-N\u00b0-59-2013-NDE.pdf\">Download<\/a>)<\/li>\n<li><strong>Resolu\u00e7\u00e3o N\u00b0 28\/2018 &#8211; Consepe<\/strong> &#8211; Regulamenta o Ensino a Dist\u00e2ncia &#8211; EaD\u00a0(<a href=\"https:\/\/portal.uern.br\/proeg\/wp-content\/uploads\/2025\/07\/Resolucao-N\u00b0-28-2018-Consepe-Regulamenta-o-ensino-EaD.pdf\">Download<\/a>)<\/li>\n<li><strong>Resolu\u00e7\u00e3o N\u00ba 21\/2025 &#8211; Consepe<\/strong> &#8211; Regulamenta a curricularizac\u00e3o das atividades de extens\u00e3o (<a href=\"https:\/\/portal.uern.br\/proeg\/wp-content\/uploads\/2025\/12\/Resolucao-no-21-2025-CONSEPE-Regulamenta-curricularizacao-atividades-extensao-cursos-graduacao-da-Uern-e-revoga-a-Resolucao-no-25-2017-Consepe.pdf\">Download<\/a>)<\/li>\n<li><strong>Resolu\u00e7\u00e3o N\u00b0 19\/2023 &#8211; Consepe<\/strong> &#8211; Regulamenta Estagio Curricular Supervisionado Obrigat\u00f3rio nos Cursos Bacharelado da Uern (<a href=\"https:\/\/portal.uern.br\/proeg\/wp-content\/uploads\/2025\/07\/Resolucao-N\u00b0-19-2023-Consepe-Regulamenta-Estagio-Curricular-Supervisionado-Obrigatorio-Cursos-Bacharelado-da-Uern.pdf\">Download<\/a>)<\/li>\n<li><strong>Resolu\u00e7\u00e3o N\u00b0 20\/2023 &#8211; Consepe<\/strong> &#8211; Regulamenta Estagio Curricular Supervisionado Obrigat\u00f3rio nos Cursos Licenciatura da Uern (<a href=\"https:\/\/portal.uern.br\/proeg\/wp-content\/uploads\/2025\/07\/Resolucao-N\u00b0-20-2023-Consepe-Regulamenta-Estagio-Curricular-Supervisionado-Obrigatorio-nos-Cursos-Licenciatura-da-Uern.pdf\">Download<\/a>)<\/li>\n<li><strong>Resolu\u00e7\u00e3o N\u00b0 15\/2017 &#8211; Consepe<\/strong> &#8211; Aprova o regulamento de Est\u00e1gio Curricular Supervisionado N\u00e3o Obrigat\u00f3rio (<a href=\"https:\/\/portal.uern.br\/proeg\/wp-content\/uploads\/2025\/07\/Resolucao-N\u00b0-15-2017-Consepe-Aprova-o-regulamento-de-estagio-cuurricular-supervisionado-nao-obrigatorio.pdf\">Download<\/a>)<\/li>\n<li><strong>Resolu\u00e7\u00e3o N\u00b0 70\/2021 &#8211; Consepe<\/strong> &#8211; Aprova as normas para a distribui\u00e7\u00e3o de carga hor\u00e1ria docente (<a href=\"https:\/\/portal.uern.br\/proeg\/wp-content\/uploads\/2025\/07\/Resolucao-N\u00b0-70-2021-Consepe-Aprova-as-normas-para-a-distribuicao-de-carga-horaria-docente.pdf\">Download<\/a>)<\/li>\n<li><strong>Resolu\u00e7\u00e3o N\u00b0 22\/2024 &#8211; CD<\/strong> &#8211; Disp\u00f5e sobre abertura campo Estagio N\u00e3o Obrigat\u00f3rio \u00e2mbito Fuern discentes outras IES (<a href=\"https:\/\/portal.uern.br\/proeg\/wp-content\/uploads\/2025\/07\/Resolucao-N\u00b0-22-2024-CD-Dispoe-sobre-abertura-campo-estagio-Nao-obrigatorio-ambito-Fuern-discentes-outras-IES.pdf\">Download<\/a>)<\/li>\n<li><strong>Resolu\u00e7\u00e3o N\u00b0 14\/2024 &#8211; CD<\/strong> &#8211; Regulamenta a capacita\u00e7\u00e3o do Pessoal Docente no \u00e2mbito da Fuern (<a href=\"https:\/\/portal.uern.br\/proeg\/wp-content\/uploads\/2025\/07\/Resolucao-N\u00b0-14-2024-CD-Regulamenta-a-capacitacao-do-Pessoal-Docente-no-ambito-da-Fuern.pdf\">Download<\/a>)<\/li>\n<li><strong>Resolu\u00e7\u00e3o N\u00b0 20\/2024 &#8211; CD<\/strong> &#8211; Regulamenta a capacita\u00e7\u00e3o do Pessoal T\u00e9cnico-Administrativo no \u00e2mbito da Fuern (<a href=\"https:\/\/portal.uern.br\/proeg\/wp-content\/uploads\/2025\/07\/Resolucao-N\u00b0-20-2024-CD-Regulamenta-a-capacitacao-do-Pessoal-Tecnico-Administrativo-no-ambito-da-Fuern.pdf\">Download<\/a>)<\/li>\n<\/ul>\n<p><strong><span style=\"color: #000080\">\u00a0<\/span><\/strong><\/p>\n","protected":false},"excerpt":{"rendered":"<p>CURSOS DE GRADUA\u00c7\u00c3O &nbsp; Projetos Pedag\u00f3gicos Modelo de Projeto Pedag\u00f3gico de Curso &#8211; Presencial &#8211; Bacharelado (Download) Modelo de Projeto Pedag\u00f3gico de Curso &#8211; Presencial &#8211; Licenciatura (Download) Modelo de Projeto Pedag\u00f3gico de Curso\u00a0 &#8211; EaD &#8211; Bacharelado (Download) Modelo de Projeto Pedag\u00f3gico de Curso\u00a0 &#8211; EaD &#8211; Tecn\u00f3logo (Download) Modelo de Projeto Pedag\u00f3gico de [&hellip;]<\/p>\n","protected":false},"author":2,"featured_media":0,"parent":0,"menu_order":0,"comment_status":"closed","ping_status":"closed","template":"","meta":{"footnotes":""},"class_list":["post-295","page","type-page","status-publish","hentry"],"_links":{"self":[{"href":"https:\/\/portal.uern.br\/proeg\/wp-json\/wp\/v2\/pages\/295","targetHints":{"allow":["GET"]}}],"collection":[{"href":"https:\/\/portal.uern.br\/proeg\/wp-json\/wp\/v2\/pages"}],"about":[{"href":"https:\/\/portal.uern.br\/proeg\/wp-json\/wp\/v2\/types\/page"}],"author":[{"embeddable":true,"href":"https:\/\/portal.uern.br\/proeg\/wp-json\/wp\/v2\/users\/2"}],"replies":[{"embeddable":true,"href":"https:\/\/portal.uern.br\/proeg\/wp-json\/wp\/v2\/comments?post=295"}],"version-history":[{"count":40,"href":"https:\/\/portal.uern.br\/proeg\/wp-json\/wp\/v2\/pages\/295\/revisions"}],"predecessor-version":[{"id":4700,"href":"https:\/\/portal.uern.br\/proeg\/wp-json\/wp\/v2\/pages\/295\/revisions\/4700"}],"wp:attachment":[{"href":"https:\/\/portal.uern.br\/proeg\/wp-json\/wp\/v2\/media?parent=295"}],"curies":[{"name":"wp","href":"https:\/\/api.w.org\/{rel}","templated":true}]}}