{"id":293,"date":"2022-12-02T08:20:37","date_gmt":"2022-12-02T11:20:37","guid":{"rendered":"http:\/\/beta.apps.uern.br\/wordpress\/proeg\/?page_id=293"},"modified":"2023-06-07T16:35:01","modified_gmt":"2023-06-07T19:35:01","slug":"orientacoes-para-a-celebracao-de-convenios","status":"publish","type":"page","link":"https:\/\/portal.uern.br\/proeg\/orientacoes-para-a-celebracao-de-convenios\/","title":{"rendered":"Orienta\u00e7\u00f5es &#8211; Celebra\u00e7\u00e3o de Conv\u00eanios"},"content":{"rendered":"<p>&nbsp;<\/p>\n<p style=\"text-align: left\"><strong>DOCUMENTOS NECESS\u00c1RIOS \u00c0 CELEBRA\u00c7\u00c3O DE CONV\u00caNIO DE EST\u00c1GIO OBRIGAT\u00d3RIO<\/strong><\/p>\n<p>Para celebra\u00e7\u00e3o de Conv\u00eanio de Concess\u00e3o de Est\u00e1gio entre a UNIVERSIDADE DO ESTADO DO RIO GRANDE DO NORTE e o PROPONENTE, faz-se necess\u00e1rio o envio da documenta\u00e7\u00e3o abaixo relacionada para que se possa dar in\u00edcio \u00e0 formaliza\u00e7\u00e3o do processo.<\/p>\n<p>a) Of\u00edcio da Proponente solicitando o conv\u00eanio, se \u00e9 obrigat\u00f3rio ou n\u00e3o-obrigat\u00f3rio, com justificativa da solicita\u00e7\u00e3o e cursos da Universidade dos quais a empresa solicita estagi\u00e1rios, com breve descri\u00e7\u00e3o das atividades (<a href=\"https:\/\/portal.uern.br\/proeg\/wp-content\/uploads\/2023\/04\/MODELO-DE-OFICIO-DE-SOLICITACAO-ESTAGIO.docx\">Modelo de of\u00edcio<\/a>);<\/p>\n<p>b) Informa\u00e7\u00f5es da Pessoa Jur\u00eddica solicitante do conv\u00eanio (CNPJ, raz\u00e3o social, nome fantasia e endere\u00e7o completo) e informa\u00e7\u00f5es pessoais do representante legal do Proponente (RG, CPF, endere\u00e7o completo e estado civil), em uma mesma folha (<a href=\"https:\/\/portal.uern.br\/proeg\/wp-content\/uploads\/2023\/04\/Informacoes-da-Pessoa-Juridica-solicitante-do-convenio.docx\">Modelo de documento<\/a>);<\/p>\n<p>c) Comprovante de situa\u00e7\u00e3o cadastral do CNPJ do Proponente;<\/p>\n<p>d) Estatuto ou Contrato Social do Proponente (atualizado e registrado em cart\u00f3rio);<\/p>\n<p>e) Ata ou ato que nomeou o representante legal do Proponente;<\/p>\n<p>f) C\u00f3pia do CPF e do documento de identidade do representante legal do Proponente;<\/p>\n<p>g) Certid\u00f5es Negativas para o FGTS (<a href=\"https:\/\/consulta-crf.caixa.gov.br\/consultacrf\/pages\/consultaEmpregador.jsf\">link de acesso<\/a>), Trabalhista (<a href=\"https:\/\/cndt-certidao.tst.jus.br\/inicio.faces\">link de acesso<\/a>), Federal (<a href=\"https:\/\/servicos.receita.fazenda.gov.br\/Servicos\/certidaointernet\/PJ\/Emitir\">link de acesso<\/a>) e Estadual (<a href=\"https:\/\/uvt2.set.rn.gov.br\/#\/services\/certidao-negativa\/emitir\">link de acesso<\/a>) da Pessoa Jur\u00eddica Proponente;<\/p>\n<p style=\"text-align: left\">Toda a documenta\u00e7\u00e3o dever\u00e1 ser endere\u00e7ada \u00e0 Proeg para o e-mail <span style=\"color: #0000ff\">proeg@uern.br <span style=\"color: #333333\">em um documento \u00fanico, em formato .pdf, para an\u00e1lise e provid\u00eancias necess\u00e1rias quanto \u00e0 celebra\u00e7\u00e3o do Conv\u00eanio.<\/span><\/span><\/p>\n","protected":false},"excerpt":{"rendered":"<p>&nbsp; DOCUMENTOS NECESS\u00c1RIOS \u00c0 CELEBRA\u00c7\u00c3O DE CONV\u00caNIO DE EST\u00c1GIO OBRIGAT\u00d3RIO Para celebra\u00e7\u00e3o de Conv\u00eanio de Concess\u00e3o de Est\u00e1gio entre a UNIVERSIDADE DO ESTADO DO RIO GRANDE DO NORTE e o PROPONENTE, faz-se necess\u00e1rio o envio da documenta\u00e7\u00e3o abaixo relacionada para que se possa dar in\u00edcio \u00e0 formaliza\u00e7\u00e3o do processo. a) Of\u00edcio da Proponente solicitando o [&hellip;]<\/p>\n","protected":false},"author":2,"featured_media":0,"parent":0,"menu_order":0,"comment_status":"closed","ping_status":"closed","template":"","meta":{"footnotes":""},"class_list":["post-293","page","type-page","status-publish","hentry"],"_links":{"self":[{"href":"https:\/\/portal.uern.br\/proeg\/wp-json\/wp\/v2\/pages\/293","targetHints":{"allow":["GET"]}}],"collection":[{"href":"https:\/\/portal.uern.br\/proeg\/wp-json\/wp\/v2\/pages"}],"about":[{"href":"https:\/\/portal.uern.br\/proeg\/wp-json\/wp\/v2\/types\/page"}],"author":[{"embeddable":true,"href":"https:\/\/portal.uern.br\/proeg\/wp-json\/wp\/v2\/users\/2"}],"replies":[{"embeddable":true,"href":"https:\/\/portal.uern.br\/proeg\/wp-json\/wp\/v2\/comments?post=293"}],"version-history":[{"count":7,"href":"https:\/\/portal.uern.br\/proeg\/wp-json\/wp\/v2\/pages\/293\/revisions"}],"predecessor-version":[{"id":1369,"href":"https:\/\/portal.uern.br\/proeg\/wp-json\/wp\/v2\/pages\/293\/revisions\/1369"}],"wp:attachment":[{"href":"https:\/\/portal.uern.br\/proeg\/wp-json\/wp\/v2\/media?parent=293"}],"curies":[{"name":"wp","href":"https:\/\/api.w.org\/{rel}","templated":true}]}}