{"id":291,"date":"2022-12-02T08:20:08","date_gmt":"2022-12-02T11:20:08","guid":{"rendered":"http:\/\/beta.apps.uern.br\/wordpress\/proeg\/?page_id=291"},"modified":"2023-06-07T16:33:05","modified_gmt":"2023-06-07T19:33:05","slug":"convenios-vigentes-para-fins-de-estagio-curricular-supervisionado","status":"publish","type":"page","link":"https:\/\/portal.uern.br\/proeg\/convenios-vigentes-para-fins-de-estagio-curricular-supervisionado\/","title":{"rendered":"Conv\u00eanios Vigentes"},"content":{"rendered":"<p>&nbsp;<\/p>\n<p>Conforme a Resolu\u00e7\u00e3o n\u00b0 05\/2015 \u2013 Consepe e a Resolu\u00e7\u00e3o n\u00b0 06\/2015 \u2013 Consepe, o estudante de gradua\u00e7\u00e3o da UERN somente pode ser inserido em campos de est\u00e1gio caso exista um conv\u00eanio pr\u00e9vio entre a Universidade e a Empresa \/entidade que oferta as vagas. A celebra\u00e7\u00e3o do Conv\u00eanio de Concess\u00e3o de Est\u00e1gio \u00e9 o ato que formaliza as normas, resguardando a Empresa\/entidade concedente, a UERN e o Estudante estagi\u00e1rio.<\/p>\n<p>A lista de conv\u00eanios vigentes para fins de concess\u00e3o de Est\u00e1gio Curricular Obrigat\u00f3rio, no \u00e2mbito da Uern, pode ser acessada no link abaixo.<\/p>\n<p><a href=\"https:\/\/docs.google.com\/spreadsheets\/d\/1EMmWIdzxA8EpF4w5kkh_LSEGhEkkONONO_OkvtpK66Y\/edit#gid=1952191885\">CONV\u00caNIOS VIGENTES<\/a><\/p>\n","protected":false},"excerpt":{"rendered":"<p>&nbsp; Conforme a Resolu\u00e7\u00e3o n\u00b0 05\/2015 \u2013 Consepe e a Resolu\u00e7\u00e3o n\u00b0 06\/2015 \u2013 Consepe, o estudante de gradua\u00e7\u00e3o da UERN somente pode ser inserido em campos de est\u00e1gio caso exista um conv\u00eanio pr\u00e9vio entre a Universidade e a Empresa \/entidade que oferta as vagas. A celebra\u00e7\u00e3o do Conv\u00eanio de Concess\u00e3o de Est\u00e1gio \u00e9 o [&hellip;]<\/p>\n","protected":false},"author":2,"featured_media":0,"parent":0,"menu_order":0,"comment_status":"closed","ping_status":"closed","template":"","meta":{"footnotes":""},"class_list":["post-291","page","type-page","status-publish","hentry"],"_links":{"self":[{"href":"https:\/\/portal.uern.br\/proeg\/wp-json\/wp\/v2\/pages\/291","targetHints":{"allow":["GET"]}}],"collection":[{"href":"https:\/\/portal.uern.br\/proeg\/wp-json\/wp\/v2\/pages"}],"about":[{"href":"https:\/\/portal.uern.br\/proeg\/wp-json\/wp\/v2\/types\/page"}],"author":[{"embeddable":true,"href":"https:\/\/portal.uern.br\/proeg\/wp-json\/wp\/v2\/users\/2"}],"replies":[{"embeddable":true,"href":"https:\/\/portal.uern.br\/proeg\/wp-json\/wp\/v2\/comments?post=291"}],"version-history":[{"count":8,"href":"https:\/\/portal.uern.br\/proeg\/wp-json\/wp\/v2\/pages\/291\/revisions"}],"predecessor-version":[{"id":1367,"href":"https:\/\/portal.uern.br\/proeg\/wp-json\/wp\/v2\/pages\/291\/revisions\/1367"}],"wp:attachment":[{"href":"https:\/\/portal.uern.br\/proeg\/wp-json\/wp\/v2\/media?parent=291"}],"curies":[{"name":"wp","href":"https:\/\/api.w.org\/{rel}","templated":true}]}}