{"id":289,"date":"2022-12-02T08:19:56","date_gmt":"2022-12-02T11:19:56","guid":{"rendered":"http:\/\/beta.apps.uern.br\/wordpress\/proeg\/?page_id=289"},"modified":"2023-09-15T11:38:08","modified_gmt":"2023-09-15T14:38:08","slug":"legislacao","status":"publish","type":"page","link":"https:\/\/portal.uern.br\/proeg\/estagio-obrigatorio\/legislacao\/","title":{"rendered":"Legisla\u00e7\u00e3o"},"content":{"rendered":"<p><strong>LEI FEDERAL<\/strong><\/p>\n<ul>\n<li>Lei n\u00b0 11.788, de 25 de setembro de 2008 (<a href=\"https:\/\/portal.uern.br\/proeg\/wp-content\/uploads\/2023\/04\/Lei-Federal-11.788-LEI-DE-ESTAGIOS.pdf\">Download<\/a>)<\/li>\n<\/ul>\n<p>&nbsp;<\/p>\n<p><strong>RESOLU\u00c7\u00d5ES INTERNAS<\/strong><\/p>\n<ul>\n<li><a href=\"https:\/\/portal.uern.br\/proeg\/wp-content\/uploads\/2023\/09\/Resolucao-No-19-2023-CONSEPE-Regulamenta-Estagio-Curricular-Supervisionado-Obrigatorio-Cursos-Bacharelado-Uern-e-revoga-Resolucao-no-05-2015.pdf\">Resolu\u00e7\u00e3o n\u00ba 19\/2023 &#8211; CONSEPE<\/a>\u00a0&#8211; Regulamenta o Est\u00e1gio Curricular Supervisionado Obrigat\u00f3rio nos Cursos de Bacharelado da Uern<\/li>\n<li><a href=\"https:\/\/portal.uern.br\/proeg\/wp-content\/uploads\/2023\/09\/Resolucao-no-20-2023-CONSEPE-Regulamenta-Estagio-Curricular-Supervisionado-Obrigatorio-nos-Cursos-Licenciatura-Uern-e-revoga-Resolucao-no-06-2015.pdf\">Resolu\u00e7\u00e3o n\u00ba 20\/2023 &#8211; CONSEPE<\/a> &#8211; Regulamenta o Est\u00e1gio Curricular Supervisionado Obrigat\u00f3rio nos Cursos de Licenciatura da Uern<\/li>\n<\/ul>\n","protected":false},"excerpt":{"rendered":"<p>LEI FEDERAL Lei n\u00b0 11.788, de 25 de setembro de 2008 (Download) &nbsp; RESOLU\u00c7\u00d5ES INTERNAS Resolu\u00e7\u00e3o n\u00ba 19\/2023 &#8211; CONSEPE\u00a0&#8211; Regulamenta o Est\u00e1gio Curricular Supervisionado Obrigat\u00f3rio nos Cursos de Bacharelado da Uern Resolu\u00e7\u00e3o n\u00ba 20\/2023 &#8211; CONSEPE &#8211; Regulamenta o Est\u00e1gio Curricular Supervisionado Obrigat\u00f3rio nos Cursos de Licenciatura da Uern<\/p>\n","protected":false},"author":2,"featured_media":0,"parent":275,"menu_order":0,"comment_status":"closed","ping_status":"closed","template":"","meta":{"footnotes":""},"class_list":["post-289","page","type-page","status-publish","hentry"],"_links":{"self":[{"href":"https:\/\/portal.uern.br\/proeg\/wp-json\/wp\/v2\/pages\/289","targetHints":{"allow":["GET"]}}],"collection":[{"href":"https:\/\/portal.uern.br\/proeg\/wp-json\/wp\/v2\/pages"}],"about":[{"href":"https:\/\/portal.uern.br\/proeg\/wp-json\/wp\/v2\/types\/page"}],"author":[{"embeddable":true,"href":"https:\/\/portal.uern.br\/proeg\/wp-json\/wp\/v2\/users\/2"}],"replies":[{"embeddable":true,"href":"https:\/\/portal.uern.br\/proeg\/wp-json\/wp\/v2\/comments?post=289"}],"version-history":[{"count":12,"href":"https:\/\/portal.uern.br\/proeg\/wp-json\/wp\/v2\/pages\/289\/revisions"}],"predecessor-version":[{"id":2100,"href":"https:\/\/portal.uern.br\/proeg\/wp-json\/wp\/v2\/pages\/289\/revisions\/2100"}],"up":[{"embeddable":true,"href":"https:\/\/portal.uern.br\/proeg\/wp-json\/wp\/v2\/pages\/275"}],"wp:attachment":[{"href":"https:\/\/portal.uern.br\/proeg\/wp-json\/wp\/v2\/media?parent=289"}],"curies":[{"name":"wp","href":"https:\/\/api.w.org\/{rel}","templated":true}]}}