{"id":2812,"date":"2024-04-03T10:59:12","date_gmt":"2024-04-03T13:59:12","guid":{"rendered":"https:\/\/portal.uern.br\/proeg\/?page_id=2812"},"modified":"2025-06-23T12:41:46","modified_gmt":"2025-06-23T15:41:46","slug":"documentos-e-formularios","status":"publish","type":"page","link":"https:\/\/portal.uern.br\/proeg\/estudantes-2\/peg\/documentos-e-formularios\/","title":{"rendered":"Documentos e formul\u00e1rios"},"content":{"rendered":"<p><strong>Documentos<\/strong><\/p>\n<p>Modelo Projeto de Ensino de Gradua\u00e7\u00e3o (<a href=\"https:\/\/docs.google.com\/document\/d\/1fFHbGwpNTxKaN_wHw5IQ85MDGkcEx21w\/edit?usp=sharing&amp;ouid=102278026029111909948&amp;rtpof=true&amp;sd=true\">documento<\/a>)<\/p>\n<p>Modelo Relat\u00f3rio Final de Projeto de Ensino de Gradua\u00e7\u00e3o (<a href=\"https:\/\/portal.uern.br\/proeg\/wp-content\/uploads\/2025\/06\/Relatorio-Final-PEG.docx\">documento<\/a>)<\/p>\n<p><strong>Formul\u00e1rios<\/strong><\/p>\n<p>Formul\u00e1rio para submiss\u00e3o\/institucionaliza\u00e7\u00e3o de Laborat\u00f3rio de Ensino (<a href=\"https:\/\/portal.uern.br\/proeg\/wp-content\/uploads\/2025\/03\/Formulario_Laboratorio_de_Ensino_1__1_.docx\">documento<\/a>)<\/p>\n<p>Formul\u00e1rio para Projeto de Ensino de Gradua\u00e7\u00e3o &#8211; Fluxo Cont\u00ednuo (<a href=\"https:\/\/portal.uern.br\/proeg\/wp-content\/uploads\/2025\/06\/Formulario-Projeto-de-Ensino-Fluxo-Continuo.docx\">documento<\/a>)<\/p>\n","protected":false},"excerpt":{"rendered":"<p>Documentos Modelo Projeto de Ensino de Gradua\u00e7\u00e3o (documento) Modelo Relat\u00f3rio Final de Projeto de Ensino de Gradua\u00e7\u00e3o (documento) Formul\u00e1rios Formul\u00e1rio para submiss\u00e3o\/institucionaliza\u00e7\u00e3o de Laborat\u00f3rio de Ensino (documento) Formul\u00e1rio para Projeto de Ensino de Gradua\u00e7\u00e3o &#8211; Fluxo Cont\u00ednuo (documento)<\/p>\n","protected":false},"author":13,"featured_media":0,"parent":1032,"menu_order":0,"comment_status":"closed","ping_status":"closed","template":"","meta":{"footnotes":""},"class_list":["post-2812","page","type-page","status-publish","hentry"],"_links":{"self":[{"href":"https:\/\/portal.uern.br\/proeg\/wp-json\/wp\/v2\/pages\/2812","targetHints":{"allow":["GET"]}}],"collection":[{"href":"https:\/\/portal.uern.br\/proeg\/wp-json\/wp\/v2\/pages"}],"about":[{"href":"https:\/\/portal.uern.br\/proeg\/wp-json\/wp\/v2\/types\/page"}],"author":[{"embeddable":true,"href":"https:\/\/portal.uern.br\/proeg\/wp-json\/wp\/v2\/users\/13"}],"replies":[{"embeddable":true,"href":"https:\/\/portal.uern.br\/proeg\/wp-json\/wp\/v2\/comments?post=2812"}],"version-history":[{"count":10,"href":"https:\/\/portal.uern.br\/proeg\/wp-json\/wp\/v2\/pages\/2812\/revisions"}],"predecessor-version":[{"id":4023,"href":"https:\/\/portal.uern.br\/proeg\/wp-json\/wp\/v2\/pages\/2812\/revisions\/4023"}],"up":[{"embeddable":true,"href":"https:\/\/portal.uern.br\/proeg\/wp-json\/wp\/v2\/pages\/1032"}],"wp:attachment":[{"href":"https:\/\/portal.uern.br\/proeg\/wp-json\/wp\/v2\/media?parent=2812"}],"curies":[{"name":"wp","href":"https:\/\/api.w.org\/{rel}","templated":true}]}}