{"id":2810,"date":"2024-04-03T10:58:26","date_gmt":"2024-04-03T13:58:26","guid":{"rendered":"https:\/\/portal.uern.br\/proeg\/?page_id=2810"},"modified":"2026-04-13T08:33:19","modified_gmt":"2026-04-13T11:33:19","slug":"editais","status":"publish","type":"page","link":"https:\/\/portal.uern.br\/proeg\/estudantes-2\/peg\/editais\/","title":{"rendered":"Editais"},"content":{"rendered":"<p><strong>PEG &#8211; Fluxo Cont\u00ednuo<\/strong><\/p>\n<p>Edital N\u00b0 85\/2025 \u2013 Proposi\u00e7\u00e3o de Projetos de Ensino de Gradua\u00e7\u00e3o (PEGs) em fluxo cont\u00ednuo de sele\u00e7\u00e3o e classifica\u00e7\u00e3o (<a href=\"https:\/\/portal.uern.br\/proeg\/wp-content\/uploads\/2025\/07\/Edital-N%C2%B0-85-2025-Proeg-Edital-de-Fluxo-Continuo-do-PEG.pdf\">ver documento<\/a>)<\/p>\n<p><strong>PEG 2026<\/strong><\/p>\n<p>Edital N\u00b0 57\/2026 &#8211; Resultado da distribui\u00e7\u00e3o das bolsas dos Projetos de Ensino de Gradua\u00e7\u00e3o (PEGs) que foram acrescidas pelo Edital n\u00ba 53\/2026 \u2013 PROEG\/UERN (<a href=\"https:\/\/portal.uern.br\/proeg\/wp-content\/uploads\/2026\/04\/EDITAL-N-o-57.2026-PROEG-RESULTADO-DA-REDESTRIBUICAO-DAS-BOLSAS-PEG-2026.1-e-2026.2.pdf\">ver documento<\/a>)<\/p>\n<p>Edital N\u00b0 53\/2026 &#8211; <span style=\"font-weight: 400\">Acr\u00e9scimo e distribui\u00e7\u00e3o de bolsas referentes aos Projetos de Ensino de Gradua\u00e7\u00e3o (PEGs) que ser\u00e3o executados nos semestres letivos 2026.1 e 2026.2 (<a href=\"https:\/\/portal.uern.br\/proeg\/wp-content\/uploads\/2026\/03\/EDITAL-N-o-53.2026-PROEG-Acrescimo-e-destribuicao-de-bolsas-PEG-2026.1-e-2026.2.pdf\">ver documento<\/a>)<\/span><\/p>\n<p>Edital N\u00b0 27\/2026 &#8211; Republica o resultado final dos Projetos de Ensino de Gradua\u00e7\u00e3o (PEGs), referente ao semestre letivo de 2026.1 e 2026.2, da Universidade do Estado do Rio Grande do Norte (Uern), regido pelo Edital n\u00ba 102\/2025 &#8211; Proeg\/Uern (<a href=\"https:\/\/portal.uern.br\/proeg\/wp-content\/uploads\/2026\/03\/EDITAL-N-o-27.2026-PROEG-RESULTADO-FINAL-PEG-BOLSISTAS-2026.1-e-2026.2.pdf\">ver documento<\/a>)<\/p>\n<p>Edital N\u00b0 23\/2026 &#8211; Resultado final dos bolsistas dos Projetos de Ensino de Gradua\u00e7\u00e3o (PEGs), referente aos semestres letivos de 2026.1 e 2026.2 (<a href=\"https:\/\/portal.uern.br\/proeg\/wp-content\/uploads\/2026\/03\/EDITAL-N-o-23.2026-PROEG-RESULTADO-FINAL-PEG-BOLSISTAS2026.1-e-2026.2.pdf\">ver documento<\/a>)<\/p>\n<p>Edital N\u00b0 10\/2026 &#8211; Disp\u00f5e sobre o remanejamento de bolsas discentes dos Projetos de Ensino de Gradua\u00e7\u00e3o (PEGs) para os semestres letivo 2026.1 e 2026.2 (<a href=\"https:\/\/portal.uern.br\/proeg\/wp-content\/uploads\/2026\/02\/EDITAL-No-09.2026-PROEG-RESULTADO-PRELIMINAR-DOS-BOLSISTAS-2026.1-e-2026.2-.pdf\">ver documento<\/a>)<\/p>\n<p>Edital N\u00b0 09\/2026 &#8211; Resultado preliminar dos bolsistas dos Projetos de Ensino de Gradua\u00e7\u00e3o (PEGs), semestres letivos de 2026.1 e 2026.2 (<a href=\"https:\/\/portal.uern.br\/proeg\/wp-content\/uploads\/2026\/02\/EDITAL-No-09.2026-PROEG-RESULTADO-PRELIMINAR-DOS-BOLSISTAS-2026.1-e-2026.2-.pdf\">ver documento<\/a>)<\/p>\n<p>Edital N\u00b0 130\/2025 &#8211; <span style=\"font-weight: 400\">Torna p\u00fablica a altera\u00e7\u00e3o no Anexo \u00danico do Edital n\u00ba 126\/2025 \u2013 Proeg\/Uern (<a href=\"https:\/\/portal.uern.br\/proeg\/wp-content\/uploads\/2025\/11\/EDITAL-N\u00b0-130_2025-PROEG_UERN-Errata-ao-Edital-n\u00b0-126_2025-Proeg.pdf\">ver documento<\/a>)<\/span><\/p>\n<p>Edital N\u00b0 126\/2025 &#8211; Disp\u00f5e sobre o remanejamento de bolsas discentes dos Projetos de Ensino de Gradua\u00e7\u00e3o (PEG) para os semestres letivo 2026.1 e 2026.2 da UERN (<a href=\"https:\/\/portal.uern.br\/proeg\/wp-content\/uploads\/2025\/11\/EDITAL-N\u00b0-126.2025-PROEG_UERN-Vagas-remanescentes-2026.1-e-2026.2.docx.pdf\">ver documento<\/a>)<\/p>\n<p>Edital N\u00b0 125\/2025 &#8211; Resultado final referente ao processo seletivo para submiss\u00e3o e an\u00e1lise das propostas dos Projetos de Ensino de Gradua\u00e7\u00e3o (PEGS) &#8211; 2026.1 e 2026.2 (<a href=\"https:\/\/portal.uern.br\/proeg\/wp-content\/uploads\/2025\/11\/EDITAL-No-125.2025-RESULTADO-FINAL-2026.1-e-2026.2-\u2013-PROEG_UERN.pdf\">ver documento<\/a>)<\/p>\n<p>Edital N\u00b0 121\/2025 &#8211; Torna p\u00fablico o resultado preliminar do processo seletivo para submiss\u00e3o e an\u00e1lise das propostas dos Projetos de Ensino de Gradua\u00e7\u00e3o (PEGs), referente ao semestre letivo de 2026.1 e 2026.2 (<a href=\"https:\/\/portal.uern.br\/proeg\/wp-content\/uploads\/2025\/11\/EDITAL-N-o-121.2025-PROEG-RESULTADO-PRELIMINAR-PEG-2026.1-e-2026.2.pdf\">ver documento<\/a>)<\/p>\n<p>Edital N\u00b0 119\/2025 &#8211; Torna p\u00fablica altera\u00e7\u00e3o no Cronograma constante no Edital n\u00ba 107\/2025 \u2013 Proeg\/Uern (<a href=\"https:\/\/portal.uern.br\/proeg\/wp-content\/uploads\/2025\/10\/Edital-n\u00b0-119-2025-Proeg-Prorrogacao.pdf\">ver documento<\/a>)<\/p>\n<p>Edital N\u00b0 112\/2025 &#8211;\u00a0 <span style=\"font-weight: 400\">Resultado final das inscri\u00e7\u00f5es do processo seletivo para submiss\u00e3o e an\u00e1lise das propostas dos Projetos de Ensino de Gradua\u00e7\u00e3o (PEGs), referente aos semestres letivos 2026.1 e 2026.2 (<a href=\"https:\/\/portal.uern.br\/proeg\/wp-content\/uploads\/2025\/10\/EDITAL-N-112-2025-PROEG-RESULTADO-FINAL-INSCRICOES-PEG-2026.1-_-2026.2.pdf\">ver documento<\/a>)<\/span><\/p>\n<p>Edital N\u00b0 109\/2025 &#8211; Resultado preliminar das inscri\u00e7\u00f5es do processo seletivo para submiss\u00e3o e an\u00e1lise das propostas dos Projetos de Ensino de Gradua\u00e7\u00e3o (PEGs), referente aos semestres letivos 2026.1 e 2026.2 (<a href=\"https:\/\/portal.uern.br\/proeg\/wp-content\/uploads\/2025\/10\/EDITAL-N-109.2025-PROEG-RESULTADO-PRELIMINAR-INSCRICOES-PEG-2026.1-_-2026.2.pdf\">ver documento<\/a>)<\/p>\n<p>Edital N\u00b0 107\/2025 &#8211; <strong>Altera o item 3.1<\/strong> do Edital n\u00ba 102\/2025 \u2013 Proeg\/Uern e, consequentemente, prorroga o per\u00edodo de inscri\u00e7\u00f5es (<a href=\"https:\/\/portal.uern.br\/proeg\/wp-content\/uploads\/2025\/10\/Edital-n\u00b0-107-2025-Proeg-Prorrogacao-da-submissao-de-projetos.pdf\">ver documento<\/a>)<\/p>\n<p>Edital N\u00b0 102\/2025 &#8211; Processo de submiss\u00e3o e an\u00e1lise das propostas dos Projetos de Ensino de Gradua\u00e7\u00e3o (PEGs), referentes aos semestres letivos 2026.1 e 2026.2, da Universidade do Estado do Rio Grande do Norte (Uern) (<a href=\"https:\/\/portal.uern.br\/proeg\/wp-content\/uploads\/2025\/09\/Edital-N\u00b0-102-2025-Proeg-PEG-2026.pdf\">ver documento<\/a>)<\/p>\n<p><strong>PEG 2025<\/strong><\/p>\n<p>Edital N\u00b0 114\/2025 &#8211; <span style=\"font-weight: 400\">Complementa\u00e7\u00e3o do Edital n\u00ba 100\/2025 \u2013 PROEG\/UERN e do seu Anexo \u00danico (<a href=\"https:\/\/portal.uern.br\/proeg\/wp-content\/uploads\/2025\/10\/EDITAL-No-114_2025-\u2013-PROEG_UERN.pdf\">Ver documento<\/a>)<\/span><\/p>\n<p>Edital N\u00b0 105\/2025 &#8211; Retifica o ANEXO \u00daNICO do Edital N\u00ba 100\/2025 \u2013 PROEG\/UERN (<a href=\"https:\/\/portal.uern.br\/proeg\/wp-content\/uploads\/2025\/09\/Edital-n\u00b0-105-2025-Proeg-Retifica-o-Edital-N\u00b0-100-2025.pdf\">ver documento<\/a>)<\/p>\n<p>Edital N\u00b0 100\/2025 &#8211; Torna p\u00fablico o resultado final do processo seletivo para submiss\u00e3o e an\u00e1lise das propostas dos Projetos de Ensino de Gradua\u00e7\u00e3o (PEGs) referentes ao semestre letivo de 2025.2 (<a href=\"https:\/\/portal.uern.br\/proeg\/wp-content\/uploads\/2025\/09\/EDITAL-N\u00b0-100-2025-RESULTADO-FINAL-2025.2-\u2013-PROEG_UERN.pdf\">ver documento<\/a>)<\/p>\n<p>Edital N\u00b0 98\/2025 &#8211; Torna p\u00fablico vagas remanescentes de bolsas discentes dos Projetos de Ensino de Gradua\u00e7\u00e3o para o semestre letivo 2025.2 (2\u00b0 chamada) (<a href=\"https:\/\/portal.uern.br\/proeg\/wp-content\/uploads\/2025\/09\/Edital-n\u00b0-98-2025-Vagas-remanescentes-2025.2-Segunda-chamada.pdf\">ver documento<\/a>)<\/p>\n<p>Edital N\u00b0 96\/2025 &#8211; Torna p\u00fablico vagas remanescentes de bolsas discentes dos Projetos de Ensino de Gradua\u00e7\u00e3o para o semestre letivo 2025.2 (1\u00b0 chamada) (<a href=\"https:\/\/portal.uern.br\/proeg\/wp-content\/uploads\/2025\/08\/EDITAL-N\u00b0-96-2025-Vagas-remanescentes-do-PEG-2025.2.pdf\">ver documento<\/a>)<\/p>\n<p>Edital N\u00b0 95\/2025 &#8211; Resultado do(s) recurso(s) referente(s) ao Edital n\u00ba 92\/2025 \u2013 Proeg\/Uern (<a href=\"https:\/\/portal.uern.br\/proeg\/wp-content\/uploads\/2025\/08\/Edital-n\u00b0-95-2025-Proeg-Resultado-apos-recursos-PEG.pdf\">ver documento<\/a>)<\/p>\n<p>Edital N\u00b0 92\/2025 &#8211; <span style=\"font-weight: 400\">Resultado preliminar referente \u00e0s novas bolsas para discentes indicados pelos coordenadores de Projetos de Ensino de Gradua\u00e7\u00e3o (PEG\u2019s), semestre letivo 2025.2 (<a href=\"https:\/\/portal.uern.br\/proeg\/wp-content\/uploads\/2025\/08\/EDITAL-N-92.2025-PROEG-RESULTADO-PRELIMINAR-PEG-2025.2.pdf\">ver documento<\/a>)<\/span><\/p>\n<p>Edital N\u00b0 89\/2025 &#8211; Aditivo ao Edital N\u00ba 87\/2025 \u2013 PROEG\/UERN (<a href=\"https:\/\/portal.uern.br\/proeg\/wp-content\/uploads\/2025\/08\/Edital-n\u00b0-89-2025-\u2013-PROEG-UERN-prorrogacao-indicacao-de-novos-bolsistas.pdf\">ver documento<\/a>)<\/p>\n<p>Edital N\u00b0 87\/2025 &#8211; Adiciona novas bolsas para discentes indicados pelos coordenadores de Projetos de Ensino de Gradua\u00e7\u00e3o (PEG\u2019s) selecionados &#8211; referente ao semestre letivo 2025.2 (<a href=\"https:\/\/portal.uern.br\/proeg\/wp-content\/uploads\/2025\/08\/EDITAL-No-87-2025-PROEG-Novas-bolsas-2025.2.pdf\">ver documento<\/a>)<\/p>\n<p>Edital N\u00b0 173\/2024 &#8211; Lista final de discentes bolsistas para os Projetos de Ensino de Gradua\u00e7\u00e3o para os semestres letivos 2025.1 e 2025.2 (<a href=\"https:\/\/portal.uern.br\/proeg\/wp-content\/uploads\/2025\/01\/EDITAL-No-173_2024-\u2013-PROEG_UERN-Bolsistas-PEG-resultado-Final-2025.1-e-2025.2-final.pdf\">ver\u00a0 documento<\/a>)<\/p>\n<p>Edital N\u00b0 168\/2024 &#8211; vagas remanescentes de bolsas discentes dos Projetos de Ensino de Gradua\u00e7\u00e3o para os semestres letivos 2025.1 e 2025.2 <a href=\"https:\/\/portal.uern.br\/proeg\/wp-content\/uploads\/2024\/12\/EDITAL-No-168_2024-\u2013-PROEG_UERN-Vagas-remanescentes-2025.1-e-2025.2.pdf\">(ver documento)<\/a><\/p>\n<p>Edital N\u00b0 140\/2024 &#8211; resultado final do PEG 2025.1 e 2025.2 ap\u00f3s recursos (<a href=\"https:\/\/portal.uern.br\/proeg\/wp-content\/uploads\/2024\/10\/EDITAL-No-140_2024-RESULTADO-FINAL-2025.1-e-2025.2-\u2013-PROEG_UERN.pdf\">ver documento<\/a>)<\/p>\n<p>Edital N\u00b0 134\/2024 &#8211; retifica\u00e7\u00e3o ao resultado preliminar &#8211; PEG 2025.1 e 2025.2 (<a href=\"https:\/\/portal.uern.br\/proeg\/wp-content\/uploads\/2024\/10\/EDITAL-No-134-2024-\u2013-PROEG-UERN-Errata-ao-Edital-n\u00b0-130-2024-\u2013-PROEG-UERN.pdf\">ver documento<\/a>)<\/p>\n<p>Edital N\u00b0 130\/2024 &#8211; resultado preliminar &#8211; PEG 2025.1 e 2025.2 (<a href=\"https:\/\/portal.uern.br\/proeg\/wp-content\/uploads\/2024\/10\/EDITAL-No-130_2024-\u2013-PROEG_UERN-RESULTADO-PRELIMINAR-DO-PEG-2025.1-E-2025.2.pdf\">ver documento<\/a>)<\/p>\n<p>Edital N\u00b0 127\/2024 &#8211; retifica o resultado final das inscri\u00e7\u00f5es &#8211; PEG 2025.1 e 2025.2 \u00a0(<a href=\"https:\/\/portal.uern.br\/proeg\/wp-content\/uploads\/2024\/09\/EDITAL-No-127_2024-\u2013-PROEG_UERN-RETIFICA-O-EDITAL-N-124_2024-PROEG.pdf\">ver documento<\/a>)<\/p>\n<p>Edital N\u00b0 124\/2024 &#8211;\u00a0 resultado final das inscri\u00e7\u00f5es &#8211; PEG 2025.1 e 2025.2 (<a href=\"https:\/\/portal.uern.br\/proeg\/wp-content\/uploads\/2024\/09\/EDITAL-No-124_2024-\u2013-PROEG_UERN-RESULTADO-FINAL-DAS-INSCRICOES.pdf\">ver documento<\/a>)<\/p>\n<p>Edital N\u00b0 122\/2024 &#8211; resultado preliminar das inscri\u00e7\u00f5es &#8211; PEG 2025.1 e 2025.2 (<a href=\"https:\/\/portal.uern.br\/proeg\/wp-content\/uploads\/2024\/09\/EDITAL-No-122_2024-\u2013-PROEG_UERN-INSCRICOES-RESULTADO-PRELIMINAR-.pdf\">ver documento<\/a>)<\/p>\n<p>Edital N\u00b0 116\/2024 &#8211; Edital de abertura &#8211; submiss\u00e3o Projetos de Ensino de Gradua\u00e7\u00e3o \u2013 PEG 2025.1 e 2025.2 (<a href=\"https:\/\/portal.uern.br\/proeg\/wp-content\/uploads\/2024\/08\/Edital-N\u00b0-116-2024-PEG-2025.1-e-2025.2.pdf\">ver documento<\/a>)<\/p>\n<p><strong>PEG 2024<\/strong><\/p>\n<p>Edital N\u00b0 90\/2024 &#8211;\u00a0 resultado final da 2\u00b0 etapa ap\u00f3s recursos &#8211; PEG 2024.2 (<a href=\"https:\/\/portal.uern.br\/proeg\/wp-content\/uploads\/2024\/06\/EDITAL-No-90_2024-%E2%80%93-PROEG_UERN-RESULTADO-FINAL-DA-2%C2%B0-ETAPA.pdf\">ver documento<\/a>)<\/p>\n<p>Edital N\u00b0 87\/2024 &#8211; resultado final preliminar da 2\u00b0 etapa &#8211; PEG 2024.2 (<a href=\"https:\/\/portal.uern.br\/proeg\/wp-content\/uploads\/2024\/06\/EDITAL-No-087_2024-%E2%80%93-PROEG_UERN-RESULTADO-PRELIMINAR-DA-2%C2%B0-ETAPA.docx.pdf\">ver documento<\/a>)<\/p>\n<p>Edital N\u00b079\/2024 &#8211; resultado final da 1\u00b0 etapa ap\u00f3s recursos &#8211; PEG 2024.2 (<a href=\"https:\/\/portal.uern.br\/proeg\/wp-content\/uploads\/2024\/06\/EDITAL-No-79_2024-%E2%80%93-PROEG_UERN-RESULTADO-FINAL-DA-1%C2%B0-ETAPA.pdf\">ver documento<\/a>)<\/p>\n<p>Edital N\u00b0 77\/2024 &#8211; resultado final preliminar da 1\u00b0 etapa &#8211; PEG 2024.2 (<a href=\"https:\/\/portal.uern.br\/proeg\/wp-content\/uploads\/2024\/06\/EDITAL-No-77_2024-%E2%80%93-PROEG_UERN-RESULTADO-PRELIMINAR-DA-1%C2%B0-ETAPA.pdf\">ver documento<\/a>)<\/p>\n<p>Edital N\u00b0 76\/2024 &#8211; resultado final das inscri\u00e7\u00f5es &#8211; PEG 2024.2 (<a href=\"https:\/\/portal.uern.br\/proeg\/wp-content\/uploads\/2024\/05\/EDITAL-No-76_2024-\u2013-PROEG_UERN-RESULTADO-DAS-INSCRICOES-DA-1\u00b0-ETAPA.pdf\">ver documento<\/a>)<\/p>\n<p>Edital N\u00b0 75\/2024 &#8211; resultado preliminar das inscri\u00e7\u00f5es &#8211; PEG 2024.2 (<a href=\"https:\/\/portal.uern.br\/proeg\/wp-content\/uploads\/2024\/05\/EDITAL-No-75_2024-\u2013-PROEG_UERN-RESULTADO-PRELIMINAR-DA-1\u00b0-ETAPA.pdf\">ver documento<\/a>)<\/p>\n<p>Edital N\u00b0 66\/2024 &#8211; Edital de abertura &#8211; submiss\u00e3o Projetos de Ensino \u2013 PEG 2024.2 (<a href=\"https:\/\/portal.uern.br\/proeg\/wp-content\/uploads\/2024\/04\/Edital-N\u00b0-66_2024-PEG-2024.2.pdf\">ver documento<\/a>)<\/p>\n<p>Edital N\u00b0 47\/2024 &#8211; resultado final das inscri\u00e7\u00f5es do processo seletivo para distribui\u00e7\u00e3o de bolsas aos Projetos de Ensino de Gradua\u00e7\u00e3o (PEGs), referente ao semestre letivo de 2024.1 (<a href=\"https:\/\/portal.uern.br\/proeg\/wp-content\/uploads\/2024\/03\/EDITAL-No-47_2024-%E2%80%93-PROEG_UERN-RESULTADO-FINAL-DAS-INSCRICOES.pdf\">ver documento<\/a>)<\/p>\n<p>Edital N\u00b0 45\/2024 &#8211; homologa\u00e7\u00e3o bolsas PEGs 2024.1 (<a href=\"https:\/\/portal.uern.br\/proeg\/wp-content\/uploads\/2024\/03\/EDITAL-No-45_2024-%E2%80%93-PROEG_UERN-RESULTADO-PRELIMINAR-DAS-INSCRICOES.pdf\">ver documento<\/a>)<\/p>\n<p>Edital N\u00b0 35\/2024 &#8211; Processo seletivo para concess\u00e3o de bolsa para discentes dos Projetos de Ensino de Gradua\u00e7\u00e3o (PEGs), referente ao semestre letivo de 2024.1 (<a href=\"https:\/\/portal.uern.br\/proeg\/wp-content\/uploads\/2024\/02\/EDITAL-N%C2%B0-35_2024-PROEG-PEG-2024.1.pdf\">ver documento<\/a>)<\/p>\n<p>Edital N\u00b0 235\/2023 &#8211; Projetos PEG Semestre 2024.1 (<a href=\"https:\/\/portal.uern.br\/proeg\/wp-content\/uploads\/2023\/11\/Edital-235.2023-Proeg-Resultado-Projetos-de-Ensino-2024.1.docx.pdf\">ver documento<\/a>)<\/p>\n<p>Edital N\u00b0 196\/2023 &#8211; Abertura Submiss\u00e3o Projetos de Ensino \u2013 PEG 2024.1 (<a href=\"https:\/\/portal.uern.br\/proeg\/wp-content\/uploads\/2023\/09\/Edital-196.2023-PEG-2024.1.pdf\">Ver documento<\/a>)<\/p>\n<p><strong>PEG 2023<\/strong><\/p>\n<p>Edital N\u00b0 154\/2023 &#8211; Projetos PEG Semestre 2023.2 (<a href=\"https:\/\/portal.uern.br\/proeg\/wp-content\/uploads\/2023\/08\/Edital-154.2023-Proeg-Resultado-Projetos-de-Ensino-2023.2.pdf\">ver documento<\/a>)<\/p>\n<p>Edital N\u00b0 91\/2023 &#8211;\u00a0 Abertura Submiss\u00e3o Projetos de Ensino \u2013 PEG 2023.2 (<a href=\"https:\/\/portal.uern.br\/proeg\/wp-content\/uploads\/2023\/05\/Edital-091.2023-PEG-2023.2..pdf\">ver documento<\/a>)<\/p>\n<p>Edital N\u00b0 21\/2023 &#8211; Projetos PEG Semestre 2023.1 (<a href=\"https:\/\/portal.uern.br\/proeg\/wp-content\/uploads\/2023\/02\/Edital-021.2023-Proeg-Resultado-Projetos-de-Ensino-2023..pdf\">ver documento<\/a>)<\/p>\n<p>Edital N\u00b0 177\/2022 &#8211; Abertura submiss\u00e3o Projetos de Ensino \u2013 PEG 2023.1 (<a href=\"https:\/\/www.uern.br\/controledepaginas\/proeg-editais\/arquivos\/0975edital_177.2022___proeg___peg_2023.1.pdf\">ver documento<\/a>)<\/p>\n<p><strong>PEG 2022<\/strong><\/p>\n<p>Edital N\u00b0 89\/2022 &#8211; Projetos PEG Semestre 2022.2 (<a href=\"https:\/\/www.uern.br\/controledepaginas\/proeg-editais\/arquivos\/0975edital_089.2022_proeg_resultado_peg_2022.2..pdf\">ver documento<\/a>)<\/p>\n<p>Edital N\u00b0 70\/2022 &#8211; Abertura submiss\u00e3o Projetos de Ensino \u2013 PEG 2022.2 (<a href=\"https:\/\/www.uern.br\/controledepaginas\/proeg-editais\/arquivos\/0975edital_070.2022___proeg___peg_2022.2.pdf\">ver documento<\/a>)<\/p>\n<p>Edital N\u00b0 17\/2022 &#8211; Projetos PEG Semestre 2022.1 (<a href=\"https:\/\/www.uern.br\/controledepaginas\/proeg-editais\/arquivos\/0975edital_017.2022_proeg_resultado_peg_2022.1_e_2022.2..pdf\">ver documento<\/a>)<\/p>\n<p>Edital N\u00b0 07\/2022 &#8211; Abertura submiss\u00e3o Projetos de Ensino \u2013 PEG 2022.1 (<a href=\"https:\/\/www.uern.br\/controledepaginas\/proeg-editais\/arquivos\/0975edital_007.2022_proeg_peg_2022.1_e_formulario.docx_(3).pdf\">ver documento<\/a>)<\/p>\n<p><strong>PEG 2021<\/strong><\/p>\n<p>Edital N\u00b0 107\/2021 &#8211; Projetos PEG Semestre 2021.2: (<a href=\"https:\/\/www.uern.br\/controledepaginas\/proeg-editais\/arquivos\/0975edital_107.2021_proeg_resultado_peg_2021.2.pdf\">ver documento<\/a>)<\/p>\n<p>Edital N\u00b0 90\/2021 &#8211; Abertura submiss\u00e3o de Projetos de Ensino \u2013 PEG 2021.2 (<a href=\"https:\/\/portal.uern.br\/wp-content\/uploads\/2021\/08\/Edital-090.2021-PEG-2021.2-e-Formulario.pdf\">ver documento<\/a>)<\/p>\n<p>Edital N\u00b0 49\/2021\u00a0 &#8211; Aditivo ao Resultado PEG\u2019s 2021.1: (<a href=\"https:\/\/portal.uern.br\/wp-content\/uploads\/2021\/05\/Edital-049.2021-PROEG-Aditivo-ao-Edital-047.2021-Resultado-PEG-2021.1.pdf\">ver documento<\/a>)<\/p>\n<p>Edital N\u00b0 47\/2021 &#8211; Projetos PEG Semestre 2021.1 (<a href=\"https:\/\/www.uern.br\/controledepaginas\/proeg-editais\/arquivos\/0975edital_047.2021_proeg_resultado_peg_2021.1.pdf\">ver documento<\/a>)<\/p>\n<p>Edital N\u00b0 16\/2021 &#8211; Abertura submiss\u00e3o de Projetos de Ensino\u00a0 \u2013 PEG 2021.1 (<a href=\"http:\/\/portal.uern.br\/wp-content\/uploads\/2021\/03\/Edital-016.2021-PEG-e-Formulario.pdf\">ver documento<\/a>)<\/p>\n<p><strong>PEG 2020<\/strong><\/p>\n<p>Edital N\u00b0 101\/2020 &#8211; Projetos PEG Semestre 2020.2 (<a href=\"https:\/\/portal.uern.br\/wp-content\/uploads\/2020\/11\/Edital-101.2020-PROEG-resultado-da-an%C3%A1lise-dos-pegs-2020.2.pdf\">ver documento<\/a>)<\/p>\n<p>Edital N\u00b0 74\/2020 &#8211; Abertura Submiss\u00e3o de Projetos de Ensino \u2013 PEG 2020.2 (<a href=\"https:\/\/portal.uern.br\/wp-content\/uploads\/2020\/09\/Edital-074.2020-PROEG-Normas-do-Processo-Seletivo-das-Propostas-dos-Projetos-de-Ensino-de-Gradua%C3%A7%C3%A3o.pdf\">ver documento<\/a>)<\/p>\n<p>Edital N\u00b0 88\/2019 &#8211; Projetos PEG Semestre 2020.1 (<a href=\"https:\/\/www.uern.br\/controledepaginas\/proeg-editais\/arquivos\/0975edital_088.2019_resultado_da_ana%C2%A1lise_dos_pegs_2020.1.pdf\">ver documento<\/a>)<\/p>\n<p>Edital N\u00b0 83\/2019 &#8211; Abertura submiss\u00e3o Projetos de Ensino \u2013 PEG 2020.1 (<a href=\"https:\/\/www.uern.br\/controledepaginas\/proeg-editais\/arquivos\/0975edital_083.2019_peg_2020.1.i..pdf\">ver documento<\/a>)<\/p>\n<p><strong>PEG 2019<\/strong><\/p>\n<p>Projetos PEG Semestre 2019.2 (<a href=\"https:\/\/www.uern.br\/controledepaginas\/proeg-pandamento\/arquivos\/3145projetos_de_ensino_2019.2.pdf\">ver documento<\/a>)<\/p>\n<p>Projetos PEG Semestre 2019.1 (<a href=\"https:\/\/drive.google.com\/file\/d\/10DyavbvhwxNcO16mZ8HmUHWiE13T1VO0\/view\">ver documento<\/a>)<\/p>\n<p><strong>PEG 2018<\/strong><\/p>\n<p>Edital N\u00b0 69\/2018 -Projetos PEG Semestre 2018.2 (<a href=\"https:\/\/www.uern.br\/controledepaginas\/proeg-editais\/arquivos\/0975edital_069.2018_resultado_da_ana%C2%A1lise_dos_pegs_2018.2.pdf\">ver documento<\/a>)<\/p>\n<p>Edital N\u00b0 27\/2018 &#8211;\u00a0 Projetos PEG Semestre 2018.1 (<a href=\"https:\/\/www.uern.br\/controledepaginas\/proeg-editais\/arquivos\/0975edital_027.2018_resultado_da_ana%C2%A1lise_dos_pegs.pdf\">ver documento<\/a>)<\/p>\n<p>Edital N\u00b0 29\/2018 &#8211; Aditivo 2018.1 (<a href=\"https:\/\/www.uern.br\/controledepaginas\/proeg-editais\/arquivos\/0975edital_029.2018_aditivo_resultado_da_ana%C2%A1lise_dos_pegs.pdf\">ver documento<\/a>)<\/p>\n","protected":false},"excerpt":{"rendered":"<p>PEG &#8211; Fluxo Cont\u00ednuo Edital N\u00b0 85\/2025 \u2013 Proposi\u00e7\u00e3o de Projetos de Ensino de Gradua\u00e7\u00e3o (PEGs) em fluxo cont\u00ednuo de sele\u00e7\u00e3o e classifica\u00e7\u00e3o (ver documento) PEG 2026 Edital N\u00b0 57\/2026 &#8211; Resultado da distribui\u00e7\u00e3o das bolsas dos Projetos de Ensino de Gradua\u00e7\u00e3o (PEGs) que foram acrescidas pelo Edital n\u00ba 53\/2026 \u2013 PROEG\/UERN (ver documento) Edital [&hellip;]<\/p>\n","protected":false},"author":13,"featured_media":0,"parent":1032,"menu_order":0,"comment_status":"closed","ping_status":"closed","template":"","meta":{"footnotes":""},"class_list":["post-2810","page","type-page","status-publish","hentry"],"_links":{"self":[{"href":"https:\/\/portal.uern.br\/proeg\/wp-json\/wp\/v2\/pages\/2810","targetHints":{"allow":["GET"]}}],"collection":[{"href":"https:\/\/portal.uern.br\/proeg\/wp-json\/wp\/v2\/pages"}],"about":[{"href":"https:\/\/portal.uern.br\/proeg\/wp-json\/wp\/v2\/types\/page"}],"author":[{"embeddable":true,"href":"https:\/\/portal.uern.br\/proeg\/wp-json\/wp\/v2\/users\/13"}],"replies":[{"embeddable":true,"href":"https:\/\/portal.uern.br\/proeg\/wp-json\/wp\/v2\/comments?post=2810"}],"version-history":[{"count":38,"href":"https:\/\/portal.uern.br\/proeg\/wp-json\/wp\/v2\/pages\/2810\/revisions"}],"predecessor-version":[{"id":4711,"href":"https:\/\/portal.uern.br\/proeg\/wp-json\/wp\/v2\/pages\/2810\/revisions\/4711"}],"up":[{"embeddable":true,"href":"https:\/\/portal.uern.br\/proeg\/wp-json\/wp\/v2\/pages\/1032"}],"wp:attachment":[{"href":"https:\/\/portal.uern.br\/proeg\/wp-json\/wp\/v2\/media?parent=2810"}],"curies":[{"name":"wp","href":"https:\/\/api.w.org\/{rel}","templated":true}]}}