{"id":273,"date":"2022-11-29T13:15:33","date_gmt":"2022-11-29T16:15:33","guid":{"rendered":"http:\/\/beta.apps.uern.br\/wordpress\/proeg\/?page_id=273"},"modified":"2023-05-11T12:34:12","modified_gmt":"2023-05-11T15:34:12","slug":"cursos-de-graduacao-2","status":"publish","type":"page","link":"https:\/\/portal.uern.br\/proeg\/cursos-de-graduacao-2\/","title":{"rendered":"Gradua\u00e7\u00e3o e Cursos T\u00e9cnicos"},"content":{"rendered":"","protected":false},"excerpt":{"rendered":"","protected":false},"author":2,"featured_media":0,"parent":0,"menu_order":0,"comment_status":"closed","ping_status":"closed","template":"","meta":{"footnotes":""},"class_list":["post-273","page","type-page","status-publish","hentry"],"_links":{"self":[{"href":"https:\/\/portal.uern.br\/proeg\/wp-json\/wp\/v2\/pages\/273","targetHints":{"allow":["GET"]}}],"collection":[{"href":"https:\/\/portal.uern.br\/proeg\/wp-json\/wp\/v2\/pages"}],"about":[{"href":"https:\/\/portal.uern.br\/proeg\/wp-json\/wp\/v2\/types\/page"}],"author":[{"embeddable":true,"href":"https:\/\/portal.uern.br\/proeg\/wp-json\/wp\/v2\/users\/2"}],"replies":[{"embeddable":true,"href":"https:\/\/portal.uern.br\/proeg\/wp-json\/wp\/v2\/comments?post=273"}],"version-history":[{"count":3,"href":"https:\/\/portal.uern.br\/proeg\/wp-json\/wp\/v2\/pages\/273\/revisions"}],"predecessor-version":[{"id":1036,"href":"https:\/\/portal.uern.br\/proeg\/wp-json\/wp\/v2\/pages\/273\/revisions\/1036"}],"wp:attachment":[{"href":"https:\/\/portal.uern.br\/proeg\/wp-json\/wp\/v2\/media?parent=273"}],"curies":[{"name":"wp","href":"https:\/\/api.w.org\/{rel}","templated":true}]}}