{"id":270,"date":"2022-11-29T11:27:20","date_gmt":"2022-11-29T14:27:20","guid":{"rendered":"http:\/\/beta.apps.uern.br\/wordpress\/proeg\/?page_id=270"},"modified":"2025-10-31T10:51:03","modified_gmt":"2025-10-31T13:51:03","slug":"monitoria-pim","status":"publish","type":"page","link":"https:\/\/portal.uern.br\/proeg\/estudantes-2\/monitoria-pim\/","title":{"rendered":"PIM"},"content":{"rendered":"<p style=\"text-align: justify\">O <strong>Programa Institucional de Monitoria (PIM)<\/strong> \u00e9 promovido pela UERN com o objetivo de estimular a participa\u00e7\u00e3o de alunos dos cursos de gradua\u00e7\u00e3o no Processo Formativo, articulando ensino, pesquisa e extens\u00e3o no \u00e2mbito dos componentes curriculares, socializando o conhecimento e minimizando problemas como repet\u00eancia, evas\u00e3o e falta de motiva\u00e7\u00e3o.<\/p>\n<p style=\"text-align: justify\"><strong>Equipe Respons\u00e1vel:\u00a0<\/strong><\/p>\n<p>Profa. Dra. Aylla Gabriella Paiva de Ara\u00fajo<\/p>\n<p>Arthur Pereira de Ara\u00fajo Neto (T\u00e9cnico Administrativo)<\/p>\n<p>Samuel Ferreira da Silva Rocha (T\u00e9cnico Administrativo)<\/p>\n<p>&nbsp;<\/p>\n<p><strong>E-mail:<\/strong> \u00a0pim@uern.br<\/p>\n<p style=\"text-align: justify\"><strong>Hor\u00e1rio de Atendimento:<\/strong>\u00a0 7h \u00e0s 13h<\/p>\n<p style=\"text-align: justify\">\n","protected":false},"excerpt":{"rendered":"<p>O Programa Institucional de Monitoria (PIM) \u00e9 promovido pela UERN com o objetivo de estimular a participa\u00e7\u00e3o de alunos dos cursos de gradua\u00e7\u00e3o no Processo Formativo, articulando ensino, pesquisa e extens\u00e3o no \u00e2mbito dos componentes curriculares, socializando o conhecimento e minimizando problemas como repet\u00eancia, evas\u00e3o e falta de motiva\u00e7\u00e3o. Equipe Respons\u00e1vel:\u00a0 Profa. Dra. Aylla Gabriella [&hellip;]<\/p>\n","protected":false},"author":2,"featured_media":0,"parent":261,"menu_order":0,"comment_status":"closed","ping_status":"closed","template":"","meta":{"footnotes":""},"class_list":["post-270","page","type-page","status-publish","hentry"],"_links":{"self":[{"href":"https:\/\/portal.uern.br\/proeg\/wp-json\/wp\/v2\/pages\/270","targetHints":{"allow":["GET"]}}],"collection":[{"href":"https:\/\/portal.uern.br\/proeg\/wp-json\/wp\/v2\/pages"}],"about":[{"href":"https:\/\/portal.uern.br\/proeg\/wp-json\/wp\/v2\/types\/page"}],"author":[{"embeddable":true,"href":"https:\/\/portal.uern.br\/proeg\/wp-json\/wp\/v2\/users\/2"}],"replies":[{"embeddable":true,"href":"https:\/\/portal.uern.br\/proeg\/wp-json\/wp\/v2\/comments?post=270"}],"version-history":[{"count":16,"href":"https:\/\/portal.uern.br\/proeg\/wp-json\/wp\/v2\/pages\/270\/revisions"}],"predecessor-version":[{"id":4377,"href":"https:\/\/portal.uern.br\/proeg\/wp-json\/wp\/v2\/pages\/270\/revisions\/4377"}],"up":[{"embeddable":true,"href":"https:\/\/portal.uern.br\/proeg\/wp-json\/wp\/v2\/pages\/261"}],"wp:attachment":[{"href":"https:\/\/portal.uern.br\/proeg\/wp-json\/wp\/v2\/media?parent=270"}],"curies":[{"name":"wp","href":"https:\/\/api.w.org\/{rel}","templated":true}]}}