{"id":267,"date":"2022-11-29T11:19:52","date_gmt":"2022-11-29T14:19:52","guid":{"rendered":"http:\/\/beta.apps.uern.br\/wordpress\/proeg\/?page_id=267"},"modified":"2025-10-31T10:55:53","modified_gmt":"2025-10-31T13:55:53","slug":"pibid","status":"publish","type":"page","link":"https:\/\/portal.uern.br\/proeg\/estudantes-2\/pibid\/","title":{"rendered":"PIBID"},"content":{"rendered":"<p style=\"text-align: justify\"><strong>Coordenador Institucional<\/strong><\/p>\n<p style=\"text-align: justify\">Prof. Dr. F\u00e1bio Ricardo Silva Beserra<\/p>\n<p style=\"text-align: justify\"><strong>T\u00e9cnico Adminstrativo<\/strong><\/p>\n<p style=\"text-align: justify\">TNS Francisco Carlos Rodrigues Santos<\/p>\n<p><strong>E-mail:<\/strong> pibid@uern.br<\/p>\n<p><strong>Hor\u00e1rio de Atendimento:<\/strong> 07h \u00e0s 13h<\/p>\n<p>&nbsp;<\/p>\n<p>O <strong>Programa Institucional de Bolsa de Inicia\u00e7\u00e3o \u00e0 Doc\u00eancia (Pibid)<\/strong>, financiado pela Coordena\u00e7\u00e3o de Aperfei\u00e7oamento de Pessoal de N\u00edvel Superior (Capes), faz parte da Pol\u00edtica Nacional de Forma\u00e7\u00e3o de Professores do Minist\u00e9rio da Educa\u00e7\u00e3o (MEC), e visa proporcionar aos discentes dos cursos de licenciatura sua inser\u00e7\u00e3o no cotidiano das escolas p\u00fablicas de educa\u00e7\u00e3o b\u00e1sica. Em conson\u00e2ncia com\u00a0 a Portaria Capes n\u00ba 83\/2022 e Projeto Institucional 2022-2024, dentre outros objetivos, o Pibid\/Uern visa: Contribuir com a melhoria da qualidade da forma\u00e7\u00e3o inicial de professores nos cursos de licenciatura da UERN; fortalecer a articula\u00e7\u00e3o entre teoria e pr\u00e1tica ao promover a integra\u00e7\u00e3o entre Universidade e redes p\u00fablicas de ensino; desenvolver interven\u00e7\u00f5es did\u00e1tico-pedag\u00f3gicas, de car\u00e1ter inovador, criativo, cr\u00edtico e comprometido com o interesse coletivo, em escolas p\u00fablicas, ao mesmo tempo que mobiliza os professores supervisores como coformadores dos futuros professores; estimular a produ\u00e7\u00e3o de car\u00e1ter acad\u00eamico e cient\u00edfico de modo a desenvolver pesquisas acerca dos impactos do PIBID\/UERN na\/para forma\u00e7\u00e3o inicial e continuada de professores e desenvolver diferentes letramentos visando aprimoramento da l\u00edngua portuguesa e uso das diferentes tecnologias digitais da informa\u00e7\u00e3o e comunica\u00e7\u00e3o para aprimoramento das a\u00e7\u00f5es.<\/p>\n<p>A UERN, atualmente, conta com 288 discentes bolsistas e 72 discentes volunt\u00e1rios, al\u00e9m de 12 Coordenadores(as) de \u00c1rea bolsistas, 11 Coordenadores(as) de \u00c1rea volunt\u00e1rios e 36 Supervisores bolsistas e 1 Coordenadora Institucional. Alunos e professores desenvolvem as atividades em 20 n\u00facleos que contemplam 11 cursos de licenciaturas espalhados em 5 Campi da Universidade. O Pibid\/Uern tem atua\u00e7\u00e3o direta em 28 escolas da rede p\u00fablica de ensino situadas em 6 munic\u00edpios do estado.<\/p>\n<p>&nbsp;<\/p>\n<p><strong>Dados do Programa na UERN:<\/strong><\/p>\n<ul>\n<li>Graduandos: 360<\/li>\n<li>Professores Supervisores do Ensino B\u00e1sico: 36<\/li>\n<li>Coordenadores de \u00c1rea: 33<\/li>\n<li>Coordenador Institucional: 01<\/li>\n<\/ul>\n<p>&nbsp;<\/p>\n<p><strong>Atualmente, os seguintes Cursos de Gradua\u00e7\u00e3o da UERN participam do Programa:<\/strong><\/p>\n<ul>\n<li>Pedagogia (Mossor\u00f3)<\/li>\n<li>Pedagogia (Assu)<\/li>\n<li>Pedagogia (Pau dos Ferros)<\/li>\n<li>M\u00fasica (Mossor\u00f3)<\/li>\n<li>Letras &#8211; L\u00edngua Portuguesa (Mossor\u00f3)<\/li>\n<li>Letras &#8211; L\u00edngua Portuguesa (Patu)<\/li>\n<li>Letras &#8211; L\u00edngua Portuguesa (Pau dos Ferros)<\/li>\n<li>Letras &#8211; L\u00edngua Portuguesa (Ass\u00fa)<\/li>\n<li>Letras &#8211; L\u00edngua Inglesa (Mossor\u00f3)<\/li>\n<li>Letras L\u00edngua Inglesa (Assu)<\/li>\n<li>Letras Ingl\u00eas (Pau dos Ferros)<\/li>\n<li>Hist\u00f3ria (Mossor\u00f3)<\/li>\n<li>Geografia (Mossor\u00f3)<\/li>\n<li>Geografia (Pau dos Ferros)<\/li>\n<li>Geografia (Assu)<\/li>\n<li>Educa\u00e7\u00e3o F\u00edsica (Pau dos Ferros)<\/li>\n<li>Qu\u00edmica (Mossor\u00f3)<\/li>\n<li>F\u00edsica (Mossor\u00f3)<\/li>\n<li>Ci\u00eancias Biol\u00f3gicas (Mossor\u00f3)<\/li>\n<li>Filosofia (Caic\u00f3)<\/li>\n<\/ul>\n<p>&nbsp;<\/p>\n<p><strong>Campus:<\/strong><\/p>\n<ul>\n<li>Assu<\/li>\n<li>Mossor\u00f3<\/li>\n<li>Patu<\/li>\n<li>Pau dos Ferros<\/li>\n<li>Caic\u00f3<\/li>\n<\/ul>\n<p>&nbsp;<\/p>\n<p><strong>Munic\u00edpios e <\/strong><strong>Escolas \/ Institui\u00e7\u00f5es de Ensino<\/strong><\/p>\n<p><strong>A\u00e7u (05)<\/strong><br \/>\nEscola Estadual Tenente Coronel Jos\u00e9 Correia<br \/>\nEscola Municipal Comunit\u00e1ria Bela Vista<br \/>\nEscola Municipal Professora Nair Fernandes Rodrigues<br \/>\nEscola Estadual Marcos Alberto de S\u00e1 Leit\u00e3o<br \/>\nEscola Estadual Poeta Renato Caldas<\/p>\n<p><strong>Caic\u00f3 (01)<\/strong><br \/>\nEscola Estadual Professora Calp\u00farnia Caldas de Amorim<\/p>\n<p><strong>Mossor\u00f3 (12)<\/strong><br \/>\nEscola Estadual Professor Herm\u00f3genes Nogueira da Costa<br \/>\nEscola Estadual Alfa Ville<br \/>\nEscola Conego Estevam Dantas<br \/>\nEscola Estadual Professor Jos\u00e9 de Freitas Nobre<br \/>\nEscola Estadual Professora Maria Stella Pinheiro Costa<br \/>\nEscola Estadual Jos\u00e9 Martins de Vasconcelos<br \/>\nEscola Estadual Aida Ramalho Cortez Pereira<br \/>\nEscola Estadual Nossa Senhora das Gra\u00e7as<br \/>\nEscola Municipal professora Manoel Assis<br \/>\nCentro de Aten\u00e7\u00e3o Integral \u00e0 Crian\u00e7a e ao Adolescente Escola Estadual Jer\u00f4nimo Vingt Rosado Maia<br \/>\nEscola Estadual Professor Abel Freire Coelho<br \/>\nEscola Estadual Governador Dix- Sept Rosado<\/p>\n<p><strong>Pau dos Ferros (07)<\/strong><br \/>\nEscola Municipal Professora Nila R\u00eago<br \/>\nEscola Estadual Jo\u00e3o Escol\u00e1stico<br \/>\nEscola Estadual Patronato Alfredo Fernandes<br \/>\nEscola Estadual Doutor Jos\u00e9 Fernandes de Melo<br \/>\nEscola Estadual Professora Edilma de Freitas<br \/>\nEscola Estadual 4 de Setembro<br \/>\nEscola Municipal Professor Severino Bezerra<\/p>\n<p><strong>Patu (03)<\/strong><br \/>\nEscola Municipal Francisco Francelino De Moura<br \/>\nEscola Municipal Raimundo Rocha<\/p>\n<p><strong>Ipangua\u00e7u (01)<\/strong><br \/>\nEscola Estadual Maria da Gl\u00f3ria de Azevedo<\/p>\n","protected":false},"excerpt":{"rendered":"<p>Coordenador Institucional Prof. Dr. F\u00e1bio Ricardo Silva Beserra T\u00e9cnico Adminstrativo TNS Francisco Carlos Rodrigues Santos E-mail: pibid@uern.br Hor\u00e1rio de Atendimento: 07h \u00e0s 13h &nbsp; O Programa Institucional de Bolsa de Inicia\u00e7\u00e3o \u00e0 Doc\u00eancia (Pibid), financiado pela Coordena\u00e7\u00e3o de Aperfei\u00e7oamento de Pessoal de N\u00edvel Superior (Capes), faz parte da Pol\u00edtica Nacional de Forma\u00e7\u00e3o de Professores do [&hellip;]<\/p>\n","protected":false},"author":2,"featured_media":0,"parent":261,"menu_order":0,"comment_status":"closed","ping_status":"closed","template":"","meta":{"footnotes":""},"class_list":["post-267","page","type-page","status-publish","hentry"],"_links":{"self":[{"href":"https:\/\/portal.uern.br\/proeg\/wp-json\/wp\/v2\/pages\/267","targetHints":{"allow":["GET"]}}],"collection":[{"href":"https:\/\/portal.uern.br\/proeg\/wp-json\/wp\/v2\/pages"}],"about":[{"href":"https:\/\/portal.uern.br\/proeg\/wp-json\/wp\/v2\/types\/page"}],"author":[{"embeddable":true,"href":"https:\/\/portal.uern.br\/proeg\/wp-json\/wp\/v2\/users\/2"}],"replies":[{"embeddable":true,"href":"https:\/\/portal.uern.br\/proeg\/wp-json\/wp\/v2\/comments?post=267"}],"version-history":[{"count":16,"href":"https:\/\/portal.uern.br\/proeg\/wp-json\/wp\/v2\/pages\/267\/revisions"}],"predecessor-version":[{"id":4379,"href":"https:\/\/portal.uern.br\/proeg\/wp-json\/wp\/v2\/pages\/267\/revisions\/4379"}],"up":[{"embeddable":true,"href":"https:\/\/portal.uern.br\/proeg\/wp-json\/wp\/v2\/pages\/261"}],"wp:attachment":[{"href":"https:\/\/portal.uern.br\/proeg\/wp-json\/wp\/v2\/media?parent=267"}],"curies":[{"name":"wp","href":"https:\/\/api.w.org\/{rel}","templated":true}]}}