{"id":2497,"date":"2023-12-04T11:25:25","date_gmt":"2023-12-04T14:25:25","guid":{"rendered":"https:\/\/portal.uern.br\/proeg\/?page_id=2497"},"modified":"2025-03-25T08:04:51","modified_gmt":"2025-03-25T11:04:51","slug":"tutoriais","status":"publish","type":"page","link":"https:\/\/portal.uern.br\/proeg\/tutoriais\/","title":{"rendered":"Tutoriais"},"content":{"rendered":"<h4 data-raofz=\"24\"><strong>Programa P\u00e9-de-meia Licenciaturas<\/strong><\/h4>\n<ul>\n<li><a href=\"https:\/\/portal.uern.br\/proeg\/wp-content\/uploads\/2025\/03\/Tutorial-Como-se-Pre-Inscrever-no-Programa-Pe-de-Meia-Licenciaturas-2.pdf\">Tutorial para inscri\u00e7\u00e3o<\/a><\/li>\n<\/ul>\n<h4 data-raofz=\"24\"><\/h4>\n<h4 data-raofz=\"24\"><strong>Material de apoio \u00e0s rotinas do Sigaa<\/strong><\/h4>\n<p>Para discentes<\/p>\n<ul>\n<li><a role=\"link\" href=\"http:\/\/portal.uern.br\/wp-content\/uploads\/2023\/03\/SiGAA-Tutorial-de-cadastro-e-recuperacao-de-login-e-senha-PARA-ESTUDANTES.pdf\" data-raofz=\"16\">Tutorial Acesso\/Login Discente<\/a><\/li>\n<li><a href=\"https:\/\/portal.uern.br\/proeg\/wp-content\/uploads\/2023\/12\/SIGAA-Atualizacao-Cadastral-Discente.pdf\">Tutorial Atualiza\u00e7\u00e3o Cadastral\/ Discente<\/a><\/li>\n<li data-raofz=\"16\"><a role=\"link\" href=\"https:\/\/portal.uern.br\/gabinete\/wp-content\/uploads\/sites\/21\/2023\/04\/SIGAA-Matricula-Discente-atualizado-em-19-04-2023.pdf\" data-raofz=\"16\">Tutorial Matr\u00edcula Discente<\/a><\/li>\n<li data-raofz=\"16\"><a role=\"link\" href=\"https:\/\/portal.uern.br\/gabinete\/wp-content\/uploads\/sites\/21\/2023\/04\/SIGAA-Consulta-de-componentes-ofertados.pdf\" data-raofz=\"16\">Tutorial Consulta de componentes ofertados<\/a><\/li>\n<li data-raofz=\"16\"><a role=\"link\" href=\"https:\/\/portal.uern.br\/gabinete\/wp-content\/uploads\/sites\/21\/2023\/04\/SIGAA-Suspensao-de-Programa-Discente.pdf\" data-raofz=\"16\">Tutorial Suspens\u00e3o de Programa \/ Discente<\/a><\/li>\n<li data-raofz=\"16\"><a href=\"https:\/\/portal.uern.br\/proeg\/wp-content\/uploads\/2023\/12\/SIGAA-Atualizacao-Cadastral-Discente.pdf\">Tutorial cadastro de atividades complementares<\/a><\/li>\n<\/ul>\n<p>Para servidores<\/p>\n<ul>\n<li><a role=\"link\" href=\"https:\/\/portal.uern.br\/wp-content\/uploads\/2023\/03\/SiGAA-Tutorial-de-cadastro-e-recuperacao-de-login-e-senha-PARA-SERVIDORES-1.pdf\" data-raofz=\"16\">Tutorial Acesso\/Login Servidores(as)<\/a><\/li>\n<li data-raofz=\"16\"><a href=\"https:\/\/portal.uern.br\/proeg\/wp-content\/uploads\/2023\/12\/SIGAA-Matricula-em-Componentes-de-oferta-de-ENSINO-INDIVIDUAL_compressed.pdf\">Tutorial Matr\u00edcula em Componente de oferta de ensino individual<\/a><\/li>\n<li data-raofz=\"16\"><a role=\"link\" href=\"https:\/\/portal.uern.br\/gabinete\/wp-content\/uploads\/sites\/21\/2023\/05\/SIGAA-Preenchimento-do-plano-de-curso-na-Turma-Virtual-ver-3.pdf\" data-raofz=\"16\">Tutorial Preenchimento do plano de curso na Turma Virtual<\/a><\/li>\n<li data-raofz=\"16\"><a href=\"https:\/\/portal.uern.br\/proeg\/wp-content\/uploads\/2023\/12\/SIGAA-Cadastro-da-Tabela-de-Atividades-Complementares_compressed.pdf\">Tutorial Cadastro de Tabela de Atividades Complementares<\/a><\/li>\n<li data-raofz=\"16\"><a href=\"https:\/\/portal.uern.br\/proeg\/wp-content\/uploads\/2023\/12\/SIGAA-Cadastro-de-Notas-Faltas-e-Consolidacao-de-turmas_compressed.pdf\">Tutorial Cadastro de Notas, Faltas e Consolida\u00e7\u00e3o de turmas<\/a><\/li>\n<li data-raofz=\"16\"><a href=\"https:\/\/portal.uern.br\/proeg\/wp-content\/uploads\/2023\/12\/SIGAA-Cadastro-de-Orientador-Academico_compressed.pdf\">Tutorial Cadastro de Orientador Acad\u00eamico<\/a><\/li>\n<li data-raofz=\"16\"><a role=\"link\" href=\"https:\/\/youtube.com\/playlist?list=PLRU5p31gf98YYTWD57udQ8VAag-Iy_rhK\" data-raofz=\"16\">Playlist de V\u00eddeos Formativos (Uern Oficial)<\/a><\/li>\n<\/ul>\n","protected":false},"excerpt":{"rendered":"<p>Programa P\u00e9-de-meia Licenciaturas Tutorial para inscri\u00e7\u00e3o Material de apoio \u00e0s rotinas do Sigaa Para discentes Tutorial Acesso\/Login Discente Tutorial Atualiza\u00e7\u00e3o Cadastral\/ Discente Tutorial Matr\u00edcula Discente Tutorial Consulta de componentes ofertados Tutorial Suspens\u00e3o de Programa \/ Discente Tutorial cadastro de atividades complementares Para servidores Tutorial Acesso\/Login Servidores(as) Tutorial Matr\u00edcula em Componente de oferta de ensino individual [&hellip;]<\/p>\n","protected":false},"author":10,"featured_media":0,"parent":0,"menu_order":0,"comment_status":"closed","ping_status":"closed","template":"","meta":{"footnotes":""},"class_list":["post-2497","page","type-page","status-publish","hentry"],"_links":{"self":[{"href":"https:\/\/portal.uern.br\/proeg\/wp-json\/wp\/v2\/pages\/2497","targetHints":{"allow":["GET"]}}],"collection":[{"href":"https:\/\/portal.uern.br\/proeg\/wp-json\/wp\/v2\/pages"}],"about":[{"href":"https:\/\/portal.uern.br\/proeg\/wp-json\/wp\/v2\/types\/page"}],"author":[{"embeddable":true,"href":"https:\/\/portal.uern.br\/proeg\/wp-json\/wp\/v2\/users\/10"}],"replies":[{"embeddable":true,"href":"https:\/\/portal.uern.br\/proeg\/wp-json\/wp\/v2\/comments?post=2497"}],"version-history":[{"count":5,"href":"https:\/\/portal.uern.br\/proeg\/wp-json\/wp\/v2\/pages\/2497\/revisions"}],"predecessor-version":[{"id":3844,"href":"https:\/\/portal.uern.br\/proeg\/wp-json\/wp\/v2\/pages\/2497\/revisions\/3844"}],"wp:attachment":[{"href":"https:\/\/portal.uern.br\/proeg\/wp-json\/wp\/v2\/media?parent=2497"}],"curies":[{"name":"wp","href":"https:\/\/api.w.org\/{rel}","templated":true}]}}