{"id":2356,"date":"2023-10-20T11:42:08","date_gmt":"2023-10-20T14:42:08","guid":{"rendered":"https:\/\/portal.uern.br\/proeg\/?page_id=2356"},"modified":"2024-02-01T11:23:59","modified_gmt":"2024-02-01T14:23:59","slug":"preceptora","status":"publish","type":"page","link":"https:\/\/portal.uern.br\/proeg\/estudantes-2\/resped\/editais-do-prp\/preceptora\/","title":{"rendered":"Preceptor(a)"},"content":{"rendered":"<p><strong>2024<\/strong><\/p>\n<p><a href=\"https:\/\/portal.uern.br\/proeg\/wp-content\/uploads\/2024\/01\/05-Edital-12.2024-RESULTADO-FINAL-Preceptores.docx.pdf\">Edital n\u00ba 012\/2024 &#8211; Proeg\/Uern<\/a> &#8211; <span style=\"font-weight: 400\">Homologa o resultado final do processo seletivo de preceptores(as) do PRP<\/span><\/p>\n<p><a href=\"https:\/\/portal.uern.br\/proeg\/wp-content\/uploads\/2024\/01\/Edital-n\u00b0-10.2024-RESULTADO-PRELIMINAR-Preceptores.pdf\">Edital n\u00ba 010\/2024 &#8211; Proeg\/Uern<\/a> &#8211; <span style=\"font-weight: 400\">Homologa o resultado preliminar do processo seletivo de preceptores(as) do PRP<\/span><\/p>\n<p><a href=\"https:\/\/portal.uern.br\/proeg\/wp-content\/uploads\/2024\/01\/EDITAL-008.2024-PROEG-RESULTADO-FINAL-DA-HOMOLOGACAO-DAS-INSCRICOES-APOS-RECURSOS-Preceptores.docx.pdf\">Edital n\u00ba 008\/2024 &#8211; Proeg\/Uern<\/a> &#8211; <span style=\"font-weight: 400\">Resultado final da homologa\u00e7\u00e3o das inscri\u00e7\u00f5es dos(as) candidatos(as) ao processo seletivo de preceptores(as) do PRP<\/span><\/p>\n<p><a href=\"https:\/\/portal.uern.br\/proeg\/wp-content\/uploads\/2024\/01\/02-EDITAL-005.2024-HOMOLOGACAO-DAS-INSCRICOES-Preceptores.docx.pdf\">Edital n\u00ba 005\/2024 &#8211; Proeg\/Uern<\/a> &#8211; <span style=\"font-weight: 400\">Homologa\u00e7\u00e3o das inscri\u00e7\u00f5es dos(as) candidatos(as) ao processo seletivo de preceptores(as) do PRP<\/span><\/p>\n<p><a href=\"https:\/\/portal.uern.br\/proeg\/wp-content\/uploads\/2024\/01\/Edital-003.2024-PROEG-ABERTURA-Preceptores-PRP.docx.pdf\">Edital n\u00ba 003\/2024 &#8211; Proeg\/Uern<\/a> &#8211; <span style=\"font-weight: 400\">Abertura para sele\u00e7\u00e3o de preceptores(as) do PRP<\/span><\/p>\n<p>&nbsp;<\/p>\n<p><b>2023<\/b><\/p>\n<p><a href=\"https:\/\/portal.uern.br\/proeg\/wp-content\/uploads\/2023\/10\/05-Edital-219.2023-RESULTADO-FINAL-Preceptores.docx.pdf\"><span style=\"font-weight: 400\">Edital n\u00ba 219\/2023 &#8211; Proeg\/Uern<\/span><\/a><span style=\"font-weight: 400\"> &#8211; Homologa o resultado final do processo seletivo de preceptores(as) do PRP<\/span><\/p>\n<p><a href=\"https:\/\/portal.uern.br\/proeg\/wp-content\/uploads\/2023\/10\/05-Edital-218.2023-RESULTADO-FINAL-Preceptores.docx.pdf\"><span style=\"font-weight: 400\">Edital n\u00ba 218\/2023 &#8211; Proeg\/Uern<\/span><\/a><span style=\"font-weight: 400\"> &#8211; Homologa o resultado final do processo seletivo de preceptores(as) do PRP<\/span><\/p>\n<p><a href=\"https:\/\/portal.uern.br\/proeg\/wp-content\/uploads\/2023\/10\/04-Edital-215.2023-RESULTADO-PRELIMINAR-Preceptores.docx.pdf\"><span style=\"font-weight: 400\">Edital n\u00ba 215\/2023 &#8211; Proeg\/Uern<\/span><\/a><span style=\"font-weight: 400\"> &#8211; Homologa o resultado preliminar do processo seletivo de preceptores(as) do PRP<\/span><\/p>\n<p><a href=\"https:\/\/portal.uern.br\/proeg\/wp-content\/uploads\/2023\/10\/04-Edital-214.2023-RESULTADO-PRELIMINAR-Preceptores.docx.pdf\"><span style=\"font-weight: 400\">Edital n\u00ba 214\/2023 &#8211; Proeg\/Uern<\/span><\/a><span style=\"font-weight: 400\"> &#8211; Homologa o resultado preliminar do processo seletivo de preceptores(as) do PRP<\/span><\/p>\n<p><a href=\"https:\/\/portal.uern.br\/proeg\/wp-content\/uploads\/2023\/10\/03-EDITAL-211.2023-PROEG-RESULTADO-FINAL-DA-HOMOLOGACAO-DAS-INSCRICOES-APOS-RECURSOS-Preceptores.docx-1.pdf\"><span style=\"font-weight: 400\">Edital n\u00ba 211\/2023 &#8211; Proeg\/Uern<\/span><\/a><span style=\"font-weight: 400\"> &#8211; Resultado final da homologa\u00e7\u00e3o das inscri\u00e7\u00f5es dos(as) candidatos(as) ao processo seletivo de preceptores(as) do PRP<\/span><\/p>\n<p><a href=\"https:\/\/portal.uern.br\/proeg\/wp-content\/uploads\/2023\/10\/03-EDITAL-209.2023-PROEG-RESULTADO-FINAL-DA-HOMOLOGACAO-DAS-INSCRICOES-APOS-RECURSOS-Preceptores.docx.pdf\"><span style=\"font-weight: 400\">Edital n\u00ba 209\/2023 &#8211; Proeg\/Uern<\/span><\/a><span style=\"font-weight: 400\"> &#8211; Resultado final da homologa\u00e7\u00e3o das inscri\u00e7\u00f5es dos(as) candidatos(as) ao processo seletivo de preceptores(as) do PRP<\/span><\/p>\n<p><a href=\"https:\/\/portal.uern.br\/proeg\/wp-content\/uploads\/2023\/10\/02-EDITAL-207.2023-HOMOLOGACAO-DAS-INSCRICOES-Preceptores.docx.pdf\"><span style=\"font-weight: 400\">Edital n\u00ba 207\/2023 &#8211; Proeg\/Uern<\/span><\/a><span style=\"font-weight: 400\"> &#8211; Homologa\u00e7\u00e3o das inscri\u00e7\u00f5es dos(as) candidatos(as) ao processo seletivo de preceptores(as) do PRP<\/span><\/p>\n<p><a href=\"https:\/\/portal.uern.br\/proeg\/wp-content\/uploads\/2023\/10\/01-Edital-205.2023-PROEG-ABERTURA-Preceptores-PRP.docx-1.pdf\"><span style=\"font-weight: 400\">Edital n\u00ba 205\/2023 &#8211; Proeg\/Uern<\/span><\/a><span style=\"font-weight: 400\"> &#8211; Abertura para sele\u00e7\u00e3o de preceptores(as) do PRP<\/span><\/p>\n<p><a href=\"https:\/\/portal.uern.br\/proeg\/wp-content\/uploads\/2023\/10\/02-EDITAL-201.2023-HOMOLOGACAO-DAS-INSCRICOES-Preceptores.docx-1.pdf\"><span style=\"font-weight: 400\">Edital n\u00ba 201\/2023 &#8211; Proeg\/Uern<\/span><\/a><span style=\"font-weight: 400\"> &#8211; Homologa\u00e7\u00e3o das inscri\u00e7\u00f5es dos(as) candidatos(as) ao processo seletivo de preceptores(as) do PRP<\/span><\/p>\n<p><a href=\"https:\/\/portal.uern.br\/proeg\/wp-content\/uploads\/2023\/09\/Edital-no-193.2023-Preceptores.pdf\"><span style=\"font-weight: 400\">Edital n\u00ba 193\/2023 &#8211; Proeg\/Uern<\/span><\/a><span style=\"font-weight: 400\"> &#8211; Abertura para sele\u00e7\u00e3o de preceptores(as) do PRP<\/span><\/p>\n<p><a href=\"https:\/\/portal.uern.br\/proeg\/wp-content\/uploads\/2023\/09\/Edital-no-159.2023-Preceptores-2.pdf\"><span style=\"font-weight: 400\">Edital n\u00ba 159\/2023 &#8211; Proeg\/Uern<\/span><\/a><span style=\"font-weight: 400\"> &#8211; Homologa o resultado final do processo seletivo de preceptores(as) do PRP<\/span><\/p>\n<p><a href=\"https:\/\/portal.uern.br\/proeg\/wp-content\/uploads\/2023\/09\/Edital-no-157.2023-Preceptores-2.pdf\"><span style=\"font-weight: 400\">Edital n\u00ba 157\/2023 &#8211; Proeg\/Uern<\/span><\/a><span style=\"font-weight: 400\"> &#8211; Homologa o resultado preliminar do processo seletivo de preceptores(as) do PRP<\/span><\/p>\n<p><a href=\"https:\/\/portal.uern.br\/proeg\/wp-content\/uploads\/2023\/09\/Edital-no-153.2023-Preceptores-2.pdf\"><span style=\"font-weight: 400\">Edital n\u00ba 153\/2023 &#8211; Proeg\/Uern<\/span><\/a><span style=\"font-weight: 400\"> &#8211; Resultado final da homologa\u00e7\u00e3o das inscri\u00e7\u00f5es dos(as) candidatos(as) ao processo seletivo de preceptores(as) do PRP<\/span><\/p>\n<p><a href=\"https:\/\/portal.uern.br\/proeg\/wp-content\/uploads\/2023\/09\/Edital-no-149.2023-Preceptores-2.pdf\"><span style=\"font-weight: 400\">Edital n\u00ba 149\/2023 &#8211; Proeg\/Uern<\/span><\/a><span style=\"font-weight: 400\"> &#8211; Homologa\u00e7\u00e3o das inscri\u00e7\u00f5es dos(as) candidatos(as) ao processo seletivo de preceptores(as) do PRP<\/span><\/p>\n<p><a href=\"https:\/\/portal.uern.br\/proeg\/wp-content\/uploads\/2023\/09\/Edital-no-146.2023-Preceptores-Aditivo-aos-Editais-no-135-e-144.2023.pdf\"><span style=\"font-weight: 400\">Edital n\u00ba 146\/2023 &#8211; Proeg\/Uern<\/span><\/a><span style=\"font-weight: 400\"> &#8211; Aditivo ao Edital n\u00ba 135\/2023 &#8211; Proeg e ao Edital n\u00ba 144\/2023 &#8211; Proeg\/Uern<\/span><\/p>\n<p><a href=\"https:\/\/portal.uern.br\/proeg\/wp-content\/uploads\/2023\/09\/Edital-no-144.2023-Preceptores-Aditivo-ao-Edital-no-135.2023.pdf\"><span style=\"font-weight: 400\">Edital n\u00ba 144\/2023 &#8211; Proeg\/Uern<\/span><\/a><span style=\"font-weight: 400\"> &#8211; Aditivo ao <\/span><a href=\"https:\/\/portal.uern.br\/proeg\/wp-content\/uploads\/2023\/09\/Edital-no-135.2023-Preceptores-2.pdf\"><span style=\"font-weight: 400\">Edital n\u00ba 135\/2023 &#8211; Proeg\/Uern<\/span><\/a><span style=\"font-weight: 400\"> &#8211; Abertura para sele\u00e7\u00e3o de preceptores(as) do PRP<\/span><\/p>\n<p><a href=\"https:\/\/portal.uern.br\/proeg\/wp-content\/uploads\/2023\/09\/Edital-no-135.2023-Preceptores-2.pdf\"><span style=\"font-weight: 400\">Edital n\u00ba 135\/2023 &#8211; Proeg\/Uern<\/span><\/a><span style=\"font-weight: 400\"> &#8211; Abertura para sele\u00e7\u00e3o de preceptores(as) do PRP<\/span><\/p>\n<p><a href=\"https:\/\/portal.uern.br\/proeg\/wp-content\/uploads\/2023\/09\/Edital-no-100.2023-Preceptores-2.pdf\"><span style=\"font-weight: 400\">Edital n\u00ba 100\/2023 &#8211; Proeg\/Uern<\/span><\/a><span style=\"font-weight: 400\"> &#8211; Homologa o resultado final do processo seletivo de preceptores(as) do PRP<\/span><\/p>\n<p><a href=\"https:\/\/portal.uern.br\/proeg\/wp-content\/uploads\/2023\/09\/Edital-no-95.2023-Preceptores.pdf\"><span style=\"font-weight: 400\">Edital n\u00ba 095\/2023 &#8211; Proeg\/Uern<\/span><\/a><span style=\"font-weight: 400\"> &#8211; Homologa o resultado preliminar do processo seletivo de preceptores(as) do PRP<\/span><\/p>\n<p><a href=\"https:\/\/portal.uern.br\/proeg\/wp-content\/uploads\/2023\/09\/Edital-no-087.2023-Preceptores.pdf\"><span style=\"font-weight: 400\">Edital n\u00ba 087\/2023 &#8211; Proeg\/Uern<\/span><\/a><span style=\"font-weight: 400\"> &#8211; Resultado final da homologa\u00e7\u00e3o das inscri\u00e7\u00f5es dos(as) candidatos(as) ao processo seletivo de preceptores(as) do PRP<\/span><\/p>\n<p><a href=\"https:\/\/portal.uern.br\/proeg\/wp-content\/uploads\/2023\/09\/Edital-no-080.2023-Preceptores.pdf\"><span style=\"font-weight: 400\">Edital n\u00ba 080\/2023 &#8211; Proeg\/Uern<\/span><\/a><span style=\"font-weight: 400\"> &#8211; Homologa\u00e7\u00e3o das inscri\u00e7\u00f5es dos(as) candidatos(as) ao processo seletivo de preceptores(as) do PRP<\/span><\/p>\n<p><a href=\"https:\/\/portal.uern.br\/proeg\/wp-content\/uploads\/2023\/09\/Edital-no-069.2023-Preceptores-Aditivo-ao-Edital-no-066.2023.pdf\"><span style=\"font-weight: 400\">Edital n\u00ba 069\/2023 &#8211; Proeg\/Uern<\/span><\/a><span style=\"font-weight: 400\"> &#8211; <\/span><a href=\"https:\/\/portal.uern.br\/proeg\/wp-content\/uploads\/2023\/09\/Edital-no-066.2023-Preceptores.pdf\"><span style=\"font-weight: 400\">Aditivo ao Edital n\u00ba 066\/2023 &#8211; Proeg\/Uern<\/span><\/a><span style=\"font-weight: 400\"> &#8211; Abertura para sele\u00e7\u00e3o de preceptores(as) do PRP\u00a0<\/span><\/p>\n<p><a href=\"https:\/\/portal.uern.br\/proeg\/wp-content\/uploads\/2023\/09\/Edital-no-066.2023-Preceptores.pdf\"><span style=\"font-weight: 400\">Edital n\u00ba 066\/2023 &#8211; Proeg\/Uern<\/span><\/a><span style=\"font-weight: 400\"> &#8211; Abertura para sele\u00e7\u00e3o de preceptores(as) do PRP<\/span><\/p>\n<p><a href=\"https:\/\/portal.uern.br\/proeg\/wp-content\/uploads\/2023\/09\/Edital-no-057.2023-Preceptores.pdf\"><span style=\"font-weight: 400\">Edital n\u00ba 057\/2023 &#8211; Proeg\/Uern<\/span><\/a><span style=\"font-weight: 400\"> &#8211; Homologa o resultado final do processo seletivo de preceptores(as) do PRP<\/span><\/p>\n<p><a href=\"https:\/\/portal.uern.br\/proeg\/wp-content\/uploads\/2023\/09\/Edital-no-055.2023-Preceptores.pdf\"><span style=\"font-weight: 400\">Edital n\u00ba 055\/2023 &#8211; Proeg\/Uern<\/span><\/a><span style=\"font-weight: 400\"> &#8211; Homologa o resultado preliminar do processo seletivo de preceptores(as) do PRP<\/span><\/p>\n<p><a href=\"https:\/\/portal.uern.br\/proeg\/wp-content\/uploads\/2023\/09\/Edital-no-047.2023-Preceptores.pdf\"><span style=\"font-weight: 400\">Edital n\u00ba 047\/2023 &#8211; Proeg\/Uern<\/span><\/a><span style=\"font-weight: 400\"> &#8211; Resultado final da homologa\u00e7\u00e3o das inscri\u00e7\u00f5es dos(as) candidatos(as) ao processo seletivo de preceptores(as) do PRP<\/span><\/p>\n<p><a href=\"https:\/\/portal.uern.br\/proeg\/wp-content\/uploads\/2023\/09\/Edital-no-044.2023-Preceptores.pdf\"><span style=\"font-weight: 400\">Edital n\u00ba 044\/2023 &#8211; Proeg\/Uern<\/span><\/a><span style=\"font-weight: 400\"> &#8211; Homologa\u00e7\u00e3o das inscri\u00e7\u00f5es dos(as) candidatos(as) ao processo seletivo de preceptores(as) do PRP<\/span><\/p>\n<p><a href=\"https:\/\/portal.uern.br\/proeg\/wp-content\/uploads\/2023\/09\/Edital-no-034.2023-Preceptores.pdf\"><span style=\"font-weight: 400\">Edital n\u00ba 034\/2023 &#8211; Proeg\/Uern<\/span><\/a><span style=\"font-weight: 400\"> &#8211; Abertura para sele\u00e7\u00e3o de preceptores(as) do PRP<\/span><\/p>\n<p><a href=\"https:\/\/portal.uern.br\/proeg\/wp-content\/uploads\/2023\/09\/Edital-no-17.2023-Preceptores.pdf\"><span style=\"font-weight: 400\">Edital n\u00ba 017\/2023 &#8211; Proeg\/Uern<\/span><\/a><span style=\"font-weight: 400\"> &#8211; Homologa o resultado final do processo seletivo de preceptores(as) do PRP<\/span><\/p>\n<p><a href=\"https:\/\/portal.uern.br\/proeg\/wp-content\/uploads\/2023\/09\/Edital-no-15.2023-Preceptores.pdf\"><span style=\"font-weight: 400\">Edital n\u00ba 015\/2023 &#8211; Proeg\/Uern<\/span><\/a><span style=\"font-weight: 400\"> &#8211; Homologa o resultado preliminar do processo seletivo de preceptores(as) do PRP<\/span><\/p>\n<p><a href=\"https:\/\/portal.uern.br\/proeg\/wp-content\/uploads\/2023\/09\/Edital-no-11.2023-Preceptores.pdf\"><span style=\"font-weight: 400\">Edital n\u00ba 011\/2023 &#8211; Proeg\/Uern<\/span><\/a><span style=\"font-weight: 400\"> &#8211; Resultado final da homologa\u00e7\u00e3o das inscri\u00e7\u00f5es dos(as) candidatos(as) ao processo seletivo de preceptores(as) do PRP<\/span><\/p>\n<p><a href=\"https:\/\/portal.uern.br\/proeg\/wp-content\/uploads\/2023\/09\/Edital-no-10.2023-Preceptores.pdf\"><span style=\"font-weight: 400\">Edital n\u00ba 010\/2023 &#8211; Proeg\/Uern<\/span><\/a><span style=\"font-weight: 400\"> &#8211; Homologa\u00e7\u00e3o das inscri\u00e7\u00f5es dos(as) candidatos(as) ao processo seletivo de preceptores(as) do PRP<\/span><\/p>\n<p><a href=\"https:\/\/portal.uern.br\/proeg\/wp-content\/uploads\/2023\/09\/Edital-no-06.2023-Preceptores.pdf\"><span style=\"font-weight: 400\">Edital n\u00ba 006\/2023 &#8211; Proeg\/Uern<\/span><\/a><span style=\"font-weight: 400\"> &#8211; Abertura para sele\u00e7\u00e3o de preceptores(as) do PRP<\/span><\/p>\n<p>&nbsp;<\/p>\n<p><b>2022<\/b><\/p>\n<p><a href=\"https:\/\/portal.uern.br\/proeg\/wp-content\/uploads\/2023\/09\/Edital-no-165.2022-Preceptores.pdf\"><span style=\"font-weight: 400\">Edital n\u00ba 165\/2022 \u2013 Proeg\/Uern<\/span><\/a><span style=\"font-weight: 400\"> \u2013 Homologa o resultado final do processo seletivo de preceptores(as) do PRP<\/span><\/p>\n<p><a href=\"https:\/\/portal.uern.br\/proeg\/wp-content\/uploads\/2023\/09\/Edital-no-163.2022-Preceptores.pdf\"><span style=\"font-weight: 400\">Edital n\u00ba 163\/2022 \u2013 Proeg\/Uern<\/span><\/a><span style=\"font-weight: 400\"> \u2013 Homologa o resultado preliminar do processo seletivo de preceptores(as) do PRP<\/span><\/p>\n<p><a href=\"https:\/\/portal.uern.br\/proeg\/wp-content\/uploads\/2023\/09\/Edital-no-161.2022-Preceptores.pdf\"><span style=\"font-weight: 400\">Edital n\u00ba 161\/2022 \u2013 Proeg\/Uern<\/span><\/a><span style=\"font-weight: 400\"> \u2013 Resultado final da homologa\u00e7\u00e3o das inscri\u00e7\u00f5es dos(as) candidatos(as) ao processo seletivo de preceptores(as) do PRP<\/span><\/p>\n<p><a href=\"https:\/\/portal.uern.br\/proeg\/wp-content\/uploads\/2023\/09\/Edital-no-158.2022-Preceptores.pdf\"><span style=\"font-weight: 400\">Edital n\u00ba 158\/2022 \u2013 Proeg\/Uern<\/span><\/a><span style=\"font-weight: 400\"> \u2013 Homologa\u00e7\u00e3o das inscri\u00e7\u00f5es dos(as) candidatos(as) ao processo seletivo de preceptores(as) do PRP<\/span><\/p>\n<p><a href=\"https:\/\/portal.uern.br\/proeg\/wp-content\/uploads\/2023\/09\/Edital-no-156.2022-Preceptores.pdf\"><span style=\"font-weight: 400\">Edital n\u00ba 156\/2022 \u2013 Proeg\/Uern<\/span><\/a><span style=\"font-weight: 400\"> \u2013 Homologa o resultado final do processo seletivo de preceptores(as) do PRP<\/span><\/p>\n<p><a href=\"https:\/\/portal.uern.br\/proeg\/wp-content\/uploads\/2023\/09\/Edital-no-152.2022-Preceptores.pdf\"><span style=\"font-weight: 400\">Edital n\u00ba 152\/2022 \u2013 Proeg\/Uern<\/span><\/a><span style=\"font-weight: 400\"> \u2013 Abertura para sele\u00e7\u00e3o de preceptores(as) do PRP<\/span><\/p>\n<p><a href=\"https:\/\/portal.uern.br\/proeg\/wp-content\/uploads\/2023\/09\/Edital-no-149.2022-Preceptores.pdf\"><span style=\"font-weight: 400\">Edital n\u00ba 149\/2022 \u2013 Proeg\/Uern<\/span><\/a><span style=\"font-weight: 400\"> \u2013 Homologa\u00e7\u00e3o das inscri\u00e7\u00f5es dos(as) candidatos(as) ao processo seletivo de preceptores(as) do PRP<\/span><\/p>\n<p><a href=\"https:\/\/portal.uern.br\/proeg\/wp-content\/uploads\/2023\/09\/Edital-no-145-2022-Preceptores.pdf\"><span style=\"font-weight: 400\">Edital n\u00ba 145\/2022 \u2013 Proeg\/Uern<\/span><\/a><span style=\"font-weight: 400\"> \u2013 Homologa o resultado final do processo seletivo de preceptores(as) do PRP<\/span><\/p>\n<p><a href=\"https:\/\/portal.uern.br\/proeg\/wp-content\/uploads\/2023\/09\/Edital-no-143.2022-Preceptores.pdf\"><span style=\"font-weight: 400\">Edital n\u00ba 143\/2022 \u2013 Proeg\/Uern<\/span><\/a><span style=\"font-weight: 400\"> \u2013 Reabertura de processo seletivo de professores(as) preceptores(as) bolsistas do PRP<\/span><\/p>\n<p><a href=\"https:\/\/portal.uern.br\/proeg\/wp-content\/uploads\/2023\/09\/Edital-no-140.2022-Preceptores.pdf\"><span style=\"font-weight: 400\">Edital n\u00ba 140\/2022 \u2013 Proeg\/Uern<\/span><\/a><span style=\"font-weight: 400\"> \u2013 Homologa o resultado preliminar do processo seletivo de preceptores(as) do PRP<\/span><\/p>\n<p><a href=\"https:\/\/portal.uern.br\/proeg\/wp-content\/uploads\/2023\/09\/Edital-no-128.2022-Preceptores.pdf\"><span style=\"font-weight: 400\">Edital n\u00ba 128\/2022 \u2013 Proeg\/Uern<\/span><\/a><span style=\"font-weight: 400\"> \u2013 Resultado final da homologa\u00e7\u00e3o das inscri\u00e7\u00f5es dos(as) candidatos(as) ao processo seletivo de preceptores(as) do PRP<\/span><\/p>\n<p><a href=\"https:\/\/portal.uern.br\/proeg\/wp-content\/uploads\/2023\/09\/Edital-no-124.2022-Preceptores.pdf\"><span style=\"font-weight: 400\">Edital n\u00ba 124\/2022 \u2013 Proeg\/Uern<\/span><\/a><span style=\"font-weight: 400\"> \u2013 Homologa\u00e7\u00e3o das inscri\u00e7\u00f5es dos(as) candidatos(as) ao processo seletivo de preceptores(as) do PRP<\/span><\/p>\n<p><a href=\"https:\/\/portal.uern.br\/proeg\/wp-content\/uploads\/2023\/09\/Edital-no-116.2022-Aditivo-ao-Edital-no-101.2022-Preceptores.pdf\"><span style=\"font-weight: 400\">Edital n\u00ba 116\/2022 \u2013 Proeg\/Uern<\/span><\/a><span style=\"font-weight: 400\"> \u2013 Aditivo ao Edital n\u00ba 101\/2022 \u2013 Proeg\/Uern\u00a0<\/span><\/p>\n<p><a href=\"https:\/\/portal.uern.br\/proeg\/wp-content\/uploads\/2023\/09\/Edital-no-112.2022-Aditivo-ao-Edital-no-101.2022-Preceptores.pdf\"><span style=\"font-weight: 400\">Edital n\u00ba 112\/2022 \u2013 Proeg\/Uern<\/span><\/a><span style=\"font-weight: 400\"> \u2013 Aditivo ao Edital n\u00b0 101\/2022 \u2013 Proeg\/Uern<\/span><\/p>\n<p><a href=\"https:\/\/portal.uern.br\/proeg\/wp-content\/uploads\/2023\/09\/EDITAL-No-107.2022-Aditivo-ao-Edital-no-101.2022-Preceptores.pdf\"><span style=\"font-weight: 400\">Edital n\u00ba 107\/2022 \u2013 Proeg\/Uern<\/span><\/a><span style=\"font-weight: 400\"> \u2013 Aditivo ao Edital n\u00b0 101\/2022 \u2013 Proeg\/Uern<\/span><\/p>\n<p><a href=\"https:\/\/portal.uern.br\/proeg\/wp-content\/uploads\/2023\/09\/Edital-101.2022-PROEG-Preceptores-PRP-2022.pdf\"><span style=\"font-weight: 400\">Edital n\u00ba 101\/2022 \u2013 Proeg\/Uern<\/span><\/a><span style=\"font-weight: 400\"> \u2013 Abertura para sele\u00e7\u00e3o de preceptores(as) do PRP<\/span><\/p>\n","protected":false},"excerpt":{"rendered":"<p>2024 Edital n\u00ba 012\/2024 &#8211; Proeg\/Uern &#8211; Homologa o resultado final do processo seletivo de preceptores(as) do PRP Edital n\u00ba 010\/2024 &#8211; Proeg\/Uern &#8211; Homologa o resultado preliminar do processo seletivo de preceptores(as) do PRP Edital n\u00ba 008\/2024 &#8211; Proeg\/Uern &#8211; Resultado final da homologa\u00e7\u00e3o das inscri\u00e7\u00f5es dos(as) candidatos(as) ao processo seletivo de preceptores(as) do [&hellip;]<\/p>\n","protected":false},"author":13,"featured_media":0,"parent":2344,"menu_order":0,"comment_status":"closed","ping_status":"closed","template":"","meta":{"footnotes":""},"class_list":["post-2356","page","type-page","status-publish","hentry"],"_links":{"self":[{"href":"https:\/\/portal.uern.br\/proeg\/wp-json\/wp\/v2\/pages\/2356","targetHints":{"allow":["GET"]}}],"collection":[{"href":"https:\/\/portal.uern.br\/proeg\/wp-json\/wp\/v2\/pages"}],"about":[{"href":"https:\/\/portal.uern.br\/proeg\/wp-json\/wp\/v2\/types\/page"}],"author":[{"embeddable":true,"href":"https:\/\/portal.uern.br\/proeg\/wp-json\/wp\/v2\/users\/13"}],"replies":[{"embeddable":true,"href":"https:\/\/portal.uern.br\/proeg\/wp-json\/wp\/v2\/comments?post=2356"}],"version-history":[{"count":3,"href":"https:\/\/portal.uern.br\/proeg\/wp-json\/wp\/v2\/pages\/2356\/revisions"}],"predecessor-version":[{"id":2663,"href":"https:\/\/portal.uern.br\/proeg\/wp-json\/wp\/v2\/pages\/2356\/revisions\/2663"}],"up":[{"embeddable":true,"href":"https:\/\/portal.uern.br\/proeg\/wp-json\/wp\/v2\/pages\/2344"}],"wp:attachment":[{"href":"https:\/\/portal.uern.br\/proeg\/wp-json\/wp\/v2\/media?parent=2356"}],"curies":[{"name":"wp","href":"https:\/\/api.w.org\/{rel}","templated":true}]}}