{"id":2354,"date":"2023-10-20T11:40:49","date_gmt":"2023-10-20T14:40:49","guid":{"rendered":"https:\/\/portal.uern.br\/proeg\/?page_id=2354"},"modified":"2023-11-10T11:05:42","modified_gmt":"2023-11-10T14:05:42","slug":"residente","status":"publish","type":"page","link":"https:\/\/portal.uern.br\/proeg\/estudantes-2\/resped\/editais-do-prp\/residente\/","title":{"rendered":"Residente"},"content":{"rendered":"<p><b>2023<\/b><\/p>\n<p><a href=\"https:\/\/portal.uern.br\/proeg\/wp-content\/uploads\/2023\/11\/05-Edital-233.2023-RESULTADO-FINAL-Residentes.docx.pdf\">Edital n\u00ba 233\/2023 &#8211; Proeg\/Uern<\/a> &#8211; <span style=\"font-weight: 400\">Homologa o resultado final do processo seletivo de residentes do PRP<\/span><\/p>\n<p><a href=\"https:\/\/portal.uern.br\/proeg\/wp-content\/uploads\/2023\/11\/04-Edital-232.2023-RESULTADO-PRELIMINAR-Residentes.docx.pdf\">Edital n\u00ba 232\/2023 &#8211; Proeg\/Uern<\/a> &#8211; <span style=\"font-weight: 400\">Homologa o resultado preliminar do processo seletivo de residentes do PRP<\/span><\/p>\n<p><a href=\"https:\/\/portal.uern.br\/proeg\/wp-content\/uploads\/2023\/11\/03-Edital-230.2023-RESULTADO-FINAL-DA-HOMOLOGACAO-DAS-INSCRICOES-APOS-RECURSOS-Residentes.docx.pdf\">Edital n\u00ba 230\/2023 &#8211; Proeg\/Uern<\/a> &#8211; <span style=\"font-weight: 400\"> Resultado final da homologa\u00e7\u00e3o das inscri\u00e7\u00f5es do processo seletivo de residentes do PRP<\/span><\/p>\n<p><a href=\"https:\/\/portal.uern.br\/proeg\/wp-content\/uploads\/2023\/10\/02-EDITAL-227.2023-PROEG-HOMOLOGACAO-DAS-INSCRICOES-Residentes.docx.pdf\">Edital n\u00ba 227\/2023 &#8211; Proeg\/Uern<\/a> &#8211; <span style=\"font-weight: 400\">Homologa\u00e7\u00e3o das inscri\u00e7\u00f5es dos(as) candidatos(as) ao processo seletivo de residentes do PRP<\/span><\/p>\n<p><a href=\"https:\/\/portal.uern.br\/proeg\/wp-content\/uploads\/2023\/10\/01-Edital-220.2023-PROEG-PRP-ABERTURA-Selecao-Residentes.docx.pdf\"><span style=\"font-weight: 400\">Edital n\u00ba 220\/2023 &#8211; Proeg\/Uern<\/span><\/a><span style=\"font-weight: 400\"> &#8211; Abertura para sele\u00e7\u00e3o de residentes do PRP<\/span><\/p>\n<p><a href=\"https:\/\/portal.uern.br\/proeg\/wp-content\/uploads\/2023\/10\/05-Edital-217.2023-RESULTADO-FINAL-Residentes.docx.pdf\"><span style=\"font-weight: 400\">Edital n\u00ba 217\/2023 &#8211; Proeg\/Uern<\/span><\/a><span style=\"font-weight: 400\"> &#8211; Homologa o resultado final do processo seletivo de residentes do PRP<\/span><\/p>\n<p><a href=\"https:\/\/portal.uern.br\/proeg\/wp-content\/uploads\/2023\/10\/04-Edital-213.2023-RESULTADO-PRELIMINAR-Residentes.docx.pdf\"><span style=\"font-weight: 400\">Edital n\u00ba 213\/2023 &#8211; Proeg\/Uern<\/span><\/a><span style=\"font-weight: 400\"> &#8211; Homologa o resultado preliminar do processo seletivo de residentes do PRP<\/span><\/p>\n<p><a href=\"https:\/\/portal.uern.br\/proeg\/wp-content\/uploads\/2023\/10\/03-Edital-208.2023-RESULTADO-FINAL-DA-HOMOLOGACAO-DAS-INSCRICOES-APOS-RECURSOS-Residentes.docx.pdf\"><span style=\"font-weight: 400\">Edital n\u00ba 208\/2023 &#8211; Proeg\/Uern<\/span><\/a><span style=\"font-weight: 400\"> &#8211; Resultado final da homologa\u00e7\u00e3o das inscri\u00e7\u00f5es do processo seletivo de residentes do PRP<\/span><\/p>\n<p><a href=\"https:\/\/portal.uern.br\/proeg\/wp-content\/uploads\/2023\/10\/02-EDITAL-200.2023-PROEG-HOMOLOGACAO-DAS-INSCRICOES-Residentes.docx-1.pdf\"><span style=\"font-weight: 400\">Edital n\u00ba 200\/2023 &#8211; Proeg\/Uern<\/span><\/a><span style=\"font-weight: 400\"> &#8211; Homologa\u00e7\u00e3o das inscri\u00e7\u00f5es dos(as) candidatos(as) ao processo seletivo de residentes do PRP<\/span><\/p>\n<p><a href=\"https:\/\/portal.uern.br\/proeg\/wp-content\/uploads\/2023\/09\/Edital-no-192.2023-Residentes.pdf\"><span style=\"font-weight: 400\">Edital n\u00ba 192\/2023 &#8211; Proeg\/Uern<\/span><\/a><span style=\"font-weight: 400\"> &#8211; Abertura para sele\u00e7\u00e3o de residentes do PRP<\/span><\/p>\n<p><a href=\"https:\/\/portal.uern.br\/proeg\/wp-content\/uploads\/2023\/10\/05-Edital-158.2023-RESULTADO-FINAL-Residentes.docx.pdf\"><span style=\"font-weight: 400\">Edital n\u00ba 158\/2023 &#8211; Proeg\/Uern<\/span><\/a><span style=\"font-weight: 400\"> &#8211; Homologa o resultado final do processo seletivo de residentes do PRP<\/span><\/p>\n<p><a href=\"https:\/\/portal.uern.br\/proeg\/wp-content\/uploads\/2023\/09\/Edital-no-156.2023-Residentes-2.pdf\"><span style=\"font-weight: 400\">Edital n\u00ba 156\/2023 &#8211; Proeg\/Uern<\/span><\/a><span style=\"font-weight: 400\"> &#8211; Homologa o resultado preliminar do processo seletivo de residentes do PRP<\/span><\/p>\n<p><a href=\"https:\/\/portal.uern.br\/proeg\/wp-content\/uploads\/2023\/09\/Edital-no-152.2023-Residentes-2.pdf\"><span style=\"font-weight: 400\">Edital n\u00ba 152\/2023 &#8211; Proeg\/Uern<\/span><\/a><span style=\"font-weight: 400\"> &#8211; Resultado final da homologa\u00e7\u00e3o das inscri\u00e7\u00f5es do processo seletivo de residentes do PRP<\/span><\/p>\n<p><a href=\"https:\/\/portal.uern.br\/proeg\/wp-content\/uploads\/2023\/09\/Edital-no-148.2023-Residentes.pdf\"><span style=\"font-weight: 400\">Edital n\u00ba 148\/2023 &#8211; Proeg\/Uern<\/span><\/a><span style=\"font-weight: 400\"> &#8211; Homologa\u00e7\u00e3o das inscri\u00e7\u00f5es dos(as) candidatos(as) ao processo seletivo de residentes do PRP<\/span><\/p>\n<p><a href=\"https:\/\/portal.uern.br\/proeg\/wp-content\/uploads\/2023\/09\/Edital-no-145.2023-Residentes-Aditivo-aos-Editais-no-134-e-143.2023.docx.pdf\"><span style=\"font-weight: 400\">Edital n\u00ba 145.2023 &#8211; Proeg\/Uern<\/span><\/a><span style=\"font-weight: 400\"> &#8211; Aditivo aos Editais n\u00ba 134 e 143.2023<\/span><\/p>\n<p><a href=\"https:\/\/portal.uern.br\/proeg\/wp-content\/uploads\/2023\/09\/Edital-no-143.2023-Residentes-Aditivo-ao-Edital-no-134.2023.docx-1.pdf\"><span style=\"font-weight: 400\">Edital n\u00ba 143\/2023 &#8211; Proeg\/Uern<\/span><\/a><span style=\"font-weight: 400\"> &#8211; Aditivo ao Edital n\u00ba 134\/2023 &#8211; Proeg\/Uern<\/span><\/p>\n<p><a href=\"https:\/\/portal.uern.br\/proeg\/wp-content\/uploads\/2023\/09\/Edital-no-142.2023-Residentes-Aditivo-ao-Edital-no-132.2023-2.pdf\"><span style=\"font-weight: 400\">Edital n\u00ba 142\/2023 &#8211; Proeg\/Uern<\/span><\/a><span style=\"font-weight: 400\"> &#8211; Aditivo ao Edital n\u00ba 132\/2023 &#8211; Proeg\/Uern<\/span><\/p>\n<p><a href=\"https:\/\/portal.uern.br\/proeg\/wp-content\/uploads\/2023\/09\/Edital-no-136.2023-Residentes-Aditivo-ao-Edital-no-132.2023.pdf\"><span style=\"font-weight: 400\">Edital n\u00ba 136\/2023 &#8211; Proeg\/Uern<\/span><\/a><span style=\"font-weight: 400\"> &#8211; Aditivo ao Edital n\u00ba 132\/2023 &#8211; Proeg\/Uern<\/span><\/p>\n<p><a href=\"https:\/\/portal.uern.br\/proeg\/wp-content\/uploads\/2023\/09\/Edital-no-134.2023-PROEG-PRP-Residentes.pdf\"><span style=\"font-weight: 400\">Edital n\u00ba 134\/2023 &#8211; Proeg\/Uern<\/span><\/a><span style=\"font-weight: 400\"> &#8211; Abertura para sele\u00e7\u00e3o de residentes do PRP<\/span><\/p>\n<p><a href=\"https:\/\/portal.uern.br\/proeg\/wp-content\/uploads\/2023\/09\/Edital-no-132.2023-Residentes-2.pdf\"><span style=\"font-weight: 400\">Edital n\u00ba 132\/2023 &#8211; Proeg\/Uern<\/span><\/a><span style=\"font-weight: 400\"> &#8211; Homologa o resultado final do processo seletivo de residentes do PRP<\/span><\/p>\n<p><a href=\"https:\/\/portal.uern.br\/proeg\/wp-content\/uploads\/2023\/10\/Errata-ao-Edital-no-126.2023.docx-1.pdf\"><span style=\"font-weight: 400\">Errata ao Edital n\u00ba 126 &#8211; Proeg\/Uern<\/span><\/a><span style=\"font-weight: 400\"> &#8211; Homologa o resultado preliminar do processo seletivo de residentes do PRP<\/span><\/p>\n<p><a href=\"https:\/\/portal.uern.br\/proeg\/wp-content\/uploads\/2023\/09\/Edital-no-126.2023-Residentes.pdf\"><span style=\"font-weight: 400\">Edital n\u00ba 126\/2023 &#8211; Proeg\/Uern<\/span><\/a><span style=\"font-weight: 400\"> &#8211; Homologa o resultado preliminar do processo seletivo de residentes do PRP<\/span><\/p>\n<p><a href=\"https:\/\/portal.uern.br\/proeg\/wp-content\/uploads\/2023\/09\/Edital-no-120.2023-Residentes.pdf\"><span style=\"font-weight: 400\">Edital n\u00ba 120\/2023 &#8211; Proeg\/Uern<\/span><\/a><span style=\"font-weight: 400\"> &#8211; Resultado final da homologa\u00e7\u00e3o das inscri\u00e7\u00f5es do processo seletivo de residentes do PRP<\/span><\/p>\n<p><a href=\"https:\/\/portal.uern.br\/proeg\/wp-content\/uploads\/2023\/09\/Edital-no-114.2023-Residentes-Aditivo-ao-Edital-no-112.2023.pdf\"><span style=\"font-weight: 400\">Edital n\u00ba 114\/2023 &#8211; Proeg\/Uern<\/span><\/a><span style=\"font-weight: 400\"> &#8211; Aditivo ao Edital n\u00b0 112\/2023 &#8211; Proeg\/Uern<\/span><\/p>\n<p><a href=\"https:\/\/portal.uern.br\/proeg\/wp-content\/uploads\/2023\/09\/Edital-no-112.2023-Residentes-2.pdf\"><span style=\"font-weight: 400\">Edital n\u00ba 112\/2023 &#8211; Proeg\/Uern<\/span><\/a><span style=\"font-weight: 400\"> &#8211; Homologa\u00e7\u00e3o das inscri\u00e7\u00f5es dos(as) candidatos(as) ao processo seletivo de residentes do PRP<\/span><\/p>\n<p><a href=\"https:\/\/portal.uern.br\/proeg\/wp-content\/uploads\/2023\/09\/Errata-ao-Edital-no-101.2023-Residentes.pdf\"><span style=\"font-weight: 400\">Errata ao Edital n\u00b0 101\/2023 &#8211; Proeg\/Uern<\/span><\/a><span style=\"font-weight: 400\"> &#8211; Abertura para sele\u00e7\u00e3o de residentes do PRP<\/span><\/p>\n<p><a href=\"https:\/\/portal.uern.br\/proeg\/wp-content\/uploads\/2023\/09\/Edital-no-101.2023-Residentes.pdf\"><span style=\"font-weight: 400\">Edital n\u00ba 101\/2023 &#8211; Proeg\/Uern<\/span><\/a><span style=\"font-weight: 400\"> &#8211; Abertura para sele\u00e7\u00e3o de residentes do PRP<\/span><\/p>\n<p><a href=\"https:\/\/portal.uern.br\/proeg\/wp-content\/uploads\/2023\/09\/Edital-no-058.2023-Residentes.pdf\"><span style=\"font-weight: 400\">Edital n\u00ba 058\/2023 &#8211; Proeg\/Uern<\/span><\/a><span style=\"font-weight: 400\"> &#8211; Homologa o resultado final do processo seletivo de residentes do PRP<\/span><\/p>\n<p><a href=\"https:\/\/portal.uern.br\/proeg\/wp-content\/uploads\/2023\/09\/Edital-no-056.2023-Residentes.pdf\"><span style=\"font-weight: 400\">Edital n\u00ba 056\/2023 &#8211; Proeg\/Uern<\/span><\/a><span style=\"font-weight: 400\"> &#8211; Homologa o resultado preliminar do processo seletivo de residentes do PRP<\/span><\/p>\n<p><a href=\"https:\/\/portal.uern.br\/proeg\/wp-content\/uploads\/2023\/09\/Edital-no-046.2023-Residentes.pdf\"><span style=\"font-weight: 400\">Edital n\u00ba 046\/2023 &#8211; Proeg\/Uern<\/span><\/a><span style=\"font-weight: 400\"> &#8211; Resultado final da homologa\u00e7\u00e3o das inscri\u00e7\u00f5es do processo seletivo de residentes do PRP<\/span><\/p>\n<p><a href=\"https:\/\/portal.uern.br\/proeg\/wp-content\/uploads\/2023\/09\/Edital-no-045.2023-Residentes.pdf\"><span style=\"font-weight: 400\">Edital n\u00ba 045\/2023 &#8211; Proeg\/Uern<\/span><\/a><span style=\"font-weight: 400\"> &#8211; Homologa\u00e7\u00e3o das inscri\u00e7\u00f5es dos(as) candidatos(as) ao processo seletivo de residentes do PRP<\/span><\/p>\n<p><a href=\"https:\/\/portal.uern.br\/proeg\/wp-content\/uploads\/2023\/09\/Edital-no-035.2023-Residentes.pdf\"><span style=\"font-weight: 400\">Edital n\u00ba 035\/2023 &#8211; Proeg\/Uern<\/span><\/a><span style=\"font-weight: 400\"> &#8211; Abertura para sele\u00e7\u00e3o de residentes do PRP<\/span><\/p>\n<p><a href=\"https:\/\/portal.uern.br\/proeg\/wp-content\/uploads\/2023\/09\/Edital-no-18.2023-Residentes.pdf\"><span style=\"font-weight: 400\">Edital n\u00ba 018\/2023 &#8211; Proeg\/Uern<\/span><\/a><span style=\"font-weight: 400\"> &#8211; Homologa o resultado final do processo seletivo de residentes do PRP<\/span><\/p>\n<p><a href=\"https:\/\/portal.uern.br\/proeg\/wp-content\/uploads\/2023\/09\/Edital-no-16.2023-Residentes.pdf\"><span style=\"font-weight: 400\">Edital n\u00ba 016\/2023 &#8211; Proeg\/Uern<\/span><\/a><span style=\"font-weight: 400\"> &#8211; Homologa o resultado preliminar do processo seletivo de residentes do PRP<\/span><\/p>\n<p><a href=\"https:\/\/portal.uern.br\/proeg\/wp-content\/uploads\/2023\/09\/Edital-no-12.2023-Residentes.pdf\"><span style=\"font-weight: 400\">Edital n\u00ba 012\/2023 \u2013 Proeg\/Uern<\/span><\/a><span style=\"font-weight: 400\"> \u2013 Resultado final da homologa\u00e7\u00e3o das inscri\u00e7\u00f5es do processo seletivo de residentes do PRP<\/span><\/p>\n<p><a href=\"https:\/\/portal.uern.br\/proeg\/wp-content\/uploads\/2023\/09\/Edital-no-09.2023-Residente.pdf\"><span style=\"font-weight: 400\">Edital n\u00ba 009\/2023 \u2013 Proeg\/Uern<\/span><\/a><span style=\"font-weight: 400\"> \u2013 Homologa\u00e7\u00e3o das inscri\u00e7\u00f5es dos(as) candidatos(as) ao processo seletivo de residentes do PRP<\/span><\/p>\n<p><a href=\"https:\/\/portal.uern.br\/proeg\/wp-content\/uploads\/2023\/09\/Edital-no-07.2023-Residentes.pdf\"><span style=\"font-weight: 400\">Edital n\u00ba 007\/2023 \u2013 Proeg\/Uern<\/span><\/a><span style=\"font-weight: 400\"> \u2013 Abertura para sele\u00e7\u00e3o de residentes do PRP<\/span><\/p>\n<p>&nbsp;<\/p>\n<p><b>2022<\/b><\/p>\n<p><a href=\"https:\/\/portal.uern.br\/proeg\/wp-content\/uploads\/2023\/09\/Edital-no-164.2022-Residentes.pdf\"><span style=\"font-weight: 400\">Edital n\u00ba 164\/2022 \u2013 Proeg\/Uern<\/span><\/a><span style=\"font-weight: 400\"> &#8211; Homologa o resultado final do processo seletivo de residentes do PRP<\/span><\/p>\n<p><a href=\"https:\/\/portal.uern.br\/proeg\/wp-content\/uploads\/2023\/09\/Edital-no-162.2022-Residentes.pdf\"><span style=\"font-weight: 400\">Edital n\u00ba 162\/2022 \u2013 Proeg\/Uern<\/span><\/a><span style=\"font-weight: 400\"> &#8211; Homologa o resultado preliminar do processo seletivo de residentes do PRP<\/span><\/p>\n<p><a href=\"https:\/\/portal.uern.br\/proeg\/wp-content\/uploads\/2023\/09\/Edital-no-160.2022-Residentes.pdf\"><span style=\"font-weight: 400\">Edital n\u00ba 160\/2022 \u2013 Proeg\/Uern<\/span><\/a><span style=\"font-weight: 400\"> &#8211; Resultado final da homologa\u00e7\u00e3o das inscri\u00e7\u00f5es do processo seletivo de residentes do PRP<\/span><\/p>\n<p><a href=\"https:\/\/portal.uern.br\/proeg\/wp-content\/uploads\/2023\/09\/Edital-no-159.2022-Residentes.pdf\"><span style=\"font-weight: 400\">Edital n\u00ba 159\/2022 \u2013 Proeg\/Uern<\/span><\/a><span style=\"font-weight: 400\"> &#8211; Homologa\u00e7\u00e3o das inscri\u00e7\u00f5es dos(as) candidatos(as) ao processo seletivo de residentes do PRP<\/span><\/p>\n<p><a href=\"https:\/\/portal.uern.br\/proeg\/wp-content\/uploads\/2023\/09\/Edital-no-155.2022-Residentes.pdf\"><span style=\"font-weight: 400\">Edital n\u00ba 155\/2022 \u2013 Proeg\/Uern<\/span><\/a><span style=\"font-weight: 400\"> &#8211; Homologa o resultado final do processo seletivo de residentes do PRP<\/span><\/p>\n<p><a href=\"https:\/\/portal.uern.br\/proeg\/wp-content\/uploads\/2023\/09\/Edital-no-151.2022-Residentes.pdf\"><span style=\"font-weight: 400\">Edital n\u00ba 151\/2022 \u2013 Proeg\/Uern<\/span><\/a><span style=\"font-weight: 400\"> &#8211; Abertura para sele\u00e7\u00e3o de residentes do PRP<\/span><\/p>\n<p><a href=\"https:\/\/portal.uern.br\/proeg\/wp-content\/uploads\/2023\/09\/Edital-no-150.2022-Residentes.pdf\"><span style=\"font-weight: 400\">Edital n\u00ba 150\/2022 \u2013 Proeg\/Uern<\/span><\/a><span style=\"font-weight: 400\"> &#8211; Homologa\u00e7\u00e3o das inscri\u00e7\u00f5es dos(as) candidatos(as) ao processo seletivo de residentes do PRP<\/span><\/p>\n<p><a href=\"https:\/\/portal.uern.br\/proeg\/wp-content\/uploads\/2023\/10\/06-Edital-no-148.2022-RESULTADO-FINAL-Residentes.docx.pdf\"><span style=\"font-weight: 400\">Edital n\u00ba 148\/2022 \u2013 Proeg\/Uern<\/span><\/a><span style=\"font-weight: 400\"> &#8211; Homologa o resultado final do processo seletivo de residentes do PRP<\/span><\/p>\n<p><a href=\"https:\/\/portal.uern.br\/proeg\/wp-content\/uploads\/2023\/09\/Edital-no-146.2022-Residentes.pdf\"><span style=\"font-weight: 400\">Edital n\u00ba 146\/2022 \u2013 Proeg\/Uern<\/span><\/a><span style=\"font-weight: 400\"> &#8211;\u00a0 Homologa o resultado final do processo seletivo de residentes do PRP<\/span><\/p>\n<p><a href=\"https:\/\/portal.uern.br\/proeg\/wp-content\/uploads\/2023\/09\/Edital-no-144.2022-Residentes.pdf\"><span style=\"font-weight: 400\">Edital n\u00ba 144\/2022 \u2013 Proeg\/Uern<\/span><\/a><span style=\"font-weight: 400\"> &#8211; Reabertura de processo seletivo de residentes do PRP\u00a0<\/span><\/p>\n<p><a href=\"https:\/\/portal.uern.br\/proeg\/wp-content\/uploads\/2023\/09\/Edital-no-139.2022-Residentes.pdf\"><span style=\"font-weight: 400\">Edital n\u00ba 139\/2022 \u2013 Proeg\/Uern<\/span><\/a><span style=\"font-weight: 400\"> &#8211; Homologa o resultado preliminar do processo seletivo de residentes do PRP<\/span><\/p>\n<p><a href=\"https:\/\/portal.uern.br\/proeg\/wp-content\/uploads\/2023\/09\/Edital-no-133.2022-Residentes.pdf\"><span style=\"font-weight: 400\">Edital n\u00ba 133\/2022 \u2013 Proeg\/Uern<\/span><\/a><span style=\"font-weight: 400\"> &#8211; Homologa o resultado da an\u00e1lise da carta de inten\u00e7\u00e3o dos candidatos a residentes do PRP<\/span><\/p>\n<p><a href=\"https:\/\/portal.uern.br\/proeg\/wp-content\/uploads\/2023\/09\/Edital-no-126.2022-Residentes.pdf\"><span style=\"font-weight: 400\">Edital n\u00ba 126\/2022 \u2013 Proeg\/Uern<\/span><\/a><span style=\"font-weight: 400\"> &#8211; Resultado final da homologa\u00e7\u00e3o das inscri\u00e7\u00f5es do processo seletivo de residentes do PRP<\/span><\/p>\n<p><a href=\"https:\/\/portal.uern.br\/proeg\/wp-content\/uploads\/2023\/09\/Edital-no-122.2022-Aditivo-ao-Edital-no-100.2022-Residentes.pdf\"><span style=\"font-weight: 400\">Edital n\u00ba 122\/2022 \u2013 Proeg\/Uern<\/span><\/a><span style=\"font-weight: 400\"> &#8211; Aditivo ao Edital n\u00ba 100\/2022 \u2013 Proeg\/Uern<\/span><\/p>\n<p><a href=\"https:\/\/portal.uern.br\/proeg\/wp-content\/uploads\/2023\/09\/Edital-no-121.2022-Residentes.pdf\"><span style=\"font-weight: 400\">Edital n\u00ba 121\/2022 \u2013 Proeg\/Uern<\/span><\/a><span style=\"font-weight: 400\"> &#8211; Homologa\u00e7\u00e3o das inscri\u00e7\u00f5es dos(as) candidatos(as) ao processo seletivo de residentes do PRP<\/span><\/p>\n<p><a href=\"https:\/\/portal.uern.br\/proeg\/wp-content\/uploads\/2023\/09\/Edital-no-111.2022-Aditivo-ao-Edital-no-100.2022-Residentes.pdf\"><span style=\"font-weight: 400\">Edital n\u00ba 111\/2022 &#8211; Proeg\/Uern<\/span><\/a><span style=\"font-weight: 400\"> &#8211; Aditivo ao Edital n\u00ba 100\/2022 \u2013 Proeg\/Uern<\/span><\/p>\n<p><a href=\"https:\/\/portal.uern.br\/proeg\/wp-content\/uploads\/2023\/09\/Edital-no-108.2022-Aditivo-ao-Edital-no-100.2022-Residentes.pdf\"><span style=\"font-weight: 400\">Edital n\u00ba 108\/2022 &#8211; Proeg\/Uern<\/span><\/a><span style=\"font-weight: 400\"> &#8211; Aditivo ao Edital n\u00b0 100\/2022 \u2013 Proeg\/Uern<\/span><\/p>\n<p><a href=\"https:\/\/portal.uern.br\/proeg\/wp-content\/uploads\/2023\/10\/Edital-no-104.2022-Aditivo-ao-Edital-no-100.2022-PRP.pdf\"><span style=\"font-weight: 400\">Edital n\u00ba 104\/2022 \u2013 Proeg\/Uern<\/span><\/a><span style=\"font-weight: 400\"> \u2013 Aditivo ao Edital n\u00ba 100\/2022 &#8211; Proeg\/Uern<\/span><\/p>\n<p><a href=\"https:\/\/portal.uern.br\/proeg\/wp-content\/uploads\/2023\/09\/Edital-100.2022-PROEG-PRP2022-Selecao-Bolsistas-PRP-2022.pdf\"><span style=\"font-weight: 400\">Edital n\u00ba 100\/2022 \u2013 Proeg\/Uern<\/span><\/a><span style=\"font-weight: 400\"> &#8211; Abertura para sele\u00e7\u00e3o de residentes do PRP<\/span><\/p>\n","protected":false},"excerpt":{"rendered":"<p>2023 Edital n\u00ba 233\/2023 &#8211; Proeg\/Uern &#8211; Homologa o resultado final do processo seletivo de residentes do PRP Edital n\u00ba 232\/2023 &#8211; Proeg\/Uern &#8211; Homologa o resultado preliminar do processo seletivo de residentes do PRP Edital n\u00ba 230\/2023 &#8211; Proeg\/Uern &#8211; Resultado final da homologa\u00e7\u00e3o das inscri\u00e7\u00f5es do processo seletivo de residentes do PRP Edital [&hellip;]<\/p>\n","protected":false},"author":13,"featured_media":0,"parent":2344,"menu_order":0,"comment_status":"closed","ping_status":"closed","template":"","meta":{"footnotes":""},"class_list":["post-2354","page","type-page","status-publish","hentry"],"_links":{"self":[{"href":"https:\/\/portal.uern.br\/proeg\/wp-json\/wp\/v2\/pages\/2354","targetHints":{"allow":["GET"]}}],"collection":[{"href":"https:\/\/portal.uern.br\/proeg\/wp-json\/wp\/v2\/pages"}],"about":[{"href":"https:\/\/portal.uern.br\/proeg\/wp-json\/wp\/v2\/types\/page"}],"author":[{"embeddable":true,"href":"https:\/\/portal.uern.br\/proeg\/wp-json\/wp\/v2\/users\/13"}],"replies":[{"embeddable":true,"href":"https:\/\/portal.uern.br\/proeg\/wp-json\/wp\/v2\/comments?post=2354"}],"version-history":[{"count":6,"href":"https:\/\/portal.uern.br\/proeg\/wp-json\/wp\/v2\/pages\/2354\/revisions"}],"predecessor-version":[{"id":2439,"href":"https:\/\/portal.uern.br\/proeg\/wp-json\/wp\/v2\/pages\/2354\/revisions\/2439"}],"up":[{"embeddable":true,"href":"https:\/\/portal.uern.br\/proeg\/wp-json\/wp\/v2\/pages\/2344"}],"wp:attachment":[{"href":"https:\/\/portal.uern.br\/proeg\/wp-json\/wp\/v2\/media?parent=2354"}],"curies":[{"name":"wp","href":"https:\/\/api.w.org\/{rel}","templated":true}]}}