{"id":211,"date":"2022-09-08T15:04:54","date_gmt":"2022-09-08T18:04:54","guid":{"rendered":"https:\/\/paisdemossoro.com.br\/wordpress\/proeg\/?page_id=211"},"modified":"2025-09-04T12:44:35","modified_gmt":"2025-09-04T15:44:35","slug":"calendario-universitario","status":"publish","type":"page","link":"https:\/\/portal.uern.br\/proeg\/calendario-universitario\/","title":{"rendered":"Calend\u00e1rio Universit\u00e1rio"},"content":{"rendered":"<p><a href=\"https:\/\/portal.uern.br\/proeg\/wp-content\/uploads\/2025\/09\/Calendario_universitario_2026.pdf\">Calend\u00e1rio Universit\u00e1rio 2026.1 e 2026.2<\/a> &#8211; <a href=\"https:\/\/portal.uern.br\/proeg\/wp-content\/uploads\/2025\/09\/Resolucao-no-14-2025-CONSEPE-Aprova-o-Calendario-Universitario-referente-ao-ano-letivo-de-2026-da-Uern.pdf\">RESOLU\u00c7\u00c3O N\u00b0 14\/2025 &#8211; CONSEPE<\/a><\/p>\n<p><a href=\"https:\/\/portal.uern.br\/proeg\/wp-content\/uploads\/2024\/10\/Calendario_universitario_2025.pdf\">Calend\u00e1rio Universit\u00e1rio 2025.1 e 2025.2 &#8211; RESOLU\u00c7\u00c3O N\u00ba 024\/2024 &#8211; CONSEPE<\/a><\/p>\n<p><a href=\"https:\/\/portal.uern.br\/proeg\/wp-content\/uploads\/2023\/12\/Calendario_universitario_2024.pdf\">Calend\u00e1rio Universit\u00e1rio 2024.1 e 2024.2 &#8211; RESOLU\u00c7\u00c3O N\u00b0 30\/2023 &#8211; CONSEPE<\/a><\/p>\n<p><a role=\"link\" href=\"https:\/\/portal.uern.br\/wp-content\/uploads\/2023\/01\/0976calenda%C2%A1rio_universitario_2023.pdf\" data-raofz=\"16\">Calend\u00e1rio Universit\u00e1rio 2023.1 e 2023.2 \u2013 RESOLU\u00c7\u00c3O N.\u00ba 91\/2022 \u2013 CONSEPE<\/a><a href=\"https:\/\/www.uern.br\/controledepaginas\/proeg-calendario\/arquivos\/0976calenda%C2%A1rio_universitario_2023.pdf\">.<\/a><\/p>\n<p><a role=\"link\" href=\"https:\/\/portal.uern.br\/wp-content\/uploads\/2023\/01\/0574resolua%C2%A7ao_na_34_2022_consepe_aprova_o_calenda%C2%A1rio_universita%C2%A1rio_referente_ao_ano_letivo_2022_da_uern_.pdf\" data-raofz=\"16\">Calend\u00e1rio Universit\u00e1rio 2022.1 e 2022.2- RESOLU\u00c7\u00c3O N.\u00ba 34\/2022 \u2013 CONSEPE<\/a><\/p>\n<p><a href=\"https:\/\/portal.uern.br\/calendario-universitario\/\">Calend\u00e1rio 2024 para impress\u00e3o<\/a><\/p>\n","protected":false},"excerpt":{"rendered":"<p>Calend\u00e1rio Universit\u00e1rio 2026.1 e 2026.2 &#8211; RESOLU\u00c7\u00c3O N\u00b0 14\/2025 &#8211; CONSEPE Calend\u00e1rio Universit\u00e1rio 2025.1 e 2025.2 &#8211; RESOLU\u00c7\u00c3O N\u00ba 024\/2024 &#8211; CONSEPE Calend\u00e1rio Universit\u00e1rio 2024.1 e 2024.2 &#8211; RESOLU\u00c7\u00c3O N\u00b0 30\/2023 &#8211; CONSEPE Calend\u00e1rio Universit\u00e1rio 2023.1 e 2023.2 \u2013 RESOLU\u00c7\u00c3O N.\u00ba 91\/2022 \u2013 CONSEPE. Calend\u00e1rio Universit\u00e1rio 2022.1 e 2022.2- RESOLU\u00c7\u00c3O N.\u00ba 34\/2022 \u2013 CONSEPE Calend\u00e1rio [&hellip;]<\/p>\n","protected":false},"author":1,"featured_media":0,"parent":0,"menu_order":0,"comment_status":"closed","ping_status":"closed","template":"","meta":{"footnotes":""},"class_list":["post-211","page","type-page","status-publish","hentry"],"_links":{"self":[{"href":"https:\/\/portal.uern.br\/proeg\/wp-json\/wp\/v2\/pages\/211","targetHints":{"allow":["GET"]}}],"collection":[{"href":"https:\/\/portal.uern.br\/proeg\/wp-json\/wp\/v2\/pages"}],"about":[{"href":"https:\/\/portal.uern.br\/proeg\/wp-json\/wp\/v2\/types\/page"}],"author":[{"embeddable":true,"href":"https:\/\/portal.uern.br\/proeg\/wp-json\/wp\/v2\/users\/1"}],"replies":[{"embeddable":true,"href":"https:\/\/portal.uern.br\/proeg\/wp-json\/wp\/v2\/comments?post=211"}],"version-history":[{"count":12,"href":"https:\/\/portal.uern.br\/proeg\/wp-json\/wp\/v2\/pages\/211\/revisions"}],"predecessor-version":[{"id":4213,"href":"https:\/\/portal.uern.br\/proeg\/wp-json\/wp\/v2\/pages\/211\/revisions\/4213"}],"wp:attachment":[{"href":"https:\/\/portal.uern.br\/proeg\/wp-json\/wp\/v2\/media?parent=211"}],"curies":[{"name":"wp","href":"https:\/\/api.w.org\/{rel}","templated":true}]}}